{"id":946,"date":"2025-11-24T14:25:18","date_gmt":"2025-11-24T14:25:18","guid":{"rendered":"https:\/\/lycee.ca\/?page_id=946"},"modified":"2025-11-24T15:14:34","modified_gmt":"2025-11-24T15:14:34","slug":"recherche","status":"publish","type":"page","link":"https:\/\/lycee.ca\/fr\/search\/","title":{"rendered":"Recherche"},"content":{"rendered":"\t\t<div data-elementor-type=\"wp-page\" data-elementor-id=\"946\" class=\"elementor elementor-946\" data-elementor-post-type=\"page\">\n\t\t\t\t<div class=\"elementor-element elementor-element-5d7eed4 e-con-full e-flex e-con e-parent\" data-id=\"5d7eed4\" data-element_type=\"container\" data-e-type=\"container\" data-settings=\"{&quot;jet_parallax_layout_list&quot;:[]}\">\n\t\t<div class=\"elementor-element elementor-element-91eff01 e-con-full e-flex e-con e-child\" data-id=\"91eff01\" data-element_type=\"container\" data-e-type=\"container\" data-settings=\"{&quot;background_background&quot;:&quot;classic&quot;,&quot;jet_parallax_layout_list&quot;:[],&quot;background_motion_fx_motion_fx_scrolling&quot;:&quot;yes&quot;,&quot;background_motion_fx_translateY_effect&quot;:&quot;yes&quot;,&quot;background_motion_fx_translateY_speed&quot;:{&quot;unit&quot;:&quot;px&quot;,&quot;size&quot;:1,&quot;sizes&quot;:[]},&quot;background_motion_fx_translateY_affectedRange&quot;:{&quot;unit&quot;:&quot;%&quot;,&quot;size&quot;:&quot;&quot;,&quot;sizes&quot;:{&quot;start&quot;:0,&quot;end&quot;:100}},&quot;background_motion_fx_devices&quot;:[&quot;desktop&quot;,&quot;tablet&quot;,&quot;mobile&quot;]}\">\n\t\t<div class=\"elementor-element elementor-element-ee571c4 e-con-full e-flex e-con e-child\" data-id=\"ee571c4\" data-element_type=\"container\" data-e-type=\"container\" data-settings=\"{&quot;jet_parallax_layout_list&quot;:[]}\">\n\t\t\t\t<div class=\"elementor-element elementor-element-60dc023 elementor-widget elementor-widget-heading\" data-id=\"60dc023\" data-element_type=\"widget\" data-e-type=\"widget\" data-widget_type=\"heading.default\">\n\t\t\t\t\t<h1 class=\"elementor-heading-title elementor-size-default\">Search<\/h1>\t\t\t\t<\/div>\n\t\t\t\t<\/div>\n\t\t\t\t<\/div>\n\t\t\t\t<\/div>\n\t\t<div class=\"elementor-element elementor-element-bd1d9c8 e-con-full e-flex e-con e-parent\" data-id=\"bd1d9c8\" data-element_type=\"container\" data-e-type=\"container\" data-settings=\"{&quot;jet_parallax_layout_list&quot;:[]}\">\n\t\t\t\t<div class=\"elementor-element elementor-element-d33eb9e breadcrumbsLycee elementor-widget elementor-widget-jet-breadcrumbs\" data-id=\"d33eb9e\" data-element_type=\"widget\" data-e-type=\"widget\" data-widget_type=\"jet-breadcrumbs.default\">\n\t\t\t\t<div class=\"elementor-widget-container\">\n\t\t\t\t\t<div class=\"elementor-jet-breadcrumbs jet-blocks\">\n\t\t<div class=\"jet-breadcrumbs\">\n\t\t<div class=\"jet-breadcrumbs__content\">\n\t\t<div class=\"jet-breadcrumbs__wrap\"><div class=\"jet-breadcrumbs__item\"><a href=\"https:\/\/lycee.ca\/fr\/\" class=\"jet-breadcrumbs__item-link is-home\" rel=\"home\" title=\"Home\">Home<\/a><\/div>\n\t\t<\/div>\n\t\t<\/div>\n\t\t<\/div><\/div>\t\t\t\t<\/div>\n\t\t\t\t<\/div>\n\t\t\t\t<\/div>\n\t\t<div class=\"elementor-element elementor-element-b6338af e-flex e-con-boxed e-con e-parent\" data-id=\"b6338af\" data-element_type=\"container\" data-e-type=\"container\" data-settings=\"{&quot;background_background&quot;:&quot;classic&quot;,&quot;jet_parallax_layout_list&quot;:[]}\">\n\t\t\t\t\t<div class=\"e-con-inner\">\n\t\t\t\t<div class=\"elementor-element elementor-element-216df31 elementor-widget elementor-widget-heading\" data-id=\"216df31\" data-element_type=\"widget\" data-e-type=\"widget\" data-widget_type=\"heading.default\">\n\t\t\t\t\t<p class=\"elementor-heading-title elementor-size-default\">Looking for something? Use the search bar below to find any internal information you need.<\/p>\t\t\t\t<\/div>\n\t\t\t\t<div class=\"elementor-element elementor-element-75a2139 elementor-widget elementor-widget-jet-ajax-search\" data-id=\"75a2139\" data-element_type=\"widget\" data-e-type=\"widget\" data-settings=\"{&quot;results_area_columns&quot;:1}\" data-widget_type=\"jet-ajax-search.default\">\n\t\t\t\t<div class=\"elementor-widget-container\">\n\t\t\t\t\t<div class=\"elementor-jet-ajax-search jet-search\">\n\t<div class=\"jet_search_listing_grid_hidden_template\" style=\"display: none;\">\n\t\t<style>.elementor-widget-heading .elementor-heading-title{font-family:var( --e-global-typography-primary-font-family ), Sans-serif;font-weight:var( --e-global-typography-primary-font-weight );color:var( --e-global-color-primary );}.elementor-953 .elementor-element.elementor-element-d170ff6 .elementor-heading-title{font-family:var( --e-global-typography-text-font-family ), Sans-serif;font-weight:var( --e-global-typography-text-font-weight );color:var( --e-global-color-text );}.elementor-953 .elementor-element.elementor-element-d170ff6 .elementor-heading-title a:hover, .elementor-953 .elementor-element.elementor-element-d170ff6 .elementor-heading-title a:focus{color:var( --e-global-color-primary );}<\/style>\t\t<div data-elementor-type=\"jet-listing-items\" data-elementor-id=\"953\" class=\"elementor elementor-953\" data-elementor-post-type=\"jet-engine\">\n\t\t\t\t\t\t<section class=\"elementor-section elementor-top-section elementor-element elementor-element-d75c8e8 elementor-section-full_width elementor-section-height-default elementor-section-height-default\" data-id=\"d75c8e8\" data-element_type=\"section\" data-e-type=\"section\" data-settings=\"{&quot;jet_parallax_layout_list&quot;:[]}\">\n\t\t\t\t\t\t<div class=\"elementor-container elementor-column-gap-default\">\n\t\t\t\t\t<div class=\"elementor-column elementor-col-100 elementor-top-column elementor-element elementor-element-31b3d2a\" data-id=\"31b3d2a\" data-element_type=\"column\" data-e-type=\"column\">\n\t\t\t<div class=\"elementor-widget-wrap elementor-element-populated\">\n\t\t\t\t\t\t<div class=\"elementor-element elementor-element-d170ff6 elementor-widget elementor-widget-heading\" data-id=\"d170ff6\" data-element_type=\"widget\" data-e-type=\"widget\" data-widget_type=\"heading.default\">\n\t\t\t\t\t<p class=\"elementor-heading-title elementor-size-default\"><a href=\"https:\/\/lycee.ca\/fr\/search\/\">Search<\/a><\/p>\t\t\t\t<\/div>\n\t\t\t\t\t<\/div>\n\t\t<\/div>\n\t\t\t\t\t<\/div>\n\t\t<\/section>\n\t\t\t\t<\/div>\n\t\t\t<\/div>\n\n<div class=\"jet-ajax-search\" data-settings=\"{&quot;symbols_for_start_searching&quot;:2,&quot;search_by_empty_value&quot;:&quot;&quot;,&quot;submit_on_enter&quot;:&quot;yes&quot;,&quot;search_source&quot;:[&quot;post&quot;,&quot;page&quot;,&quot;events&quot;],&quot;search_logging&quot;:&quot;&quot;,&quot;search_results_url&quot;:&quot;&quot;,&quot;search_taxonomy&quot;:&quot;&quot;,&quot;include_terms_ids&quot;:[],&quot;exclude_terms_ids&quot;:[],&quot;exclude_posts_ids&quot;:[],&quot;custom_fields_source&quot;:&quot;&quot;,&quot;limit_query&quot;:5,&quot;limit_query_tablet&quot;:&quot;&quot;,&quot;limit_query_mobile&quot;:&quot;&quot;,&quot;limit_query_in_result_area&quot;:25,&quot;results_order_by&quot;:&quot;relevance&quot;,&quot;results_order&quot;:&quot;asc&quot;,&quot;sentence&quot;:&quot;&quot;,&quot;search_in_taxonomy&quot;:&quot;&quot;,&quot;search_in_taxonomy_source&quot;:&quot;&quot;,&quot;results_area_width_by&quot;:&quot;form&quot;,&quot;results_area_custom_width&quot;:&quot;&quot;,&quot;results_area_custom_position&quot;:&quot;&quot;,&quot;results_area_columns&quot;:1,&quot;results_area_columns_tablet&quot;:&quot;&quot;,&quot;results_area_columns_mobile&quot;:&quot;&quot;,&quot;results_area_columns_mobile_portrait&quot;:&quot;&quot;,&quot;thumbnail_visible&quot;:&quot;&quot;,&quot;thumbnail_size&quot;:&quot;&quot;,&quot;thumbnail_placeholder&quot;:&quot;&quot;,&quot;post_content_source&quot;:&quot;&quot;,&quot;post_content_custom_field_key&quot;:&quot;&quot;,&quot;post_content_length&quot;:&quot;&quot;,&quot;show_product_price&quot;:&quot;&quot;,&quot;show_product_rating&quot;:&quot;&quot;,&quot;show_add_to_cart&quot;:&quot;&quot;,&quot;show_result_new_tab&quot;:&quot;&quot;,&quot;highlight_searched_text&quot;:&quot;&quot;,&quot;listing_id&quot;:953,&quot;bullet_pagination&quot;:&quot;&quot;,&quot;number_pagination&quot;:&quot;&quot;,&quot;navigation_arrows&quot;:&quot;in_header&quot;,&quot;navigation_arrows_type&quot;:&quot;angle&quot;,&quot;show_title_related_meta&quot;:&quot;&quot;,&quot;meta_title_related_position&quot;:&quot;&quot;,&quot;title_related_meta&quot;:&quot;&quot;,&quot;show_content_related_meta&quot;:&quot;&quot;,&quot;meta_content_related_position&quot;:&quot;&quot;,&quot;content_related_meta&quot;:&quot;&quot;,&quot;negative_search&quot;:&quot;Sorry, but nothing matched your search terms.&quot;,&quot;server_error&quot;:&quot;Sorry, but we cannot handle your search query now. Please, try again later!&quot;,&quot;show_search_suggestions&quot;:&quot;&quot;,&quot;search_suggestions_position&quot;:&quot;&quot;,&quot;search_suggestions_source&quot;:&quot;&quot;,&quot;search_suggestions_limits&quot;:&quot;&quot;,&quot;search_suggestions_item_title_length&quot;:&quot;&quot;,&quot;search_source_terms&quot;:&quot;&quot;,&quot;search_source_terms_title&quot;:&quot;&quot;,&quot;search_source_terms_icon&quot;:&quot;&quot;,&quot;search_source_terms_limit&quot;:&quot;&quot;,&quot;search_source_terms_listing_id&quot;:&quot;&quot;,&quot;search_source_terms_taxonomy&quot;:&quot;&quot;,&quot;search_source_users&quot;:&quot;&quot;,&quot;search_source_users_title&quot;:&quot;&quot;,&quot;search_source_users_icon&quot;:&quot;&quot;,&quot;search_source_users_limit&quot;:&quot;&quot;,&quot;search_source_users_listing_id&quot;:&quot;&quot;}\"><form class=\"jet-ajax-search__form\" method=\"get\" action=\"https:\/\/lycee.ca\/fr\/\" role=\"search\" target=\"\">\n\t<div class=\"jet-ajax-search__fields-holder\">\n\t\t<div class=\"jet-ajax-search__field-wrapper\">\n\t\t\t<label for=\"search-input-75a2139\" class=\"screen-reader-text\">Search ...<\/label>\n\t\t\t<span class=\"jet-ajax-search__field-icon jet-ajax-search-icon\"><svg aria-hidden=\"true\" class=\"e-font-icon-svg e-fas-search\" viewBox=\"0 0 512 512\" xmlns=\"http:\/\/www.w3.org\/2000\/svg\"><path d=\"M505 442.7L405.3 343c-4.5-4.5-10.6-7-17-7H372c27.6-35.3 44-79.7 44-128C416 93.1 322.9 0 208 0S0 93.1 0 208s93.1 208 208 208c48.3 0 92.7-16.4 128-44v16.3c0 6.4 2.5 12.5 7 17l99.7 99.7c9.4 9.4 24.6 9.4 33.9 0l28.3-28.3c9.4-9.4 9.4-24.6.1-34zM208 336c-70.7 0-128-57.2-128-128 0-70.7 57.2-128 128-128 70.7 0 128 57.2 128 128 0 70.7-57.2 128-128 128z\"><\/path><\/svg><\/span>\t\t\t<input id=\"search-input-75a2139\" class=\"jet-ajax-search__field\" type=\"search\" placeholder=\"Search ...\" value=\"\" name=\"s\" autocomplete=\"off\" \/>\n\t\t\t\t\t\t\t<input type=\"hidden\" value=\"{&quot;search_source&quot;:[&quot;post&quot;,&quot;page&quot;,&quot;events&quot;]}\" name=\"jet_ajax_search_settings\" \/>\n\t\t\t\t\t\t\n\t\t\t\t\t<\/div>\n\t\t\t<\/div>\n\t<\/form>\n\n<div class=\"jet-ajax-search__results-area\" >\n\t<div class=\"jet-ajax-search__results-holder\">\n\t\t\t\t\t<div class=\"jet-ajax-search__results-header\">\n\t\t\t\t\n<button class=\"jet-ajax-search__results-count\" aria-label=\"View all results\"><span><\/span> Results<\/button>\n\t\t\t\t<div class=\"jet-ajax-search__navigation-holder\"><\/div>\n\t\t\t<\/div>\n\t\t\t\t\t\t<div class=\"jet-ajax-search__results-list results-area-col-desk-1 results-area-col-tablet-0 results-area-col-mobile-0 results-area-col-mobile-portrait-1\" >\n\t\t\t            <div class=\"jet-ajax-search__results-list-inner \"><\/div>\n\t\t\t\t\t<\/div>\n\t\t\t\t\t<div class=\"jet-ajax-search__results-footer\">\n\t\t\t\t\t\t\t\t\t<button class=\"jet-ajax-search__full-results\">See all results<\/button>\t\t\t\t\t\t\t\t<div class=\"jet-ajax-search__navigation-holder\"><\/div>\n\t\t\t<\/div>\n\t\t\t<\/div>\n\t<div class=\"jet-ajax-search__message\"><\/div>\n\t\n<div class=\"jet-ajax-search__spinner-holder\">\n\t<div class=\"jet-ajax-search__spinner\">\n\t\t<div class=\"rect rect-1\"><\/div>\n\t\t<div class=\"rect rect-2\"><\/div>\n\t\t<div class=\"rect rect-3\"><\/div>\n\t\t<div class=\"rect rect-4\"><\/div>\n\t\t<div class=\"rect rect-5\"><\/div>\n\t<\/div>\n<\/div>\n<\/div>\n<\/div>\n<\/div>\t\t\t\t<\/div>\n\t\t\t\t<\/div>\n\t\t\t\t\t<\/div>\n\t\t\t\t<\/div>\n\t\t\t\t<\/div>\n\t\t","protected":false},"excerpt":{"rendered":"<p>Accueil Vous cherchez quelque chose ? Utilisez la barre de recherche ci-dessous pour trouver les informations internes dont vous avez besoin. Recherche ... R\u00e9sultats Voir tous les r\u00e9sultats<\/p>","protected":false},"author":1,"featured_media":0,"parent":0,"menu_order":0,"comment_status":"closed","ping_status":"closed","template":"elementor_header_footer","meta":{"footnotes":""},"class_list":["post-946","page","type-page","status-publish","hentry"],"yoast_head":"<!-- This site is optimized with the Yoast SEO plugin v27.4 - https:\/\/yoast.com\/product\/yoast-seo-wordpress\/ -->\n<title>Search - Lyc\u00e9e international de Calgary | French Preschool to Grade 12<\/title>\n<meta name=\"robots\" content=\"index, follow, max-snippet:-1, max-image-preview:large, max-video-preview:-1\" \/>\n<link rel=\"canonical\" href=\"https:\/\/lycee.ca\/fr\/recherche\/\" \/>\n<meta property=\"og:locale\" content=\"fr_FR\" \/>\n<meta property=\"og:type\" content=\"article\" \/>\n<meta property=\"og:title\" content=\"Search - Lyc\u00e9e international de Calgary | French Preschool to Grade 12\" \/>\n<meta property=\"og:description\" content=\"Home Looking for something? Use the search bar below to find any internal information you need. Search &#8230; Results See all results\" \/>\n<meta property=\"og:url\" content=\"https:\/\/lycee.ca\/fr\/recherche\/\" \/>\n<meta property=\"og:site_name\" content=\"Lyc\u00e9e international de Calgary | French Preschool to Grade 12\" \/>\n<meta property=\"article:publisher\" content=\"https:\/\/www.facebook.com\/lyceecalgary\" \/>\n<meta property=\"article:modified_time\" content=\"2025-11-24T15:14:34+00:00\" \/>\n<meta name=\"twitter:card\" content=\"summary_large_image\" \/>\n<meta name=\"twitter:label1\" content=\"Dur\u00e9e de lecture estim\u00e9e\" \/>\n\t<meta name=\"twitter:data1\" content=\"1 minute\" \/>\n<script type=\"application\/ld+json\" class=\"yoast-schema-graph\">{\"@context\":\"https:\\\/\\\/schema.org\",\"@graph\":[{\"@type\":\"WebPage\",\"@id\":\"https:\\\/\\\/lycee.ca\\\/search\\\/\",\"url\":\"https:\\\/\\\/lycee.ca\\\/search\\\/\",\"name\":\"Search - Lyc\u00e9e international de Calgary | French Preschool to Grade 12\",\"isPartOf\":{\"@id\":\"https:\\\/\\\/lycee.ca\\\/#website\"},\"datePublished\":\"2025-11-24T14:25:18+00:00\",\"dateModified\":\"2025-11-24T15:14:34+00:00\",\"breadcrumb\":{\"@id\":\"https:\\\/\\\/lycee.ca\\\/search\\\/#breadcrumb\"},\"inLanguage\":\"fr-FR\",\"potentialAction\":[{\"@type\":\"ReadAction\",\"target\":[\"https:\\\/\\\/lycee.ca\\\/search\\\/\"]}]},{\"@type\":\"BreadcrumbList\",\"@id\":\"https:\\\/\\\/lycee.ca\\\/search\\\/#breadcrumb\",\"itemListElement\":[{\"@type\":\"ListItem\",\"position\":1,\"name\":\"Home\",\"item\":\"https:\\\/\\\/lycee.ca\\\/\"},{\"@type\":\"ListItem\",\"position\":2,\"name\":\"Search\"}]},{\"@type\":\"WebSite\",\"@id\":\"https:\\\/\\\/lycee.ca\\\/#website\",\"url\":\"https:\\\/\\\/lycee.ca\\\/\",\"name\":\"Lyc\u00e9e international de Calgary | French Preschool to Grade 12\",\"description\":\"Calgary Private French School located in SW Altadore. Lyc\u00e9e offers full-day preschool, no prior french needed, small class sizes, and international study.\",\"publisher\":{\"@id\":\"https:\\\/\\\/lycee.ca\\\/#organization\"},\"potentialAction\":[{\"@type\":\"SearchAction\",\"target\":{\"@type\":\"EntryPoint\",\"urlTemplate\":\"https:\\\/\\\/lycee.ca\\\/?s={search_term_string}\"},\"query-input\":{\"@type\":\"PropertyValueSpecification\",\"valueRequired\":true,\"valueName\":\"search_term_string\"}}],\"inLanguage\":\"fr-FR\"},{\"@type\":\"Organization\",\"@id\":\"https:\\\/\\\/lycee.ca\\\/#organization\",\"name\":\"Lyc\u00e9e international de Calgary | French Preschool to Grade 12\",\"url\":\"https:\\\/\\\/lycee.ca\\\/\",\"logo\":{\"@type\":\"ImageObject\",\"inLanguage\":\"fr-FR\",\"@id\":\"https:\\\/\\\/lycee.ca\\\/#\\\/schema\\\/logo\\\/image\\\/\",\"url\":\"https:\\\/\\\/lycee.ca\\\/wp-content\\\/uploads\\\/2025\\\/09\\\/logo_lycee.svg\",\"contentUrl\":\"https:\\\/\\\/lycee.ca\\\/wp-content\\\/uploads\\\/2025\\\/09\\\/logo_lycee.svg\",\"width\":850,\"height\":385,\"caption\":\"Lyc\u00e9e international de Calgary | French Preschool to Grade 12\"},\"image\":{\"@id\":\"https:\\\/\\\/lycee.ca\\\/#\\\/schema\\\/logo\\\/image\\\/\"},\"sameAs\":[\"https:\\\/\\\/www.facebook.com\\\/lyceecalgary\",\"https:\\\/\\\/www.instagram.com\\\/lyceecalgary\\\/\"]}]}<\/script>\n<!-- \/ Yoast SEO plugin. -->","yoast_head_json":{"title":"Recherche - Lyc\u00e9e international de Calgary | Fran\u00e7ais de la maternelle \u00e0 la terminale","robots":{"index":"index","follow":"follow","max-snippet":"max-snippet:-1","max-image-preview":"max-image-preview:large","max-video-preview":"max-video-preview:-1"},"canonical":"https:\/\/lycee.ca\/fr\/recherche\/","og_locale":"fr_FR","og_type":"article","og_title":"Search - Lyc\u00e9e international de Calgary | French Preschool to Grade 12","og_description":"Home Looking for something? Use the search bar below to find any internal information you need. Search &#8230; Results See all results","og_url":"https:\/\/lycee.ca\/fr\/recherche\/","og_site_name":"Lyc\u00e9e international de Calgary | French Preschool to Grade 12","article_publisher":"https:\/\/www.facebook.com\/lyceecalgary","article_modified_time":"2025-11-24T15:14:34+00:00","twitter_card":"summary_large_image","twitter_misc":{"Dur\u00e9e de lecture estim\u00e9e":"1 minute"},"schema":{"@context":"https:\/\/schema.org","@graph":[{"@type":"WebPage","@id":"https:\/\/lycee.ca\/search\/","url":"https:\/\/lycee.ca\/search\/","name":"Recherche - Lyc\u00e9e international de Calgary | Fran\u00e7ais de la maternelle \u00e0 la terminale","isPartOf":{"@id":"https:\/\/lycee.ca\/#website"},"datePublished":"2025-11-24T14:25:18+00:00","dateModified":"2025-11-24T15:14:34+00:00","breadcrumb":{"@id":"https:\/\/lycee.ca\/search\/#breadcrumb"},"inLanguage":"fr-FR","potentialAction":[{"@type":"ReadAction","target":["https:\/\/lycee.ca\/search\/"]}]},{"@type":"BreadcrumbList","@id":"https:\/\/lycee.ca\/search\/#breadcrumb","itemListElement":[{"@type":"ListItem","position":1,"name":"Home","item":"https:\/\/lycee.ca\/"},{"@type":"ListItem","position":2,"name":"Search"}]},{"@type":"WebSite","@id":"https:\/\/lycee.ca\/#website","url":"https:\/\/lycee.ca\/","name":"Lyc\u00e9e international de Calgary | Fran\u00e7ais de la maternelle \u00e0 la terminale","description":"\u00c9cole priv\u00e9e de fran\u00e7ais de Calgary situ\u00e9e dans le quartier SW Altadore. Le Lyc\u00e9e propose une \u00e9cole maternelle \u00e0 temps plein, sans besoin de connaissances pr\u00e9alables en fran\u00e7ais, avec des classes de petite taille et des \u00e9tudes internationales.","publisher":{"@id":"https:\/\/lycee.ca\/#organization"},"potentialAction":[{"@type":"SearchAction","target":{"@type":"EntryPoint","urlTemplate":"https:\/\/lycee.ca\/?s={search_term_string}"},"query-input":{"@type":"PropertyValueSpecification","valueRequired":true,"valueName":"search_term_string"}}],"inLanguage":"fr-FR"},{"@type":"Organization","@id":"https:\/\/lycee.ca\/#organization","name":"Lyc\u00e9e international de Calgary | Fran\u00e7ais de la maternelle \u00e0 la terminale","url":"https:\/\/lycee.ca\/","logo":{"@type":"ImageObject","inLanguage":"fr-FR","@id":"https:\/\/lycee.ca\/#\/schema\/logo\/image\/","url":"https:\/\/lycee.ca\/wp-content\/uploads\/2025\/09\/logo_lycee.svg","contentUrl":"https:\/\/lycee.ca\/wp-content\/uploads\/2025\/09\/logo_lycee.svg","width":850,"height":385,"caption":"Lyc\u00e9e international de Calgary | French Preschool to Grade 12"},"image":{"@id":"https:\/\/lycee.ca\/#\/schema\/logo\/image\/"},"sameAs":["https:\/\/www.facebook.com\/lyceecalgary","https:\/\/www.instagram.com\/lyceecalgary\/"]}]}},"_links":{"self":[{"href":"https:\/\/lycee.ca\/fr\/wp-json\/wp\/v2\/pages\/946","targetHints":{"allow":["GET"]}}],"collection":[{"href":"https:\/\/lycee.ca\/fr\/wp-json\/wp\/v2\/pages"}],"about":[{"href":"https:\/\/lycee.ca\/fr\/wp-json\/wp\/v2\/types\/page"}],"author":[{"embeddable":true,"href":"https:\/\/lycee.ca\/fr\/wp-json\/wp\/v2\/users\/1"}],"replies":[{"embeddable":true,"href":"https:\/\/lycee.ca\/fr\/wp-json\/wp\/v2\/comments?post=946"}],"version-history":[{"count":0,"href":"https:\/\/lycee.ca\/fr\/wp-json\/wp\/v2\/pages\/946\/revisions"}],"wp:attachment":[{"href":"https:\/\/lycee.ca\/fr\/wp-json\/wp\/v2\/media?parent=946"}],"curies":[{"name":"wp","href":"https:\/\/api.w.org\/{rel}","templated":true}]}}