{"id":932,"date":"2025-11-21T13:48:28","date_gmt":"2025-11-21T13:48:28","guid":{"rendered":"https:\/\/lycee.ca\/?page_id=932"},"modified":"2026-02-11T07:13:30","modified_gmt":"2026-02-11T14:13:30","slug":"laccessibilite","status":"publish","type":"page","link":"https:\/\/lycee.ca\/fr\/accessibility\/","title":{"rendered":"Accessibilit\u00e9"},"content":{"rendered":"<div data-elementor-type=\"wp-page\" data-elementor-id=\"932\" class=\"elementor elementor-932\" data-elementor-post-type=\"page\">\n\t\t\t\t<div class=\"elementor-element elementor-element-e4bf572 e-flex e-con-boxed e-con e-parent\" data-id=\"e4bf572\" data-element_type=\"container\" data-e-type=\"container\" data-settings=\"{&quot;jet_parallax_layout_list&quot;:[]}\">\n\t\t\t\t\t<div class=\"e-con-inner\">\n\t\t\t\t<div class=\"elementor-element elementor-element-7b5c184 elementor-widget elementor-widget-text-editor\" data-id=\"7b5c184\" data-element_type=\"widget\" data-e-type=\"widget\" data-widget_type=\"text-editor.default\">\n\t\t\t\t\t\t\t\t\t<h2>Engagement en faveur de l'accessibilit\u00e9<\/h2><p>Le Lyc\u00e9e international de Calgary s'engage \u00e0 offrir un environnement inclusif, respectueux et accessible \u00e0 tous les membres de notre communaut\u00e9 scolaire. Nous croyons que chacun a le droit d'acc\u00e9der \u00e0 l'information, aux services et aux ressources \u00e9ducatives d'une mani\u00e8re qui respecte sa dignit\u00e9 et son ind\u00e9pendance.<\/p><p>Nous nous effor\u00e7ons de veiller \u00e0 ce que notre site web et nos communications num\u00e9riques soient accessibles aux personnes handicap\u00e9es et nous travaillons en permanence \u00e0 l'am\u00e9lioration de l'accessibilit\u00e9 pour tous les utilisateurs.<\/p><h2>Normes d'accessibilit\u00e9<\/h2><p>Le Lyc\u00e9e international de Calgary s'efforce de respecter ou de d\u00e9passer les exigences de la l\u00e9gislation et des directives applicables en mati\u00e8re d'accessibilit\u00e9 en Alberta, y compris les suivantes <strong><em>Alberta Human Rights Act<\/em><\/strong>, ainsi que les meilleures pratiques reconnues telles que la <strong><em>Web Content Accessibility Guidelines (WCAG) 2.1<\/em><\/strong>, Niveau AA, lorsqu'il est raisonnablement possible d'y parvenir.<\/p><p>Nos efforts en mati\u00e8re d'accessibilit\u00e9 visent \u00e0 supprimer les obstacles et \u00e0 garantir l'\u00e9galit\u00e9 d'acc\u00e8s \u00e0 l'information et aux services pour les personnes souffrant de handicaps visuels, auditifs, physiques, cognitifs et d'apprentissage.<\/p><h2>Caract\u00e9ristiques d'un site web accessible<\/h2><p>Nous prenons les mesures suivantes pour am\u00e9liorer l'accessibilit\u00e9 de notre site web :<\/p><ul><li>Structure de navigation claire et coh\u00e9rente<\/li><li>Des polices de caract\u00e8res lisibles et un contraste de couleurs suffisant<\/li><li>Compatibilit\u00e9 avec les lecteurs d'\u00e9cran et les technologies d'assistance<\/li><li>Texte alternatif pour les images, le cas \u00e9ch\u00e9ant<\/li><li>Structure logique des rubriques pour une meilleure compr\u00e9hension du contenu<\/li><li>Prise en charge de la navigation au clavier dans la mesure du possible<\/li><\/ul><p>Malgr\u00e9 tous nos efforts, il se peut que certains contenus ne soient pas encore totalement accessibles. Nous consid\u00e9rons l'accessibilit\u00e9 comme un processus continu<br \/>et s'engagent dans une d\u00e9marche d'am\u00e9lioration continue.<\/p><h2>Adaptations et soutien<\/h2><p>Le Lyc\u00e9e international de Calgary s'engage \u00e0 fournir des am\u00e9nagements raisonnables sur demande afin d'assurer l'\u00e9galit\u00e9 d'acc\u00e8s \u00e0 ses programmes, services et communications.<\/p><p>Si vous avez besoin d'informations dans un autre format ou si vous avez besoin d'aide pour acc\u00e9der \u00e0 une partie quelconque de notre site web ou de nos services, nous vous encourageons \u00e0 nous contacter. Nous travaillerons avec vous pour r\u00e9pondre \u00e0 vos besoins de mani\u00e8re rapide et respectueuse.<\/p><h2>Commentaires et informations de contact<\/h2><p>Nous vous invitons \u00e0 nous faire part de vos commentaires sur l'accessibilit\u00e9 de notre site web et de nos services. Vos commentaires nous aident \u00e0 identifier les domaines \u00e0 am\u00e9liorer.\u00a0<span style=\"font-size: 1em; letter-spacing: 0px;\">Si vous rencontrez des obstacles \u00e0 l'accessibilit\u00e9 ou si vous avez des questions ou des suggestions, n'h\u00e9sitez pas \u00e0 nous contacter :<\/span><\/p><p><b>Lyc\u00e9e international de Calgary<\/b><br \/>4099 Garrison Boulevard SW, Calgary, Alberta, T2T 6G2<br \/>T\u00e9l\u00e9phone : <a href=\"tel:+14032435420\">+1 (403) 243-5420<\/a><br \/>Courriel : <a href=\"mailto:communication@lycee.ca\">communication@lycee.ca<\/a><\/p><p>Nous nous effor\u00e7ons de r\u00e9pondre aux demandes li\u00e9es \u00e0 l'accessibilit\u00e9 aussi rapidement que possible et nous ferons tous les efforts raisonnables pour r\u00e9pondre aux pr\u00e9occupations.<\/p><h2>Am\u00e9lioration continue<\/h2><p>Le Lyc\u00e9e international de Calgary s'engage \u00e0 examiner et \u00e0 am\u00e9liorer en permanence l'accessibilit\u00e9. Au fur et \u00e0 mesure que les technologies, les normes et les besoins des utilisateurs \u00e9voluent, nous continuerons \u00e0 \u00e9valuer et \u00e0 am\u00e9liorer nos pratiques en mati\u00e8re d'accessibilit\u00e9 num\u00e9rique et physique.<\/p>\t\t\t\t\t\t\t\t<\/div>\n\t\t\t\t\t<\/div>\n\t\t\t\t<\/div>\n\t\t\t\t<\/div>","protected":false},"excerpt":{"rendered":"<p>Commitment to Accessibility Lyc\u00e9e international de Calgary is committed to providing an inclusive, respectful, and accessible environment for all members of our school community. We believe that everyone has the right to access information, services, and educational resources in a manner that respects their dignity and independence. We strive to ensure that our website and [&hellip;]<\/p>\n","protected":false},"author":1,"featured_media":3199,"parent":0,"menu_order":0,"comment_status":"closed","ping_status":"closed","template":"","meta":{"footnotes":""},"class_list":["post-932","page","type-page","status-publish","has-post-thumbnail","hentry"],"yoast_head":"<!-- This site is optimized with the Yoast SEO plugin v27.4 - https:\/\/yoast.com\/product\/yoast-seo-wordpress\/ -->\n<title>Accessibility - Lyc\u00e9e international de Calgary | French Preschool to Grade 12<\/title>\n<meta name=\"description\" content=\"Learn about accessibility at Lyc\u00e9e International de Calgary and our commitment to inclusive and equitable education.\" \/>\n<meta name=\"robots\" content=\"index, follow, max-snippet:-1, max-image-preview:large, max-video-preview:-1\" \/>\n<link rel=\"canonical\" href=\"https:\/\/lycee.ca\/fr\/laccessibilite\/\" \/>\n<meta property=\"og:locale\" content=\"fr_FR\" \/>\n<meta property=\"og:type\" content=\"article\" \/>\n<meta property=\"og:title\" content=\"Accessibility - Lyc\u00e9e international de Calgary | French Preschool to Grade 12\" \/>\n<meta property=\"og:description\" content=\"Learn about accessibility at Lyc\u00e9e International de Calgary and our commitment to inclusive and equitable education.\" \/>\n<meta property=\"og:url\" content=\"https:\/\/lycee.ca\/fr\/laccessibilite\/\" \/>\n<meta property=\"og:site_name\" content=\"Lyc\u00e9e international de Calgary | French Preschool to Grade 12\" \/>\n<meta property=\"article:publisher\" content=\"https:\/\/www.facebook.com\/lyceecalgary\" \/>\n<meta property=\"article:modified_time\" content=\"2026-02-11T14:13:30+00:00\" \/>\n<meta property=\"og:image\" content=\"https:\/\/lycee.ca\/wp-content\/uploads\/2026\/02\/cover_accessibility_12.webp\" \/>\n\t<meta property=\"og:image:width\" content=\"1920\" \/>\n\t<meta property=\"og:image:height\" content=\"1280\" \/>\n\t<meta property=\"og:image:type\" content=\"image\/webp\" \/>\n<meta name=\"twitter:card\" content=\"summary_large_image\" \/>\n<meta name=\"twitter:label1\" content=\"Dur\u00e9e de lecture estim\u00e9e\" \/>\n\t<meta name=\"twitter:data1\" content=\"2 minutes\" \/>\n<script type=\"application\/ld+json\" class=\"yoast-schema-graph\">{\"@context\":\"https:\\\/\\\/schema.org\",\"@graph\":[{\"@type\":\"WebPage\",\"@id\":\"https:\\\/\\\/lycee.ca\\\/accessibility\\\/\",\"url\":\"https:\\\/\\\/lycee.ca\\\/accessibility\\\/\",\"name\":\"Accessibility - Lyc\u00e9e international de Calgary | French Preschool to Grade 12\",\"isPartOf\":{\"@id\":\"https:\\\/\\\/lycee.ca\\\/#website\"},\"primaryImageOfPage\":{\"@id\":\"https:\\\/\\\/lycee.ca\\\/accessibility\\\/#primaryimage\"},\"image\":{\"@id\":\"https:\\\/\\\/lycee.ca\\\/accessibility\\\/#primaryimage\"},\"thumbnailUrl\":\"https:\\\/\\\/lycee.ca\\\/wp-content\\\/uploads\\\/2026\\\/02\\\/cover_accessibility_12.webp\",\"datePublished\":\"2025-11-21T13:48:28+00:00\",\"dateModified\":\"2026-02-11T14:13:30+00:00\",\"description\":\"Learn about accessibility at Lyc\u00e9e International de Calgary and our commitment to inclusive and equitable education.\",\"breadcrumb\":{\"@id\":\"https:\\\/\\\/lycee.ca\\\/accessibility\\\/#breadcrumb\"},\"inLanguage\":\"fr-FR\",\"potentialAction\":[{\"@type\":\"ReadAction\",\"target\":[\"https:\\\/\\\/lycee.ca\\\/accessibility\\\/\"]}]},{\"@type\":\"ImageObject\",\"inLanguage\":\"fr-FR\",\"@id\":\"https:\\\/\\\/lycee.ca\\\/accessibility\\\/#primaryimage\",\"url\":\"https:\\\/\\\/lycee.ca\\\/wp-content\\\/uploads\\\/2026\\\/02\\\/cover_accessibility_12.webp\",\"contentUrl\":\"https:\\\/\\\/lycee.ca\\\/wp-content\\\/uploads\\\/2026\\\/02\\\/cover_accessibility_12.webp\",\"width\":1920,\"height\":1280},{\"@type\":\"BreadcrumbList\",\"@id\":\"https:\\\/\\\/lycee.ca\\\/accessibility\\\/#breadcrumb\",\"itemListElement\":[{\"@type\":\"ListItem\",\"position\":1,\"name\":\"Home\",\"item\":\"https:\\\/\\\/lycee.ca\\\/\"},{\"@type\":\"ListItem\",\"position\":2,\"name\":\"Accessibility\"}]},{\"@type\":\"WebSite\",\"@id\":\"https:\\\/\\\/lycee.ca\\\/#website\",\"url\":\"https:\\\/\\\/lycee.ca\\\/\",\"name\":\"Lyc\u00e9e international de Calgary | French Preschool to Grade 12\",\"description\":\"Calgary Private French School located in SW Altadore. Lyc\u00e9e offers full-day preschool, no prior french needed, small class sizes, and international study.\",\"publisher\":{\"@id\":\"https:\\\/\\\/lycee.ca\\\/#organization\"},\"potentialAction\":[{\"@type\":\"SearchAction\",\"target\":{\"@type\":\"EntryPoint\",\"urlTemplate\":\"https:\\\/\\\/lycee.ca\\\/?s={search_term_string}\"},\"query-input\":{\"@type\":\"PropertyValueSpecification\",\"valueRequired\":true,\"valueName\":\"search_term_string\"}}],\"inLanguage\":\"fr-FR\"},{\"@type\":\"Organization\",\"@id\":\"https:\\\/\\\/lycee.ca\\\/#organization\",\"name\":\"Lyc\u00e9e international de Calgary | French Preschool to Grade 12\",\"url\":\"https:\\\/\\\/lycee.ca\\\/\",\"logo\":{\"@type\":\"ImageObject\",\"inLanguage\":\"fr-FR\",\"@id\":\"https:\\\/\\\/lycee.ca\\\/#\\\/schema\\\/logo\\\/image\\\/\",\"url\":\"https:\\\/\\\/lycee.ca\\\/wp-content\\\/uploads\\\/2025\\\/09\\\/logo_lycee.svg\",\"contentUrl\":\"https:\\\/\\\/lycee.ca\\\/wp-content\\\/uploads\\\/2025\\\/09\\\/logo_lycee.svg\",\"width\":850,\"height\":385,\"caption\":\"Lyc\u00e9e international de Calgary | French Preschool to Grade 12\"},\"image\":{\"@id\":\"https:\\\/\\\/lycee.ca\\\/#\\\/schema\\\/logo\\\/image\\\/\"},\"sameAs\":[\"https:\\\/\\\/www.facebook.com\\\/lyceecalgary\",\"https:\\\/\\\/www.instagram.com\\\/lyceecalgary\\\/\"]}]}<\/script>\n<!-- \/ Yoast SEO plugin. -->","yoast_head_json":{"title":"Accessibilit\u00e9 - Lyc\u00e9e international de Calgary | Fran\u00e7ais de la maternelle \u00e0 la terminale","description":"D\u00e9couvrez l\u2019engagement du Lyc\u00e9e international de Calgary en faveur de l\u2019accessibilit\u00e9 et de l\u2019inclusion scolaire.","robots":{"index":"index","follow":"follow","max-snippet":"max-snippet:-1","max-image-preview":"max-image-preview:large","max-video-preview":"max-video-preview:-1"},"canonical":"https:\/\/lycee.ca\/fr\/laccessibilite\/","og_locale":"fr_FR","og_type":"article","og_title":"Accessibility - Lyc\u00e9e international de Calgary | French Preschool to Grade 12","og_description":"Learn about accessibility at Lyc\u00e9e International de Calgary and our commitment to inclusive and equitable education.","og_url":"https:\/\/lycee.ca\/fr\/laccessibilite\/","og_site_name":"Lyc\u00e9e international de Calgary | French Preschool to Grade 12","article_publisher":"https:\/\/www.facebook.com\/lyceecalgary","article_modified_time":"2026-02-11T14:13:30+00:00","og_image":[{"width":1920,"height":1280,"url":"https:\/\/lycee.ca\/wp-content\/uploads\/2026\/02\/cover_accessibility_12.webp","type":"image\/webp"}],"twitter_card":"summary_large_image","twitter_misc":{"Dur\u00e9e de lecture estim\u00e9e":"2 minutes"},"schema":{"@context":"https:\/\/schema.org","@graph":[{"@type":"WebPage","@id":"https:\/\/lycee.ca\/accessibility\/","url":"https:\/\/lycee.ca\/accessibility\/","name":"Accessibilit\u00e9 - Lyc\u00e9e international de Calgary | Fran\u00e7ais de la maternelle \u00e0 la terminale","isPartOf":{"@id":"https:\/\/lycee.ca\/#website"},"primaryImageOfPage":{"@id":"https:\/\/lycee.ca\/accessibility\/#primaryimage"},"image":{"@id":"https:\/\/lycee.ca\/accessibility\/#primaryimage"},"thumbnailUrl":"https:\/\/lycee.ca\/wp-content\/uploads\/2026\/02\/cover_accessibility_12.webp","datePublished":"2025-11-21T13:48:28+00:00","dateModified":"2026-02-11T14:13:30+00:00","description":"D\u00e9couvrez l\u2019engagement du Lyc\u00e9e international de Calgary en faveur de l\u2019accessibilit\u00e9 et de l\u2019inclusion scolaire.","breadcrumb":{"@id":"https:\/\/lycee.ca\/accessibility\/#breadcrumb"},"inLanguage":"fr-FR","potentialAction":[{"@type":"ReadAction","target":["https:\/\/lycee.ca\/accessibility\/"]}]},{"@type":"ImageObject","inLanguage":"fr-FR","@id":"https:\/\/lycee.ca\/accessibility\/#primaryimage","url":"https:\/\/lycee.ca\/wp-content\/uploads\/2026\/02\/cover_accessibility_12.webp","contentUrl":"https:\/\/lycee.ca\/wp-content\/uploads\/2026\/02\/cover_accessibility_12.webp","width":1920,"height":1280},{"@type":"BreadcrumbList","@id":"https:\/\/lycee.ca\/accessibility\/#breadcrumb","itemListElement":[{"@type":"ListItem","position":1,"name":"Home","item":"https:\/\/lycee.ca\/"},{"@type":"ListItem","position":2,"name":"Accessibility"}]},{"@type":"WebSite","@id":"https:\/\/lycee.ca\/#website","url":"https:\/\/lycee.ca\/","name":"Lyc\u00e9e international de Calgary | Fran\u00e7ais de la maternelle \u00e0 la terminale","description":"\u00c9cole priv\u00e9e de fran\u00e7ais de Calgary situ\u00e9e dans le quartier SW Altadore. Le Lyc\u00e9e propose une \u00e9cole maternelle \u00e0 temps plein, sans besoin de connaissances pr\u00e9alables en fran\u00e7ais, avec des classes de petite taille et des \u00e9tudes internationales.","publisher":{"@id":"https:\/\/lycee.ca\/#organization"},"potentialAction":[{"@type":"SearchAction","target":{"@type":"EntryPoint","urlTemplate":"https:\/\/lycee.ca\/?s={search_term_string}"},"query-input":{"@type":"PropertyValueSpecification","valueRequired":true,"valueName":"search_term_string"}}],"inLanguage":"fr-FR"},{"@type":"Organization","@id":"https:\/\/lycee.ca\/#organization","name":"Lyc\u00e9e international de Calgary | Fran\u00e7ais de la maternelle \u00e0 la terminale","url":"https:\/\/lycee.ca\/","logo":{"@type":"ImageObject","inLanguage":"fr-FR","@id":"https:\/\/lycee.ca\/#\/schema\/logo\/image\/","url":"https:\/\/lycee.ca\/wp-content\/uploads\/2025\/09\/logo_lycee.svg","contentUrl":"https:\/\/lycee.ca\/wp-content\/uploads\/2025\/09\/logo_lycee.svg","width":850,"height":385,"caption":"Lyc\u00e9e international de Calgary | French Preschool to Grade 12"},"image":{"@id":"https:\/\/lycee.ca\/#\/schema\/logo\/image\/"},"sameAs":["https:\/\/www.facebook.com\/lyceecalgary","https:\/\/www.instagram.com\/lyceecalgary\/"]}]}},"_links":{"self":[{"href":"https:\/\/lycee.ca\/fr\/wp-json\/wp\/v2\/pages\/932","targetHints":{"allow":["GET"]}}],"collection":[{"href":"https:\/\/lycee.ca\/fr\/wp-json\/wp\/v2\/pages"}],"about":[{"href":"https:\/\/lycee.ca\/fr\/wp-json\/wp\/v2\/types\/page"}],"author":[{"embeddable":true,"href":"https:\/\/lycee.ca\/fr\/wp-json\/wp\/v2\/users\/1"}],"replies":[{"embeddable":true,"href":"https:\/\/lycee.ca\/fr\/wp-json\/wp\/v2\/comments?post=932"}],"version-history":[{"count":0,"href":"https:\/\/lycee.ca\/fr\/wp-json\/wp\/v2\/pages\/932\/revisions"}],"wp:featuredmedia":[{"embeddable":true,"href":"https:\/\/lycee.ca\/fr\/wp-json\/wp\/v2\/media\/3199"}],"wp:attachment":[{"href":"https:\/\/lycee.ca\/fr\/wp-json\/wp\/v2\/media?parent=932"}],"curies":[{"name":"wp","href":"https:\/\/api.w.org\/{rel}","templated":true}]}}