{"id":930,"date":"2025-11-21T13:48:11","date_gmt":"2025-11-21T13:48:11","guid":{"rendered":"https:\/\/lycee.ca\/?page_id=930"},"modified":"2026-02-03T23:17:25","modified_gmt":"2026-02-04T06:17:25","slug":"politique-de-confidentialite","status":"publish","type":"page","link":"https:\/\/lycee.ca\/fr\/privacy-policy\/","title":{"rendered":"Politique de confidentialit\u00e9"},"content":{"rendered":"<div data-elementor-type=\"wp-page\" data-elementor-id=\"930\" class=\"elementor elementor-930\" data-elementor-post-type=\"page\">\n\t\t\t\t<div class=\"elementor-element elementor-element-90eaa9c e-flex e-con-boxed e-con e-parent\" data-id=\"90eaa9c\" data-element_type=\"container\" data-e-type=\"container\" data-settings=\"{&quot;jet_parallax_layout_list&quot;:[]}\">\n\t\t\t\t\t<div class=\"e-con-inner\">\n\t\t\t\t<div class=\"elementor-element elementor-element-207779bf elementor-widget elementor-widget-text-editor\" data-id=\"207779bf\" data-element_type=\"widget\" data-e-type=\"widget\" data-widget_type=\"text-editor.default\">\n\t\t\t\t\t\t\t\t\t\n<p>Votre vie priv\u00e9e est importante pour nous<\/p>\n\n<h2 class=\"wp-block-heading\">Politique de confidentialit\u00e9 et conditions d'utilisation<\/h2>\n\n<p>Le Lyc\u00e9e international de Calgary s'engage \u00e0 prot\u00e9ger votre vie priv\u00e9e et \u00e0 mettre en \u0153uvre des technologies qui vous permettent de vivre une exp\u00e9rience en ligne en toute s\u00e9curit\u00e9. Cette politique de confidentialit\u00e9 vous fournit des informations importantes sur nos pratiques en mati\u00e8re de confidentialit\u00e9, en ce qui concerne les informations que nous recueillons et utilisons en ligne par le biais de nos sites web, d'autres services en ligne ou de tiers. En utilisant notre (nos) site(s) web, vous acceptez implicitement les conditions ci-dessous et toute modification apport\u00e9e de temps \u00e0 autre \u00e0 notre politique de protection de la vie priv\u00e9e.<\/p>\n\n<h2 class=\"wp-block-heading\">Informations personnelles<\/h2>\n\n<p>Nous pouvons recueillir des informations personnelles aupr\u00e8s des visiteurs de notre (nos) site(s) web qui choisissent de nous fournir ces informations, par exemple par courrier \u00e9lectronique ou au moyen de formulaires ou d'enqu\u00eates en ligne. Les informations personnelles peuvent inclure, sans s'y limiter, le nom, l'adresse, le sexe, la date de naissance, la langue pr\u00e9f\u00e9r\u00e9e, l'adresse \u00e9lectronique personnelle, le num\u00e9ro de t\u00e9l\u00e9phone ou les informations relatives \u00e0 la carte de cr\u00e9dit, en fonction de la situation. La fourniture de ces informations est strictement volontaire. Nous pouvons \u00e9galement recueillir des informations concernant votre ordinateur ou d'autres appareils utilis\u00e9s pour acc\u00e9der au site web, telles que votre adresse IP et d'autres identifiants d'appareils uniques, votre navigateur, votre syst\u00e8me d'exploitation et les param\u00e8tres de votre appareil.<\/p>\n\n<h2 class=\"wp-block-heading\">Cookies et autres technologies de suivi<\/h2>\n\n<p>Nous et les tiers qui fournissent du contenu ou des fonctionnalit\u00e9s sur notre site web pouvons utiliser des cookies et d'autres technologies de suivi pour faciliter l'administration et la navigation sur le site web, et am\u00e9liorer l'exp\u00e9rience de l'utilisateur.<\/p>\n\n<p>Les tiers auxquels nous faisons appel pour analyser l'utilisation du site Web sont notamment Google Analytics. Pour plus d'informations sur les donn\u00e9es collect\u00e9es par Google, l'utilisation qui en est faite et les choix qui s'offrent \u00e0 vous, veuillez consulter le site suivant\u00a0<a href=\"https:\/\/www.google.com\/policies\/privacy\/partners\/\" target=\"_blank\" rel=\"noreferrer noopener\">https:\/\/www.google.com\/policies\/privacy\/partners\/<\/a>.<\/p>\n\n<h2 class=\"wp-block-heading\">Utilisation de vos informations<\/h2>\n\n<p>Les informations partag\u00e9es avec nous en ligne sont utilis\u00e9es pour vous fournir les services et autres mat\u00e9riels que vous demandez, ainsi que pour les courriers, publications, activit\u00e9s et collectes de fonds li\u00e9s \u00e0 l'\u00e9cole.<\/p>\n\n<p>Vous pouvez demander \u00e0 ne plus recevoir de courriers en remplissant le formulaire de demande de renseignements ci-dessous.<\/p>\n\n<ul>\n<li>Le Lyc\u00e9e international de Calgary ne vend pas, ne loue pas et ne donne pas en cr\u00e9dit-bail \u00e0 des tiers les listes de ses membres.<\/li>\n<li>Nous ne partageons pas les informations personnelles avec des tiers, sauf dans les cas suivants :<\/li>\n<li>\u00a0avec des prestataires de services tiers charg\u00e9s de fournir des services pour notre compte (par exemple, des services d'h\u00e9bergement et de donn\u00e9es)<\/li>\n<li>Lorsque nous avons des raisons de croire que la divulgation est n\u00e9cessaire pour identifier, contacter ou intenter une action en justice contre une personne susceptible de causer un pr\u00e9judice ou d'interf\u00e9rer avec nos droits ou nos biens ou toute autre personne susceptible d'\u00eatre l\u00e9s\u00e9e par de telles activit\u00e9s, ou lorsque nous pensons en toute bonne foi que la loi l'exige ou qu'il est n\u00e9cessaire de r\u00e9pondre \u00e0 une demande du gouvernement.<\/li>\n<li>\u00a0Avec votre consentement<\/li>\n<\/ul>\n\n<h2 class=\"wp-block-heading\">Acc\u00e8s aux informations personnelles<\/h2>\n\n<p>Si vous souhaitez acc\u00e9der aux informations personnelles que nous avons pu recueillir, veuillez remplir le formulaire de demande de renseignements ci-dessous.<\/p>\n\n<h2 class=\"wp-block-heading\">S\u00e9curit\u00e9<\/h2>\n\n<p>Nous prenons des mesures pour aider \u00e0 prot\u00e9ger contre la perte ou le vol d'informations d'identification personnelle. Toutefois, veuillez noter qu'aucune transmission de donn\u00e9es sur Internet ne peut \u00eatre garantie comme \u00e9tant 100% s\u00fbre. Par cons\u00e9quent, nous ne pouvons pas garantir la s\u00e9curit\u00e9 des informations que vous divulguez ou que vous nous transmettez en ligne et nous ne pouvons pas \u00eatre responsables du vol, de la destruction ou de la divulgation par inadvertance de vos informations personnelles.<\/p>\n\n<h2 class=\"wp-block-heading\">Liens<\/h2>\n\n<p>Tout au long de nos pages web, nous proposons des liens vers d'autres sites qui peuvent contenir des informations susceptibles d'int\u00e9resser nos lecteurs. Nous n'assumons aucune responsabilit\u00e9 et n'exer\u00e7ons aucun contr\u00f4le sur les organisations, les points de vue ou l'exactitude des informations contenues sur d'autres serveurs.<\/p>\n\n<h2 class=\"wp-block-heading\">Utilisation de textes et d'images<\/h2>\n\n<p>Si vous souhaitez publier des informations que vous avez trouv\u00e9es sur notre site web, veuillez en faire la demande en remplissant le formulaire ci-dessous. Lorsque des textes ou des images sont publi\u00e9s sur notre site avec l'autorisation du d\u00e9tenteur des droits d'auteur, une d\u00e9claration de droits d'auteur figure au bas de la page. Des informations sur l'utilisation de notre logo et de nos images sont disponibles sur demande.<\/p>\n\n<h2 class=\"wp-block-heading\">Vie priv\u00e9e des enfants<\/h2>\n\n<p>Nous ne recueillons pas sciemment d'informations sur le site web aupr\u00e8s d'enfants de moins de 13 ans. Si vous pensez que nous avons recueilli des informations d'une mani\u00e8re incompatible avec la pr\u00e9sente politique de protection de la vie priv\u00e9e, contactez-nous en remplissant le formulaire de demande de renseignements ci-dessous.<\/p>\n\n<h2 class=\"wp-block-heading\">Modifications de notre politique de confidentialit\u00e9<\/h2>\n\n<p>Nous pouvons modifier la pr\u00e9sente politique de confidentialit\u00e9 de temps \u00e0 autre. Nous vous recommandons de la consulter r\u00e9guli\u00e8rement pour vous assurer que vous \u00eates au courant de nos pratiques actuelles en mati\u00e8re de protection de la vie priv\u00e9e. En continuant \u00e0 utiliser le site web apr\u00e8s les modifications apport\u00e9es \u00e0 ces conditions, vous acceptez notre politique de confidentialit\u00e9.<\/p>\n\n<h2 class=\"wp-block-heading\">Questions sur nos politiques<\/h2>\n\n<p>Si vous avez des questions ou des pr\u00e9occupations concernant la pr\u00e9sente politique de protection de la vie priv\u00e9e, veuillez contacter le responsable de la protection de la vie priv\u00e9e :<\/p>\n\n<p>Fran\u00e7oise Bougaeff<br \/>Chef d'\u00e9tablissement - Lyc\u00e9e international de Calgary<br \/>4099 Garrison Blvd, SW<br \/>Calgary, Alberta<br \/>T2T 6G2<\/p>\n\t\t\t\t\t\t\t\t<\/div>\n\t\t\t\t\t<\/div>\n\t\t\t\t<\/div>\n\t\t\t\t<\/div>","protected":false},"excerpt":{"rendered":"<p>Your Privacy is Important to Us Privacy Policy and Terms of Use The Lyc\u00e9e international de Calgary is committed to protecting your privacy and implementing technology that gives you a safe online experience. This Privacy Policy provides you with important information about our privacy practices, as they relate to the information we collect and use [&hellip;]<\/p>\n","protected":false},"author":1,"featured_media":0,"parent":0,"menu_order":0,"comment_status":"closed","ping_status":"closed","template":"","meta":{"footnotes":""},"class_list":["post-930","page","type-page","status-publish","hentry"],"yoast_head":"<!-- This site is optimized with the Yoast SEO plugin v27.4 - https:\/\/yoast.com\/product\/yoast-seo-wordpress\/ -->\n<title>Privacy Policy - Lyc\u00e9e international de Calgary | French Preschool to Grade 12<\/title>\n<meta name=\"description\" content=\"Review the privacy policy of Lyc\u00e9e International de Calgary and learn how personal information is protected.\" \/>\n<meta name=\"robots\" content=\"index, follow, max-snippet:-1, max-image-preview:large, max-video-preview:-1\" \/>\n<link rel=\"canonical\" href=\"https:\/\/lycee.ca\/fr\/politique-de-confidentialite\/\" \/>\n<meta property=\"og:locale\" content=\"fr_FR\" \/>\n<meta property=\"og:type\" content=\"article\" \/>\n<meta property=\"og:title\" content=\"Privacy Policy - Lyc\u00e9e international de Calgary | French Preschool to Grade 12\" \/>\n<meta property=\"og:description\" content=\"Review the privacy policy of Lyc\u00e9e International de Calgary and learn how personal information is protected.\" \/>\n<meta property=\"og:url\" content=\"https:\/\/lycee.ca\/fr\/politique-de-confidentialite\/\" \/>\n<meta property=\"og:site_name\" content=\"Lyc\u00e9e international de Calgary | French Preschool to Grade 12\" \/>\n<meta property=\"article:publisher\" content=\"https:\/\/www.facebook.com\/lyceecalgary\" \/>\n<meta property=\"article:modified_time\" content=\"2026-02-04T06:17:25+00:00\" \/>\n<meta name=\"twitter:card\" content=\"summary_large_image\" \/>\n<meta name=\"twitter:label1\" content=\"Dur\u00e9e de lecture estim\u00e9e\" \/>\n\t<meta name=\"twitter:data1\" content=\"4 minutes\" \/>\n<script type=\"application\/ld+json\" class=\"yoast-schema-graph\">{\"@context\":\"https:\\\/\\\/schema.org\",\"@graph\":[{\"@type\":\"WebPage\",\"@id\":\"https:\\\/\\\/lycee.ca\\\/privacy-policy\\\/\",\"url\":\"https:\\\/\\\/lycee.ca\\\/privacy-policy\\\/\",\"name\":\"Privacy Policy - Lyc\u00e9e international de Calgary | French Preschool to Grade 12\",\"isPartOf\":{\"@id\":\"https:\\\/\\\/lycee.ca\\\/#website\"},\"datePublished\":\"2025-11-21T13:48:11+00:00\",\"dateModified\":\"2026-02-04T06:17:25+00:00\",\"description\":\"Review the privacy policy of Lyc\u00e9e International de Calgary and learn how personal information is protected.\",\"breadcrumb\":{\"@id\":\"https:\\\/\\\/lycee.ca\\\/privacy-policy\\\/#breadcrumb\"},\"inLanguage\":\"fr-FR\",\"potentialAction\":[{\"@type\":\"ReadAction\",\"target\":[\"https:\\\/\\\/lycee.ca\\\/privacy-policy\\\/\"]}]},{\"@type\":\"BreadcrumbList\",\"@id\":\"https:\\\/\\\/lycee.ca\\\/privacy-policy\\\/#breadcrumb\",\"itemListElement\":[{\"@type\":\"ListItem\",\"position\":1,\"name\":\"Home\",\"item\":\"https:\\\/\\\/lycee.ca\\\/\"},{\"@type\":\"ListItem\",\"position\":2,\"name\":\"Privacy Policy\"}]},{\"@type\":\"WebSite\",\"@id\":\"https:\\\/\\\/lycee.ca\\\/#website\",\"url\":\"https:\\\/\\\/lycee.ca\\\/\",\"name\":\"Lyc\u00e9e international de Calgary | French Preschool to Grade 12\",\"description\":\"Calgary Private French School located in SW Altadore. Lyc\u00e9e offers full-day preschool, no prior french needed, small class sizes, and international study.\",\"publisher\":{\"@id\":\"https:\\\/\\\/lycee.ca\\\/#organization\"},\"potentialAction\":[{\"@type\":\"SearchAction\",\"target\":{\"@type\":\"EntryPoint\",\"urlTemplate\":\"https:\\\/\\\/lycee.ca\\\/?s={search_term_string}\"},\"query-input\":{\"@type\":\"PropertyValueSpecification\",\"valueRequired\":true,\"valueName\":\"search_term_string\"}}],\"inLanguage\":\"fr-FR\"},{\"@type\":\"Organization\",\"@id\":\"https:\\\/\\\/lycee.ca\\\/#organization\",\"name\":\"Lyc\u00e9e international de Calgary | French Preschool to Grade 12\",\"url\":\"https:\\\/\\\/lycee.ca\\\/\",\"logo\":{\"@type\":\"ImageObject\",\"inLanguage\":\"fr-FR\",\"@id\":\"https:\\\/\\\/lycee.ca\\\/#\\\/schema\\\/logo\\\/image\\\/\",\"url\":\"https:\\\/\\\/lycee.ca\\\/wp-content\\\/uploads\\\/2025\\\/09\\\/logo_lycee.svg\",\"contentUrl\":\"https:\\\/\\\/lycee.ca\\\/wp-content\\\/uploads\\\/2025\\\/09\\\/logo_lycee.svg\",\"width\":850,\"height\":385,\"caption\":\"Lyc\u00e9e international de Calgary | French Preschool to Grade 12\"},\"image\":{\"@id\":\"https:\\\/\\\/lycee.ca\\\/#\\\/schema\\\/logo\\\/image\\\/\"},\"sameAs\":[\"https:\\\/\\\/www.facebook.com\\\/lyceecalgary\",\"https:\\\/\\\/www.instagram.com\\\/lyceecalgary\\\/\"]}]}<\/script>\n<!-- \/ Yoast SEO plugin. -->","yoast_head_json":{"title":"Politique de confidentialit\u00e9 - Lyc\u00e9e international de Calgary | Fran\u00e7ais de la maternelle \u00e0 la terminale","description":"Consultez la politique de confidentialit\u00e9 du Lyc\u00e9e International de Calgary et d\u00e9couvrez comment les informations personnelles sont prot\u00e9g\u00e9es.","robots":{"index":"index","follow":"follow","max-snippet":"max-snippet:-1","max-image-preview":"max-image-preview:large","max-video-preview":"max-video-preview:-1"},"canonical":"https:\/\/lycee.ca\/fr\/politique-de-confidentialite\/","og_locale":"fr_FR","og_type":"article","og_title":"Privacy Policy - Lyc\u00e9e international de Calgary | French Preschool to Grade 12","og_description":"Review the privacy policy of Lyc\u00e9e International de Calgary and learn how personal information is protected.","og_url":"https:\/\/lycee.ca\/fr\/politique-de-confidentialite\/","og_site_name":"Lyc\u00e9e international de Calgary | French Preschool to Grade 12","article_publisher":"https:\/\/www.facebook.com\/lyceecalgary","article_modified_time":"2026-02-04T06:17:25+00:00","twitter_card":"summary_large_image","twitter_misc":{"Dur\u00e9e de lecture estim\u00e9e":"4 minutes"},"schema":{"@context":"https:\/\/schema.org","@graph":[{"@type":"WebPage","@id":"https:\/\/lycee.ca\/privacy-policy\/","url":"https:\/\/lycee.ca\/privacy-policy\/","name":"Politique de confidentialit\u00e9 - Lyc\u00e9e international de Calgary | Fran\u00e7ais de la maternelle \u00e0 la terminale","isPartOf":{"@id":"https:\/\/lycee.ca\/#website"},"datePublished":"2025-11-21T13:48:11+00:00","dateModified":"2026-02-04T06:17:25+00:00","description":"Consultez la politique de confidentialit\u00e9 du Lyc\u00e9e International de Calgary et d\u00e9couvrez comment les informations personnelles sont prot\u00e9g\u00e9es.","breadcrumb":{"@id":"https:\/\/lycee.ca\/privacy-policy\/#breadcrumb"},"inLanguage":"fr-FR","potentialAction":[{"@type":"ReadAction","target":["https:\/\/lycee.ca\/privacy-policy\/"]}]},{"@type":"BreadcrumbList","@id":"https:\/\/lycee.ca\/privacy-policy\/#breadcrumb","itemListElement":[{"@type":"ListItem","position":1,"name":"Home","item":"https:\/\/lycee.ca\/"},{"@type":"ListItem","position":2,"name":"Privacy Policy"}]},{"@type":"WebSite","@id":"https:\/\/lycee.ca\/#website","url":"https:\/\/lycee.ca\/","name":"Lyc\u00e9e international de Calgary | Fran\u00e7ais de la maternelle \u00e0 la terminale","description":"\u00c9cole priv\u00e9e de fran\u00e7ais de Calgary situ\u00e9e dans le quartier SW Altadore. Le Lyc\u00e9e propose une \u00e9cole maternelle \u00e0 temps plein, sans besoin de connaissances pr\u00e9alables en fran\u00e7ais, avec des classes de petite taille et des \u00e9tudes internationales.","publisher":{"@id":"https:\/\/lycee.ca\/#organization"},"potentialAction":[{"@type":"SearchAction","target":{"@type":"EntryPoint","urlTemplate":"https:\/\/lycee.ca\/?s={search_term_string}"},"query-input":{"@type":"PropertyValueSpecification","valueRequired":true,"valueName":"search_term_string"}}],"inLanguage":"fr-FR"},{"@type":"Organization","@id":"https:\/\/lycee.ca\/#organization","name":"Lyc\u00e9e international de Calgary | Fran\u00e7ais de la maternelle \u00e0 la terminale","url":"https:\/\/lycee.ca\/","logo":{"@type":"ImageObject","inLanguage":"fr-FR","@id":"https:\/\/lycee.ca\/#\/schema\/logo\/image\/","url":"https:\/\/lycee.ca\/wp-content\/uploads\/2025\/09\/logo_lycee.svg","contentUrl":"https:\/\/lycee.ca\/wp-content\/uploads\/2025\/09\/logo_lycee.svg","width":850,"height":385,"caption":"Lyc\u00e9e international de Calgary | French Preschool to Grade 12"},"image":{"@id":"https:\/\/lycee.ca\/#\/schema\/logo\/image\/"},"sameAs":["https:\/\/www.facebook.com\/lyceecalgary","https:\/\/www.instagram.com\/lyceecalgary\/"]}]}},"_links":{"self":[{"href":"https:\/\/lycee.ca\/fr\/wp-json\/wp\/v2\/pages\/930","targetHints":{"allow":["GET"]}}],"collection":[{"href":"https:\/\/lycee.ca\/fr\/wp-json\/wp\/v2\/pages"}],"about":[{"href":"https:\/\/lycee.ca\/fr\/wp-json\/wp\/v2\/types\/page"}],"author":[{"embeddable":true,"href":"https:\/\/lycee.ca\/fr\/wp-json\/wp\/v2\/users\/1"}],"replies":[{"embeddable":true,"href":"https:\/\/lycee.ca\/fr\/wp-json\/wp\/v2\/comments?post=930"}],"version-history":[{"count":0,"href":"https:\/\/lycee.ca\/fr\/wp-json\/wp\/v2\/pages\/930\/revisions"}],"wp:attachment":[{"href":"https:\/\/lycee.ca\/fr\/wp-json\/wp\/v2\/media?parent=930"}],"curies":[{"name":"wp","href":"https:\/\/api.w.org\/{rel}","templated":true}]}}