{"id":843,"date":"2025-11-21T03:23:24","date_gmt":"2025-11-21T03:23:24","guid":{"rendered":"https:\/\/lycee.ca\/?page_id=843"},"modified":"2026-02-03T18:58:32","modified_gmt":"2026-02-04T01:58:32","slug":"elementaire","status":"publish","type":"page","link":"https:\/\/lycee.ca\/fr\/academic-program\/elementary\/","title":{"rendered":"\u00c9l\u00e9mentaire (CP au CM2)"},"content":{"rendered":"\t\t<div data-elementor-type=\"wp-page\" data-elementor-id=\"843\" class=\"elementor elementor-843\" data-elementor-post-type=\"page\">\n\t\t\t\t<div class=\"elementor-element elementor-element-e0f7481 e-flex e-con-boxed e-con e-parent\" data-id=\"e0f7481\" data-element_type=\"container\" data-e-type=\"container\" data-settings=\"{&quot;jet_parallax_layout_list&quot;:[]}\">\n\t\t\t\t\t<div class=\"e-con-inner\">\n\t\t\t\t<div class=\"elementor-element elementor-element-5f4aade elementor-widget elementor-widget-heading\" data-id=\"5f4aade\" data-element_type=\"widget\" data-e-type=\"widget\" data-widget_type=\"heading.default\">\n\t\t\t\t\t<p class=\"elementor-heading-title elementor-size-default\">Our elementary school program spans Grades 1 through 5, called CP, or Cours Pr\u00e9paratoire to CM2, or Cours Moyen 2 in the French system. This stage is where students solidify foundational literacy and numeracy skills while becoming truly comfortable and competent in our demanding dual-curriculum environment.\n<\/p>\t\t\t\t<\/div>\n\t\t\t\t\t<\/div>\n\t\t\t\t<\/div>\n\t\t<div class=\"elementor-element elementor-element-f61759a e-flex e-con-boxed e-con e-parent\" data-id=\"f61759a\" data-element_type=\"container\" data-e-type=\"container\" data-settings=\"{&quot;jet_parallax_layout_list&quot;:[]}\">\n\t\t\t\t\t<div class=\"e-con-inner\">\n\t\t<div class=\"elementor-element elementor-element-8d01a00 e-con-full e-flex e-con e-child\" data-id=\"8d01a00\" data-element_type=\"container\" data-e-type=\"container\" data-settings=\"{&quot;jet_parallax_layout_list&quot;:[]}\">\n\t\t\t\t<div class=\"elementor-element elementor-element-5fc76a4 elementor-widget elementor-widget-heading\" data-id=\"5fc76a4\" data-element_type=\"widget\" data-e-type=\"widget\" data-widget_type=\"heading.default\">\n\t\t\t\t\t<h2 class=\"elementor-heading-title elementor-size-default\">Dual Curriculum<\/h2>\t\t\t\t<\/div>\n\t\t\t\t<div class=\"elementor-element elementor-element-227fbfe elementor-widget elementor-widget-text-editor\" data-id=\"227fbfe\" data-element_type=\"widget\" data-e-type=\"widget\" data-widget_type=\"text-editor.default\">\n\t\t\t\t\t\t\t\t\t<p><span style=\"font-weight: 400;\">The academic structure is purposefully designed to prioritize the rigor of the French system while seamlessly integrating core Canadian subjects.<\/span><\/p><ul><li style=\"font-weight: 400;\" aria-level=\"1\"><b>French Core<\/b><span style=\"font-weight: 400;\">: The large majority of the school day is dedicated to the curriculum from the French Ministry of Education, covering core subjects like, <\/span><i><span style=\"font-weight: 400;\">Langage, G\u00e9ographie, Math\u00e9matiques<\/span><\/i><span style=\"font-weight: 400;\">, <\/span><i><span style=\"font-weight: 400;\">Dict\u00e9e<\/span><\/i><span style=\"font-weight: 400;\">, <\/span><i><span style=\"font-weight: 400;\">Sciences et technologie<\/span><\/i><span style=\"font-weight: 400;\">, and <\/span><i><span style=\"font-weight: 400;\">Histoire<\/span><\/i><span style=\"font-weight: 400;\">. This instruction is led by a dedicated, French-certified teacher in their respective classroom.<\/span><\/li><li style=\"font-weight: 400;\" aria-level=\"1\"><b>Canadian Integration<\/b><span style=\"font-weight: 400;\">: English, Social Studies and Art are taught in English by a dedicated and provincially certified teacher.\u00a0<\/span><\/li><li style=\"font-weight: 400;\" aria-level=\"1\"><b>Enrichment:<\/b><span style=\"font-weight: 400;\"> Specialist teachers in technology, art and music are formally added to the curriculum at this level, further enriching the students&#8217; educational experience with dedicated teachers for all three subjects.<\/span><\/li><li style=\"font-weight: 400;\" aria-level=\"1\"><b>Overnight field trips:<\/b> <span style=\"font-weight: 400;\">Fostering the development of autonomy and curiosity in a safe and well organized environment, overnight field trips begin in grade 3 until grade 5, with a 1 night trip to Drumheller for a full week in Montreal.<\/span><\/li><\/ul>\t\t\t\t\t\t\t\t<\/div>\n\t\t\t\t<\/div>\n\t\t<div class=\"elementor-element elementor-element-c508ee2 e-con-full e-flex e-con e-child\" data-id=\"c508ee2\" data-element_type=\"container\" data-e-type=\"container\" data-settings=\"{&quot;jet_parallax_layout_list&quot;:[]}\">\n\t\t\t\t<div class=\"elementor-element elementor-element-447ba4e elementor-invisible elementor-widget elementor-widget-image\" data-id=\"447ba4e\" data-element_type=\"widget\" data-e-type=\"widget\" data-settings=\"{&quot;motion_fx_motion_fx_scrolling&quot;:&quot;yes&quot;,&quot;motion_fx_translateY_effect&quot;:&quot;yes&quot;,&quot;motion_fx_translateY_speed&quot;:{&quot;unit&quot;:&quot;px&quot;,&quot;size&quot;:2,&quot;sizes&quot;:[]},&quot;_animation&quot;:&quot;fadeInRight&quot;,&quot;motion_fx_translateY_affectedRange&quot;:{&quot;unit&quot;:&quot;%&quot;,&quot;size&quot;:&quot;&quot;,&quot;sizes&quot;:{&quot;start&quot;:0,&quot;end&quot;:100}},&quot;motion_fx_devices&quot;:[&quot;desktop&quot;,&quot;tablet&quot;,&quot;mobile&quot;]}\" data-widget_type=\"image.default\">\n\t\t\t\t\t\t\t\t\t\t\t\t\t\t\t<img fetchpriority=\"high\" decoding=\"async\" width=\"1024\" height=\"683\" src=\"https:\/\/lycee.ca\/wp-content\/uploads\/2025\/12\/cover_elementary_1-1024x683.webp\" class=\"attachment-large size-large wp-image-2180\" alt=\"\" srcset=\"https:\/\/lycee.ca\/wp-content\/uploads\/2025\/12\/cover_elementary_1-1024x683.webp 1024w, https:\/\/lycee.ca\/wp-content\/uploads\/2025\/12\/cover_elementary_1-300x200.webp 300w, https:\/\/lycee.ca\/wp-content\/uploads\/2025\/12\/cover_elementary_1-768x512.webp 768w, https:\/\/lycee.ca\/wp-content\/uploads\/2025\/12\/cover_elementary_1-1536x1024.webp 1536w, https:\/\/lycee.ca\/wp-content\/uploads\/2025\/12\/cover_elementary_1-600x400.webp 600w, https:\/\/lycee.ca\/wp-content\/uploads\/2025\/12\/cover_elementary_1.webp 1920w\" sizes=\"(max-width: 1024px) 100vw, 1024px\" \/>\t\t\t\t\t\t\t\t\t\t\t\t\t\t\t<\/div>\n\t\t\t\t<\/div>\n\t\t\t\t\t<\/div>\n\t\t\t\t<\/div>\n\t\t<div class=\"elementor-element elementor-element-815b1de e-flex e-con-boxed e-con e-parent\" data-id=\"815b1de\" data-element_type=\"container\" data-e-type=\"container\" data-settings=\"{&quot;jet_parallax_layout_list&quot;:[],&quot;background_background&quot;:&quot;classic&quot;}\">\n\t\t\t\t\t<div class=\"e-con-inner\">\n\t\t<div class=\"elementor-element elementor-element-9165d44 e-con-full e-flex e-con e-child\" data-id=\"9165d44\" data-element_type=\"container\" data-e-type=\"container\" data-settings=\"{&quot;jet_parallax_layout_list&quot;:[]}\">\n\t\t\t\t<div class=\"elementor-element elementor-element-b68ecd4 elementor-invisible elementor-widget elementor-widget-image\" data-id=\"b68ecd4\" data-element_type=\"widget\" data-e-type=\"widget\" data-settings=\"{&quot;motion_fx_motion_fx_scrolling&quot;:&quot;yes&quot;,&quot;motion_fx_translateY_effect&quot;:&quot;yes&quot;,&quot;motion_fx_translateY_speed&quot;:{&quot;unit&quot;:&quot;px&quot;,&quot;size&quot;:2,&quot;sizes&quot;:[]},&quot;_animation&quot;:&quot;fadeInLeft&quot;,&quot;motion_fx_translateY_affectedRange&quot;:{&quot;unit&quot;:&quot;%&quot;,&quot;size&quot;:&quot;&quot;,&quot;sizes&quot;:{&quot;start&quot;:0,&quot;end&quot;:100}},&quot;motion_fx_devices&quot;:[&quot;desktop&quot;,&quot;tablet&quot;,&quot;mobile&quot;]}\" data-widget_type=\"image.default\">\n\t\t\t\t\t\t\t\t\t\t\t\t\t\t\t<img decoding=\"async\" width=\"1024\" height=\"683\" src=\"https:\/\/lycee.ca\/wp-content\/uploads\/2025\/12\/cover_elementary_3-1024x683.webp\" class=\"attachment-large size-large wp-image-2183\" alt=\"\" srcset=\"https:\/\/lycee.ca\/wp-content\/uploads\/2025\/12\/cover_elementary_3-1024x683.webp 1024w, https:\/\/lycee.ca\/wp-content\/uploads\/2025\/12\/cover_elementary_3-300x200.webp 300w, https:\/\/lycee.ca\/wp-content\/uploads\/2025\/12\/cover_elementary_3-768x512.webp 768w, https:\/\/lycee.ca\/wp-content\/uploads\/2025\/12\/cover_elementary_3-1536x1024.webp 1536w, https:\/\/lycee.ca\/wp-content\/uploads\/2025\/12\/cover_elementary_3-600x400.webp 600w, https:\/\/lycee.ca\/wp-content\/uploads\/2025\/12\/cover_elementary_3.webp 1920w\" sizes=\"(max-width: 1024px) 100vw, 1024px\" \/>\t\t\t\t\t\t\t\t\t\t\t\t\t\t\t<\/div>\n\t\t\t\t<\/div>\n\t\t<div class=\"elementor-element elementor-element-7279f4a e-con-full e-flex e-con e-child\" data-id=\"7279f4a\" data-element_type=\"container\" data-e-type=\"container\" data-settings=\"{&quot;jet_parallax_layout_list&quot;:[]}\">\n\t\t\t\t<div class=\"elementor-element elementor-element-34a777e elementor-widget elementor-widget-heading\" data-id=\"34a777e\" data-element_type=\"widget\" data-e-type=\"widget\" data-widget_type=\"heading.default\">\n\t\t\t\t\t<h2 class=\"elementor-heading-title elementor-size-default\">Focused Learning Environment\n<\/h2>\t\t\t\t<\/div>\n\t\t\t\t<div class=\"elementor-element elementor-element-19ec96b elementor-widget elementor-widget-text-editor\" data-id=\"19ec96b\" data-element_type=\"widget\" data-e-type=\"widget\" data-widget_type=\"text-editor.default\">\n\t\t\t\t\t\t\t\t\t<p><span style=\"font-weight: 400;\">We prioritize an environment conducive to dual-language instruction and personalized development:<\/span><\/p><ul><li style=\"font-weight: 400;\" aria-level=\"1\"><span style=\"font-weight: 400;\">To maximize individualized attention during this crucial foundational stage, classes are intentionally kept to fewer than 20 students per class until CE2 (grade 3).<\/span><\/li><li style=\"font-weight: 400;\" aria-level=\"1\"><span style=\"font-weight: 400;\">Students benefit from having a single, dedicated French-certified teacher for their core subjects, ensuring consistency and strong student-teacher relationships.<\/span><\/li><\/ul><p><span style=\"font-weight: 400;\">This structure allows us to build deep competence in both languages and academic domains, preparing every student for the advanced learning ahead.<\/span><\/p>\t\t\t\t\t\t\t\t<\/div>\n\t\t\t\t<\/div>\n\t\t\t\t\t<\/div>\n\t\t\t\t<\/div>\n\t\t\t\t<\/div>\n\t\t","protected":false},"excerpt":{"rendered":"<p>Our elementary school program spans Grades 1 through 5, called CP, or Cours Pr\u00e9paratoire to CM2, or Cours Moyen 2 in the French system. This stage is where students solidify foundational literacy and numeracy skills while becoming truly comfortable and competent in our demanding dual-curriculum environment. Dual Curriculum The academic structure is purposefully designed to [&hellip;]<\/p>\n","protected":false},"author":1,"featured_media":3140,"parent":837,"menu_order":3,"comment_status":"closed","ping_status":"closed","template":"","meta":{"footnotes":""},"class_list":["post-843","page","type-page","status-publish","has-post-thumbnail","hentry"],"yoast_head":"<!-- This site is optimized with the Yoast SEO plugin v27.4 - https:\/\/yoast.com\/product\/yoast-seo-wordpress\/ -->\n<title>Elementary School in Calgary | Bilingual Program at Lyc\u00e9e International de Calgary<\/title>\n<meta name=\"description\" content=\"Discover the bilingual Elementary program (Grades 1\u20135) at the Lyc\u00e9e International de Calgary \u2014 combining French and Alberta curricula for global academic excellence.\" \/>\n<meta name=\"robots\" content=\"index, follow, max-snippet:-1, max-image-preview:large, max-video-preview:-1\" \/>\n<link rel=\"canonical\" href=\"https:\/\/lycee.ca\/fr\/programme-academique\/elementaire\/\" \/>\n<meta property=\"og:locale\" content=\"fr_FR\" \/>\n<meta property=\"og:type\" content=\"article\" \/>\n<meta property=\"og:title\" content=\"Elementary School in Calgary | Bilingual Program at Lyc\u00e9e International de Calgary\" \/>\n<meta property=\"og:description\" content=\"Discover the bilingual Elementary program (Grades 1\u20135) at the Lyc\u00e9e International de Calgary \u2014 combining French and Alberta curricula for global academic excellence.\" \/>\n<meta property=\"og:url\" content=\"https:\/\/lycee.ca\/fr\/programme-academique\/elementaire\/\" \/>\n<meta property=\"og:site_name\" content=\"Lyc\u00e9e international de Calgary | French Preschool to Grade 12\" \/>\n<meta property=\"article:publisher\" content=\"https:\/\/www.facebook.com\/lyceecalgary\" \/>\n<meta property=\"article:modified_time\" content=\"2026-02-04T01:58:32+00:00\" \/>\n<meta property=\"og:image\" content=\"https:\/\/lycee.ca\/wp-content\/uploads\/2026\/02\/cover_elementaire_9.webp\" \/>\n\t<meta property=\"og:image:width\" content=\"1920\" \/>\n\t<meta property=\"og:image:height\" content=\"1280\" \/>\n\t<meta property=\"og:image:type\" content=\"image\/webp\" \/>\n<meta name=\"twitter:card\" content=\"summary_large_image\" \/>\n<meta name=\"twitter:label1\" content=\"Dur\u00e9e de lecture estim\u00e9e\" \/>\n\t<meta name=\"twitter:data1\" content=\"2 minutes\" \/>\n<script type=\"application\/ld+json\" class=\"yoast-schema-graph\">{\"@context\":\"https:\\\/\\\/schema.org\",\"@graph\":[{\"@type\":\"WebPage\",\"@id\":\"https:\\\/\\\/lycee.ca\\\/academic-program\\\/elementary\\\/\",\"url\":\"https:\\\/\\\/lycee.ca\\\/academic-program\\\/elementary\\\/\",\"name\":\"Elementary School in Calgary | Bilingual Program at Lyc\u00e9e International de Calgary\",\"isPartOf\":{\"@id\":\"https:\\\/\\\/lycee.ca\\\/#website\"},\"primaryImageOfPage\":{\"@id\":\"https:\\\/\\\/lycee.ca\\\/academic-program\\\/elementary\\\/#primaryimage\"},\"image\":{\"@id\":\"https:\\\/\\\/lycee.ca\\\/academic-program\\\/elementary\\\/#primaryimage\"},\"thumbnailUrl\":\"https:\\\/\\\/lycee.ca\\\/wp-content\\\/uploads\\\/2026\\\/02\\\/cover_elementaire_9.webp\",\"datePublished\":\"2025-11-21T03:23:24+00:00\",\"dateModified\":\"2026-02-04T01:58:32+00:00\",\"description\":\"Discover the bilingual Elementary program (Grades 1\u20135) at the Lyc\u00e9e International de Calgary \u2014 combining French and Alberta curricula for global academic excellence.\",\"breadcrumb\":{\"@id\":\"https:\\\/\\\/lycee.ca\\\/academic-program\\\/elementary\\\/#breadcrumb\"},\"inLanguage\":\"fr-FR\",\"potentialAction\":[{\"@type\":\"ReadAction\",\"target\":[\"https:\\\/\\\/lycee.ca\\\/academic-program\\\/elementary\\\/\"]}]},{\"@type\":\"ImageObject\",\"inLanguage\":\"fr-FR\",\"@id\":\"https:\\\/\\\/lycee.ca\\\/academic-program\\\/elementary\\\/#primaryimage\",\"url\":\"https:\\\/\\\/lycee.ca\\\/wp-content\\\/uploads\\\/2026\\\/02\\\/cover_elementaire_9.webp\",\"contentUrl\":\"https:\\\/\\\/lycee.ca\\\/wp-content\\\/uploads\\\/2026\\\/02\\\/cover_elementaire_9.webp\",\"width\":1920,\"height\":1280},{\"@type\":\"BreadcrumbList\",\"@id\":\"https:\\\/\\\/lycee.ca\\\/academic-program\\\/elementary\\\/#breadcrumb\",\"itemListElement\":[{\"@type\":\"ListItem\",\"position\":1,\"name\":\"Home\",\"item\":\"https:\\\/\\\/lycee.ca\\\/\"},{\"@type\":\"ListItem\",\"position\":2,\"name\":\"Academic Program\",\"item\":\"https:\\\/\\\/lycee.ca\\\/academic-program\\\/\"},{\"@type\":\"ListItem\",\"position\":3,\"name\":\"Elementary (Gr 1-5)\"}]},{\"@type\":\"WebSite\",\"@id\":\"https:\\\/\\\/lycee.ca\\\/#website\",\"url\":\"https:\\\/\\\/lycee.ca\\\/\",\"name\":\"Lyc\u00e9e international de Calgary | French Preschool to Grade 12\",\"description\":\"Calgary Private French School located in SW Altadore. Lyc\u00e9e offers full-day preschool, no prior french needed, small class sizes, and international study.\",\"publisher\":{\"@id\":\"https:\\\/\\\/lycee.ca\\\/#organization\"},\"potentialAction\":[{\"@type\":\"SearchAction\",\"target\":{\"@type\":\"EntryPoint\",\"urlTemplate\":\"https:\\\/\\\/lycee.ca\\\/?s={search_term_string}\"},\"query-input\":{\"@type\":\"PropertyValueSpecification\",\"valueRequired\":true,\"valueName\":\"search_term_string\"}}],\"inLanguage\":\"fr-FR\"},{\"@type\":\"Organization\",\"@id\":\"https:\\\/\\\/lycee.ca\\\/#organization\",\"name\":\"Lyc\u00e9e international de Calgary | French Preschool to Grade 12\",\"url\":\"https:\\\/\\\/lycee.ca\\\/\",\"logo\":{\"@type\":\"ImageObject\",\"inLanguage\":\"fr-FR\",\"@id\":\"https:\\\/\\\/lycee.ca\\\/#\\\/schema\\\/logo\\\/image\\\/\",\"url\":\"https:\\\/\\\/lycee.ca\\\/wp-content\\\/uploads\\\/2025\\\/09\\\/logo_lycee.svg\",\"contentUrl\":\"https:\\\/\\\/lycee.ca\\\/wp-content\\\/uploads\\\/2025\\\/09\\\/logo_lycee.svg\",\"width\":850,\"height\":385,\"caption\":\"Lyc\u00e9e international de Calgary | French Preschool to Grade 12\"},\"image\":{\"@id\":\"https:\\\/\\\/lycee.ca\\\/#\\\/schema\\\/logo\\\/image\\\/\"},\"sameAs\":[\"https:\\\/\\\/www.facebook.com\\\/lyceecalgary\",\"https:\\\/\\\/www.instagram.com\\\/lyceecalgary\\\/\"]}]}<\/script>\n<!-- \/ Yoast SEO plugin. -->","yoast_head_json":{"title":"\u00c9cole primaire \u00e0 Calgary | Programme bilingue au Lyc\u00e9e International de Calgary","description":"D\u00e9couvrez le programme bilingue de l'\u00e9cole \u00e9l\u00e9mentaire (de la 1\u00e8re \u00e0 la 5\u00e8me ann\u00e9e) du Lyc\u00e9e International de Calgary, qui combine les programmes scolaires de France et d'Alberta pour une excellence acad\u00e9mique globale.","robots":{"index":"index","follow":"follow","max-snippet":"max-snippet:-1","max-image-preview":"max-image-preview:large","max-video-preview":"max-video-preview:-1"},"canonical":"https:\/\/lycee.ca\/fr\/programme-academique\/elementaire\/","og_locale":"fr_FR","og_type":"article","og_title":"Elementary School in Calgary | Bilingual Program at Lyc\u00e9e International de Calgary","og_description":"Discover the bilingual Elementary program (Grades 1\u20135) at the Lyc\u00e9e International de Calgary \u2014 combining French and Alberta curricula for global academic excellence.","og_url":"https:\/\/lycee.ca\/fr\/programme-academique\/elementaire\/","og_site_name":"Lyc\u00e9e international de Calgary | French Preschool to Grade 12","article_publisher":"https:\/\/www.facebook.com\/lyceecalgary","article_modified_time":"2026-02-04T01:58:32+00:00","og_image":[{"width":1920,"height":1280,"url":"https:\/\/lycee.ca\/wp-content\/uploads\/2026\/02\/cover_elementaire_9.webp","type":"image\/webp"}],"twitter_card":"summary_large_image","twitter_misc":{"Dur\u00e9e de lecture estim\u00e9e":"2 minutes"},"schema":{"@context":"https:\/\/schema.org","@graph":[{"@type":"WebPage","@id":"https:\/\/lycee.ca\/academic-program\/elementary\/","url":"https:\/\/lycee.ca\/academic-program\/elementary\/","name":"\u00c9cole primaire \u00e0 Calgary | Programme bilingue au Lyc\u00e9e International de Calgary","isPartOf":{"@id":"https:\/\/lycee.ca\/#website"},"primaryImageOfPage":{"@id":"https:\/\/lycee.ca\/academic-program\/elementary\/#primaryimage"},"image":{"@id":"https:\/\/lycee.ca\/academic-program\/elementary\/#primaryimage"},"thumbnailUrl":"https:\/\/lycee.ca\/wp-content\/uploads\/2026\/02\/cover_elementaire_9.webp","datePublished":"2025-11-21T03:23:24+00:00","dateModified":"2026-02-04T01:58:32+00:00","description":"D\u00e9couvrez le programme bilingue de l'\u00e9cole \u00e9l\u00e9mentaire (de la 1\u00e8re \u00e0 la 5\u00e8me ann\u00e9e) du Lyc\u00e9e International de Calgary, qui combine les programmes scolaires de France et d'Alberta pour une excellence acad\u00e9mique globale.","breadcrumb":{"@id":"https:\/\/lycee.ca\/academic-program\/elementary\/#breadcrumb"},"inLanguage":"fr-FR","potentialAction":[{"@type":"ReadAction","target":["https:\/\/lycee.ca\/academic-program\/elementary\/"]}]},{"@type":"ImageObject","inLanguage":"fr-FR","@id":"https:\/\/lycee.ca\/academic-program\/elementary\/#primaryimage","url":"https:\/\/lycee.ca\/wp-content\/uploads\/2026\/02\/cover_elementaire_9.webp","contentUrl":"https:\/\/lycee.ca\/wp-content\/uploads\/2026\/02\/cover_elementaire_9.webp","width":1920,"height":1280},{"@type":"BreadcrumbList","@id":"https:\/\/lycee.ca\/academic-program\/elementary\/#breadcrumb","itemListElement":[{"@type":"ListItem","position":1,"name":"Home","item":"https:\/\/lycee.ca\/"},{"@type":"ListItem","position":2,"name":"Academic Program","item":"https:\/\/lycee.ca\/academic-program\/"},{"@type":"ListItem","position":3,"name":"Elementary (Gr 1-5)"}]},{"@type":"WebSite","@id":"https:\/\/lycee.ca\/#website","url":"https:\/\/lycee.ca\/","name":"Lyc\u00e9e international de Calgary | Fran\u00e7ais de la maternelle \u00e0 la terminale","description":"\u00c9cole priv\u00e9e de fran\u00e7ais de Calgary situ\u00e9e dans le quartier SW Altadore. Le Lyc\u00e9e propose une \u00e9cole maternelle \u00e0 temps plein, sans besoin de connaissances pr\u00e9alables en fran\u00e7ais, avec des classes de petite taille et des \u00e9tudes internationales.","publisher":{"@id":"https:\/\/lycee.ca\/#organization"},"potentialAction":[{"@type":"SearchAction","target":{"@type":"EntryPoint","urlTemplate":"https:\/\/lycee.ca\/?s={search_term_string}"},"query-input":{"@type":"PropertyValueSpecification","valueRequired":true,"valueName":"search_term_string"}}],"inLanguage":"fr-FR"},{"@type":"Organization","@id":"https:\/\/lycee.ca\/#organization","name":"Lyc\u00e9e international de Calgary | Fran\u00e7ais de la maternelle \u00e0 la terminale","url":"https:\/\/lycee.ca\/","logo":{"@type":"ImageObject","inLanguage":"fr-FR","@id":"https:\/\/lycee.ca\/#\/schema\/logo\/image\/","url":"https:\/\/lycee.ca\/wp-content\/uploads\/2025\/09\/logo_lycee.svg","contentUrl":"https:\/\/lycee.ca\/wp-content\/uploads\/2025\/09\/logo_lycee.svg","width":850,"height":385,"caption":"Lyc\u00e9e international de Calgary | French Preschool to Grade 12"},"image":{"@id":"https:\/\/lycee.ca\/#\/schema\/logo\/image\/"},"sameAs":["https:\/\/www.facebook.com\/lyceecalgary","https:\/\/www.instagram.com\/lyceecalgary\/"]}]}},"_links":{"self":[{"href":"https:\/\/lycee.ca\/fr\/wp-json\/wp\/v2\/pages\/843","targetHints":{"allow":["GET"]}}],"collection":[{"href":"https:\/\/lycee.ca\/fr\/wp-json\/wp\/v2\/pages"}],"about":[{"href":"https:\/\/lycee.ca\/fr\/wp-json\/wp\/v2\/types\/page"}],"author":[{"embeddable":true,"href":"https:\/\/lycee.ca\/fr\/wp-json\/wp\/v2\/users\/1"}],"replies":[{"embeddable":true,"href":"https:\/\/lycee.ca\/fr\/wp-json\/wp\/v2\/comments?post=843"}],"version-history":[{"count":0,"href":"https:\/\/lycee.ca\/fr\/wp-json\/wp\/v2\/pages\/843\/revisions"}],"up":[{"embeddable":true,"href":"https:\/\/lycee.ca\/fr\/wp-json\/wp\/v2\/pages\/837"}],"wp:featuredmedia":[{"embeddable":true,"href":"https:\/\/lycee.ca\/fr\/wp-json\/wp\/v2\/media\/3140"}],"wp:attachment":[{"href":"https:\/\/lycee.ca\/fr\/wp-json\/wp\/v2\/media?parent=843"}],"curies":[{"name":"wp","href":"https:\/\/api.w.org\/{rel}","templated":true}]}}