{"id":839,"date":"2025-11-21T03:22:28","date_gmt":"2025-11-21T03:22:28","guid":{"rendered":"https:\/\/lycee.ca\/?page_id=839"},"modified":"2026-01-14T14:03:25","modified_gmt":"2026-01-14T21:03:25","slug":"prescolaire","status":"publish","type":"page","link":"https:\/\/lycee.ca\/fr\/academic-program\/preschool\/","title":{"rendered":"Petite et Moyenne Sections \u00e0 temps plein (3 et 4 ans)"},"content":{"rendered":"\t\t<div data-elementor-type=\"wp-page\" data-elementor-id=\"839\" class=\"elementor elementor-839\" data-elementor-post-type=\"page\">\n\t\t\t\t<div class=\"elementor-element elementor-element-6e07728 e-flex e-con-boxed e-con e-parent\" data-id=\"6e07728\" data-element_type=\"container\" data-e-type=\"container\" data-settings=\"{&quot;jet_parallax_layout_list&quot;:[]}\">\n\t\t\t\t\t<div class=\"e-con-inner\">\n\t\t\t\t<div class=\"elementor-element elementor-element-6a9b1d0 elementor-widget elementor-widget-heading\" data-id=\"6a9b1d0\" data-element_type=\"widget\" data-e-type=\"widget\" data-widget_type=\"heading.default\">\n\t\t\t\t\t<p class=\"elementor-heading-title elementor-size-default\">Our preschool program encompasses the foundational years of our early-years program called Maternelle. Petite Section, for three-year-olds, and Moyenne Section for four-year-olds, are dedicated to laying a strong groundwork for French language acquisition, social-emotional development, and early academic readiness.\n<\/p>\t\t\t\t<\/div>\n\t\t\t\t\t<\/div>\n\t\t\t\t<\/div>\n\t\t<div class=\"elementor-element elementor-element-db5e263 e-flex e-con-boxed e-con e-parent\" data-id=\"db5e263\" data-element_type=\"container\" data-e-type=\"container\" data-settings=\"{&quot;jet_parallax_layout_list&quot;:[]}\">\n\t\t\t\t\t<div class=\"e-con-inner\">\n\t\t<div class=\"elementor-element elementor-element-6a72403 e-con-full e-flex e-con e-child\" data-id=\"6a72403\" data-element_type=\"container\" data-e-type=\"container\" data-settings=\"{&quot;jet_parallax_layout_list&quot;:[]}\">\n\t\t\t\t<div class=\"elementor-element elementor-element-bd5d901 elementor-widget elementor-widget-heading\" data-id=\"bd5d901\" data-element_type=\"widget\" data-e-type=\"widget\" data-widget_type=\"heading.default\">\n\t\t\t\t\t<h2 class=\"elementor-heading-title elementor-size-default\">Play-Based Immersion <br>and Personalized Attention\n<\/h2>\t\t\t\t<\/div>\n\t\t\t\t<div class=\"elementor-element elementor-element-73d0274 elementor-widget elementor-widget-text-editor\" data-id=\"73d0274\" data-element_type=\"widget\" data-e-type=\"widget\" data-widget_type=\"text-editor.default\">\n\t\t\t\t\t\t\t\t\t<p><span style=\"font-weight: 400;\">The learning environment at this stage is built around play-based learning, allowing students to naturally develop foundational literacy and numeracy skills while fostering curiosity and social development.<\/span><\/p><ul><li style=\"font-weight: 400;\" aria-level=\"1\"><b>Focus on French<\/b><span style=\"font-weight: 400;\">: Language acquisition is the central focus, with almost all instruction delivered in French. This immersive environment allows students to naturally and comfortably integrate the French language into their daily routines and communication. Students also participate in 30 minutes of targeted English instruction daily.<\/span><\/li><\/ul>\t\t\t\t\t\t\t\t<\/div>\n\t\t\t\t<\/div>\n\t\t<div class=\"elementor-element elementor-element-353e597 e-con-full e-flex e-con e-child\" data-id=\"353e597\" data-element_type=\"container\" data-e-type=\"container\" data-settings=\"{&quot;jet_parallax_layout_list&quot;:[]}\">\n\t\t\t\t<div class=\"elementor-element elementor-element-87ae249 elementor-invisible elementor-widget elementor-widget-image\" data-id=\"87ae249\" data-element_type=\"widget\" data-e-type=\"widget\" data-settings=\"{&quot;motion_fx_motion_fx_scrolling&quot;:&quot;yes&quot;,&quot;motion_fx_translateY_effect&quot;:&quot;yes&quot;,&quot;motion_fx_translateY_speed&quot;:{&quot;unit&quot;:&quot;px&quot;,&quot;size&quot;:2,&quot;sizes&quot;:[]},&quot;_animation&quot;:&quot;fadeInRight&quot;,&quot;motion_fx_translateY_affectedRange&quot;:{&quot;unit&quot;:&quot;%&quot;,&quot;size&quot;:&quot;&quot;,&quot;sizes&quot;:{&quot;start&quot;:0,&quot;end&quot;:100}},&quot;motion_fx_devices&quot;:[&quot;desktop&quot;,&quot;tablet&quot;,&quot;mobile&quot;]}\" data-widget_type=\"image.default\">\n\t\t\t\t\t\t\t\t\t\t\t\t\t\t\t<img fetchpriority=\"high\" decoding=\"async\" width=\"1024\" height=\"683\" src=\"https:\/\/lycee.ca\/wp-content\/uploads\/2025\/12\/cover_preschool_3-1024x683.webp\" class=\"attachment-large size-large wp-image-2176\" alt=\"\" srcset=\"https:\/\/lycee.ca\/wp-content\/uploads\/2025\/12\/cover_preschool_3-1024x683.webp 1024w, https:\/\/lycee.ca\/wp-content\/uploads\/2025\/12\/cover_preschool_3-300x200.webp 300w, https:\/\/lycee.ca\/wp-content\/uploads\/2025\/12\/cover_preschool_3-768x512.webp 768w, https:\/\/lycee.ca\/wp-content\/uploads\/2025\/12\/cover_preschool_3-1536x1024.webp 1536w, https:\/\/lycee.ca\/wp-content\/uploads\/2025\/12\/cover_preschool_3-600x400.webp 600w, https:\/\/lycee.ca\/wp-content\/uploads\/2025\/12\/cover_preschool_3.webp 1920w\" sizes=\"(max-width: 1024px) 100vw, 1024px\" \/>\t\t\t\t\t\t\t\t\t\t\t\t\t\t\t<\/div>\n\t\t\t\t<\/div>\n\t\t\t\t\t<\/div>\n\t\t\t\t<\/div>\n\t\t<div class=\"elementor-element elementor-element-1fbe1e9 e-flex e-con-boxed e-con e-parent\" data-id=\"1fbe1e9\" data-element_type=\"container\" data-e-type=\"container\" data-settings=\"{&quot;jet_parallax_layout_list&quot;:[],&quot;background_background&quot;:&quot;classic&quot;}\">\n\t\t\t\t\t<div class=\"e-con-inner\">\n\t\t<div class=\"elementor-element elementor-element-b84886e e-con-full e-flex e-con e-child\" data-id=\"b84886e\" data-element_type=\"container\" data-e-type=\"container\" data-settings=\"{&quot;jet_parallax_layout_list&quot;:[]}\">\n\t\t\t\t<div class=\"elementor-element elementor-element-6c325f9 elementor-invisible elementor-widget elementor-widget-image\" data-id=\"6c325f9\" data-element_type=\"widget\" data-e-type=\"widget\" data-settings=\"{&quot;motion_fx_motion_fx_scrolling&quot;:&quot;yes&quot;,&quot;motion_fx_translateY_effect&quot;:&quot;yes&quot;,&quot;motion_fx_translateY_speed&quot;:{&quot;unit&quot;:&quot;px&quot;,&quot;size&quot;:2,&quot;sizes&quot;:[]},&quot;_animation&quot;:&quot;fadeInLeft&quot;,&quot;motion_fx_translateY_affectedRange&quot;:{&quot;unit&quot;:&quot;%&quot;,&quot;size&quot;:&quot;&quot;,&quot;sizes&quot;:{&quot;start&quot;:0,&quot;end&quot;:100}},&quot;motion_fx_devices&quot;:[&quot;desktop&quot;,&quot;tablet&quot;,&quot;mobile&quot;]}\" data-widget_type=\"image.default\">\n\t\t\t\t\t\t\t\t\t\t\t\t\t\t\t<img decoding=\"async\" width=\"1024\" height=\"626\" src=\"https:\/\/lycee.ca\/wp-content\/uploads\/2025\/12\/cover_kindergarden_1-1024x626.webp\" class=\"attachment-large size-large wp-image-2161\" alt=\"\" srcset=\"https:\/\/lycee.ca\/wp-content\/uploads\/2025\/12\/cover_kindergarden_1-1024x626.webp 1024w, https:\/\/lycee.ca\/wp-content\/uploads\/2025\/12\/cover_kindergarden_1-300x183.webp 300w, https:\/\/lycee.ca\/wp-content\/uploads\/2025\/12\/cover_kindergarden_1-768x469.webp 768w, https:\/\/lycee.ca\/wp-content\/uploads\/2025\/12\/cover_kindergarden_1-1536x938.webp 1536w, https:\/\/lycee.ca\/wp-content\/uploads\/2025\/12\/cover_kindergarden_1-600x367.webp 600w, https:\/\/lycee.ca\/wp-content\/uploads\/2025\/12\/cover_kindergarden_1.webp 1920w\" sizes=\"(max-width: 1024px) 100vw, 1024px\" \/>\t\t\t\t\t\t\t\t\t\t\t\t\t\t\t<\/div>\n\t\t\t\t<\/div>\n\t\t<div class=\"elementor-element elementor-element-eba1e47 e-con-full e-flex e-con e-child\" data-id=\"eba1e47\" data-element_type=\"container\" data-e-type=\"container\" data-settings=\"{&quot;jet_parallax_layout_list&quot;:[]}\">\n\t\t\t\t<div class=\"elementor-element elementor-element-268c414 elementor-widget elementor-widget-heading\" data-id=\"268c414\" data-element_type=\"widget\" data-e-type=\"widget\" data-widget_type=\"heading.default\">\n\t\t\t\t\t<h2 class=\"elementor-heading-title elementor-size-default\">Small Classes, Big Support\n<\/h2>\t\t\t\t<\/div>\n\t\t\t\t<div class=\"elementor-element elementor-element-6d148d4 elementor-widget elementor-widget-text-editor\" data-id=\"6d148d4\" data-element_type=\"widget\" data-e-type=\"widget\" data-widget_type=\"text-editor.default\">\n\t\t\t\t\t\t\t\t\t<p><span style=\"font-weight: 400;\">We ensure every child receives the care and attention necessary to thrive in an immersive environment.<\/span><\/p><ul><li style=\"font-weight: 400;\" aria-level=\"1\"><b>Capped Class Sizes<\/b><span style=\"font-weight: 400;\">: We maintain five classes of preschool, each strictly capped at 16 students.<\/span><\/li><li style=\"font-weight: 400;\" aria-level=\"1\"><b>Dual Supervision<\/b><span style=\"font-weight: 400;\">: Crucially, every preschool class is supported by both a certified French teacher and a dedicated educator. This ratio provides the personalized attention, emotional support, and language reinforcement essential for success in the early years.<\/span><\/li><\/ul>\t\t\t\t\t\t\t\t<\/div>\n\t\t\t\t<\/div>\n\t\t\t\t\t<\/div>\n\t\t\t\t<\/div>\n\t\t<div class=\"elementor-element elementor-element-cc7d250 e-flex e-con-boxed e-con e-parent\" data-id=\"cc7d250\" data-element_type=\"container\" data-e-type=\"container\" data-settings=\"{&quot;jet_parallax_layout_list&quot;:[]}\">\n\t\t\t\t\t<div class=\"e-con-inner\">\n\t\t<div class=\"elementor-element elementor-element-779e60e e-con-full e-flex e-con e-child\" data-id=\"779e60e\" data-element_type=\"container\" data-e-type=\"container\" data-settings=\"{&quot;background_background&quot;:&quot;classic&quot;,&quot;jet_parallax_layout_list&quot;:[]}\">\n\t\t<div class=\"elementor-element elementor-element-13dc8e7 e-con-full e-flex e-con e-child\" data-id=\"13dc8e7\" data-element_type=\"container\" data-e-type=\"container\" data-settings=\"{&quot;background_background&quot;:&quot;classic&quot;,&quot;jet_parallax_layout_list&quot;:[]}\">\n\t\t\t\t<\/div>\n\t\t<div class=\"elementor-element elementor-element-d549348 e-con-full e-flex e-con e-child\" data-id=\"d549348\" data-element_type=\"container\" data-e-type=\"container\" data-settings=\"{&quot;jet_parallax_layout_list&quot;:[]}\">\n\t\t\t\t<div class=\"elementor-element elementor-element-75d01f8 elementor-widget elementor-widget-heading\" data-id=\"75d01f8\" data-element_type=\"widget\" data-e-type=\"widget\" data-widget_type=\"heading.default\">\n\t\t\t\t\t<h2 class=\"elementor-heading-title elementor-size-default\">Good to know\n<\/h2>\t\t\t\t<\/div>\n\t\t\t\t<div class=\"elementor-element elementor-element-a409ef9 elementor-widget elementor-widget-text-editor\" data-id=\"a409ef9\" data-element_type=\"widget\" data-e-type=\"widget\" data-widget_type=\"text-editor.default\">\n\t\t\t\t\t\t\t\t\t<ul><li style=\"font-weight: 400;\" aria-level=\"1\"><span style=\"font-weight: 400;\">We require all students at the school to be potty trained,<\/span><\/li><li style=\"font-weight: 400;\" aria-level=\"1\"><span style=\"font-weight: 400;\">Students must turn three by December 31st of their first school year for petite section and four for moyenne section.<\/span><\/li><li style=\"font-weight: 400;\" aria-level=\"1\"><span style=\"font-weight: 400;\">\u00a0Petite Section and Moyenne Section classes are mixed classes with both age groups together.<\/span><\/li><\/ul>\t\t\t\t\t\t\t\t<\/div>\n\t\t\t\t<\/div>\n\t\t\t\t<\/div>\n\t\t\t\t\t<\/div>\n\t\t\t\t<\/div>\n\t\t\t\t<\/div>\n\t\t","protected":false},"excerpt":{"rendered":"<p>Our preschool program encompasses the foundational years of our early-years program called Maternelle. Petite Section, for three-year-olds, and Moyenne Section for four-year-olds, are dedicated to laying a strong groundwork for French language acquisition, social-emotional development, and early academic readiness. Play-Based Immersion and Personalized Attention The learning environment at this stage is built around play-based learning, [&hellip;]<\/p>\n","protected":false},"author":1,"featured_media":2174,"parent":837,"menu_order":1,"comment_status":"closed","ping_status":"closed","template":"","meta":{"footnotes":""},"class_list":["post-839","page","type-page","status-publish","has-post-thumbnail","hentry"],"yoast_head":"<!-- This site is optimized with the Yoast SEO plugin v27.2 - https:\/\/yoast.com\/product\/yoast-seo-wordpress\/ -->\n<title>Preschool in Calgary | Bilingual Early Learning at Lyc\u00e9e International de Calgary<\/title>\n<meta name=\"description\" content=\"Discover the bilingual preschool program at the Lyc\u00e9e International de Calgary \u2014 a joyful, play-based environment where children learn, grow, and explore in two languages.\" \/>\n<meta name=\"robots\" content=\"index, follow, max-snippet:-1, max-image-preview:large, max-video-preview:-1\" \/>\n<link rel=\"canonical\" href=\"https:\/\/lycee.ca\/fr\/programme-academique\/prescolaire\/\" \/>\n<meta property=\"og:locale\" content=\"fr_FR\" \/>\n<meta property=\"og:type\" content=\"article\" \/>\n<meta property=\"og:title\" content=\"Preschool in Calgary | Bilingual Early Learning at Lyc\u00e9e International de Calgary\" \/>\n<meta property=\"og:description\" content=\"Discover the bilingual preschool program at the Lyc\u00e9e International de Calgary \u2014 a joyful, play-based environment where children learn, grow, and explore in two languages.\" \/>\n<meta property=\"og:url\" content=\"https:\/\/lycee.ca\/fr\/programme-academique\/prescolaire\/\" \/>\n<meta property=\"og:site_name\" content=\"Lyc\u00e9e international de Calgary | French Preschool to Grade 12\" \/>\n<meta property=\"article:publisher\" content=\"https:\/\/www.facebook.com\/lyceecalgary\" \/>\n<meta property=\"article:modified_time\" content=\"2026-01-14T21:03:25+00:00\" \/>\n<meta property=\"og:image\" content=\"https:\/\/lycee.ca\/wp-content\/uploads\/2025\/12\/cover_preschool_1.webp\" \/>\n\t<meta property=\"og:image:width\" content=\"1920\" \/>\n\t<meta property=\"og:image:height\" content=\"1280\" \/>\n\t<meta property=\"og:image:type\" content=\"image\/webp\" \/>\n<meta name=\"twitter:card\" content=\"summary_large_image\" \/>\n<meta name=\"twitter:label1\" content=\"Dur\u00e9e de lecture estim\u00e9e\" \/>\n\t<meta name=\"twitter:data1\" content=\"2 minutes\" \/>\n<script type=\"application\/ld+json\" class=\"yoast-schema-graph\">{\"@context\":\"https:\/\/schema.org\",\"@graph\":[{\"@type\":\"WebPage\",\"@id\":\"https:\/\/lycee.ca\/academic-program\/preschool\/\",\"url\":\"https:\/\/lycee.ca\/academic-program\/preschool\/\",\"name\":\"Preschool in Calgary | Bilingual Early Learning at Lyc\u00e9e International de Calgary\",\"isPartOf\":{\"@id\":\"https:\/\/lycee.ca\/#website\"},\"primaryImageOfPage\":{\"@id\":\"https:\/\/lycee.ca\/academic-program\/preschool\/#primaryimage\"},\"image\":{\"@id\":\"https:\/\/lycee.ca\/academic-program\/preschool\/#primaryimage\"},\"thumbnailUrl\":\"https:\/\/lycee.ca\/wp-content\/uploads\/2025\/12\/cover_preschool_1.webp\",\"datePublished\":\"2025-11-21T03:22:28+00:00\",\"dateModified\":\"2026-01-14T21:03:25+00:00\",\"description\":\"Discover the bilingual preschool program at the Lyc\u00e9e International de Calgary \u2014 a joyful, play-based environment where children learn, grow, and explore in two languages.\",\"breadcrumb\":{\"@id\":\"https:\/\/lycee.ca\/academic-program\/preschool\/#breadcrumb\"},\"inLanguage\":\"fr-FR\",\"potentialAction\":[{\"@type\":\"ReadAction\",\"target\":[\"https:\/\/lycee.ca\/academic-program\/preschool\/\"]}]},{\"@type\":\"ImageObject\",\"inLanguage\":\"fr-FR\",\"@id\":\"https:\/\/lycee.ca\/academic-program\/preschool\/#primaryimage\",\"url\":\"https:\/\/lycee.ca\/wp-content\/uploads\/2025\/12\/cover_preschool_1.webp\",\"contentUrl\":\"https:\/\/lycee.ca\/wp-content\/uploads\/2025\/12\/cover_preschool_1.webp\",\"width\":1920,\"height\":1280},{\"@type\":\"BreadcrumbList\",\"@id\":\"https:\/\/lycee.ca\/academic-program\/preschool\/#breadcrumb\",\"itemListElement\":[{\"@type\":\"ListItem\",\"position\":1,\"name\":\"Home\",\"item\":\"https:\/\/lycee.ca\/\"},{\"@type\":\"ListItem\",\"position\":2,\"name\":\"Academic Program\",\"item\":\"https:\/\/lycee.ca\/academic-program\/\"},{\"@type\":\"ListItem\",\"position\":3,\"name\":\"Full-Day Preschool (3 and 4 year-olds)\"}]},{\"@type\":\"WebSite\",\"@id\":\"https:\/\/lycee.ca\/#website\",\"url\":\"https:\/\/lycee.ca\/\",\"name\":\"Lyc\u00e9e international de Calgary | French Preschool to Grade 12\",\"description\":\"Calgary Private French School located in SW Altadore. Lyc\u00e9e offers full-day preschool, no prior french needed, small class sizes, and international study.\",\"publisher\":{\"@id\":\"https:\/\/lycee.ca\/#organization\"},\"potentialAction\":[{\"@type\":\"SearchAction\",\"target\":{\"@type\":\"EntryPoint\",\"urlTemplate\":\"https:\/\/lycee.ca\/?s={search_term_string}\"},\"query-input\":{\"@type\":\"PropertyValueSpecification\",\"valueRequired\":true,\"valueName\":\"search_term_string\"}}],\"inLanguage\":\"fr-FR\"},{\"@type\":\"Organization\",\"@id\":\"https:\/\/lycee.ca\/#organization\",\"name\":\"Lyc\u00e9e international de Calgary | French Preschool to Grade 12\",\"url\":\"https:\/\/lycee.ca\/\",\"logo\":{\"@type\":\"ImageObject\",\"inLanguage\":\"fr-FR\",\"@id\":\"https:\/\/lycee.ca\/#\/schema\/logo\/image\/\",\"url\":\"https:\/\/lycee.ca\/wp-content\/uploads\/2025\/09\/logo_lycee.svg\",\"contentUrl\":\"https:\/\/lycee.ca\/wp-content\/uploads\/2025\/09\/logo_lycee.svg\",\"width\":850,\"height\":385,\"caption\":\"Lyc\u00e9e international de Calgary | French Preschool to Grade 12\"},\"image\":{\"@id\":\"https:\/\/lycee.ca\/#\/schema\/logo\/image\/\"},\"sameAs\":[\"https:\/\/www.facebook.com\/lyceecalgary\",\"https:\/\/www.instagram.com\/lyceecalgary\/\"]}]}<\/script>\n<!-- \/ Yoast SEO plugin. -->","yoast_head_json":{"title":"Preschool in Calgary | Apprentissage bilingue de la petite enfance au Lyc\u00e9e International de Calgary","description":"D\u00e9couvrez le programme pr\u00e9scolaire bilingue du Lyc\u00e9e International de Calgary - un environnement joyeux et ludique o\u00f9 les enfants apprennent, grandissent et explorent dans deux langues.","robots":{"index":"index","follow":"follow","max-snippet":"max-snippet:-1","max-image-preview":"max-image-preview:large","max-video-preview":"max-video-preview:-1"},"canonical":"https:\/\/lycee.ca\/fr\/programme-academique\/prescolaire\/","og_locale":"fr_FR","og_type":"article","og_title":"Preschool in Calgary | Bilingual Early Learning at Lyc\u00e9e International de Calgary","og_description":"Discover the bilingual preschool program at the Lyc\u00e9e International de Calgary \u2014 a joyful, play-based environment where children learn, grow, and explore in two languages.","og_url":"https:\/\/lycee.ca\/fr\/programme-academique\/prescolaire\/","og_site_name":"Lyc\u00e9e international de Calgary | French Preschool to Grade 12","article_publisher":"https:\/\/www.facebook.com\/lyceecalgary","article_modified_time":"2026-01-14T21:03:25+00:00","og_image":[{"width":1920,"height":1280,"url":"https:\/\/lycee.ca\/wp-content\/uploads\/2025\/12\/cover_preschool_1.webp","type":"image\/webp"}],"twitter_card":"summary_large_image","twitter_misc":{"Dur\u00e9e de lecture estim\u00e9e":"2 minutes"},"schema":{"@context":"https:\/\/schema.org","@graph":[{"@type":"WebPage","@id":"https:\/\/lycee.ca\/academic-program\/preschool\/","url":"https:\/\/lycee.ca\/academic-program\/preschool\/","name":"Preschool in Calgary | Apprentissage bilingue de la petite enfance au Lyc\u00e9e International de Calgary","isPartOf":{"@id":"https:\/\/lycee.ca\/#website"},"primaryImageOfPage":{"@id":"https:\/\/lycee.ca\/academic-program\/preschool\/#primaryimage"},"image":{"@id":"https:\/\/lycee.ca\/academic-program\/preschool\/#primaryimage"},"thumbnailUrl":"https:\/\/lycee.ca\/wp-content\/uploads\/2025\/12\/cover_preschool_1.webp","datePublished":"2025-11-21T03:22:28+00:00","dateModified":"2026-01-14T21:03:25+00:00","description":"D\u00e9couvrez le programme pr\u00e9scolaire bilingue du Lyc\u00e9e International de Calgary - un environnement joyeux et ludique o\u00f9 les enfants apprennent, grandissent et explorent dans deux langues.","breadcrumb":{"@id":"https:\/\/lycee.ca\/academic-program\/preschool\/#breadcrumb"},"inLanguage":"fr-FR","potentialAction":[{"@type":"ReadAction","target":["https:\/\/lycee.ca\/academic-program\/preschool\/"]}]},{"@type":"ImageObject","inLanguage":"fr-FR","@id":"https:\/\/lycee.ca\/academic-program\/preschool\/#primaryimage","url":"https:\/\/lycee.ca\/wp-content\/uploads\/2025\/12\/cover_preschool_1.webp","contentUrl":"https:\/\/lycee.ca\/wp-content\/uploads\/2025\/12\/cover_preschool_1.webp","width":1920,"height":1280},{"@type":"BreadcrumbList","@id":"https:\/\/lycee.ca\/academic-program\/preschool\/#breadcrumb","itemListElement":[{"@type":"ListItem","position":1,"name":"Home","item":"https:\/\/lycee.ca\/"},{"@type":"ListItem","position":2,"name":"Academic Program","item":"https:\/\/lycee.ca\/academic-program\/"},{"@type":"ListItem","position":3,"name":"Full-Day Preschool (3 and 4 year-olds)"}]},{"@type":"WebSite","@id":"https:\/\/lycee.ca\/#website","url":"https:\/\/lycee.ca\/","name":"Lyc\u00e9e international de Calgary | Fran\u00e7ais de la maternelle \u00e0 la terminale","description":"\u00c9cole priv\u00e9e de fran\u00e7ais de Calgary situ\u00e9e dans le quartier SW Altadore. Le Lyc\u00e9e propose une \u00e9cole maternelle \u00e0 temps plein, sans besoin de connaissances pr\u00e9alables en fran\u00e7ais, avec des classes de petite taille et des \u00e9tudes internationales.","publisher":{"@id":"https:\/\/lycee.ca\/#organization"},"potentialAction":[{"@type":"SearchAction","target":{"@type":"EntryPoint","urlTemplate":"https:\/\/lycee.ca\/?s={search_term_string}"},"query-input":{"@type":"PropertyValueSpecification","valueRequired":true,"valueName":"search_term_string"}}],"inLanguage":"fr-FR"},{"@type":"Organization","@id":"https:\/\/lycee.ca\/#organization","name":"Lyc\u00e9e international de Calgary | Fran\u00e7ais de la maternelle \u00e0 la terminale","url":"https:\/\/lycee.ca\/","logo":{"@type":"ImageObject","inLanguage":"fr-FR","@id":"https:\/\/lycee.ca\/#\/schema\/logo\/image\/","url":"https:\/\/lycee.ca\/wp-content\/uploads\/2025\/09\/logo_lycee.svg","contentUrl":"https:\/\/lycee.ca\/wp-content\/uploads\/2025\/09\/logo_lycee.svg","width":850,"height":385,"caption":"Lyc\u00e9e international de Calgary | French Preschool to Grade 12"},"image":{"@id":"https:\/\/lycee.ca\/#\/schema\/logo\/image\/"},"sameAs":["https:\/\/www.facebook.com\/lyceecalgary","https:\/\/www.instagram.com\/lyceecalgary\/"]}]}},"_links":{"self":[{"href":"https:\/\/lycee.ca\/fr\/wp-json\/wp\/v2\/pages\/839","targetHints":{"allow":["GET"]}}],"collection":[{"href":"https:\/\/lycee.ca\/fr\/wp-json\/wp\/v2\/pages"}],"about":[{"href":"https:\/\/lycee.ca\/fr\/wp-json\/wp\/v2\/types\/page"}],"author":[{"embeddable":true,"href":"https:\/\/lycee.ca\/fr\/wp-json\/wp\/v2\/users\/1"}],"replies":[{"embeddable":true,"href":"https:\/\/lycee.ca\/fr\/wp-json\/wp\/v2\/comments?post=839"}],"version-history":[{"count":0,"href":"https:\/\/lycee.ca\/fr\/wp-json\/wp\/v2\/pages\/839\/revisions"}],"up":[{"embeddable":true,"href":"https:\/\/lycee.ca\/fr\/wp-json\/wp\/v2\/pages\/837"}],"wp:featuredmedia":[{"embeddable":true,"href":"https:\/\/lycee.ca\/fr\/wp-json\/wp\/v2\/media\/2174"}],"wp:attachment":[{"href":"https:\/\/lycee.ca\/fr\/wp-json\/wp\/v2\/media?parent=839"}],"curies":[{"name":"wp","href":"https:\/\/api.w.org\/{rel}","templated":true}]}}