{"id":702,"date":"2025-11-20T14:56:26","date_gmt":"2025-11-20T14:56:26","guid":{"rendered":"https:\/\/lycee.ca\/?page_id=702"},"modified":"2026-02-03T22:23:36","modified_gmt":"2026-02-04T05:23:36","slug":"contact","status":"publish","type":"page","link":"https:\/\/lycee.ca\/fr\/contact\/","title":{"rendered":"Contact"},"content":{"rendered":"\t\t<div data-elementor-type=\"wp-page\" data-elementor-id=\"702\" class=\"elementor elementor-702\" data-elementor-post-type=\"page\">\n\t\t\t\t<div class=\"elementor-element elementor-element-22fe2ec e-flex e-con-boxed e-con e-parent\" data-id=\"22fe2ec\" data-element_type=\"container\" data-e-type=\"container\" data-settings=\"{&quot;jet_parallax_layout_list&quot;:[]}\">\n\t\t\t\t\t<div class=\"e-con-inner\">\n\t\t\t\t<div class=\"elementor-element elementor-element-674e388 elementor-widget elementor-widget-heading\" data-id=\"674e388\" data-element_type=\"widget\" data-e-type=\"widget\" data-widget_type=\"heading.default\">\n\t\t\t\t\t<p class=\"elementor-heading-title elementor-size-default\">Whether you are considering the school for your child or if you are a current student\u2019s family, please reach out. <\/p>\t\t\t\t<\/div>\n\t\t\t\t\t<\/div>\n\t\t\t\t<\/div>\n\t\t<div class=\"elementor-element elementor-element-e6b5065 e-flex e-con-boxed e-con e-parent\" data-id=\"e6b5065\" data-element_type=\"container\" data-e-type=\"container\" data-settings=\"{&quot;jet_parallax_layout_list&quot;:[],&quot;background_background&quot;:&quot;classic&quot;}\">\n\t\t\t\t\t<div class=\"e-con-inner\">\n\t\t<div class=\"elementor-element elementor-element-1a5ece4 e-con-full e-flex e-con e-child\" data-id=\"1a5ece4\" data-element_type=\"container\" data-e-type=\"container\" data-settings=\"{&quot;jet_parallax_layout_list&quot;:[]}\">\n\t\t\t\t<div class=\"elementor-element elementor-element-479f397 elementor-widget elementor-widget-heading\" data-id=\"479f397\" data-element_type=\"widget\" data-e-type=\"widget\" data-widget_type=\"heading.default\">\n\t\t\t\t\t<h2 class=\"elementor-heading-title elementor-size-default\">General inquiries\n<\/h2>\t\t\t\t<\/div>\n\t\t\t\t<div class=\"elementor-element elementor-element-a5003ff elementor-widget elementor-widget-text-editor\" data-id=\"a5003ff\" data-element_type=\"widget\" data-e-type=\"widget\" data-widget_type=\"text-editor.default\">\n\t\t\t\t\t\t\t\t\t<div class=\"vc_row wpb_row section vc_row-fluid vc_inner \"><div class=\" full_section_inner clearfix\"><div class=\"wpb_column vc_column_container vc_col-sm-6\"><div class=\"vc_column-inner\"><div class=\"wpb_wrapper\"><div class=\"wpb_text_column wpb_content_element \"><div class=\"wpb_wrapper\"><p>+1 (403) 243-5420<\/p><p>Lyc\u00e9e international de Calgary<br \/>4099 Garrison Blvd. SW<br \/>Calgary, Alberta, Canada<br \/>T2T 6G2<\/p><p><strong>Office hours:<br \/><\/strong>Monday \u2013 Friday 8:30 am to 4:30 p.m.\u00a0<\/p><\/div><\/div><\/div><\/div><\/div><\/div><\/div>\t\t\t\t\t\t\t\t<\/div>\n\t\t\t\t<\/div>\n\t\t<div class=\"elementor-element elementor-element-4b89615 e-con-full e-flex e-con e-child\" data-id=\"4b89615\" data-element_type=\"container\" data-e-type=\"container\" data-settings=\"{&quot;jet_parallax_layout_list&quot;:[]}\">\n\t\t\t\t<div class=\"elementor-element elementor-element-fa56c82 elementor-invisible elementor-widget elementor-widget-image\" data-id=\"fa56c82\" data-element_type=\"widget\" data-e-type=\"widget\" data-settings=\"{&quot;motion_fx_motion_fx_scrolling&quot;:&quot;yes&quot;,&quot;motion_fx_translateY_effect&quot;:&quot;yes&quot;,&quot;motion_fx_translateY_speed&quot;:{&quot;unit&quot;:&quot;px&quot;,&quot;size&quot;:2,&quot;sizes&quot;:[]},&quot;_animation&quot;:&quot;fadeInRight&quot;,&quot;motion_fx_translateY_affectedRange&quot;:{&quot;unit&quot;:&quot;%&quot;,&quot;size&quot;:&quot;&quot;,&quot;sizes&quot;:{&quot;start&quot;:0,&quot;end&quot;:100}},&quot;motion_fx_devices&quot;:[&quot;desktop&quot;,&quot;tablet&quot;,&quot;mobile&quot;]}\" data-widget_type=\"image.default\">\n\t\t\t\t\t\t\t\t\t\t\t\t\t\t\t<img fetchpriority=\"high\" decoding=\"async\" width=\"1024\" height=\"683\" src=\"https:\/\/lycee.ca\/wp-content\/uploads\/2025\/11\/french_education_3-1024x683.webp\" class=\"attachment-large size-large wp-image-332\" alt=\"\" srcset=\"https:\/\/lycee.ca\/wp-content\/uploads\/2025\/11\/french_education_3-1024x683.webp 1024w, https:\/\/lycee.ca\/wp-content\/uploads\/2025\/11\/french_education_3-300x200.webp 300w, https:\/\/lycee.ca\/wp-content\/uploads\/2025\/11\/french_education_3-768x512.webp 768w, https:\/\/lycee.ca\/wp-content\/uploads\/2025\/11\/french_education_3-1536x1024.webp 1536w, https:\/\/lycee.ca\/wp-content\/uploads\/2025\/11\/french_education_3-600x400.webp 600w, https:\/\/lycee.ca\/wp-content\/uploads\/2025\/11\/french_education_3.webp 1920w\" sizes=\"(max-width: 1024px) 100vw, 1024px\" \/>\t\t\t\t\t\t\t\t\t\t\t\t\t\t\t<\/div>\n\t\t\t\t<\/div>\n\t\t\t\t\t<\/div>\n\t\t\t\t<\/div>\n\t\t<div class=\"elementor-element elementor-element-5088bd0 e-flex e-con-boxed e-con e-parent\" data-id=\"5088bd0\" data-element_type=\"container\" data-e-type=\"container\" data-settings=\"{&quot;jet_parallax_layout_list&quot;:[]}\">\n\t\t\t\t\t<div class=\"e-con-inner\">\n\t\t<div class=\"elementor-element elementor-element-d2bbcf0 e-con-full e-flex e-con e-child\" data-id=\"d2bbcf0\" data-element_type=\"container\" data-e-type=\"container\" data-settings=\"{&quot;background_background&quot;:&quot;classic&quot;,&quot;jet_parallax_layout_list&quot;:[]}\">\n\t\t<div class=\"elementor-element elementor-element-2efdebc e-con-full e-flex e-con e-child\" data-id=\"2efdebc\" data-element_type=\"container\" data-e-type=\"container\" data-settings=\"{&quot;jet_parallax_layout_list&quot;:[]}\">\n\t\t<div class=\"elementor-element elementor-element-61fd0bd e-con-full e-flex e-con e-child\" data-id=\"61fd0bd\" data-element_type=\"container\" data-e-type=\"container\" data-settings=\"{&quot;jet_parallax_layout_list&quot;:[]}\">\n\t\t\t\t<div class=\"elementor-element elementor-element-4a3a2f4 contactListText elementor-widget elementor-widget-text-editor\" data-id=\"4a3a2f4\" data-element_type=\"widget\" data-e-type=\"widget\" data-widget_type=\"text-editor.default\">\n\t\t\t\t\t\t\t\t\t<h5><b>Absent students<\/b><\/h5><p>To report student absences, please email\u00a0<a href=\"mailto:absences@lycee.ca\">absences@lycee.ca<\/a><\/p>\t\t\t\t\t\t\t\t<\/div>\n\t\t\t\t<div class=\"elementor-element elementor-element-30503cd contactListText elementor-widget elementor-widget-text-editor\" data-id=\"30503cd\" data-element_type=\"widget\" data-e-type=\"widget\" data-widget_type=\"text-editor.default\">\n\t\t\t\t\t\t\t\t\t<h5><b>Academic leadership<\/b><\/h5><p><span style=\"font-weight: 400;\">Head of School: <br \/>Fran\u00e7oise Bougaeff <br \/><a href=\"mailto:headofschool@lycee.ca\">headofschool@lycee.ca<\/a><\/span><\/p><p><span style=\"font-weight: 400;\">Director of lower school: <br \/>Anna\u00efg Herzig <br \/><a href=\"mailto:lowerschool@lycee.ca\">lowerschool@lycee.ca<\/a><\/span><\/p><p><span style=\"font-weight: 400;\">Director of upper school: <br \/>Ana\u00efs Briglia <br \/><a href=\"mailto:upperschool@lycee.ca\">upperschool@lycee.ca\u00a0<\/a><\/span><\/p><p><span style=\"font-weight: 400;\">Director of Alberta curriculum: <br \/>Joya Brooks <br \/><a href=\"mailto:curriculum@lycee.ca\">curriculum@lycee.ca <\/a><\/span><\/p>\t\t\t\t\t\t\t\t<\/div>\n\t\t\t\t<div class=\"elementor-element elementor-element-74ca3f3 contactListText elementor-widget elementor-widget-text-editor\" data-id=\"74ca3f3\" data-element_type=\"widget\" data-e-type=\"widget\" data-widget_type=\"text-editor.default\">\n\t\t\t\t\t\t\t\t\t<h5>Academic office<\/h5><p><span style=\"font-weight: 400;\">For school life and general academic inquiries, contact : <\/span><a href=\"mailto:academicoffice@lycee.ca\"><span style=\"font-weight: 400;\">academicoffice@lycee.ca<\/span><\/a><\/p><p><span style=\"font-weight: 400;\">For the hot lunch: <\/span><a href=\"mailto:Hotlunch@lycee.ca\"><span style=\"font-weight: 400;\">lunch@lycee.ca<\/span><\/a><span style=\"font-weight: 400;\">\u00a0<\/span><\/p><p><span style=\"font-weight: 400;\">For attendance : absences@lycee.ca<\/span><\/p>\t\t\t\t\t\t\t\t<\/div>\n\t\t\t\t<\/div>\n\t\t<div class=\"elementor-element elementor-element-9890732 e-con-full e-flex e-con e-child\" data-id=\"9890732\" data-element_type=\"container\" data-e-type=\"container\" data-settings=\"{&quot;jet_parallax_layout_list&quot;:[]}\">\n\t\t\t\t<div class=\"elementor-element elementor-element-aba8f03 contactListText elementor-widget elementor-widget-text-editor\" data-id=\"aba8f03\" data-element_type=\"widget\" data-e-type=\"widget\" data-widget_type=\"text-editor.default\">\n\t\t\t\t\t\t\t\t\t<h5><b>Accounting<\/b><\/h5><p>For inquiries related to tuition payments, fees and other school related costs, please contact\u00a0<a href=\"mailto:accounting@lycee.ca\">accounting@lycee.ca<\/a><\/p>\t\t\t\t\t\t\t\t<\/div>\n\t\t\t\t<div class=\"elementor-element elementor-element-b4fc5ca contactListText elementor-widget elementor-widget-text-editor\" data-id=\"b4fc5ca\" data-element_type=\"widget\" data-e-type=\"widget\" data-widget_type=\"text-editor.default\">\n\t\t\t\t\t\t\t\t\t<h5><b>Advancement team\u00a0<\/b><\/h5><p><span style=\"font-weight: 400;\">For inquiries related to admissions, tours, and applications to the school, connect with the admissions team: <a href=\"mailto:admissions@lycee.ca\" target=\"_blank\" rel=\"noopener\">admissions@lycee.ca<\/a> or (403) 243-5420 ext. 123 , or fill free to fill out <a href=\"\/inquire\/\">this form<\/a><\/span><\/p><p><span style=\"font-weight: 400;\">For questions related to school partnerships, community outreach and philanthropic inquiries, contact <\/span><a href=\"mailto:advancement@lycee.ca\"><span style=\"font-weight: 400;\">advancement@lycee.ca<\/span><\/a><\/p><p><span style=\"font-weight: 400;\">For questions related to the newsletter, website or social media, contact <a href=\"mailto:communication@lycee.ca\" target=\"_blank\" rel=\"noopener\">communication@lycee.ca<\/a>\u00a0<\/span><\/p><p><span style=\"font-weight: 400;\">For questions related to updating alumni contact information, alumni events, networking, and mentorship, contact: <\/span><a href=\"mailto:alumni@lycee.ca\"><span style=\"font-weight: 400;\">alumni@lycee.ca<\/span><\/a><\/p>\t\t\t\t\t\t\t\t<\/div>\n\t\t\t\t<\/div>\n\t\t<div class=\"elementor-element elementor-element-a2822a7 e-con-full e-flex e-con e-child\" data-id=\"a2822a7\" data-element_type=\"container\" data-e-type=\"container\" data-settings=\"{&quot;jet_parallax_layout_list&quot;:[]}\">\n\t\t\t\t<div class=\"elementor-element elementor-element-b3cc367 contactListText elementor-widget elementor-widget-text-editor\" data-id=\"b3cc367\" data-element_type=\"widget\" data-e-type=\"widget\" data-widget_type=\"text-editor.default\">\n\t\t\t\t\t\t\t\t\t<h5>Childcare<\/h5><p><span style=\"font-weight: 400;\">For childcare, drop ins and camps: <\/span><a href=\"mailto:childcare@lycee.ca\"><span style=\"font-weight: 400;\">childcare@lycee.ca<\/span><\/a><\/p>\t\t\t\t\t\t\t\t<\/div>\n\t\t\t\t<div class=\"elementor-element elementor-element-311dea4 contactListText elementor-widget elementor-widget-text-editor\" data-id=\"311dea4\" data-element_type=\"widget\" data-e-type=\"widget\" data-widget_type=\"text-editor.default\">\n\t\t\t\t\t\t\t\t\t<h5>Clubs<b> \/ Study hall<\/b><\/h5><p><a href=\"mailto:clubs@lycee.ca\"><span style=\"font-weight: 400;\">clubs@lycee.ca<\/span><\/a><\/p>\t\t\t\t\t\t\t\t<\/div>\n\t\t\t\t<div class=\"elementor-element elementor-element-4eef479 contactListText elementor-widget elementor-widget-text-editor\" data-id=\"4eef479\" data-element_type=\"widget\" data-e-type=\"widget\" data-widget_type=\"text-editor.default\">\n\t\t\t\t\t\t\t\t\t<h5>Gala<\/h5><p>For questions about our annual gala event, please contact\u00a0<a href=\"mailto:gala@lycee.ca\">gala@lycee.ca<\/a><\/p>\t\t\t\t\t\t\t\t<\/div>\n\t\t\t\t<div class=\"elementor-element elementor-element-5f56524 contactListText elementor-widget elementor-widget-text-editor\" data-id=\"5f56524\" data-element_type=\"widget\" data-e-type=\"widget\" data-widget_type=\"text-editor.default\">\n\t\t\t\t\t\t\t\t\t<h5>Operations team<\/h5><p><span style=\"font-weight: 400;\">For questions related to school facilities, infrastructure, health &amp; safety protocols, contact : <a href=\"mailto:facilities@lycee.ca\">facilities@lycee.ca<\/a>\u00a0<\/span><\/p><p><span style=\"font-weight: 400;\">For questions related to maintenance, landscaping, janitorial services, contact : <a href=\"mailto:maintenance@lycee.ca\">maintenance@lycee.ca\u00a0<\/a><\/span><\/p><p><span style=\"font-weight: 400;\">For inquiries regarding renting school facilities for external use :\u00a0 <a href=\"mailto:rentals@lycee.ca\">rentals@lycee.ca <\/a><\/span><\/p>\t\t\t\t\t\t\t\t<\/div>\n\t\t\t\t<\/div>\n\t\t\t\t<\/div>\n\t\t\t\t<\/div>\n\t\t\t\t\t<\/div>\n\t\t\t\t<\/div>\n\t\t\t\t<\/div>\n\t\t","protected":false},"excerpt":{"rendered":"<p>Whether you are considering the school for your child or if you are a current student\u2019s family, please reach out. General inquiries +1 (403) 243-5420 Lyc\u00e9e international de Calgary4099 Garrison Blvd. SWCalgary, Alberta, CanadaT2T 6G2 Office hours:Monday \u2013 Friday 8:30 am to 4:30 p.m.\u00a0 Absent students To report student absences, please email\u00a0absences@lycee.ca Academic leadership Head [&hellip;]<\/p>\n","protected":false},"author":1,"featured_media":0,"parent":0,"menu_order":0,"comment_status":"closed","ping_status":"closed","template":"","meta":{"footnotes":""},"class_list":["post-702","page","type-page","status-publish","hentry"],"yoast_head":"<!-- This site is optimized with the Yoast SEO plugin v27.2 - https:\/\/yoast.com\/product\/yoast-seo-wordpress\/ -->\n<title>Contact - Lyc\u00e9e international de Calgary | French Preschool to Grade 12<\/title>\n<meta name=\"description\" content=\"Contact Lyc\u00e9e International de Calgary to connect with our admissions team, ask questions, or schedule a visit to our bilingual French school campus.\" \/>\n<meta name=\"robots\" content=\"index, follow, max-snippet:-1, max-image-preview:large, max-video-preview:-1\" \/>\n<link rel=\"canonical\" href=\"https:\/\/lycee.ca\/fr\/contact\/\" \/>\n<meta property=\"og:locale\" content=\"fr_FR\" \/>\n<meta property=\"og:type\" content=\"article\" \/>\n<meta property=\"og:title\" content=\"Contact - Lyc\u00e9e international de Calgary | French Preschool to Grade 12\" \/>\n<meta property=\"og:description\" content=\"Contact Lyc\u00e9e International de Calgary to connect with our admissions team, ask questions, or schedule a visit to our bilingual French school campus.\" \/>\n<meta property=\"og:url\" content=\"https:\/\/lycee.ca\/fr\/contact\/\" \/>\n<meta property=\"og:site_name\" content=\"Lyc\u00e9e international de Calgary | French Preschool to Grade 12\" \/>\n<meta property=\"article:publisher\" content=\"https:\/\/www.facebook.com\/lyceecalgary\" \/>\n<meta property=\"article:modified_time\" content=\"2026-02-04T05:23:36+00:00\" \/>\n<meta property=\"og:image\" content=\"https:\/\/lycee.ca\/wp-content\/uploads\/2025\/11\/french_education_3.webp\" \/>\n\t<meta property=\"og:image:width\" content=\"1920\" \/>\n\t<meta property=\"og:image:height\" content=\"1280\" \/>\n\t<meta property=\"og:image:type\" content=\"image\/webp\" \/>\n<meta name=\"twitter:card\" content=\"summary_large_image\" \/>\n<meta name=\"twitter:label1\" content=\"Dur\u00e9e de lecture estim\u00e9e\" \/>\n\t<meta name=\"twitter:data1\" content=\"2 minutes\" \/>\n<script type=\"application\/ld+json\" class=\"yoast-schema-graph\">{\"@context\":\"https:\/\/schema.org\",\"@graph\":[{\"@type\":\"WebPage\",\"@id\":\"https:\/\/lycee.ca\/contact\/\",\"url\":\"https:\/\/lycee.ca\/contact\/\",\"name\":\"Contact - Lyc\u00e9e international de Calgary | French Preschool to Grade 12\",\"isPartOf\":{\"@id\":\"https:\/\/lycee.ca\/#website\"},\"primaryImageOfPage\":{\"@id\":\"https:\/\/lycee.ca\/contact\/#primaryimage\"},\"image\":{\"@id\":\"https:\/\/lycee.ca\/contact\/#primaryimage\"},\"thumbnailUrl\":\"https:\/\/lycee.ca\/wp-content\/uploads\/2025\/11\/french_education_3-1024x683.webp\",\"datePublished\":\"2025-11-20T14:56:26+00:00\",\"dateModified\":\"2026-02-04T05:23:36+00:00\",\"description\":\"Contact Lyc\u00e9e International de Calgary to connect with our admissions team, ask questions, or schedule a visit to our bilingual French school campus.\",\"breadcrumb\":{\"@id\":\"https:\/\/lycee.ca\/contact\/#breadcrumb\"},\"inLanguage\":\"fr-FR\",\"potentialAction\":[{\"@type\":\"ReadAction\",\"target\":[\"https:\/\/lycee.ca\/contact\/\"]}]},{\"@type\":\"ImageObject\",\"inLanguage\":\"fr-FR\",\"@id\":\"https:\/\/lycee.ca\/contact\/#primaryimage\",\"url\":\"https:\/\/lycee.ca\/wp-content\/uploads\/2025\/11\/french_education_3-1024x683.webp\",\"contentUrl\":\"https:\/\/lycee.ca\/wp-content\/uploads\/2025\/11\/french_education_3-1024x683.webp\"},{\"@type\":\"BreadcrumbList\",\"@id\":\"https:\/\/lycee.ca\/contact\/#breadcrumb\",\"itemListElement\":[{\"@type\":\"ListItem\",\"position\":1,\"name\":\"Home\",\"item\":\"https:\/\/lycee.ca\/\"},{\"@type\":\"ListItem\",\"position\":2,\"name\":\"Contact\"}]},{\"@type\":\"WebSite\",\"@id\":\"https:\/\/lycee.ca\/#website\",\"url\":\"https:\/\/lycee.ca\/\",\"name\":\"Lyc\u00e9e international de Calgary | French Preschool to Grade 12\",\"description\":\"Calgary Private French School located in SW Altadore. Lyc\u00e9e offers full-day preschool, no prior french needed, small class sizes, and international study.\",\"publisher\":{\"@id\":\"https:\/\/lycee.ca\/#organization\"},\"potentialAction\":[{\"@type\":\"SearchAction\",\"target\":{\"@type\":\"EntryPoint\",\"urlTemplate\":\"https:\/\/lycee.ca\/?s={search_term_string}\"},\"query-input\":{\"@type\":\"PropertyValueSpecification\",\"valueRequired\":true,\"valueName\":\"search_term_string\"}}],\"inLanguage\":\"fr-FR\"},{\"@type\":\"Organization\",\"@id\":\"https:\/\/lycee.ca\/#organization\",\"name\":\"Lyc\u00e9e international de Calgary | French Preschool to Grade 12\",\"url\":\"https:\/\/lycee.ca\/\",\"logo\":{\"@type\":\"ImageObject\",\"inLanguage\":\"fr-FR\",\"@id\":\"https:\/\/lycee.ca\/#\/schema\/logo\/image\/\",\"url\":\"https:\/\/lycee.ca\/wp-content\/uploads\/2025\/09\/logo_lycee.svg\",\"contentUrl\":\"https:\/\/lycee.ca\/wp-content\/uploads\/2025\/09\/logo_lycee.svg\",\"width\":850,\"height\":385,\"caption\":\"Lyc\u00e9e international de Calgary | French Preschool to Grade 12\"},\"image\":{\"@id\":\"https:\/\/lycee.ca\/#\/schema\/logo\/image\/\"},\"sameAs\":[\"https:\/\/www.facebook.com\/lyceecalgary\",\"https:\/\/www.instagram.com\/lyceecalgary\/\"]}]}<\/script>\n<!-- \/ Yoast SEO plugin. -->","yoast_head_json":{"title":"Contact - Lyc\u00e9e international de Calgary | Fran\u00e7ais de la maternelle \u00e0 la terminale","description":"Contactez le Lyc\u00e9e International de Calgary pour entrer en contact avec notre \u00e9quipe d'admission, poser des questions ou planifier une visite de notre \u00e9cole fran\u00e7aise bilingue.","robots":{"index":"index","follow":"follow","max-snippet":"max-snippet:-1","max-image-preview":"max-image-preview:large","max-video-preview":"max-video-preview:-1"},"canonical":"https:\/\/lycee.ca\/fr\/contact\/","og_locale":"fr_FR","og_type":"article","og_title":"Contact - Lyc\u00e9e international de Calgary | French Preschool to Grade 12","og_description":"Contact Lyc\u00e9e International de Calgary to connect with our admissions team, ask questions, or schedule a visit to our bilingual French school campus.","og_url":"https:\/\/lycee.ca\/fr\/contact\/","og_site_name":"Lyc\u00e9e international de Calgary | French Preschool to Grade 12","article_publisher":"https:\/\/www.facebook.com\/lyceecalgary","article_modified_time":"2026-02-04T05:23:36+00:00","og_image":[{"width":1920,"height":1280,"url":"https:\/\/lycee.ca\/wp-content\/uploads\/2025\/11\/french_education_3.webp","type":"image\/webp"}],"twitter_card":"summary_large_image","twitter_misc":{"Dur\u00e9e de lecture estim\u00e9e":"2 minutes"},"schema":{"@context":"https:\/\/schema.org","@graph":[{"@type":"WebPage","@id":"https:\/\/lycee.ca\/contact\/","url":"https:\/\/lycee.ca\/contact\/","name":"Contact - Lyc\u00e9e international de Calgary | Fran\u00e7ais de la maternelle \u00e0 la terminale","isPartOf":{"@id":"https:\/\/lycee.ca\/#website"},"primaryImageOfPage":{"@id":"https:\/\/lycee.ca\/contact\/#primaryimage"},"image":{"@id":"https:\/\/lycee.ca\/contact\/#primaryimage"},"thumbnailUrl":"https:\/\/lycee.ca\/wp-content\/uploads\/2025\/11\/french_education_3-1024x683.webp","datePublished":"2025-11-20T14:56:26+00:00","dateModified":"2026-02-04T05:23:36+00:00","description":"Contactez le Lyc\u00e9e International de Calgary pour entrer en contact avec notre \u00e9quipe d'admission, poser des questions ou planifier une visite de notre \u00e9cole fran\u00e7aise bilingue.","breadcrumb":{"@id":"https:\/\/lycee.ca\/contact\/#breadcrumb"},"inLanguage":"fr-FR","potentialAction":[{"@type":"ReadAction","target":["https:\/\/lycee.ca\/contact\/"]}]},{"@type":"ImageObject","inLanguage":"fr-FR","@id":"https:\/\/lycee.ca\/contact\/#primaryimage","url":"https:\/\/lycee.ca\/wp-content\/uploads\/2025\/11\/french_education_3-1024x683.webp","contentUrl":"https:\/\/lycee.ca\/wp-content\/uploads\/2025\/11\/french_education_3-1024x683.webp"},{"@type":"BreadcrumbList","@id":"https:\/\/lycee.ca\/contact\/#breadcrumb","itemListElement":[{"@type":"ListItem","position":1,"name":"Home","item":"https:\/\/lycee.ca\/"},{"@type":"ListItem","position":2,"name":"Contact"}]},{"@type":"WebSite","@id":"https:\/\/lycee.ca\/#website","url":"https:\/\/lycee.ca\/","name":"Lyc\u00e9e international de Calgary | Fran\u00e7ais de la maternelle \u00e0 la terminale","description":"\u00c9cole priv\u00e9e de fran\u00e7ais de Calgary situ\u00e9e dans le quartier SW Altadore. Le Lyc\u00e9e propose une \u00e9cole maternelle \u00e0 temps plein, sans besoin de connaissances pr\u00e9alables en fran\u00e7ais, avec des classes de petite taille et des \u00e9tudes internationales.","publisher":{"@id":"https:\/\/lycee.ca\/#organization"},"potentialAction":[{"@type":"SearchAction","target":{"@type":"EntryPoint","urlTemplate":"https:\/\/lycee.ca\/?s={search_term_string}"},"query-input":{"@type":"PropertyValueSpecification","valueRequired":true,"valueName":"search_term_string"}}],"inLanguage":"fr-FR"},{"@type":"Organization","@id":"https:\/\/lycee.ca\/#organization","name":"Lyc\u00e9e international de Calgary | Fran\u00e7ais de la maternelle \u00e0 la terminale","url":"https:\/\/lycee.ca\/","logo":{"@type":"ImageObject","inLanguage":"fr-FR","@id":"https:\/\/lycee.ca\/#\/schema\/logo\/image\/","url":"https:\/\/lycee.ca\/wp-content\/uploads\/2025\/09\/logo_lycee.svg","contentUrl":"https:\/\/lycee.ca\/wp-content\/uploads\/2025\/09\/logo_lycee.svg","width":850,"height":385,"caption":"Lyc\u00e9e international de Calgary | French Preschool to Grade 12"},"image":{"@id":"https:\/\/lycee.ca\/#\/schema\/logo\/image\/"},"sameAs":["https:\/\/www.facebook.com\/lyceecalgary","https:\/\/www.instagram.com\/lyceecalgary\/"]}]}},"_links":{"self":[{"href":"https:\/\/lycee.ca\/fr\/wp-json\/wp\/v2\/pages\/702","targetHints":{"allow":["GET"]}}],"collection":[{"href":"https:\/\/lycee.ca\/fr\/wp-json\/wp\/v2\/pages"}],"about":[{"href":"https:\/\/lycee.ca\/fr\/wp-json\/wp\/v2\/types\/page"}],"author":[{"embeddable":true,"href":"https:\/\/lycee.ca\/fr\/wp-json\/wp\/v2\/users\/1"}],"replies":[{"embeddable":true,"href":"https:\/\/lycee.ca\/fr\/wp-json\/wp\/v2\/comments?post=702"}],"version-history":[{"count":0,"href":"https:\/\/lycee.ca\/fr\/wp-json\/wp\/v2\/pages\/702\/revisions"}],"wp:attachment":[{"href":"https:\/\/lycee.ca\/fr\/wp-json\/wp\/v2\/media?parent=702"}],"curies":[{"name":"wp","href":"https:\/\/api.w.org\/{rel}","templated":true}]}}