{"id":517,"date":"2025-11-17T03:41:32","date_gmt":"2025-11-17T03:41:32","guid":{"rendered":"https:\/\/lycee.ca\/?page_id=517"},"modified":"2026-02-03T18:01:35","modified_gmt":"2026-02-04T01:01:35","slug":"nos-incroyables-enseignants-certifient-lexcellence-et-le-devouement-inebranlable","status":"publish","type":"page","link":"https:\/\/lycee.ca\/fr\/why-choose-us\/our-incredible-teachers-certified-excellence-and-unwavering-dedication\/","title":{"rendered":"Nos incroyables enseignants : Excellence certifi\u00e9e et d\u00e9vouement in\u00e9branlable"},"content":{"rendered":"\t\t<div data-elementor-type=\"wp-page\" data-elementor-id=\"517\" class=\"elementor elementor-517\" data-elementor-post-type=\"page\">\n\t\t\t\t<div class=\"elementor-element elementor-element-99ba484 e-flex e-con-boxed e-con e-parent\" data-id=\"99ba484\" data-element_type=\"container\" data-e-type=\"container\" data-settings=\"{&quot;jet_parallax_layout_list&quot;:[]}\">\n\t\t\t\t\t<div class=\"e-con-inner\">\n\t\t\t\t<div class=\"elementor-element elementor-element-04f542a elementor-widget elementor-widget-text-editor\" data-id=\"04f542a\" data-element_type=\"widget\" data-e-type=\"widget\" data-widget_type=\"text-editor.default\">\n\t\t\t\t\t\t\t\t\t<p>The quality of a school is defined by its teachers. At Lyc\u00e9e Calgary, our faculty is a major differentiator, bringing the highest standards of French academic rigor and deep personal care to every classroom.<\/p>\t\t\t\t\t\t\t\t<\/div>\n\t\t\t\t\t<\/div>\n\t\t\t\t<\/div>\n\t\t<div class=\"elementor-element elementor-element-dac95ce e-flex e-con-boxed e-con e-parent\" data-id=\"dac95ce\" data-element_type=\"container\" data-e-type=\"container\" data-settings=\"{&quot;jet_parallax_layout_list&quot;:[]}\">\n\t\t\t\t\t<div class=\"e-con-inner\">\n\t\t<div class=\"elementor-element elementor-element-af69420 e-con-full e-flex e-con e-child\" data-id=\"af69420\" data-element_type=\"container\" data-e-type=\"container\" data-settings=\"{&quot;jet_parallax_layout_list&quot;:[]}\">\n\t\t\t\t<div class=\"elementor-element elementor-element-1d94a2d elementor-widget elementor-widget-heading\" data-id=\"1d94a2d\" data-element_type=\"widget\" data-e-type=\"widget\" data-widget_type=\"heading.default\">\n\t\t\t\t\t<h2 class=\"elementor-heading-title elementor-size-default\">Certified in France, <br>Teaching to Global Standards\n<\/h2>\t\t\t\t<\/div>\n\t\t\t\t<div class=\"elementor-element elementor-element-0844e17 elementor-widget elementor-widget-text-editor\" data-id=\"0844e17\" data-element_type=\"widget\" data-e-type=\"widget\" data-widget_type=\"text-editor.default\">\n\t\t\t\t\t\t\t\t\t<p><span style=\"font-weight: 400;\">Our commitment to educational excellence begins with recruitment. The majority of our teachers are certified by the French Ministry of National Education and are often recruited through the AEFE network. This ensures unparalleled rigour and expertise across all levels:<\/span><\/p><p><b>Primary Education (Maternelle and \u00c9l\u00e9mentaire)<\/b><\/p><ul><li style=\"font-weight: 400;\" aria-level=\"1\"><span style=\"font-weight: 400;\">Teachers in our Maternelle and \u00c9l\u00e9mentaire (preschool and elementary) sections hold a graduate-level degree. They are trained and certified in France to deliver the curriculum to global French standards.<\/span><\/li><\/ul><p><strong>Secondary Education (Coll\u00e8ge and Lyc\u00e9e)<\/strong><\/p><ul><li style=\"font-weight: 400;\" aria-level=\"1\"><span style=\"font-weight: 400;\">Our Junior High (Coll\u00e8ge) and High School (Lyc\u00e9e) teachers are highly specialized. They typically possess an advanced\/graduate degree, frequently a Master&#8217;s, in the specific subject they teach. <br \/>This depth of knowledge is essential for:<\/span><ul><li style=\"font-weight: 400;\" aria-level=\"2\"><span style=\"font-weight: 400;\">Rigour and Consistency: Teaching to the identical, high standards found in top French schools worldwide. This certification guarantees their expertise in the specific curriculum that leads to the French Baccalaur\u00e9at.<\/span><\/li><li style=\"font-weight: 400;\" aria-level=\"2\"><span style=\"font-weight: 400;\">Specialized Expertise: Preparing students for rigorous final exams and successful university-level study.<\/span><\/li><\/ul><\/li><\/ul>\t\t\t\t\t\t\t\t<\/div>\n\t\t\t\t<\/div>\n\t\t<div class=\"elementor-element elementor-element-4bee98b e-con-full e-flex e-con e-child\" data-id=\"4bee98b\" data-element_type=\"container\" data-e-type=\"container\" data-settings=\"{&quot;jet_parallax_layout_list&quot;:[]}\">\n\t\t\t\t<div class=\"elementor-element elementor-element-80f8818 elementor-widget elementor-widget-image\" data-id=\"80f8818\" data-element_type=\"widget\" data-e-type=\"widget\" data-settings=\"{&quot;motion_fx_motion_fx_scrolling&quot;:&quot;yes&quot;,&quot;motion_fx_translateY_effect&quot;:&quot;yes&quot;,&quot;motion_fx_translateY_speed&quot;:{&quot;unit&quot;:&quot;px&quot;,&quot;size&quot;:2,&quot;sizes&quot;:[]},&quot;motion_fx_translateY_affectedRange&quot;:{&quot;unit&quot;:&quot;%&quot;,&quot;size&quot;:&quot;&quot;,&quot;sizes&quot;:{&quot;start&quot;:0,&quot;end&quot;:100}},&quot;motion_fx_devices&quot;:[&quot;desktop&quot;,&quot;tablet&quot;,&quot;mobile&quot;]}\" data-widget_type=\"image.default\">\n\t\t\t\t\t\t\t\t\t\t\t\t\t\t\t<img fetchpriority=\"high\" decoding=\"async\" width=\"986\" height=\"1024\" src=\"https:\/\/lycee.ca\/wp-content\/uploads\/2025\/12\/cover_staff_1-986x1024.webp\" class=\"attachment-large size-large wp-image-2115\" alt=\"\" srcset=\"https:\/\/lycee.ca\/wp-content\/uploads\/2025\/12\/cover_staff_1-986x1024.webp 986w, https:\/\/lycee.ca\/wp-content\/uploads\/2025\/12\/cover_staff_1-289x300.webp 289w, https:\/\/lycee.ca\/wp-content\/uploads\/2025\/12\/cover_staff_1-768x798.webp 768w, https:\/\/lycee.ca\/wp-content\/uploads\/2025\/12\/cover_staff_1-600x623.webp 600w, https:\/\/lycee.ca\/wp-content\/uploads\/2025\/12\/cover_staff_1.webp 1080w\" sizes=\"(max-width: 986px) 100vw, 986px\" \/>\t\t\t\t\t\t\t\t\t\t\t\t\t\t\t<\/div>\n\t\t\t\t<\/div>\n\t\t\t\t\t<\/div>\n\t\t\t\t<\/div>\n\t\t<div class=\"elementor-element elementor-element-d911636 e-flex e-con-boxed e-con e-parent\" data-id=\"d911636\" data-element_type=\"container\" data-e-type=\"container\" data-settings=\"{&quot;jet_parallax_layout_list&quot;:[],&quot;background_background&quot;:&quot;classic&quot;}\">\n\t\t\t\t\t<div class=\"e-con-inner\">\n\t\t<div class=\"elementor-element elementor-element-9a9fb28 e-con-full e-flex e-con e-child\" data-id=\"9a9fb28\" data-element_type=\"container\" data-e-type=\"container\" data-settings=\"{&quot;jet_parallax_layout_list&quot;:[]}\">\n\t\t\t\t<div class=\"elementor-element elementor-element-80fef7b elementor-widget elementor-widget-image\" data-id=\"80fef7b\" data-element_type=\"widget\" data-e-type=\"widget\" data-settings=\"{&quot;motion_fx_motion_fx_scrolling&quot;:&quot;yes&quot;,&quot;motion_fx_translateY_effect&quot;:&quot;yes&quot;,&quot;motion_fx_translateY_speed&quot;:{&quot;unit&quot;:&quot;px&quot;,&quot;size&quot;:2,&quot;sizes&quot;:[]},&quot;motion_fx_translateY_affectedRange&quot;:{&quot;unit&quot;:&quot;%&quot;,&quot;size&quot;:&quot;&quot;,&quot;sizes&quot;:{&quot;start&quot;:0,&quot;end&quot;:100}},&quot;motion_fx_devices&quot;:[&quot;desktop&quot;,&quot;tablet&quot;,&quot;mobile&quot;]}\" data-widget_type=\"image.default\">\n\t\t\t\t\t\t\t\t\t\t\t\t\t\t\t<img decoding=\"async\" width=\"1024\" height=\"683\" src=\"https:\/\/lycee.ca\/wp-content\/uploads\/2026\/01\/cover_teacher_8-1024x683.webp\" class=\"attachment-large size-large wp-image-2711\" alt=\"\" srcset=\"https:\/\/lycee.ca\/wp-content\/uploads\/2026\/01\/cover_teacher_8-1024x683.webp 1024w, https:\/\/lycee.ca\/wp-content\/uploads\/2026\/01\/cover_teacher_8-300x200.webp 300w, https:\/\/lycee.ca\/wp-content\/uploads\/2026\/01\/cover_teacher_8-768x512.webp 768w, https:\/\/lycee.ca\/wp-content\/uploads\/2026\/01\/cover_teacher_8-1536x1024.webp 1536w, https:\/\/lycee.ca\/wp-content\/uploads\/2026\/01\/cover_teacher_8-18x12.webp 18w, https:\/\/lycee.ca\/wp-content\/uploads\/2026\/01\/cover_teacher_8-600x400.webp 600w, https:\/\/lycee.ca\/wp-content\/uploads\/2026\/01\/cover_teacher_8.webp 1920w\" sizes=\"(max-width: 1024px) 100vw, 1024px\" \/>\t\t\t\t\t\t\t\t\t\t\t\t\t\t\t<\/div>\n\t\t\t\t<\/div>\n\t\t<div class=\"elementor-element elementor-element-272c77b e-con-full e-flex e-con e-child\" data-id=\"272c77b\" data-element_type=\"container\" data-e-type=\"container\" data-settings=\"{&quot;jet_parallax_layout_list&quot;:[]}\">\n\t\t\t\t<div class=\"elementor-element elementor-element-1c499fc elementor-widget elementor-widget-heading\" data-id=\"1c499fc\" data-element_type=\"widget\" data-e-type=\"widget\" data-widget_type=\"heading.default\">\n\t\t\t\t\t<h2 class=\"elementor-heading-title elementor-size-default\">Dedication and Attention: The Lyc\u00e9e Advantage\n<\/h2>\t\t\t\t<\/div>\n\t\t\t\t<div class=\"elementor-element elementor-element-c35f07f elementor-widget elementor-widget-text-editor\" data-id=\"c35f07f\" data-element_type=\"widget\" data-e-type=\"widget\" data-widget_type=\"text-editor.default\">\n\t\t\t\t\t\t\t\t\t<p><span style=\"font-weight: 400;\">While holding a prestigious certification is crucial, our faculty is defined by how they teach: with dedication, care, and a focus on the individual student within a supportive setting.<\/span><\/p><ul><li style=\"font-weight: 400;\" aria-level=\"1\"><b>Teaching with Care and Commitment:<\/b> Our educators are committed to fostering a welcoming, safe, and caring learning environment where every student feels valued and respected. Our teachers are dedicated not only to the academic success but also to the personal well-being and growth of every child. We prioritize a supportive atmosphere that inspires lifelong learning.<\/li><li style=\"font-weight: 400;\" aria-level=\"1\"><b>Focused Attention in Class:<\/b> Our intentionally set class sizes, the average class size is 18, are a key advantage. This allows our teachers to give students an exceptional degree of individualized attention. They are able to identify and nurture each child&#8217;s strengths, provide targeted support where needed, and ensure that every student is actively engaged in the bilingual learning process.<\/li><\/ul>\t\t\t\t\t\t\t\t<\/div>\n\t\t\t\t<\/div>\n\t\t\t\t\t<\/div>\n\t\t\t\t<\/div>\n\t\t<div class=\"elementor-element elementor-element-1233d02 e-flex e-con-boxed e-con e-parent\" data-id=\"1233d02\" data-element_type=\"container\" data-e-type=\"container\" data-settings=\"{&quot;background_background&quot;:&quot;classic&quot;,&quot;jet_parallax_layout_list&quot;:[]}\">\n\t\t\t\t\t<div class=\"e-con-inner\">\n\t\t\t\t<div class=\"elementor-element elementor-element-492377b elementor-widget elementor-widget-heading\" data-id=\"492377b\" data-element_type=\"widget\" data-e-type=\"widget\" data-widget_type=\"heading.default\">\n\t\t\t\t\t<p class=\"elementor-heading-title elementor-size-default\">Our students benefit from highly specialized faculty whose qualifications are verified globally. Their professional dedication, combined with the advantage of human-sized classes, guarantees individualized attention and a truly exceptional educational experience rooted in a safe and supportive environment.\n<\/p>\t\t\t\t<\/div>\n\t\t\t\t<div class=\"elementor-element elementor-element-1f54a5a elementor-widget elementor-widget-button\" data-id=\"1f54a5a\" data-element_type=\"widget\" data-e-type=\"widget\" data-widget_type=\"button.default\">\n\t\t\t\t\t\t\t\t\t\t<a class=\"elementor-button elementor-button-link elementor-size-sm elementor-animation-shrink\" href=\"\/careers\">\n\t\t\t\t\t\t<span class=\"elementor-button-content-wrapper\">\n\t\t\t\t\t\t<span class=\"elementor-button-icon\">\n\t\t\t\t<svg xmlns=\"http:\/\/www.w3.org\/2000\/svg\" id=\"layer_21\" width=\"99.582\" height=\"99.582\" viewBox=\"0 0 99.582 99.582\"><path id=\"Trac&#xE9;_1\" data-name=\"Trac&#xE9; 1\" d=\"M101.752,6H9.83a3.83,3.83,0,0,0,0,7.66H92.5L7.122,99.044a3.83,3.83,0,1,0,5.416,5.416L97.922,19.076v82.676a3.83,3.83,0,0,0,7.66,0V9.83A3.831,3.831,0,0,0,101.752,6Z\" transform=\"translate(-6 -6)\" fill=\"#fff\"><\/path><\/svg>\t\t\t<\/span>\n\t\t\t\t\t\t\t\t\t<span class=\"elementor-button-text\">Interested in joining our team? Explore our career opportunities today.<\/span>\n\t\t\t\t\t<\/span>\n\t\t\t\t\t<\/a>\n\t\t\t\t\t\t\t\t<\/div>\n\t\t\t\t\t<\/div>\n\t\t\t\t<\/div>\n\t\t\t\t<\/div>\n\t\t","protected":false},"excerpt":{"rendered":"<p>The quality of a school is defined by its teachers. At Lyc\u00e9e Calgary, our faculty is a major differentiator, bringing the highest standards of French academic rigor and deep personal care to every classroom. Certified in France, Teaching to Global Standards Our commitment to educational excellence begins with recruitment. The majority of our teachers are [&hellip;]<\/p>\n","protected":false},"author":1,"featured_media":2710,"parent":276,"menu_order":0,"comment_status":"closed","ping_status":"closed","template":"","meta":{"footnotes":""},"class_list":["post-517","page","type-page","status-publish","has-post-thumbnail","hentry"],"yoast_head":"<!-- This site is optimized with the Yoast SEO plugin v27.4 - https:\/\/yoast.com\/product\/yoast-seo-wordpress\/ -->\n<title>Teachers | Bilingual &amp; International Educators at Lyc\u00e9e Calgary<\/title>\n<meta name=\"description\" content=\"Meet the teachers of Lyc\u00e9e International de Calgary \u2014 bilingual, dedicated educators combining French and Alberta excellence to inspire confident, global learners.\" \/>\n<meta name=\"robots\" content=\"index, follow, max-snippet:-1, max-image-preview:large, max-video-preview:-1\" \/>\n<link rel=\"canonical\" href=\"https:\/\/lycee.ca\/fr\/pourquoi-nous-choisir\/nos-incroyables-enseignants-certifient-lexcellence-et-le-devouement-inebranlable\/\" \/>\n<meta property=\"og:locale\" content=\"fr_FR\" \/>\n<meta property=\"og:type\" content=\"article\" \/>\n<meta property=\"og:title\" content=\"Teachers | Bilingual &amp; International Educators at Lyc\u00e9e Calgary\" \/>\n<meta property=\"og:description\" content=\"Meet the teachers of Lyc\u00e9e International de Calgary \u2014 bilingual, dedicated educators combining French and Alberta excellence to inspire confident, global learners.\" \/>\n<meta property=\"og:url\" content=\"https:\/\/lycee.ca\/fr\/pourquoi-nous-choisir\/nos-incroyables-enseignants-certifient-lexcellence-et-le-devouement-inebranlable\/\" \/>\n<meta property=\"og:site_name\" content=\"Lyc\u00e9e international de Calgary | French Preschool to Grade 12\" \/>\n<meta property=\"article:publisher\" content=\"https:\/\/www.facebook.com\/lyceecalgary\" \/>\n<meta property=\"article:modified_time\" content=\"2026-02-04T01:01:35+00:00\" \/>\n<meta property=\"og:image\" content=\"https:\/\/lycee.ca\/wp-content\/uploads\/2026\/01\/cover_teacher_7.webp\" \/>\n\t<meta property=\"og:image:width\" content=\"1920\" \/>\n\t<meta property=\"og:image:height\" content=\"1280\" \/>\n\t<meta property=\"og:image:type\" content=\"image\/webp\" \/>\n<meta name=\"twitter:card\" content=\"summary_large_image\" \/>\n<meta name=\"twitter:label1\" content=\"Dur\u00e9e de lecture estim\u00e9e\" \/>\n\t<meta name=\"twitter:data1\" content=\"2 minutes\" \/>\n<script type=\"application\/ld+json\" class=\"yoast-schema-graph\">{\"@context\":\"https:\\\/\\\/schema.org\",\"@graph\":[{\"@type\":\"WebPage\",\"@id\":\"https:\\\/\\\/lycee.ca\\\/why-choose-us\\\/our-incredible-teachers-certified-excellence-and-unwavering-dedication\\\/\",\"url\":\"https:\\\/\\\/lycee.ca\\\/why-choose-us\\\/our-incredible-teachers-certified-excellence-and-unwavering-dedication\\\/\",\"name\":\"Teachers | Bilingual & International Educators at Lyc\u00e9e Calgary\",\"isPartOf\":{\"@id\":\"https:\\\/\\\/lycee.ca\\\/#website\"},\"primaryImageOfPage\":{\"@id\":\"https:\\\/\\\/lycee.ca\\\/why-choose-us\\\/our-incredible-teachers-certified-excellence-and-unwavering-dedication\\\/#primaryimage\"},\"image\":{\"@id\":\"https:\\\/\\\/lycee.ca\\\/why-choose-us\\\/our-incredible-teachers-certified-excellence-and-unwavering-dedication\\\/#primaryimage\"},\"thumbnailUrl\":\"https:\\\/\\\/lycee.ca\\\/wp-content\\\/uploads\\\/2026\\\/01\\\/cover_teacher_7.webp\",\"datePublished\":\"2025-11-17T03:41:32+00:00\",\"dateModified\":\"2026-02-04T01:01:35+00:00\",\"description\":\"Meet the teachers of Lyc\u00e9e International de Calgary \u2014 bilingual, dedicated educators combining French and Alberta excellence to inspire confident, global learners.\",\"breadcrumb\":{\"@id\":\"https:\\\/\\\/lycee.ca\\\/why-choose-us\\\/our-incredible-teachers-certified-excellence-and-unwavering-dedication\\\/#breadcrumb\"},\"inLanguage\":\"fr-FR\",\"potentialAction\":[{\"@type\":\"ReadAction\",\"target\":[\"https:\\\/\\\/lycee.ca\\\/why-choose-us\\\/our-incredible-teachers-certified-excellence-and-unwavering-dedication\\\/\"]}]},{\"@type\":\"ImageObject\",\"inLanguage\":\"fr-FR\",\"@id\":\"https:\\\/\\\/lycee.ca\\\/why-choose-us\\\/our-incredible-teachers-certified-excellence-and-unwavering-dedication\\\/#primaryimage\",\"url\":\"https:\\\/\\\/lycee.ca\\\/wp-content\\\/uploads\\\/2026\\\/01\\\/cover_teacher_7.webp\",\"contentUrl\":\"https:\\\/\\\/lycee.ca\\\/wp-content\\\/uploads\\\/2026\\\/01\\\/cover_teacher_7.webp\",\"width\":1920,\"height\":1280},{\"@type\":\"BreadcrumbList\",\"@id\":\"https:\\\/\\\/lycee.ca\\\/why-choose-us\\\/our-incredible-teachers-certified-excellence-and-unwavering-dedication\\\/#breadcrumb\",\"itemListElement\":[{\"@type\":\"ListItem\",\"position\":1,\"name\":\"Home\",\"item\":\"https:\\\/\\\/lycee.ca\\\/\"},{\"@type\":\"ListItem\",\"position\":2,\"name\":\"Why choose us?\",\"item\":\"https:\\\/\\\/lycee.ca\\\/why-choose-us\\\/\"},{\"@type\":\"ListItem\",\"position\":3,\"name\":\"Our Incredible Teachers: Certified Excellence and unwavering dedication\"}]},{\"@type\":\"WebSite\",\"@id\":\"https:\\\/\\\/lycee.ca\\\/#website\",\"url\":\"https:\\\/\\\/lycee.ca\\\/\",\"name\":\"Lyc\u00e9e international de Calgary | French Preschool to Grade 12\",\"description\":\"Calgary Private French School located in SW Altadore. Lyc\u00e9e offers full-day preschool, no prior french needed, small class sizes, and international study.\",\"publisher\":{\"@id\":\"https:\\\/\\\/lycee.ca\\\/#organization\"},\"potentialAction\":[{\"@type\":\"SearchAction\",\"target\":{\"@type\":\"EntryPoint\",\"urlTemplate\":\"https:\\\/\\\/lycee.ca\\\/?s={search_term_string}\"},\"query-input\":{\"@type\":\"PropertyValueSpecification\",\"valueRequired\":true,\"valueName\":\"search_term_string\"}}],\"inLanguage\":\"fr-FR\"},{\"@type\":\"Organization\",\"@id\":\"https:\\\/\\\/lycee.ca\\\/#organization\",\"name\":\"Lyc\u00e9e international de Calgary | French Preschool to Grade 12\",\"url\":\"https:\\\/\\\/lycee.ca\\\/\",\"logo\":{\"@type\":\"ImageObject\",\"inLanguage\":\"fr-FR\",\"@id\":\"https:\\\/\\\/lycee.ca\\\/#\\\/schema\\\/logo\\\/image\\\/\",\"url\":\"https:\\\/\\\/lycee.ca\\\/wp-content\\\/uploads\\\/2025\\\/09\\\/logo_lycee.svg\",\"contentUrl\":\"https:\\\/\\\/lycee.ca\\\/wp-content\\\/uploads\\\/2025\\\/09\\\/logo_lycee.svg\",\"width\":850,\"height\":385,\"caption\":\"Lyc\u00e9e international de Calgary | French Preschool to Grade 12\"},\"image\":{\"@id\":\"https:\\\/\\\/lycee.ca\\\/#\\\/schema\\\/logo\\\/image\\\/\"},\"sameAs\":[\"https:\\\/\\\/www.facebook.com\\\/lyceecalgary\",\"https:\\\/\\\/www.instagram.com\\\/lyceecalgary\\\/\"]}]}<\/script>\n<!-- \/ Yoast SEO plugin. -->","yoast_head_json":{"title":"Enseignants - \u00c9ducateurs bilingues et internationaux au Lyc\u00e9e Calgary","description":"Rencontrez les enseignants du Lyc\u00e9e International de Calgary - des \u00e9ducateurs bilingues et d\u00e9vou\u00e9s qui combinent l'excellence du fran\u00e7ais et de l'Alberta pour inspirer des apprenants confiants et ouverts sur le monde.","robots":{"index":"index","follow":"follow","max-snippet":"max-snippet:-1","max-image-preview":"max-image-preview:large","max-video-preview":"max-video-preview:-1"},"canonical":"https:\/\/lycee.ca\/fr\/pourquoi-nous-choisir\/nos-incroyables-enseignants-certifient-lexcellence-et-le-devouement-inebranlable\/","og_locale":"fr_FR","og_type":"article","og_title":"Teachers | Bilingual & International Educators at Lyc\u00e9e Calgary","og_description":"Meet the teachers of Lyc\u00e9e International de Calgary \u2014 bilingual, dedicated educators combining French and Alberta excellence to inspire confident, global learners.","og_url":"https:\/\/lycee.ca\/fr\/pourquoi-nous-choisir\/nos-incroyables-enseignants-certifient-lexcellence-et-le-devouement-inebranlable\/","og_site_name":"Lyc\u00e9e international de Calgary | French Preschool to Grade 12","article_publisher":"https:\/\/www.facebook.com\/lyceecalgary","article_modified_time":"2026-02-04T01:01:35+00:00","og_image":[{"width":1920,"height":1280,"url":"https:\/\/lycee.ca\/wp-content\/uploads\/2026\/01\/cover_teacher_7.webp","type":"image\/webp"}],"twitter_card":"summary_large_image","twitter_misc":{"Dur\u00e9e de lecture estim\u00e9e":"2 minutes"},"schema":{"@context":"https:\/\/schema.org","@graph":[{"@type":"WebPage","@id":"https:\/\/lycee.ca\/why-choose-us\/our-incredible-teachers-certified-excellence-and-unwavering-dedication\/","url":"https:\/\/lycee.ca\/why-choose-us\/our-incredible-teachers-certified-excellence-and-unwavering-dedication\/","name":"Enseignants - \u00c9ducateurs bilingues et internationaux au Lyc\u00e9e Calgary","isPartOf":{"@id":"https:\/\/lycee.ca\/#website"},"primaryImageOfPage":{"@id":"https:\/\/lycee.ca\/why-choose-us\/our-incredible-teachers-certified-excellence-and-unwavering-dedication\/#primaryimage"},"image":{"@id":"https:\/\/lycee.ca\/why-choose-us\/our-incredible-teachers-certified-excellence-and-unwavering-dedication\/#primaryimage"},"thumbnailUrl":"https:\/\/lycee.ca\/wp-content\/uploads\/2026\/01\/cover_teacher_7.webp","datePublished":"2025-11-17T03:41:32+00:00","dateModified":"2026-02-04T01:01:35+00:00","description":"Rencontrez les enseignants du Lyc\u00e9e International de Calgary - des \u00e9ducateurs bilingues et d\u00e9vou\u00e9s qui combinent l'excellence du fran\u00e7ais et de l'Alberta pour inspirer des apprenants confiants et ouverts sur le monde.","breadcrumb":{"@id":"https:\/\/lycee.ca\/why-choose-us\/our-incredible-teachers-certified-excellence-and-unwavering-dedication\/#breadcrumb"},"inLanguage":"fr-FR","potentialAction":[{"@type":"ReadAction","target":["https:\/\/lycee.ca\/why-choose-us\/our-incredible-teachers-certified-excellence-and-unwavering-dedication\/"]}]},{"@type":"ImageObject","inLanguage":"fr-FR","@id":"https:\/\/lycee.ca\/why-choose-us\/our-incredible-teachers-certified-excellence-and-unwavering-dedication\/#primaryimage","url":"https:\/\/lycee.ca\/wp-content\/uploads\/2026\/01\/cover_teacher_7.webp","contentUrl":"https:\/\/lycee.ca\/wp-content\/uploads\/2026\/01\/cover_teacher_7.webp","width":1920,"height":1280},{"@type":"BreadcrumbList","@id":"https:\/\/lycee.ca\/why-choose-us\/our-incredible-teachers-certified-excellence-and-unwavering-dedication\/#breadcrumb","itemListElement":[{"@type":"ListItem","position":1,"name":"Home","item":"https:\/\/lycee.ca\/"},{"@type":"ListItem","position":2,"name":"Why choose us?","item":"https:\/\/lycee.ca\/why-choose-us\/"},{"@type":"ListItem","position":3,"name":"Our Incredible Teachers: Certified Excellence and unwavering dedication"}]},{"@type":"WebSite","@id":"https:\/\/lycee.ca\/#website","url":"https:\/\/lycee.ca\/","name":"Lyc\u00e9e international de Calgary | Fran\u00e7ais de la maternelle \u00e0 la terminale","description":"\u00c9cole priv\u00e9e de fran\u00e7ais de Calgary situ\u00e9e dans le quartier SW Altadore. Le Lyc\u00e9e propose une \u00e9cole maternelle \u00e0 temps plein, sans besoin de connaissances pr\u00e9alables en fran\u00e7ais, avec des classes de petite taille et des \u00e9tudes internationales.","publisher":{"@id":"https:\/\/lycee.ca\/#organization"},"potentialAction":[{"@type":"SearchAction","target":{"@type":"EntryPoint","urlTemplate":"https:\/\/lycee.ca\/?s={search_term_string}"},"query-input":{"@type":"PropertyValueSpecification","valueRequired":true,"valueName":"search_term_string"}}],"inLanguage":"fr-FR"},{"@type":"Organization","@id":"https:\/\/lycee.ca\/#organization","name":"Lyc\u00e9e international de Calgary | Fran\u00e7ais de la maternelle \u00e0 la terminale","url":"https:\/\/lycee.ca\/","logo":{"@type":"ImageObject","inLanguage":"fr-FR","@id":"https:\/\/lycee.ca\/#\/schema\/logo\/image\/","url":"https:\/\/lycee.ca\/wp-content\/uploads\/2025\/09\/logo_lycee.svg","contentUrl":"https:\/\/lycee.ca\/wp-content\/uploads\/2025\/09\/logo_lycee.svg","width":850,"height":385,"caption":"Lyc\u00e9e international de Calgary | French Preschool to Grade 12"},"image":{"@id":"https:\/\/lycee.ca\/#\/schema\/logo\/image\/"},"sameAs":["https:\/\/www.facebook.com\/lyceecalgary","https:\/\/www.instagram.com\/lyceecalgary\/"]}]}},"_links":{"self":[{"href":"https:\/\/lycee.ca\/fr\/wp-json\/wp\/v2\/pages\/517","targetHints":{"allow":["GET"]}}],"collection":[{"href":"https:\/\/lycee.ca\/fr\/wp-json\/wp\/v2\/pages"}],"about":[{"href":"https:\/\/lycee.ca\/fr\/wp-json\/wp\/v2\/types\/page"}],"author":[{"embeddable":true,"href":"https:\/\/lycee.ca\/fr\/wp-json\/wp\/v2\/users\/1"}],"replies":[{"embeddable":true,"href":"https:\/\/lycee.ca\/fr\/wp-json\/wp\/v2\/comments?post=517"}],"version-history":[{"count":0,"href":"https:\/\/lycee.ca\/fr\/wp-json\/wp\/v2\/pages\/517\/revisions"}],"up":[{"embeddable":true,"href":"https:\/\/lycee.ca\/fr\/wp-json\/wp\/v2\/pages\/276"}],"wp:featuredmedia":[{"embeddable":true,"href":"https:\/\/lycee.ca\/fr\/wp-json\/wp\/v2\/media\/2710"}],"wp:attachment":[{"href":"https:\/\/lycee.ca\/fr\/wp-json\/wp\/v2\/media?parent=517"}],"curies":[{"name":"wp","href":"https:\/\/api.w.org\/{rel}","templated":true}]}}