{"id":460,"date":"2025-11-17T02:56:01","date_gmt":"2025-11-17T02:56:01","guid":{"rendered":"https:\/\/lycee.ca\/?page_id=460"},"modified":"2026-02-03T17:21:10","modified_gmt":"2026-02-04T00:21:10","slug":"etre-une-ecole-du-cais","status":"publish","type":"page","link":"https:\/\/lycee.ca\/fr\/why-choose-us\/being-a-cais-school\/","title":{"rendered":"Une \u00e9cole CAIS"},"content":{"rendered":"\t\t<div data-elementor-type=\"wp-page\" data-elementor-id=\"460\" class=\"elementor elementor-460\" data-elementor-post-type=\"page\">\n\t\t\t\t<div class=\"elementor-element elementor-element-ff4940f e-flex e-con-boxed e-con e-parent\" data-id=\"ff4940f\" data-element_type=\"container\" data-e-type=\"container\" data-settings=\"{&quot;jet_parallax_layout_list&quot;:[]}\">\n\t\t\t\t\t<div class=\"e-con-inner\">\n\t\t<div class=\"elementor-element elementor-element-7a74572 e-con-full e-flex e-con e-child\" data-id=\"7a74572\" data-element_type=\"container\" data-e-type=\"container\" data-settings=\"{&quot;jet_parallax_layout_list&quot;:[]}\">\n\t\t\t\t<div class=\"elementor-element elementor-element-232cc39 elementor-widget elementor-widget-text-editor\" data-id=\"232cc39\" data-element_type=\"widget\" data-e-type=\"widget\" data-widget_type=\"text-editor.default\">\n\t\t\t\t\t\t\t\t\tChoosing Lyc\u00e9e Calgary means joining a select group of Canadian institutions committed to the highest standards of independent education. We are proudly an accredited member of the <a href=\"https:\/\/www.cais.ca\/\">Canadian Accredited Independent Schools (CAIS)<\/a>, a trusted national benchmark for quality.\t\t\t\t\t\t\t\t<\/div>\n\t\t\t\t<\/div>\n\t\t<div class=\"elementor-element elementor-element-aa2e2c5 e-con-full e-flex e-con e-child\" data-id=\"aa2e2c5\" data-element_type=\"container\" data-e-type=\"container\" data-settings=\"{&quot;jet_parallax_layout_list&quot;:[]}\">\n\t\t\t\t<div class=\"elementor-element elementor-element-7db6ea5 elementor-widget elementor-widget-image\" data-id=\"7db6ea5\" data-element_type=\"widget\" data-e-type=\"widget\" data-widget_type=\"image.default\">\n\t\t\t\t\t\t\t\t\t\t\t\t\t\t\t<img decoding=\"async\" width=\"370\" height=\"132\" src=\"https:\/\/lycee.ca\/wp-content\/uploads\/2025\/10\/cais.jpg\" class=\"attachment-large size-large wp-image-96\" alt=\"\" srcset=\"https:\/\/lycee.ca\/wp-content\/uploads\/2025\/10\/cais.jpg 370w, https:\/\/lycee.ca\/wp-content\/uploads\/2025\/10\/cais-300x107.jpg 300w\" sizes=\"(max-width: 370px) 100vw, 370px\" \/>\t\t\t\t\t\t\t\t\t\t\t\t\t\t\t<\/div>\n\t\t\t\t<\/div>\n\t\t\t\t\t<\/div>\n\t\t\t\t<\/div>\n\t\t<div class=\"elementor-element elementor-element-1c1cab2 e-flex e-con-boxed e-con e-parent\" data-id=\"1c1cab2\" data-element_type=\"container\" data-e-type=\"container\" data-settings=\"{&quot;jet_parallax_layout_list&quot;:[],&quot;background_background&quot;:&quot;classic&quot;}\">\n\t\t\t\t\t<div class=\"e-con-inner\">\n\t\t<div class=\"elementor-element elementor-element-e806b41 e-con-full e-flex e-con e-child\" data-id=\"e806b41\" data-element_type=\"container\" data-e-type=\"container\" data-settings=\"{&quot;jet_parallax_layout_list&quot;:[]}\">\n\t\t\t\t<div class=\"elementor-element elementor-element-f41db00 elementor-widget elementor-widget-heading\" data-id=\"f41db00\" data-element_type=\"widget\" data-e-type=\"widget\" data-widget_type=\"heading.default\">\n\t\t\t\t\t<h2 class=\"elementor-heading-title elementor-size-default\">What is CAIS Accreditation?<\/h2>\t\t\t\t<\/div>\n\t\t\t\t<div class=\"elementor-element elementor-element-1f26c00 elementor-widget elementor-widget-text-editor\" data-id=\"1f26c00\" data-element_type=\"widget\" data-e-type=\"widget\" data-widget_type=\"text-editor.default\">\n\t\t\t\t\t\t\t\t\t<p><span style=\"font-weight: 400;\">CAIS is a national network of nearly 100 top Canadian independent schools, which are sometimes still referred to as private schools. Accreditation is not a one-time stamp of approval; it is a rigorous, cyclical process that confirms a school operates at a level that exceeds provincial educational requirements in all areas, including:<\/span><\/p><ul><li style=\"font-weight: 400;\" aria-level=\"1\"><span style=\"font-weight: 400;\">Academic Programs: Ensuring innovation, rigour, and exceptional student outcomes.<\/span><\/li><li style=\"font-weight: 400;\" aria-level=\"1\"><span style=\"font-weight: 400;\">Governance and Leadership: Verifying sound financial management and effective board oversight.<\/span><\/li><li style=\"font-weight: 400;\" aria-level=\"1\"><span style=\"font-weight: 400;\">Operational Health: Confirming that facilities, safety, and student well-being meet national best practices.<\/span><\/li><\/ul><p><span style=\"font-weight: 400;\">The accreditation process involves a comprehensive internal self-assessment followed by an external, peer-review visit from experienced educators and Heads of School from other CAIS institutions. This commitment to continuous, high-level scrutiny is why the CAIS mark is so highly respected.<\/span><\/p>\t\t\t\t\t\t\t\t<\/div>\n\t\t\t\t<\/div>\n\t\t<div class=\"elementor-element elementor-element-355225b e-con-full e-flex e-con e-child\" data-id=\"355225b\" data-element_type=\"container\" data-e-type=\"container\" data-settings=\"{&quot;jet_parallax_layout_list&quot;:[]}\">\n\t\t\t\t<div class=\"elementor-element elementor-element-863d3d5 elementor-invisible elementor-widget elementor-widget-image\" data-id=\"863d3d5\" data-element_type=\"widget\" data-e-type=\"widget\" data-settings=\"{&quot;motion_fx_motion_fx_scrolling&quot;:&quot;yes&quot;,&quot;motion_fx_translateY_effect&quot;:&quot;yes&quot;,&quot;motion_fx_translateY_speed&quot;:{&quot;unit&quot;:&quot;px&quot;,&quot;size&quot;:2,&quot;sizes&quot;:[]},&quot;_animation&quot;:&quot;fadeInRight&quot;,&quot;motion_fx_translateY_affectedRange&quot;:{&quot;unit&quot;:&quot;%&quot;,&quot;size&quot;:&quot;&quot;,&quot;sizes&quot;:{&quot;start&quot;:0,&quot;end&quot;:100}},&quot;motion_fx_devices&quot;:[&quot;desktop&quot;,&quot;tablet&quot;,&quot;mobile&quot;]}\" data-widget_type=\"image.default\">\n\t\t\t\t\t\t\t\t\t\t\t\t\t\t\t<img fetchpriority=\"high\" decoding=\"async\" width=\"1024\" height=\"683\" src=\"https:\/\/lycee.ca\/wp-content\/uploads\/2025\/11\/cais_1-1024x683.webp\" class=\"attachment-large size-large wp-image-875\" alt=\"\" srcset=\"https:\/\/lycee.ca\/wp-content\/uploads\/2025\/11\/cais_1-1024x683.webp 1024w, https:\/\/lycee.ca\/wp-content\/uploads\/2025\/11\/cais_1-300x200.webp 300w, https:\/\/lycee.ca\/wp-content\/uploads\/2025\/11\/cais_1-768x512.webp 768w, https:\/\/lycee.ca\/wp-content\/uploads\/2025\/11\/cais_1-1536x1024.webp 1536w, https:\/\/lycee.ca\/wp-content\/uploads\/2025\/11\/cais_1-600x400.webp 600w, https:\/\/lycee.ca\/wp-content\/uploads\/2025\/11\/cais_1.webp 1920w\" sizes=\"(max-width: 1024px) 100vw, 1024px\" \/>\t\t\t\t\t\t\t\t\t\t\t\t\t\t\t<\/div>\n\t\t\t\t<\/div>\n\t\t\t\t\t<\/div>\n\t\t\t\t<\/div>\n\t\t<div class=\"elementor-element elementor-element-4b65c59 e-flex e-con-boxed e-con e-parent\" data-id=\"4b65c59\" data-element_type=\"container\" data-e-type=\"container\" data-settings=\"{&quot;jet_parallax_layout_list&quot;:[],&quot;background_background&quot;:&quot;classic&quot;}\">\n\t\t\t\t\t<div class=\"e-con-inner\">\n\t\t<div class=\"elementor-element elementor-element-cd87b9b e-con-full e-flex e-con e-child\" data-id=\"cd87b9b\" data-element_type=\"container\" data-e-type=\"container\" data-settings=\"{&quot;jet_parallax_layout_list&quot;:[]}\">\n\t\t\t\t<div class=\"elementor-element elementor-element-f3e0e70 elementor-invisible elementor-widget elementor-widget-image\" data-id=\"f3e0e70\" data-element_type=\"widget\" data-e-type=\"widget\" data-settings=\"{&quot;motion_fx_motion_fx_scrolling&quot;:&quot;yes&quot;,&quot;motion_fx_translateY_effect&quot;:&quot;yes&quot;,&quot;motion_fx_translateY_speed&quot;:{&quot;unit&quot;:&quot;px&quot;,&quot;size&quot;:2,&quot;sizes&quot;:[]},&quot;_animation&quot;:&quot;fadeInLeft&quot;,&quot;motion_fx_translateY_affectedRange&quot;:{&quot;unit&quot;:&quot;%&quot;,&quot;size&quot;:&quot;&quot;,&quot;sizes&quot;:{&quot;start&quot;:0,&quot;end&quot;:100}},&quot;motion_fx_devices&quot;:[&quot;desktop&quot;,&quot;tablet&quot;,&quot;mobile&quot;]}\" data-widget_type=\"image.default\">\n\t\t\t\t\t\t\t\t\t\t\t\t\t\t\t<img decoding=\"async\" width=\"1024\" height=\"683\" src=\"https:\/\/lycee.ca\/wp-content\/uploads\/2025\/11\/cais_2-1024x683.webp\" class=\"attachment-large size-large wp-image-876\" alt=\"\" srcset=\"https:\/\/lycee.ca\/wp-content\/uploads\/2025\/11\/cais_2-1024x683.webp 1024w, https:\/\/lycee.ca\/wp-content\/uploads\/2025\/11\/cais_2-300x200.webp 300w, https:\/\/lycee.ca\/wp-content\/uploads\/2025\/11\/cais_2-768x512.webp 768w, https:\/\/lycee.ca\/wp-content\/uploads\/2025\/11\/cais_2-1536x1024.webp 1536w, https:\/\/lycee.ca\/wp-content\/uploads\/2025\/11\/cais_2-600x400.webp 600w, https:\/\/lycee.ca\/wp-content\/uploads\/2025\/11\/cais_2.webp 1920w\" sizes=\"(max-width: 1024px) 100vw, 1024px\" \/>\t\t\t\t\t\t\t\t\t\t\t\t\t\t\t<\/div>\n\t\t\t\t<\/div>\n\t\t<div class=\"elementor-element elementor-element-f40071b e-con-full e-flex e-con e-child\" data-id=\"f40071b\" data-element_type=\"container\" data-e-type=\"container\" data-settings=\"{&quot;jet_parallax_layout_list&quot;:[]}\">\n\t\t\t\t<div class=\"elementor-element elementor-element-ad56742 elementor-widget elementor-widget-heading\" data-id=\"ad56742\" data-element_type=\"widget\" data-e-type=\"widget\" data-widget_type=\"heading.default\">\n\t\t\t\t\t<h2 class=\"elementor-heading-title elementor-size-default\">Why This Accreditation Matters to You\n<\/h2>\t\t\t\t<\/div>\n\t\t\t\t<div class=\"elementor-element elementor-element-b9a2e9c elementor-widget elementor-widget-text-editor\" data-id=\"b9a2e9c\" data-element_type=\"widget\" data-e-type=\"widget\" data-widget_type=\"text-editor.default\">\n\t\t\t\t\t\t\t\t\t<p><span style=\"font-weight: 400;\">CAIS accreditation provides a critical layer of assurance that is invaluable to parents.<\/span><\/p><p><strong>1. Assurance of Quality and Trust<\/strong><\/p><ul><li style=\"font-weight: 400;\" aria-level=\"1\"><span style=\"font-weight: 400;\">When you see the CAIS logo, you have the independent assurance that our school is committed to national standards that are congruent with the highest internationally accepted criteria for independent school quality. It means we are not just a good school today, but that we have a plan and a process to ensure we remain a leading school tomorrow.<\/span><\/li><\/ul><p><strong>2. A Commitment to Continuous Improvement<\/strong><\/p><ul><li style=\"font-weight: 400;\" aria-level=\"1\"><span style=\"font-weight: 400;\">The core of CAIS membership is a pledge to continuous whole-school improvement. Our participation means we actively engage in professional learning, share best practices with peer schools, and regularly benchmark our programs and operations against the best in the country. This culture of constant evaluation directly benefits your child&#8217;s learning experience.<\/span><\/li><\/ul>\t\t\t\t\t\t\t\t<\/div>\n\t\t\t\t<\/div>\n\t\t\t\t\t<\/div>\n\t\t\t\t<\/div>\n\t\t<div class=\"elementor-element elementor-element-fa828f5 e-flex e-con-boxed e-con e-parent\" data-id=\"fa828f5\" data-element_type=\"container\" data-e-type=\"container\" data-settings=\"{&quot;background_background&quot;:&quot;classic&quot;,&quot;jet_parallax_layout_list&quot;:[]}\">\n\t\t\t\t\t<div class=\"e-con-inner\">\n\t\t\t\t<div class=\"elementor-element elementor-element-da5b682 elementor-widget elementor-widget-heading\" data-id=\"da5b682\" data-element_type=\"widget\" data-e-type=\"widget\" data-widget_type=\"heading.default\">\n\t\t\t\t\t<p class=\"elementor-heading-title elementor-size-default\">By choosing a CAIS-accredited school, you are investing in an institution that is independently verified as being among the best in Canadian independent education, combining this national excellence with our unique French Baccalaur\u00e9at curriculum.\n<\/p>\t\t\t\t<\/div>\n\t\t\t\t\t<\/div>\n\t\t\t\t<\/div>\n\t\t\t\t<\/div>\n\t\t","protected":false},"excerpt":{"rendered":"<p>Choosing Lyc\u00e9e Calgary means joining a select group of Canadian institutions committed to the highest standards of independent education. We are proudly an accredited member of the Canadian Accredited Independent Schools (CAIS), a trusted national benchmark for quality. What is CAIS Accreditation? CAIS is a national network of nearly 100 top Canadian independent schools, which [&hellip;]<\/p>\n","protected":false},"author":1,"featured_media":3113,"parent":276,"menu_order":0,"comment_status":"closed","ping_status":"closed","template":"","meta":{"footnotes":""},"class_list":["post-460","page","type-page","status-publish","has-post-thumbnail","hentry"],"yoast_head":"<!-- This site is optimized with the Yoast SEO plugin v27.4 - https:\/\/yoast.com\/product\/yoast-seo-wordpress\/ -->\n<title>CAIS School | Canadian Accredited Independent Schools in Alberta<\/title>\n<meta name=\"description\" content=\"Discover CAIS \u2014 Canadian Accredited Independent Schools \u2014 and how the Lyc\u00e9e International de Calgary meets the highest national and international standards of excellence.\" \/>\n<meta name=\"robots\" content=\"index, follow, max-snippet:-1, max-image-preview:large, max-video-preview:-1\" \/>\n<link rel=\"canonical\" href=\"https:\/\/lycee.ca\/fr\/pourquoi-nous-choisir\/etre-une-ecole-du-cais\/\" \/>\n<meta property=\"og:locale\" content=\"fr_FR\" \/>\n<meta property=\"og:type\" content=\"article\" \/>\n<meta property=\"og:title\" content=\"CAIS School | Canadian Accredited Independent Schools in Alberta\" \/>\n<meta property=\"og:description\" content=\"Discover CAIS \u2014 Canadian Accredited Independent Schools \u2014 and how the Lyc\u00e9e International de Calgary meets the highest national and international standards of excellence.\" \/>\n<meta property=\"og:url\" content=\"https:\/\/lycee.ca\/fr\/pourquoi-nous-choisir\/etre-une-ecole-du-cais\/\" \/>\n<meta property=\"og:site_name\" content=\"Lyc\u00e9e international de Calgary | French Preschool to Grade 12\" \/>\n<meta property=\"article:publisher\" content=\"https:\/\/www.facebook.com\/lyceecalgary\" \/>\n<meta property=\"article:modified_time\" content=\"2026-02-04T00:21:10+00:00\" \/>\n<meta property=\"og:image\" content=\"https:\/\/lycee.ca\/wp-content\/uploads\/2026\/02\/cover_caisl_17.webp\" \/>\n\t<meta property=\"og:image:width\" content=\"1920\" \/>\n\t<meta property=\"og:image:height\" content=\"1280\" \/>\n\t<meta property=\"og:image:type\" content=\"image\/webp\" \/>\n<meta name=\"twitter:card\" content=\"summary_large_image\" \/>\n<meta name=\"twitter:label1\" content=\"Dur\u00e9e de lecture estim\u00e9e\" \/>\n\t<meta name=\"twitter:data1\" content=\"3 minutes\" \/>\n<script type=\"application\/ld+json\" class=\"yoast-schema-graph\">{\"@context\":\"https:\\\/\\\/schema.org\",\"@graph\":[{\"@type\":\"WebPage\",\"@id\":\"https:\\\/\\\/lycee.ca\\\/why-choose-us\\\/being-a-cais-school\\\/\",\"url\":\"https:\\\/\\\/lycee.ca\\\/why-choose-us\\\/being-a-cais-school\\\/\",\"name\":\"CAIS School | Canadian Accredited Independent Schools in Alberta\",\"isPartOf\":{\"@id\":\"https:\\\/\\\/lycee.ca\\\/#website\"},\"primaryImageOfPage\":{\"@id\":\"https:\\\/\\\/lycee.ca\\\/why-choose-us\\\/being-a-cais-school\\\/#primaryimage\"},\"image\":{\"@id\":\"https:\\\/\\\/lycee.ca\\\/why-choose-us\\\/being-a-cais-school\\\/#primaryimage\"},\"thumbnailUrl\":\"https:\\\/\\\/lycee.ca\\\/wp-content\\\/uploads\\\/2026\\\/02\\\/cover_caisl_17.webp\",\"datePublished\":\"2025-11-17T02:56:01+00:00\",\"dateModified\":\"2026-02-04T00:21:10+00:00\",\"description\":\"Discover CAIS \u2014 Canadian Accredited Independent Schools \u2014 and how the Lyc\u00e9e International de Calgary meets the highest national and international standards of excellence.\",\"breadcrumb\":{\"@id\":\"https:\\\/\\\/lycee.ca\\\/why-choose-us\\\/being-a-cais-school\\\/#breadcrumb\"},\"inLanguage\":\"fr-FR\",\"potentialAction\":[{\"@type\":\"ReadAction\",\"target\":[\"https:\\\/\\\/lycee.ca\\\/why-choose-us\\\/being-a-cais-school\\\/\"]}]},{\"@type\":\"ImageObject\",\"inLanguage\":\"fr-FR\",\"@id\":\"https:\\\/\\\/lycee.ca\\\/why-choose-us\\\/being-a-cais-school\\\/#primaryimage\",\"url\":\"https:\\\/\\\/lycee.ca\\\/wp-content\\\/uploads\\\/2026\\\/02\\\/cover_caisl_17.webp\",\"contentUrl\":\"https:\\\/\\\/lycee.ca\\\/wp-content\\\/uploads\\\/2026\\\/02\\\/cover_caisl_17.webp\",\"width\":1920,\"height\":1280},{\"@type\":\"BreadcrumbList\",\"@id\":\"https:\\\/\\\/lycee.ca\\\/why-choose-us\\\/being-a-cais-school\\\/#breadcrumb\",\"itemListElement\":[{\"@type\":\"ListItem\",\"position\":1,\"name\":\"Home\",\"item\":\"https:\\\/\\\/lycee.ca\\\/\"},{\"@type\":\"ListItem\",\"position\":2,\"name\":\"Why choose us?\",\"item\":\"https:\\\/\\\/lycee.ca\\\/why-choose-us\\\/\"},{\"@type\":\"ListItem\",\"position\":3,\"name\":\"Being a CAIS school\"}]},{\"@type\":\"WebSite\",\"@id\":\"https:\\\/\\\/lycee.ca\\\/#website\",\"url\":\"https:\\\/\\\/lycee.ca\\\/\",\"name\":\"Lyc\u00e9e international de Calgary | French Preschool to Grade 12\",\"description\":\"Calgary Private French School located in SW Altadore. Lyc\u00e9e offers full-day preschool, no prior french needed, small class sizes, and international study.\",\"publisher\":{\"@id\":\"https:\\\/\\\/lycee.ca\\\/#organization\"},\"potentialAction\":[{\"@type\":\"SearchAction\",\"target\":{\"@type\":\"EntryPoint\",\"urlTemplate\":\"https:\\\/\\\/lycee.ca\\\/?s={search_term_string}\"},\"query-input\":{\"@type\":\"PropertyValueSpecification\",\"valueRequired\":true,\"valueName\":\"search_term_string\"}}],\"inLanguage\":\"fr-FR\"},{\"@type\":\"Organization\",\"@id\":\"https:\\\/\\\/lycee.ca\\\/#organization\",\"name\":\"Lyc\u00e9e international de Calgary | French Preschool to Grade 12\",\"url\":\"https:\\\/\\\/lycee.ca\\\/\",\"logo\":{\"@type\":\"ImageObject\",\"inLanguage\":\"fr-FR\",\"@id\":\"https:\\\/\\\/lycee.ca\\\/#\\\/schema\\\/logo\\\/image\\\/\",\"url\":\"https:\\\/\\\/lycee.ca\\\/wp-content\\\/uploads\\\/2025\\\/09\\\/logo_lycee.svg\",\"contentUrl\":\"https:\\\/\\\/lycee.ca\\\/wp-content\\\/uploads\\\/2025\\\/09\\\/logo_lycee.svg\",\"width\":850,\"height\":385,\"caption\":\"Lyc\u00e9e international de Calgary | French Preschool to Grade 12\"},\"image\":{\"@id\":\"https:\\\/\\\/lycee.ca\\\/#\\\/schema\\\/logo\\\/image\\\/\"},\"sameAs\":[\"https:\\\/\\\/www.facebook.com\\\/lyceecalgary\",\"https:\\\/\\\/www.instagram.com\\\/lyceecalgary\\\/\"]}]}<\/script>\n<!-- \/ Yoast SEO plugin. -->","yoast_head_json":{"title":"CAIS School | \u00c9coles ind\u00e9pendantes accr\u00e9dit\u00e9es au Canada en Alberta","description":"D\u00e9couvrez la CAIS - Canadian Accredited Independent Schools - et comment le Lyc\u00e9e International de Calgary r\u00e9pond aux normes d'excellence nationales et internationales les plus \u00e9lev\u00e9es.","robots":{"index":"index","follow":"follow","max-snippet":"max-snippet:-1","max-image-preview":"max-image-preview:large","max-video-preview":"max-video-preview:-1"},"canonical":"https:\/\/lycee.ca\/fr\/pourquoi-nous-choisir\/etre-une-ecole-du-cais\/","og_locale":"fr_FR","og_type":"article","og_title":"CAIS School | Canadian Accredited Independent Schools in Alberta","og_description":"Discover CAIS \u2014 Canadian Accredited Independent Schools \u2014 and how the Lyc\u00e9e International de Calgary meets the highest national and international standards of excellence.","og_url":"https:\/\/lycee.ca\/fr\/pourquoi-nous-choisir\/etre-une-ecole-du-cais\/","og_site_name":"Lyc\u00e9e international de Calgary | French Preschool to Grade 12","article_publisher":"https:\/\/www.facebook.com\/lyceecalgary","article_modified_time":"2026-02-04T00:21:10+00:00","og_image":[{"width":1920,"height":1280,"url":"https:\/\/lycee.ca\/wp-content\/uploads\/2026\/02\/cover_caisl_17.webp","type":"image\/webp"}],"twitter_card":"summary_large_image","twitter_misc":{"Dur\u00e9e de lecture estim\u00e9e":"3 minutes"},"schema":{"@context":"https:\/\/schema.org","@graph":[{"@type":"WebPage","@id":"https:\/\/lycee.ca\/why-choose-us\/being-a-cais-school\/","url":"https:\/\/lycee.ca\/why-choose-us\/being-a-cais-school\/","name":"CAIS School | \u00c9coles ind\u00e9pendantes accr\u00e9dit\u00e9es au Canada en Alberta","isPartOf":{"@id":"https:\/\/lycee.ca\/#website"},"primaryImageOfPage":{"@id":"https:\/\/lycee.ca\/why-choose-us\/being-a-cais-school\/#primaryimage"},"image":{"@id":"https:\/\/lycee.ca\/why-choose-us\/being-a-cais-school\/#primaryimage"},"thumbnailUrl":"https:\/\/lycee.ca\/wp-content\/uploads\/2026\/02\/cover_caisl_17.webp","datePublished":"2025-11-17T02:56:01+00:00","dateModified":"2026-02-04T00:21:10+00:00","description":"D\u00e9couvrez la CAIS - Canadian Accredited Independent Schools - et comment le Lyc\u00e9e International de Calgary r\u00e9pond aux normes d'excellence nationales et internationales les plus \u00e9lev\u00e9es.","breadcrumb":{"@id":"https:\/\/lycee.ca\/why-choose-us\/being-a-cais-school\/#breadcrumb"},"inLanguage":"fr-FR","potentialAction":[{"@type":"ReadAction","target":["https:\/\/lycee.ca\/why-choose-us\/being-a-cais-school\/"]}]},{"@type":"ImageObject","inLanguage":"fr-FR","@id":"https:\/\/lycee.ca\/why-choose-us\/being-a-cais-school\/#primaryimage","url":"https:\/\/lycee.ca\/wp-content\/uploads\/2026\/02\/cover_caisl_17.webp","contentUrl":"https:\/\/lycee.ca\/wp-content\/uploads\/2026\/02\/cover_caisl_17.webp","width":1920,"height":1280},{"@type":"BreadcrumbList","@id":"https:\/\/lycee.ca\/why-choose-us\/being-a-cais-school\/#breadcrumb","itemListElement":[{"@type":"ListItem","position":1,"name":"Home","item":"https:\/\/lycee.ca\/"},{"@type":"ListItem","position":2,"name":"Why choose us?","item":"https:\/\/lycee.ca\/why-choose-us\/"},{"@type":"ListItem","position":3,"name":"Being a CAIS school"}]},{"@type":"WebSite","@id":"https:\/\/lycee.ca\/#website","url":"https:\/\/lycee.ca\/","name":"Lyc\u00e9e international de Calgary | Fran\u00e7ais de la maternelle \u00e0 la terminale","description":"\u00c9cole priv\u00e9e de fran\u00e7ais de Calgary situ\u00e9e dans le quartier SW Altadore. Le Lyc\u00e9e propose une \u00e9cole maternelle \u00e0 temps plein, sans besoin de connaissances pr\u00e9alables en fran\u00e7ais, avec des classes de petite taille et des \u00e9tudes internationales.","publisher":{"@id":"https:\/\/lycee.ca\/#organization"},"potentialAction":[{"@type":"SearchAction","target":{"@type":"EntryPoint","urlTemplate":"https:\/\/lycee.ca\/?s={search_term_string}"},"query-input":{"@type":"PropertyValueSpecification","valueRequired":true,"valueName":"search_term_string"}}],"inLanguage":"fr-FR"},{"@type":"Organization","@id":"https:\/\/lycee.ca\/#organization","name":"Lyc\u00e9e international de Calgary | Fran\u00e7ais de la maternelle \u00e0 la terminale","url":"https:\/\/lycee.ca\/","logo":{"@type":"ImageObject","inLanguage":"fr-FR","@id":"https:\/\/lycee.ca\/#\/schema\/logo\/image\/","url":"https:\/\/lycee.ca\/wp-content\/uploads\/2025\/09\/logo_lycee.svg","contentUrl":"https:\/\/lycee.ca\/wp-content\/uploads\/2025\/09\/logo_lycee.svg","width":850,"height":385,"caption":"Lyc\u00e9e international de Calgary | French Preschool to Grade 12"},"image":{"@id":"https:\/\/lycee.ca\/#\/schema\/logo\/image\/"},"sameAs":["https:\/\/www.facebook.com\/lyceecalgary","https:\/\/www.instagram.com\/lyceecalgary\/"]}]}},"_links":{"self":[{"href":"https:\/\/lycee.ca\/fr\/wp-json\/wp\/v2\/pages\/460","targetHints":{"allow":["GET"]}}],"collection":[{"href":"https:\/\/lycee.ca\/fr\/wp-json\/wp\/v2\/pages"}],"about":[{"href":"https:\/\/lycee.ca\/fr\/wp-json\/wp\/v2\/types\/page"}],"author":[{"embeddable":true,"href":"https:\/\/lycee.ca\/fr\/wp-json\/wp\/v2\/users\/1"}],"replies":[{"embeddable":true,"href":"https:\/\/lycee.ca\/fr\/wp-json\/wp\/v2\/comments?post=460"}],"version-history":[{"count":0,"href":"https:\/\/lycee.ca\/fr\/wp-json\/wp\/v2\/pages\/460\/revisions"}],"up":[{"embeddable":true,"href":"https:\/\/lycee.ca\/fr\/wp-json\/wp\/v2\/pages\/276"}],"wp:featuredmedia":[{"embeddable":true,"href":"https:\/\/lycee.ca\/fr\/wp-json\/wp\/v2\/media\/3113"}],"wp:attachment":[{"href":"https:\/\/lycee.ca\/fr\/wp-json\/wp\/v2\/media?parent=460"}],"curies":[{"name":"wp","href":"https:\/\/api.w.org\/{rel}","templated":true}]}}