{"id":2248,"date":"2025-12-09T19:54:15","date_gmt":"2025-12-10T02:54:15","guid":{"rendered":"https:\/\/lycee.ca\/?page_id=2248"},"modified":"2025-12-10T05:01:20","modified_gmt":"2025-12-10T12:01:20","slug":"bibliotheque","status":"publish","type":"page","link":"https:\/\/lycee.ca\/fr\/facilities\/rentals\/library\/","title":{"rendered":"Biblioth\u00e8que"},"content":{"rendered":"<div data-elementor-type=\"wp-page\" data-elementor-id=\"2248\" class=\"elementor elementor-2248\" data-elementor-post-type=\"page\">\n\t\t\t\t<div class=\"elementor-element elementor-element-bb2901f e-flex e-con-boxed e-con e-parent\" data-id=\"bb2901f\" data-element_type=\"container\" data-e-type=\"container\" data-settings=\"{&quot;jet_parallax_layout_list&quot;:[]}\">\n\t\t\t\t\t<div class=\"e-con-inner\">\n\t\t\t\t<div class=\"elementor-element elementor-element-429e83c elementor-widget elementor-widget-heading\" data-id=\"429e83c\" data-element_type=\"widget\" data-e-type=\"widget\" data-widget_type=\"heading.default\">\n\t\t\t\t\t<p class=\"elementor-heading-title elementor-size-default\">Le Lyc\u00e9e Calgary est fier de mettre \u00e0 la disposition de ses \u00e9l\u00e8ves un espace de lecture et d'\u00e9tude \u00e0 la fois chaleureux et soigneusement am\u00e9nag\u00e9. V\u00e9ritable havre de curiosit\u00e9, notre biblioth\u00e8que invite chacun \u00e0 explorer de nouveaux horizons et \u00e0 enrichir ses connaissances dans un cadre paisible et confortable.\n<\/p>\t\t\t\t<\/div>\n\t\t\t\t\t<\/div>\n\t\t\t\t<\/div>\n\t\t<div class=\"elementor-element elementor-element-8f35c56 e-flex e-con-boxed e-con e-parent\" data-id=\"8f35c56\" data-element_type=\"container\" data-e-type=\"container\" data-settings=\"{&quot;jet_parallax_layout_list&quot;:[],&quot;background_background&quot;:&quot;classic&quot;}\">\n\t\t\t\t\t<div class=\"e-con-inner\">\n\t\t<div class=\"elementor-element elementor-element-408b916 e-con-full e-flex e-con e-child\" data-id=\"408b916\" data-element_type=\"container\" data-e-type=\"container\" data-settings=\"{&quot;jet_parallax_layout_list&quot;:[]}\">\n\t\t<div class=\"elementor-element elementor-element-789e434 e-con-full e-flex e-con e-child\" data-id=\"789e434\" data-element_type=\"container\" data-e-type=\"container\" data-settings=\"{&quot;background_background&quot;:&quot;classic&quot;,&quot;jet_parallax_layout_list&quot;:[]}\">\n\t\t\t\t<div class=\"elementor-element elementor-element-7fd0076 elementor-widget elementor-widget-heading\" data-id=\"7fd0076\" data-element_type=\"widget\" data-e-type=\"widget\" data-widget_type=\"heading.default\">\n\t\t\t\t\t<h2 class=\"elementor-heading-title elementor-size-default\">Un espace de curiosit\u00e9 et d'\u00e9change\n<\/h2>\t\t\t\t<\/div>\n\t\t\t\t<div class=\"elementor-element elementor-element-2f4e742 elementor-widget elementor-widget-text-editor\" data-id=\"2f4e742\" data-element_type=\"widget\" data-e-type=\"widget\" data-widget_type=\"text-editor.default\">\n\t\t\t\t\t\t\t\t\t<p><span style=\"font-weight: 400;\">V\u00e9ritable c\u0153ur battant du campus, la biblioth\u00e8que en m\u00e9moire d' Amy Pollard est un espace chaleureux qui va bien au-del\u00e0 d'une simple collection d'ouvrages. C'est un lieu d\u2019exploration et de savoir o\u00f9 le fran\u00e7ais et l\u2019anglais se c\u00f4toient, accompagnant chaque \u00e9l\u00e8ve dans son parcours : des tout-petits de la maternelle s\u2019\u00e9veillant aux r\u00e9cits, jusqu'aux lyc\u00e9ens menant leurs recherches acad\u00e9miques.<\/span><\/p>\t\t\t\t\t\t\t\t<\/div>\n\t\t\t\t<div class=\"elementor-element elementor-element-bc3849b elementor-widget elementor-widget-heading\" data-id=\"bc3849b\" data-element_type=\"widget\" data-e-type=\"widget\" data-widget_type=\"heading.default\">\n\t\t\t\t\t<h2 class=\"elementor-heading-title elementor-size-default\">Un centre culturel au service de la communaut\u00e9\n<\/h2>\t\t\t\t<\/div>\n\t\t\t\t<div class=\"elementor-element elementor-element-b90c7a4 elementor-widget elementor-widget-text-editor\" data-id=\"b90c7a4\" data-element_type=\"widget\" data-e-type=\"widget\" data-widget_type=\"text-editor.default\">\n\t\t\t\t\t\t\t\t\t<p><span style=\"font-weight: 400;\">La biblioth\u00e8que est aussi un espace de rencontre polyvalent disponible \u00e0 la location. Id\u00e9ale pour des activit\u00e9s de groupe, des r\u00e9unions professionnelles ou des conf\u00e9rences, elle offre un cadre inspirant qui favorise le dialogue, la collaboration et la c\u00e9l\u00e9bration commune des cultures litt\u00e9raires fran\u00e7aise et canadienne.<\/span><\/p>\t\t\t\t\t\t\t\t<\/div>\n\t\t\t\t<\/div>\n\t\t<div class=\"elementor-element elementor-element-dd3cd3e e-con-full e-flex e-con e-child\" data-id=\"dd3cd3e\" data-element_type=\"container\" data-e-type=\"container\" data-settings=\"{&quot;background_background&quot;:&quot;classic&quot;,&quot;jet_parallax_layout_list&quot;:[]}\">\n\t\t\t\t<\/div>\n\t\t\t\t<\/div>\n\t\t\t\t\t<\/div>\n\t\t\t\t<\/div>\n\t\t<div class=\"elementor-element elementor-element-10ecac7 e-flex e-con-boxed e-con e-parent\" data-id=\"10ecac7\" data-element_type=\"container\" data-e-type=\"container\" data-settings=\"{&quot;background_background&quot;:&quot;classic&quot;,&quot;jet_parallax_layout_list&quot;:[]}\">\n\t\t\t\t\t<div class=\"e-con-inner\">\n\t\t\t\t<div class=\"elementor-element elementor-element-dc44d24 elementor-widget elementor-widget-text-editor\" data-id=\"dc44d24\" data-element_type=\"widget\" data-e-type=\"widget\" data-widget_type=\"text-editor.default\">\n\t\t\t\t\t\t\t\t\t<p class=\"translation-block\">Contactez <a href=\"mailto:rentals@lycee.ca\" target=\"_blank\" rel=\"noopener\">rentals@lycee.ca<\/a><\/p>\t\t\t\t\t\t\t\t<\/div>\n\t\t\t\t\t<\/div>\n\t\t\t\t<\/div>\n\t\t\t\t<\/div>","protected":false},"excerpt":{"rendered":"<p>Lyc\u00e9e Calgary is proud to provide students with a thoughtfully designed, inviting space for reading and learning. Featuring quiet nooks for individual study as well as sectional and group work areas, the library allows students to explore ideas and expand their minds in a safe, comfortable environment. Discover Our Library: A Space for Curiosity and [&hellip;]<\/p>\n","protected":false},"author":1,"featured_media":2325,"parent":2236,"menu_order":0,"comment_status":"closed","ping_status":"closed","template":"","meta":{"footnotes":""},"class_list":["post-2248","page","type-page","status-publish","has-post-thumbnail","hentry"],"yoast_head":"<!-- This site is optimized with the Yoast SEO plugin v27.4 - https:\/\/yoast.com\/product\/yoast-seo-wordpress\/ -->\n<title>Library | Reading, Research &amp; Discovery at Lyc\u00e9e International de Calgary<\/title>\n<meta name=\"description\" content=\"Explore our bilingual library \u2014 a dynamic space for reading, research, and creativity where Lyc\u00e9e International de Calgary students discover a world of ideas.\" \/>\n<meta name=\"robots\" content=\"index, follow, max-snippet:-1, max-image-preview:large, max-video-preview:-1\" \/>\n<link rel=\"canonical\" href=\"https:\/\/lycee.ca\/fr\/installations\/locations\/bibliotheque\/\" \/>\n<meta property=\"og:locale\" content=\"fr_FR\" \/>\n<meta property=\"og:type\" content=\"article\" \/>\n<meta property=\"og:title\" content=\"Library | Reading, Research &amp; Discovery at Lyc\u00e9e International de Calgary\" \/>\n<meta property=\"og:description\" content=\"Explore our bilingual library \u2014 a dynamic space for reading, research, and creativity where Lyc\u00e9e International de Calgary students discover a world of ideas.\" \/>\n<meta property=\"og:url\" content=\"https:\/\/lycee.ca\/fr\/installations\/locations\/bibliotheque\/\" \/>\n<meta property=\"og:site_name\" content=\"Lyc\u00e9e international de Calgary | French Preschool to Grade 12\" \/>\n<meta property=\"article:publisher\" content=\"https:\/\/www.facebook.com\/lyceecalgary\" \/>\n<meta property=\"article:modified_time\" content=\"2025-12-10T12:01:20+00:00\" \/>\n<meta property=\"og:image\" content=\"https:\/\/lycee.ca\/wp-content\/uploads\/2025\/12\/cover_library_2.webp\" \/>\n\t<meta property=\"og:image:width\" content=\"1920\" \/>\n\t<meta property=\"og:image:height\" content=\"1280\" \/>\n\t<meta property=\"og:image:type\" content=\"image\/webp\" \/>\n<meta name=\"twitter:card\" content=\"summary_large_image\" \/>\n<meta name=\"twitter:label1\" content=\"Dur\u00e9e de lecture estim\u00e9e\" \/>\n\t<meta name=\"twitter:data1\" content=\"1 minute\" \/>\n<script type=\"application\/ld+json\" class=\"yoast-schema-graph\">{\"@context\":\"https:\\\/\\\/schema.org\",\"@graph\":[{\"@type\":\"WebPage\",\"@id\":\"https:\\\/\\\/lycee.ca\\\/facilities\\\/rentals\\\/library\\\/\",\"url\":\"https:\\\/\\\/lycee.ca\\\/facilities\\\/rentals\\\/library\\\/\",\"name\":\"Library | Reading, Research & Discovery at Lyc\u00e9e International de Calgary\",\"isPartOf\":{\"@id\":\"https:\\\/\\\/lycee.ca\\\/#website\"},\"primaryImageOfPage\":{\"@id\":\"https:\\\/\\\/lycee.ca\\\/facilities\\\/rentals\\\/library\\\/#primaryimage\"},\"image\":{\"@id\":\"https:\\\/\\\/lycee.ca\\\/facilities\\\/rentals\\\/library\\\/#primaryimage\"},\"thumbnailUrl\":\"https:\\\/\\\/lycee.ca\\\/wp-content\\\/uploads\\\/2025\\\/12\\\/cover_library_2.webp\",\"datePublished\":\"2025-12-10T02:54:15+00:00\",\"dateModified\":\"2025-12-10T12:01:20+00:00\",\"description\":\"Explore our bilingual library \u2014 a dynamic space for reading, research, and creativity where Lyc\u00e9e International de Calgary students discover a world of ideas.\",\"breadcrumb\":{\"@id\":\"https:\\\/\\\/lycee.ca\\\/facilities\\\/rentals\\\/library\\\/#breadcrumb\"},\"inLanguage\":\"fr-FR\",\"potentialAction\":[{\"@type\":\"ReadAction\",\"target\":[\"https:\\\/\\\/lycee.ca\\\/facilities\\\/rentals\\\/library\\\/\"]}]},{\"@type\":\"ImageObject\",\"inLanguage\":\"fr-FR\",\"@id\":\"https:\\\/\\\/lycee.ca\\\/facilities\\\/rentals\\\/library\\\/#primaryimage\",\"url\":\"https:\\\/\\\/lycee.ca\\\/wp-content\\\/uploads\\\/2025\\\/12\\\/cover_library_2.webp\",\"contentUrl\":\"https:\\\/\\\/lycee.ca\\\/wp-content\\\/uploads\\\/2025\\\/12\\\/cover_library_2.webp\",\"width\":1920,\"height\":1280},{\"@type\":\"BreadcrumbList\",\"@id\":\"https:\\\/\\\/lycee.ca\\\/facilities\\\/rentals\\\/library\\\/#breadcrumb\",\"itemListElement\":[{\"@type\":\"ListItem\",\"position\":1,\"name\":\"Home\",\"item\":\"https:\\\/\\\/lycee.ca\\\/\"},{\"@type\":\"ListItem\",\"position\":2,\"name\":\"Facilities\",\"item\":\"https:\\\/\\\/lycee.ca\\\/facilities\\\/\"},{\"@type\":\"ListItem\",\"position\":3,\"name\":\"Rentals\",\"item\":\"https:\\\/\\\/lycee.ca\\\/facilities\\\/rentals\\\/\"},{\"@type\":\"ListItem\",\"position\":4,\"name\":\"Library\"}]},{\"@type\":\"WebSite\",\"@id\":\"https:\\\/\\\/lycee.ca\\\/#website\",\"url\":\"https:\\\/\\\/lycee.ca\\\/\",\"name\":\"Lyc\u00e9e international de Calgary | French Preschool to Grade 12\",\"description\":\"Calgary Private French School located in SW Altadore. Lyc\u00e9e offers full-day preschool, no prior french needed, small class sizes, and international study.\",\"publisher\":{\"@id\":\"https:\\\/\\\/lycee.ca\\\/#organization\"},\"potentialAction\":[{\"@type\":\"SearchAction\",\"target\":{\"@type\":\"EntryPoint\",\"urlTemplate\":\"https:\\\/\\\/lycee.ca\\\/?s={search_term_string}\"},\"query-input\":{\"@type\":\"PropertyValueSpecification\",\"valueRequired\":true,\"valueName\":\"search_term_string\"}}],\"inLanguage\":\"fr-FR\"},{\"@type\":\"Organization\",\"@id\":\"https:\\\/\\\/lycee.ca\\\/#organization\",\"name\":\"Lyc\u00e9e international de Calgary | French Preschool to Grade 12\",\"url\":\"https:\\\/\\\/lycee.ca\\\/\",\"logo\":{\"@type\":\"ImageObject\",\"inLanguage\":\"fr-FR\",\"@id\":\"https:\\\/\\\/lycee.ca\\\/#\\\/schema\\\/logo\\\/image\\\/\",\"url\":\"https:\\\/\\\/lycee.ca\\\/wp-content\\\/uploads\\\/2025\\\/09\\\/logo_lycee.svg\",\"contentUrl\":\"https:\\\/\\\/lycee.ca\\\/wp-content\\\/uploads\\\/2025\\\/09\\\/logo_lycee.svg\",\"width\":850,\"height\":385,\"caption\":\"Lyc\u00e9e international de Calgary | French Preschool to Grade 12\"},\"image\":{\"@id\":\"https:\\\/\\\/lycee.ca\\\/#\\\/schema\\\/logo\\\/image\\\/\"},\"sameAs\":[\"https:\\\/\\\/www.facebook.com\\\/lyceecalgary\",\"https:\\\/\\\/www.instagram.com\\\/lyceecalgary\\\/\"]}]}<\/script>\n<!-- \/ Yoast SEO plugin. -->","yoast_head_json":{"title":"Biblioth\u00e8que - Lecture, recherche et d\u00e9couverte au Lyc\u00e9e International de Calgary","description":"Explorez notre biblioth\u00e8que bilingue - un espace dynamique pour la lecture, la recherche et la cr\u00e9ativit\u00e9 o\u00f9 les \u00e9l\u00e8ves du Lyc\u00e9e International de Calgary d\u00e9couvrent un monde d'id\u00e9es.","robots":{"index":"index","follow":"follow","max-snippet":"max-snippet:-1","max-image-preview":"max-image-preview:large","max-video-preview":"max-video-preview:-1"},"canonical":"https:\/\/lycee.ca\/fr\/installations\/locations\/bibliotheque\/","og_locale":"fr_FR","og_type":"article","og_title":"Library | Reading, Research & Discovery at Lyc\u00e9e International de Calgary","og_description":"Explore our bilingual library \u2014 a dynamic space for reading, research, and creativity where Lyc\u00e9e International de Calgary students discover a world of ideas.","og_url":"https:\/\/lycee.ca\/fr\/installations\/locations\/bibliotheque\/","og_site_name":"Lyc\u00e9e international de Calgary | French Preschool to Grade 12","article_publisher":"https:\/\/www.facebook.com\/lyceecalgary","article_modified_time":"2025-12-10T12:01:20+00:00","og_image":[{"width":1920,"height":1280,"url":"https:\/\/lycee.ca\/wp-content\/uploads\/2025\/12\/cover_library_2.webp","type":"image\/webp"}],"twitter_card":"summary_large_image","twitter_misc":{"Dur\u00e9e de lecture estim\u00e9e":"1 minute"},"schema":{"@context":"https:\/\/schema.org","@graph":[{"@type":"WebPage","@id":"https:\/\/lycee.ca\/facilities\/rentals\/library\/","url":"https:\/\/lycee.ca\/facilities\/rentals\/library\/","name":"Biblioth\u00e8que - Lecture, recherche et d\u00e9couverte au Lyc\u00e9e International de Calgary","isPartOf":{"@id":"https:\/\/lycee.ca\/#website"},"primaryImageOfPage":{"@id":"https:\/\/lycee.ca\/facilities\/rentals\/library\/#primaryimage"},"image":{"@id":"https:\/\/lycee.ca\/facilities\/rentals\/library\/#primaryimage"},"thumbnailUrl":"https:\/\/lycee.ca\/wp-content\/uploads\/2025\/12\/cover_library_2.webp","datePublished":"2025-12-10T02:54:15+00:00","dateModified":"2025-12-10T12:01:20+00:00","description":"Explorez notre biblioth\u00e8que bilingue - un espace dynamique pour la lecture, la recherche et la cr\u00e9ativit\u00e9 o\u00f9 les \u00e9l\u00e8ves du Lyc\u00e9e International de Calgary d\u00e9couvrent un monde d'id\u00e9es.","breadcrumb":{"@id":"https:\/\/lycee.ca\/facilities\/rentals\/library\/#breadcrumb"},"inLanguage":"fr-FR","potentialAction":[{"@type":"ReadAction","target":["https:\/\/lycee.ca\/facilities\/rentals\/library\/"]}]},{"@type":"ImageObject","inLanguage":"fr-FR","@id":"https:\/\/lycee.ca\/facilities\/rentals\/library\/#primaryimage","url":"https:\/\/lycee.ca\/wp-content\/uploads\/2025\/12\/cover_library_2.webp","contentUrl":"https:\/\/lycee.ca\/wp-content\/uploads\/2025\/12\/cover_library_2.webp","width":1920,"height":1280},{"@type":"BreadcrumbList","@id":"https:\/\/lycee.ca\/facilities\/rentals\/library\/#breadcrumb","itemListElement":[{"@type":"ListItem","position":1,"name":"Home","item":"https:\/\/lycee.ca\/"},{"@type":"ListItem","position":2,"name":"Facilities","item":"https:\/\/lycee.ca\/facilities\/"},{"@type":"ListItem","position":3,"name":"Rentals","item":"https:\/\/lycee.ca\/facilities\/rentals\/"},{"@type":"ListItem","position":4,"name":"Library"}]},{"@type":"WebSite","@id":"https:\/\/lycee.ca\/#website","url":"https:\/\/lycee.ca\/","name":"Lyc\u00e9e international de Calgary | Fran\u00e7ais de la maternelle \u00e0 la terminale","description":"\u00c9cole priv\u00e9e de fran\u00e7ais de Calgary situ\u00e9e dans le quartier SW Altadore. Le Lyc\u00e9e propose une \u00e9cole maternelle \u00e0 temps plein, sans besoin de connaissances pr\u00e9alables en fran\u00e7ais, avec des classes de petite taille et des \u00e9tudes internationales.","publisher":{"@id":"https:\/\/lycee.ca\/#organization"},"potentialAction":[{"@type":"SearchAction","target":{"@type":"EntryPoint","urlTemplate":"https:\/\/lycee.ca\/?s={search_term_string}"},"query-input":{"@type":"PropertyValueSpecification","valueRequired":true,"valueName":"search_term_string"}}],"inLanguage":"fr-FR"},{"@type":"Organization","@id":"https:\/\/lycee.ca\/#organization","name":"Lyc\u00e9e international de Calgary | Fran\u00e7ais de la maternelle \u00e0 la terminale","url":"https:\/\/lycee.ca\/","logo":{"@type":"ImageObject","inLanguage":"fr-FR","@id":"https:\/\/lycee.ca\/#\/schema\/logo\/image\/","url":"https:\/\/lycee.ca\/wp-content\/uploads\/2025\/09\/logo_lycee.svg","contentUrl":"https:\/\/lycee.ca\/wp-content\/uploads\/2025\/09\/logo_lycee.svg","width":850,"height":385,"caption":"Lyc\u00e9e international de Calgary | French Preschool to Grade 12"},"image":{"@id":"https:\/\/lycee.ca\/#\/schema\/logo\/image\/"},"sameAs":["https:\/\/www.facebook.com\/lyceecalgary","https:\/\/www.instagram.com\/lyceecalgary\/"]}]}},"_links":{"self":[{"href":"https:\/\/lycee.ca\/fr\/wp-json\/wp\/v2\/pages\/2248","targetHints":{"allow":["GET"]}}],"collection":[{"href":"https:\/\/lycee.ca\/fr\/wp-json\/wp\/v2\/pages"}],"about":[{"href":"https:\/\/lycee.ca\/fr\/wp-json\/wp\/v2\/types\/page"}],"author":[{"embeddable":true,"href":"https:\/\/lycee.ca\/fr\/wp-json\/wp\/v2\/users\/1"}],"replies":[{"embeddable":true,"href":"https:\/\/lycee.ca\/fr\/wp-json\/wp\/v2\/comments?post=2248"}],"version-history":[{"count":0,"href":"https:\/\/lycee.ca\/fr\/wp-json\/wp\/v2\/pages\/2248\/revisions"}],"up":[{"embeddable":true,"href":"https:\/\/lycee.ca\/fr\/wp-json\/wp\/v2\/pages\/2236"}],"wp:featuredmedia":[{"embeddable":true,"href":"https:\/\/lycee.ca\/fr\/wp-json\/wp\/v2\/media\/2325"}],"wp:attachment":[{"href":"https:\/\/lycee.ca\/fr\/wp-json\/wp\/v2\/media?parent=2248"}],"curies":[{"name":"wp","href":"https:\/\/api.w.org\/{rel}","templated":true}]}}