{"id":2246,"date":"2025-12-09T19:53:02","date_gmt":"2025-12-10T02:53:02","guid":{"rendered":"https:\/\/lycee.ca\/?page_id=2246"},"modified":"2025-12-09T21:40:50","modified_gmt":"2025-12-10T04:40:50","slug":"salles-de-classe","status":"publish","type":"page","link":"https:\/\/lycee.ca\/fr\/facilities\/rentals\/classrooms\/","title":{"rendered":"Salles de classe"},"content":{"rendered":"\t\t<div data-elementor-type=\"wp-page\" data-elementor-id=\"2246\" class=\"elementor elementor-2246\" data-elementor-post-type=\"page\">\n\t\t\t\t<div class=\"elementor-element elementor-element-5cd3dba e-flex e-con-boxed e-con e-parent\" data-id=\"5cd3dba\" data-element_type=\"container\" data-e-type=\"container\" data-settings=\"{&quot;jet_parallax_layout_list&quot;:[]}\">\n\t\t\t\t\t<div class=\"e-con-inner\">\n\t\t\t\t<div class=\"elementor-element elementor-element-b36c884 elementor-widget elementor-widget-heading\" data-id=\"b36c884\" data-element_type=\"widget\" data-e-type=\"widget\" data-widget_type=\"heading.default\">\n\t\t\t\t\t<p class=\"elementor-heading-title elementor-size-default\">Our classrooms are designed to inspire creativity and collaboration, with flexible furniture and natural light that support active, bilingual learning in both French and English for students of all ages.\n<\/p>\t\t\t\t<\/div>\n\t\t\t\t\t<\/div>\n\t\t\t\t<\/div>\n\t\t<div class=\"elementor-element elementor-element-8de87c3 e-flex e-con-boxed e-con e-parent\" data-id=\"8de87c3\" data-element_type=\"container\" data-e-type=\"container\" data-settings=\"{&quot;jet_parallax_layout_list&quot;:[],&quot;background_background&quot;:&quot;classic&quot;}\">\n\t\t\t\t\t<div class=\"e-con-inner\">\n\t\t<div class=\"elementor-element elementor-element-b26a5a3 e-con-full e-flex e-con e-child\" data-id=\"b26a5a3\" data-element_type=\"container\" data-e-type=\"container\" data-settings=\"{&quot;jet_parallax_layout_list&quot;:[]}\">\n\t\t\t\t<div class=\"elementor-element elementor-element-1051045 elementor-widget elementor-widget-heading\" data-id=\"1051045\" data-element_type=\"widget\" data-e-type=\"widget\" data-widget_type=\"heading.default\">\n\t\t\t\t\t<h2 class=\"elementor-heading-title elementor-size-default\">A Modern Approach to Learning Spaces\n<\/h2>\t\t\t\t<\/div>\n\t\t\t\t<div class=\"elementor-element elementor-element-006d5d4 elementor-widget elementor-widget-text-editor\" data-id=\"006d5d4\" data-element_type=\"widget\" data-e-type=\"widget\" data-widget_type=\"text-editor.default\">\n\t\t\t\t\t\t\t\t\t<p><span style=\"font-weight: 400;\">The Lyc\u00e9e\u2019s classrooms are dynamic, flexible, and bilingual spaces designed to foster creativity and collaboration. Thoughtfully arranged to engage students from preschool through high school, they feature natural light, ergonomic furniture, and modern technology that support interaction, focus, and accessible learning for all.<\/span><\/p>\t\t\t\t\t\t\t\t<\/div>\n\t\t\t\t<div class=\"elementor-element elementor-element-079bee7 elementor-invisible elementor-widget elementor-widget-image\" data-id=\"079bee7\" data-element_type=\"widget\" data-e-type=\"widget\" data-settings=\"{&quot;motion_fx_motion_fx_scrolling&quot;:&quot;yes&quot;,&quot;motion_fx_translateY_effect&quot;:&quot;yes&quot;,&quot;motion_fx_translateY_speed&quot;:{&quot;unit&quot;:&quot;px&quot;,&quot;size&quot;:2,&quot;sizes&quot;:[]},&quot;_animation&quot;:&quot;fadeInLeft&quot;,&quot;motion_fx_translateY_affectedRange&quot;:{&quot;unit&quot;:&quot;%&quot;,&quot;size&quot;:&quot;&quot;,&quot;sizes&quot;:{&quot;start&quot;:0,&quot;end&quot;:100}},&quot;motion_fx_devices&quot;:[&quot;desktop&quot;,&quot;tablet&quot;,&quot;mobile&quot;]}\" data-widget_type=\"image.default\">\n\t\t\t\t\t\t\t\t\t\t\t\t\t\t\t<img fetchpriority=\"high\" decoding=\"async\" width=\"1024\" height=\"683\" src=\"https:\/\/lycee.ca\/wp-content\/uploads\/2025\/12\/cover_classrooms_2-1024x683.webp\" class=\"attachment-large size-large wp-image-2313\" alt=\"\" srcset=\"https:\/\/lycee.ca\/wp-content\/uploads\/2025\/12\/cover_classrooms_2-1024x683.webp 1024w, https:\/\/lycee.ca\/wp-content\/uploads\/2025\/12\/cover_classrooms_2-300x200.webp 300w, https:\/\/lycee.ca\/wp-content\/uploads\/2025\/12\/cover_classrooms_2-768x512.webp 768w, https:\/\/lycee.ca\/wp-content\/uploads\/2025\/12\/cover_classrooms_2-1536x1024.webp 1536w, https:\/\/lycee.ca\/wp-content\/uploads\/2025\/12\/cover_classrooms_2-600x400.webp 600w, https:\/\/lycee.ca\/wp-content\/uploads\/2025\/12\/cover_classrooms_2.webp 1920w\" sizes=\"(max-width: 1024px) 100vw, 1024px\" \/>\t\t\t\t\t\t\t\t\t\t\t\t\t\t\t<\/div>\n\t\t\t\t<\/div>\n\t\t<div class=\"elementor-element elementor-element-193d027 e-con-full e-flex e-con e-child\" data-id=\"193d027\" data-element_type=\"container\" data-e-type=\"container\" data-settings=\"{&quot;jet_parallax_layout_list&quot;:[]}\">\n\t\t\t\t<div class=\"elementor-element elementor-element-635f416 elementor-invisible elementor-widget elementor-widget-image\" data-id=\"635f416\" data-element_type=\"widget\" data-e-type=\"widget\" data-settings=\"{&quot;motion_fx_motion_fx_scrolling&quot;:&quot;yes&quot;,&quot;motion_fx_translateY_effect&quot;:&quot;yes&quot;,&quot;motion_fx_translateY_speed&quot;:{&quot;unit&quot;:&quot;px&quot;,&quot;size&quot;:2,&quot;sizes&quot;:[]},&quot;_animation&quot;:&quot;fadeInRight&quot;,&quot;motion_fx_translateY_affectedRange&quot;:{&quot;unit&quot;:&quot;%&quot;,&quot;size&quot;:&quot;&quot;,&quot;sizes&quot;:{&quot;start&quot;:0,&quot;end&quot;:100}},&quot;motion_fx_devices&quot;:[&quot;desktop&quot;,&quot;tablet&quot;,&quot;mobile&quot;]}\" data-widget_type=\"image.default\">\n\t\t\t\t\t\t\t\t\t\t\t\t\t\t\t<img decoding=\"async\" width=\"1024\" height=\"683\" src=\"https:\/\/lycee.ca\/wp-content\/uploads\/2025\/12\/cover_classrooms_1-1024x683.webp\" class=\"attachment-large size-large wp-image-2312\" alt=\"\" srcset=\"https:\/\/lycee.ca\/wp-content\/uploads\/2025\/12\/cover_classrooms_1-1024x683.webp 1024w, https:\/\/lycee.ca\/wp-content\/uploads\/2025\/12\/cover_classrooms_1-300x200.webp 300w, https:\/\/lycee.ca\/wp-content\/uploads\/2025\/12\/cover_classrooms_1-768x512.webp 768w, https:\/\/lycee.ca\/wp-content\/uploads\/2025\/12\/cover_classrooms_1-1536x1024.webp 1536w, https:\/\/lycee.ca\/wp-content\/uploads\/2025\/12\/cover_classrooms_1-600x400.webp 600w, https:\/\/lycee.ca\/wp-content\/uploads\/2025\/12\/cover_classrooms_1.webp 1920w\" sizes=\"(max-width: 1024px) 100vw, 1024px\" \/>\t\t\t\t\t\t\t\t\t\t\t\t\t\t\t<\/div>\n\t\t\t\t<div class=\"elementor-element elementor-element-9fc3aec elementor-widget elementor-widget-heading\" data-id=\"9fc3aec\" data-element_type=\"widget\" data-e-type=\"widget\" data-widget_type=\"heading.default\">\n\t\t\t\t\t<h2 class=\"elementor-heading-title elementor-size-default\">Collaboration and Active Learning in Practice\n<\/h2>\t\t\t\t<\/div>\n\t\t\t\t<div class=\"elementor-element elementor-element-d919cc4 elementor-widget elementor-widget-text-editor\" data-id=\"d919cc4\" data-element_type=\"widget\" data-e-type=\"widget\" data-widget_type=\"text-editor.default\">\n\t\t\t\t\t\t\t\t\t<p><span style=\"font-weight: 400;\">The classrooms are designed to promote teamwork and inquiry-based learning. Students engage in group research, presentations, peer teaching, and interdisciplinary projects, while modular tables and open spaces encourage movement, dialogue, and creativity<\/span><\/p>\t\t\t\t\t\t\t\t<\/div>\n\t\t\t\t<\/div>\n\t\t\t\t\t<\/div>\n\t\t\t\t<\/div>\n\t\t<div class=\"elementor-element elementor-element-d7c45dc e-flex e-con-boxed e-con e-parent\" data-id=\"d7c45dc\" data-element_type=\"container\" data-e-type=\"container\" data-settings=\"{&quot;background_background&quot;:&quot;classic&quot;,&quot;jet_parallax_layout_list&quot;:[]}\">\n\t\t\t\t\t<div class=\"e-con-inner\">\n\t\t\t\t<div class=\"elementor-element elementor-element-08c8712 elementor-widget elementor-widget-text-editor\" data-id=\"08c8712\" data-element_type=\"widget\" data-e-type=\"widget\" data-widget_type=\"text-editor.default\">\n\t\t\t\t\t\t\t\t\t<p>Individual classroom space can be rented based on availability.<\/p><p>Contact <a href=\"mailto:rentals@lycee.ca\" target=\"_blank\" rel=\"noopener\">rentals@lycee.ca<\/a><\/p>\t\t\t\t\t\t\t\t<\/div>\n\t\t\t\t\t<\/div>\n\t\t\t\t<\/div>\n\t\t\t\t<\/div>\n\t\t","protected":false},"excerpt":{"rendered":"<p>Our classrooms are designed to inspire creativity and collaboration, with flexible furniture and natural light that support active, bilingual learning in both French and English for students of all ages. A Modern Approach to Learning Spaces The Lyc\u00e9e\u2019s classrooms are dynamic, flexible, and bilingual spaces designed to foster creativity and collaboration. Thoughtfully arranged to engage [&hellip;]<\/p>\n","protected":false},"author":1,"featured_media":2314,"parent":2236,"menu_order":0,"comment_status":"closed","ping_status":"closed","template":"","meta":{"footnotes":""},"class_list":["post-2246","page","type-page","status-publish","has-post-thumbnail","hentry"],"yoast_head":"<!-- This site is optimized with the Yoast SEO plugin v27.4 - https:\/\/yoast.com\/product\/yoast-seo-wordpress\/ -->\n<title>Modern Classrooms | Interactive Bilingual Learning at Lyc\u00e9e International de Calgary<\/title>\n<meta name=\"description\" content=\"Explore our modern classrooms \u2014 interactive, bilingual spaces where students at Lyc\u00e9e International de Calgary learn, collaborate, and grow with innovation.\" \/>\n<meta name=\"robots\" content=\"index, follow, max-snippet:-1, max-image-preview:large, max-video-preview:-1\" \/>\n<link rel=\"canonical\" href=\"https:\/\/lycee.ca\/fr\/installations\/locations\/salles-de-classe\/\" \/>\n<meta property=\"og:locale\" content=\"fr_FR\" \/>\n<meta property=\"og:type\" content=\"article\" \/>\n<meta property=\"og:title\" content=\"Modern Classrooms | Interactive Bilingual Learning at Lyc\u00e9e International de Calgary\" \/>\n<meta property=\"og:description\" content=\"Explore our modern classrooms \u2014 interactive, bilingual spaces where students at Lyc\u00e9e International de Calgary learn, collaborate, and grow with innovation.\" \/>\n<meta property=\"og:url\" content=\"https:\/\/lycee.ca\/fr\/installations\/locations\/salles-de-classe\/\" \/>\n<meta property=\"og:site_name\" content=\"Lyc\u00e9e international de Calgary | French Preschool to Grade 12\" \/>\n<meta property=\"article:publisher\" content=\"https:\/\/www.facebook.com\/lyceecalgary\" \/>\n<meta property=\"article:modified_time\" content=\"2025-12-10T04:40:50+00:00\" \/>\n<meta property=\"og:image\" content=\"https:\/\/lycee.ca\/wp-content\/uploads\/2025\/12\/cover_classrooms_3.webp\" \/>\n\t<meta property=\"og:image:width\" content=\"1920\" \/>\n\t<meta property=\"og:image:height\" content=\"1280\" \/>\n\t<meta property=\"og:image:type\" content=\"image\/webp\" \/>\n<meta name=\"twitter:card\" content=\"summary_large_image\" \/>\n<meta name=\"twitter:label1\" content=\"Dur\u00e9e de lecture estim\u00e9e\" \/>\n\t<meta name=\"twitter:data1\" content=\"1 minute\" \/>\n<script type=\"application\/ld+json\" class=\"yoast-schema-graph\">{\"@context\":\"https:\\\/\\\/schema.org\",\"@graph\":[{\"@type\":\"WebPage\",\"@id\":\"https:\\\/\\\/lycee.ca\\\/facilities\\\/rentals\\\/classrooms\\\/\",\"url\":\"https:\\\/\\\/lycee.ca\\\/facilities\\\/rentals\\\/classrooms\\\/\",\"name\":\"Modern Classrooms | Interactive Bilingual Learning at Lyc\u00e9e International de Calgary\",\"isPartOf\":{\"@id\":\"https:\\\/\\\/lycee.ca\\\/#website\"},\"primaryImageOfPage\":{\"@id\":\"https:\\\/\\\/lycee.ca\\\/facilities\\\/rentals\\\/classrooms\\\/#primaryimage\"},\"image\":{\"@id\":\"https:\\\/\\\/lycee.ca\\\/facilities\\\/rentals\\\/classrooms\\\/#primaryimage\"},\"thumbnailUrl\":\"https:\\\/\\\/lycee.ca\\\/wp-content\\\/uploads\\\/2025\\\/12\\\/cover_classrooms_3.webp\",\"datePublished\":\"2025-12-10T02:53:02+00:00\",\"dateModified\":\"2025-12-10T04:40:50+00:00\",\"description\":\"Explore our modern classrooms \u2014 interactive, bilingual spaces where students at Lyc\u00e9e International de Calgary learn, collaborate, and grow with innovation.\",\"breadcrumb\":{\"@id\":\"https:\\\/\\\/lycee.ca\\\/facilities\\\/rentals\\\/classrooms\\\/#breadcrumb\"},\"inLanguage\":\"fr-FR\",\"potentialAction\":[{\"@type\":\"ReadAction\",\"target\":[\"https:\\\/\\\/lycee.ca\\\/facilities\\\/rentals\\\/classrooms\\\/\"]}]},{\"@type\":\"ImageObject\",\"inLanguage\":\"fr-FR\",\"@id\":\"https:\\\/\\\/lycee.ca\\\/facilities\\\/rentals\\\/classrooms\\\/#primaryimage\",\"url\":\"https:\\\/\\\/lycee.ca\\\/wp-content\\\/uploads\\\/2025\\\/12\\\/cover_classrooms_3.webp\",\"contentUrl\":\"https:\\\/\\\/lycee.ca\\\/wp-content\\\/uploads\\\/2025\\\/12\\\/cover_classrooms_3.webp\",\"width\":1920,\"height\":1280},{\"@type\":\"BreadcrumbList\",\"@id\":\"https:\\\/\\\/lycee.ca\\\/facilities\\\/rentals\\\/classrooms\\\/#breadcrumb\",\"itemListElement\":[{\"@type\":\"ListItem\",\"position\":1,\"name\":\"Home\",\"item\":\"https:\\\/\\\/lycee.ca\\\/\"},{\"@type\":\"ListItem\",\"position\":2,\"name\":\"Facilities\",\"item\":\"https:\\\/\\\/lycee.ca\\\/facilities\\\/\"},{\"@type\":\"ListItem\",\"position\":3,\"name\":\"Rentals\",\"item\":\"https:\\\/\\\/lycee.ca\\\/facilities\\\/rentals\\\/\"},{\"@type\":\"ListItem\",\"position\":4,\"name\":\"Classrooms\"}]},{\"@type\":\"WebSite\",\"@id\":\"https:\\\/\\\/lycee.ca\\\/#website\",\"url\":\"https:\\\/\\\/lycee.ca\\\/\",\"name\":\"Lyc\u00e9e international de Calgary | French Preschool to Grade 12\",\"description\":\"Calgary Private French School located in SW Altadore. Lyc\u00e9e offers full-day preschool, no prior french needed, small class sizes, and international study.\",\"publisher\":{\"@id\":\"https:\\\/\\\/lycee.ca\\\/#organization\"},\"potentialAction\":[{\"@type\":\"SearchAction\",\"target\":{\"@type\":\"EntryPoint\",\"urlTemplate\":\"https:\\\/\\\/lycee.ca\\\/?s={search_term_string}\"},\"query-input\":{\"@type\":\"PropertyValueSpecification\",\"valueRequired\":true,\"valueName\":\"search_term_string\"}}],\"inLanguage\":\"fr-FR\"},{\"@type\":\"Organization\",\"@id\":\"https:\\\/\\\/lycee.ca\\\/#organization\",\"name\":\"Lyc\u00e9e international de Calgary | French Preschool to Grade 12\",\"url\":\"https:\\\/\\\/lycee.ca\\\/\",\"logo\":{\"@type\":\"ImageObject\",\"inLanguage\":\"fr-FR\",\"@id\":\"https:\\\/\\\/lycee.ca\\\/#\\\/schema\\\/logo\\\/image\\\/\",\"url\":\"https:\\\/\\\/lycee.ca\\\/wp-content\\\/uploads\\\/2025\\\/09\\\/logo_lycee.svg\",\"contentUrl\":\"https:\\\/\\\/lycee.ca\\\/wp-content\\\/uploads\\\/2025\\\/09\\\/logo_lycee.svg\",\"width\":850,\"height\":385,\"caption\":\"Lyc\u00e9e international de Calgary | French Preschool to Grade 12\"},\"image\":{\"@id\":\"https:\\\/\\\/lycee.ca\\\/#\\\/schema\\\/logo\\\/image\\\/\"},\"sameAs\":[\"https:\\\/\\\/www.facebook.com\\\/lyceecalgary\",\"https:\\\/\\\/www.instagram.com\\\/lyceecalgary\\\/\"]}]}<\/script>\n<!-- \/ Yoast SEO plugin. -->","yoast_head_json":{"title":"Des salles de classe modernes et un apprentissage bilingue interactif au Lyc\u00e9e International de Calgary","description":"D\u00e9couvrez nos salles de classe modernes - des espaces interactifs et bilingues o\u00f9 les \u00e9l\u00e8ves du Lyc\u00e9e International de Calgary apprennent, collaborent et grandissent avec innovation.","robots":{"index":"index","follow":"follow","max-snippet":"max-snippet:-1","max-image-preview":"max-image-preview:large","max-video-preview":"max-video-preview:-1"},"canonical":"https:\/\/lycee.ca\/fr\/installations\/locations\/salles-de-classe\/","og_locale":"fr_FR","og_type":"article","og_title":"Modern Classrooms | Interactive Bilingual Learning at Lyc\u00e9e International de Calgary","og_description":"Explore our modern classrooms \u2014 interactive, bilingual spaces where students at Lyc\u00e9e International de Calgary learn, collaborate, and grow with innovation.","og_url":"https:\/\/lycee.ca\/fr\/installations\/locations\/salles-de-classe\/","og_site_name":"Lyc\u00e9e international de Calgary | French Preschool to Grade 12","article_publisher":"https:\/\/www.facebook.com\/lyceecalgary","article_modified_time":"2025-12-10T04:40:50+00:00","og_image":[{"width":1920,"height":1280,"url":"https:\/\/lycee.ca\/wp-content\/uploads\/2025\/12\/cover_classrooms_3.webp","type":"image\/webp"}],"twitter_card":"summary_large_image","twitter_misc":{"Dur\u00e9e de lecture estim\u00e9e":"1 minute"},"schema":{"@context":"https:\/\/schema.org","@graph":[{"@type":"WebPage","@id":"https:\/\/lycee.ca\/facilities\/rentals\/classrooms\/","url":"https:\/\/lycee.ca\/facilities\/rentals\/classrooms\/","name":"Des salles de classe modernes et un apprentissage bilingue interactif au Lyc\u00e9e International de Calgary","isPartOf":{"@id":"https:\/\/lycee.ca\/#website"},"primaryImageOfPage":{"@id":"https:\/\/lycee.ca\/facilities\/rentals\/classrooms\/#primaryimage"},"image":{"@id":"https:\/\/lycee.ca\/facilities\/rentals\/classrooms\/#primaryimage"},"thumbnailUrl":"https:\/\/lycee.ca\/wp-content\/uploads\/2025\/12\/cover_classrooms_3.webp","datePublished":"2025-12-10T02:53:02+00:00","dateModified":"2025-12-10T04:40:50+00:00","description":"D\u00e9couvrez nos salles de classe modernes - des espaces interactifs et bilingues o\u00f9 les \u00e9l\u00e8ves du Lyc\u00e9e International de Calgary apprennent, collaborent et grandissent avec innovation.","breadcrumb":{"@id":"https:\/\/lycee.ca\/facilities\/rentals\/classrooms\/#breadcrumb"},"inLanguage":"fr-FR","potentialAction":[{"@type":"ReadAction","target":["https:\/\/lycee.ca\/facilities\/rentals\/classrooms\/"]}]},{"@type":"ImageObject","inLanguage":"fr-FR","@id":"https:\/\/lycee.ca\/facilities\/rentals\/classrooms\/#primaryimage","url":"https:\/\/lycee.ca\/wp-content\/uploads\/2025\/12\/cover_classrooms_3.webp","contentUrl":"https:\/\/lycee.ca\/wp-content\/uploads\/2025\/12\/cover_classrooms_3.webp","width":1920,"height":1280},{"@type":"BreadcrumbList","@id":"https:\/\/lycee.ca\/facilities\/rentals\/classrooms\/#breadcrumb","itemListElement":[{"@type":"ListItem","position":1,"name":"Home","item":"https:\/\/lycee.ca\/"},{"@type":"ListItem","position":2,"name":"Facilities","item":"https:\/\/lycee.ca\/facilities\/"},{"@type":"ListItem","position":3,"name":"Rentals","item":"https:\/\/lycee.ca\/facilities\/rentals\/"},{"@type":"ListItem","position":4,"name":"Classrooms"}]},{"@type":"WebSite","@id":"https:\/\/lycee.ca\/#website","url":"https:\/\/lycee.ca\/","name":"Lyc\u00e9e international de Calgary | Fran\u00e7ais de la maternelle \u00e0 la terminale","description":"\u00c9cole priv\u00e9e de fran\u00e7ais de Calgary situ\u00e9e dans le quartier SW Altadore. Le Lyc\u00e9e propose une \u00e9cole maternelle \u00e0 temps plein, sans besoin de connaissances pr\u00e9alables en fran\u00e7ais, avec des classes de petite taille et des \u00e9tudes internationales.","publisher":{"@id":"https:\/\/lycee.ca\/#organization"},"potentialAction":[{"@type":"SearchAction","target":{"@type":"EntryPoint","urlTemplate":"https:\/\/lycee.ca\/?s={search_term_string}"},"query-input":{"@type":"PropertyValueSpecification","valueRequired":true,"valueName":"search_term_string"}}],"inLanguage":"fr-FR"},{"@type":"Organization","@id":"https:\/\/lycee.ca\/#organization","name":"Lyc\u00e9e international de Calgary | Fran\u00e7ais de la maternelle \u00e0 la terminale","url":"https:\/\/lycee.ca\/","logo":{"@type":"ImageObject","inLanguage":"fr-FR","@id":"https:\/\/lycee.ca\/#\/schema\/logo\/image\/","url":"https:\/\/lycee.ca\/wp-content\/uploads\/2025\/09\/logo_lycee.svg","contentUrl":"https:\/\/lycee.ca\/wp-content\/uploads\/2025\/09\/logo_lycee.svg","width":850,"height":385,"caption":"Lyc\u00e9e international de Calgary | French Preschool to Grade 12"},"image":{"@id":"https:\/\/lycee.ca\/#\/schema\/logo\/image\/"},"sameAs":["https:\/\/www.facebook.com\/lyceecalgary","https:\/\/www.instagram.com\/lyceecalgary\/"]}]}},"_links":{"self":[{"href":"https:\/\/lycee.ca\/fr\/wp-json\/wp\/v2\/pages\/2246","targetHints":{"allow":["GET"]}}],"collection":[{"href":"https:\/\/lycee.ca\/fr\/wp-json\/wp\/v2\/pages"}],"about":[{"href":"https:\/\/lycee.ca\/fr\/wp-json\/wp\/v2\/types\/page"}],"author":[{"embeddable":true,"href":"https:\/\/lycee.ca\/fr\/wp-json\/wp\/v2\/users\/1"}],"replies":[{"embeddable":true,"href":"https:\/\/lycee.ca\/fr\/wp-json\/wp\/v2\/comments?post=2246"}],"version-history":[{"count":0,"href":"https:\/\/lycee.ca\/fr\/wp-json\/wp\/v2\/pages\/2246\/revisions"}],"up":[{"embeddable":true,"href":"https:\/\/lycee.ca\/fr\/wp-json\/wp\/v2\/pages\/2236"}],"wp:featuredmedia":[{"embeddable":true,"href":"https:\/\/lycee.ca\/fr\/wp-json\/wp\/v2\/media\/2314"}],"wp:attachment":[{"href":"https:\/\/lycee.ca\/fr\/wp-json\/wp\/v2\/media?parent=2246"}],"curies":[{"name":"wp","href":"https:\/\/api.w.org\/{rel}","templated":true}]}}