{"id":2240,"date":"2025-12-09T19:50:53","date_gmt":"2025-12-10T02:50:53","guid":{"rendered":"https:\/\/lycee.ca\/?page_id=2240"},"modified":"2025-12-09T21:29:25","modified_gmt":"2025-12-10T04:29:25","slug":"gymnase","status":"publish","type":"page","link":"https:\/\/lycee.ca\/fr\/facilities\/rentals\/gymnasium\/","title":{"rendered":"Gymnase"},"content":{"rendered":"\t\t<div data-elementor-type=\"wp-page\" data-elementor-id=\"2240\" class=\"elementor elementor-2240\" data-elementor-post-type=\"page\">\n\t\t\t\t<div class=\"elementor-element elementor-element-6fb0d67 e-flex e-con-boxed e-con e-parent\" data-id=\"6fb0d67\" data-element_type=\"container\" data-e-type=\"container\" data-settings=\"{&quot;jet_parallax_layout_list&quot;:[]}\">\n\t\t\t\t\t<div class=\"e-con-inner\">\n\t\t\t\t<div class=\"elementor-element elementor-element-3b0729e elementor-widget elementor-widget-heading\" data-id=\"3b0729e\" data-element_type=\"widget\" data-e-type=\"widget\" data-widget_type=\"heading.default\">\n\t\t\t\t\t<p class=\"elementor-heading-title elementor-size-default\">Looking for a space where students can stay active and build confidence? The gymnasium is a versatile sports facility that supports physical education, team sports, and wellness, accommodating activities such as soccer, basketball, and pickleball. It fosters team spirit, perseverance, and balance, contributing to a holistic educational experience.<\/p>\t\t\t\t<\/div>\n\t\t\t\t\t<\/div>\n\t\t\t\t<\/div>\n\t\t<div class=\"elementor-element elementor-element-6bdaba6 e-flex e-con-boxed e-con e-parent\" data-id=\"6bdaba6\" data-element_type=\"container\" data-e-type=\"container\" data-settings=\"{&quot;jet_parallax_layout_list&quot;:[],&quot;background_background&quot;:&quot;classic&quot;}\">\n\t\t\t\t\t<div class=\"e-con-inner\">\n\t\t<div class=\"elementor-element elementor-element-68836cc e-con-full e-flex e-con e-child\" data-id=\"68836cc\" data-element_type=\"container\" data-e-type=\"container\" data-settings=\"{&quot;jet_parallax_layout_list&quot;:[]}\">\n\t\t\t\t<div class=\"elementor-element elementor-element-dc4c53b elementor-widget elementor-widget-heading\" data-id=\"dc4c53b\" data-element_type=\"widget\" data-e-type=\"widget\" data-widget_type=\"heading.default\">\n\t\t\t\t\t<h2 class=\"elementor-heading-title elementor-size-default\">Discover Our Gymnasium: A Space for Movement and Growth\n<\/h2>\t\t\t\t<\/div>\n\t\t\t\t<div class=\"elementor-element elementor-element-d70708c elementor-widget elementor-widget-text-editor\" data-id=\"d70708c\" data-element_type=\"widget\" data-e-type=\"widget\" data-widget_type=\"text-editor.default\">\n\t\t\t\t\t\t\t\t\t<p><span style=\"font-weight: 400;\">The gymnasium is one of the Lyc\u00e9e\u2019s dynamic campus spaces, used daily by students from preschool through high school. Bright, spacious, and fully equipped for both recreational and competitive activities, it is seamlessly integrated into the Lyc\u00e9e\u2019s campus, fostering an active and engaging learning environment.<\/span><\/p>\t\t\t\t\t\t\t\t<\/div>\n\t\t\t\t<div class=\"elementor-element elementor-element-067c2e8 elementor-widget elementor-widget-button\" data-id=\"067c2e8\" data-element_type=\"widget\" data-e-type=\"widget\" data-widget_type=\"button.default\">\n\t\t\t\t\t\t\t\t\t\t<a class=\"elementor-button elementor-button-link elementor-size-sm elementor-animation-shrink\" href=\"https:\/\/lycee.ca\/fr\/facilities\/campus-overview\/\">\n\t\t\t\t\t\t<span class=\"elementor-button-content-wrapper\">\n\t\t\t\t\t\t<span class=\"elementor-button-icon\">\n\t\t\t\t<svg xmlns=\"http:\/\/www.w3.org\/2000\/svg\" id=\"layer_21\" width=\"99.582\" height=\"99.582\" viewBox=\"0 0 99.582 99.582\"><path id=\"Trac&#xE9;_1\" data-name=\"Trac&#xE9; 1\" d=\"M101.752,6H9.83a3.83,3.83,0,0,0,0,7.66H92.5L7.122,99.044a3.83,3.83,0,1,0,5.416,5.416L97.922,19.076v82.676a3.83,3.83,0,0,0,7.66,0V9.83A3.831,3.831,0,0,0,101.752,6Z\" transform=\"translate(-6 -6)\" fill=\"#fff\"><\/path><\/svg>\t\t\t<\/span>\n\t\t\t\t\t\t\t\t\t<span class=\"elementor-button-text\">Explore our vibrant campus facilities<\/span>\n\t\t\t\t\t<\/span>\n\t\t\t\t\t<\/a>\n\t\t\t\t\t\t\t\t<\/div>\n\t\t\t\t<\/div>\n\t\t<div class=\"elementor-element elementor-element-552df66 e-con-full e-flex e-con e-child\" data-id=\"552df66\" data-element_type=\"container\" data-e-type=\"container\" data-settings=\"{&quot;jet_parallax_layout_list&quot;:[]}\">\n\t\t\t\t<div class=\"elementor-element elementor-element-e9d2556 elementor-invisible elementor-widget elementor-widget-image\" data-id=\"e9d2556\" data-element_type=\"widget\" data-e-type=\"widget\" data-settings=\"{&quot;motion_fx_motion_fx_scrolling&quot;:&quot;yes&quot;,&quot;motion_fx_translateY_effect&quot;:&quot;yes&quot;,&quot;motion_fx_translateY_speed&quot;:{&quot;unit&quot;:&quot;px&quot;,&quot;size&quot;:2,&quot;sizes&quot;:[]},&quot;_animation&quot;:&quot;fadeInRight&quot;,&quot;motion_fx_translateY_affectedRange&quot;:{&quot;unit&quot;:&quot;%&quot;,&quot;size&quot;:&quot;&quot;,&quot;sizes&quot;:{&quot;start&quot;:0,&quot;end&quot;:100}},&quot;motion_fx_devices&quot;:[&quot;desktop&quot;,&quot;tablet&quot;,&quot;mobile&quot;]}\" data-widget_type=\"image.default\">\n\t\t\t\t\t\t\t\t\t\t\t\t\t\t\t<img fetchpriority=\"high\" decoding=\"async\" width=\"1024\" height=\"683\" src=\"https:\/\/lycee.ca\/wp-content\/uploads\/2025\/12\/cover_gym_2-1024x683.webp\" class=\"attachment-large size-large wp-image-2305\" alt=\"\" srcset=\"https:\/\/lycee.ca\/wp-content\/uploads\/2025\/12\/cover_gym_2-1024x683.webp 1024w, https:\/\/lycee.ca\/wp-content\/uploads\/2025\/12\/cover_gym_2-300x200.webp 300w, https:\/\/lycee.ca\/wp-content\/uploads\/2025\/12\/cover_gym_2-768x512.webp 768w, https:\/\/lycee.ca\/wp-content\/uploads\/2025\/12\/cover_gym_2-1536x1024.webp 1536w, https:\/\/lycee.ca\/wp-content\/uploads\/2025\/12\/cover_gym_2-600x400.webp 600w, https:\/\/lycee.ca\/wp-content\/uploads\/2025\/12\/cover_gym_2.webp 1920w\" sizes=\"(max-width: 1024px) 100vw, 1024px\" \/>\t\t\t\t\t\t\t\t\t\t\t\t\t\t\t<\/div>\n\t\t\t\t<\/div>\n\t\t\t\t\t<\/div>\n\t\t\t\t<\/div>\n\t\t<div class=\"elementor-element elementor-element-07ff1f9 e-flex e-con-boxed e-con e-parent\" data-id=\"07ff1f9\" data-element_type=\"container\" data-e-type=\"container\" data-settings=\"{&quot;background_background&quot;:&quot;classic&quot;,&quot;jet_parallax_layout_list&quot;:[]}\">\n\t\t\t\t\t<div class=\"e-con-inner\">\n\t\t<div class=\"elementor-element elementor-element-a75d102 e-con-full e-flex e-con e-child\" data-id=\"a75d102\" data-element_type=\"container\" data-e-type=\"container\" data-settings=\"{&quot;background_background&quot;:&quot;classic&quot;,&quot;jet_parallax_layout_list&quot;:[]}\">\n\t\t<div class=\"elementor-element elementor-element-81af045 e-con-full e-flex e-con e-child\" data-id=\"81af045\" data-element_type=\"container\" data-e-type=\"container\" data-settings=\"{&quot;jet_parallax_layout_list&quot;:[]}\">\n\t\t\t\t<div class=\"elementor-element elementor-element-56b782e elementor-widget elementor-widget-heading\" data-id=\"56b782e\" data-element_type=\"widget\" data-e-type=\"widget\" data-widget_type=\"heading.default\">\n\t\t\t\t\t<h2 class=\"elementor-heading-title elementor-size-default\">A Multi-Purpose Facility \n<\/h2>\t\t\t\t<\/div>\n\t\t\t\t<div class=\"elementor-element elementor-element-1cb32cf elementor-widget elementor-widget-text-editor\" data-id=\"1cb32cf\" data-element_type=\"widget\" data-e-type=\"widget\" data-widget_type=\"text-editor.default\">\n\t\t\t\t\t\t\t\t\t<p><span style=\"font-weight: 400;\">Our gymnasium is the perfect space for your sports activities, team practices, or community events. Equipped for basketball, soccer, futsal, and more, it also accommodates rehearsals, assemblies, and celebrations like talent shows, family days, or cultural events. With modern facilities and flexible layouts, it offers a safe, inclusive, and engaging environment where participants of all ages can enjoy team spirit, collaboration, and fun.<\/span><\/p>\t\t\t\t\t\t\t\t<\/div>\n\t\t\t\t<\/div>\n\t\t<div class=\"elementor-element elementor-element-9e39ef4 e-con-full e-flex e-con e-child\" data-id=\"9e39ef4\" data-element_type=\"container\" data-e-type=\"container\" data-settings=\"{&quot;jet_parallax_layout_list&quot;:[]}\">\n\t\t\t\t<div class=\"elementor-element elementor-element-5811a91 elementor-widget elementor-widget-heading\" data-id=\"5811a91\" data-element_type=\"widget\" data-e-type=\"widget\" data-widget_type=\"heading.default\">\n\t\t\t\t\t<h2 class=\"elementor-heading-title elementor-size-default\">Safety, Inclusion, and Professional Supervision<\/h2>\t\t\t\t<\/div>\n\t\t\t\t<div class=\"elementor-element elementor-element-169edbf elementor-widget elementor-widget-text-editor\" data-id=\"169edbf\" data-element_type=\"widget\" data-e-type=\"widget\" data-widget_type=\"text-editor.default\">\n\t\t\t\t\t\t\t\t\t<p><span style=\"font-weight: 400;\">The gym offers inclusive access with a safe flooring, and well-maintained equipment. It fully meets Canadian safety standards for educational sports facilities.<\/span><\/p><p><span style=\"font-weight: 400;\">Maximum capacity : 600.<\/span><\/p>\t\t\t\t\t\t\t\t<\/div>\n\t\t\t\t<\/div>\n\t\t\t\t<\/div>\n\t\t\t\t<div class=\"elementor-element elementor-element-0e64f41 elementor-mobile-align-justify elementor-align-center elementor-widget elementor-widget-button\" data-id=\"0e64f41\" data-element_type=\"widget\" data-e-type=\"widget\" data-widget_type=\"button.default\">\n\t\t\t\t\t\t\t\t\t\t<a class=\"elementor-button elementor-button-link elementor-size-sm\" href=\"https:\/\/www.catchcorner.com\/LyceInternationaldeCalgary\">\n\t\t\t\t\t\t<span class=\"elementor-button-content-wrapper\">\n\t\t\t\t\t\t<span class=\"elementor-button-icon\">\n\t\t\t\t<svg xmlns=\"http:\/\/www.w3.org\/2000\/svg\" id=\"Layer_1\" height=\"512\" viewBox=\"0 0 24 24\" width=\"512\"><path d=\"m19.389 11.123c-.331 0-.6.269-.6.6v6.222c0 1.63-1.326 2.956-2.956 2.956h-9.777c-1.63 0-2.956-1.326-2.956-2.956v-9.777c0-1.63 1.326-2.956 2.956-2.956h6.222c.332 0 .6-.269.6-.6s-.269-.6-.6-.6h-6.222c-2.292 0-4.156 1.864-4.156 4.155v9.777c0 2.291 1.864 4.155 4.156 4.155h9.777c2.291 0 4.155-1.864 4.155-4.155v-6.222c0-.331-.269-.6-.6-.6z\"><\/path><path d=\"m21.5 1.9h-4.802c-.331 0-.6.269-.6.6s.269.6.6.6h3.354l-7.672 7.671c-.234.233-.234.614 0 .848.117.117.271.176.424.176s.307-.059.424-.176l7.671-7.671v3.384c0 .331.269.6.6.6s.6-.269.6-.6v-4.832c0-.331-.269-.6-.6-.6z\"><\/path><\/svg>\t\t\t<\/span>\n\t\t\t\t\t\t\t\t\t<span class=\"elementor-button-text\">To rent the gymnasium<\/span>\n\t\t\t\t\t<\/span>\n\t\t\t\t\t<\/a>\n\t\t\t\t\t\t\t\t<\/div>\n\t\t\t\t\t<\/div>\n\t\t\t\t<\/div>\n\t\t\t\t<\/div>\n\t\t","protected":false},"excerpt":{"rendered":"<p>Looking for a space where students can stay active and build confidence? The gymnasium is a versatile sports facility that supports physical education, team sports, and wellness, accommodating activities such as soccer, basketball, and pickleball. It fosters team spirit, perseverance, and balance, contributing to a holistic educational experience. Discover Our Gymnasium: A Space for Movement [&hellip;]<\/p>\n","protected":false},"author":1,"featured_media":2301,"parent":2236,"menu_order":0,"comment_status":"closed","ping_status":"closed","template":"","meta":{"footnotes":""},"class_list":["post-2240","page","type-page","status-publish","has-post-thumbnail","hentry"],"yoast_head":"<!-- This site is optimized with the Yoast SEO plugin v27.4 - https:\/\/yoast.com\/product\/yoast-seo-wordpress\/ -->\n<title>Gymnasium | Sports &amp; Active Learning at Lyc\u00e9e International de Calgary<\/title>\n<meta name=\"description\" content=\"Discover our gymnasium \u2014 a safe, modern, and inclusive space where Lyc\u00e9e International de Calgary students learn teamwork, balance, and wellbeing through sports.\" \/>\n<meta name=\"robots\" content=\"index, follow, max-snippet:-1, max-image-preview:large, max-video-preview:-1\" \/>\n<link rel=\"canonical\" href=\"https:\/\/lycee.ca\/fr\/installations\/locations\/gymnase\/\" \/>\n<meta property=\"og:locale\" content=\"fr_FR\" \/>\n<meta property=\"og:type\" content=\"article\" \/>\n<meta property=\"og:title\" content=\"Gymnasium | Sports &amp; Active Learning at Lyc\u00e9e International de Calgary\" \/>\n<meta property=\"og:description\" content=\"Discover our gymnasium \u2014 a safe, modern, and inclusive space where Lyc\u00e9e International de Calgary students learn teamwork, balance, and wellbeing through sports.\" \/>\n<meta property=\"og:url\" content=\"https:\/\/lycee.ca\/fr\/installations\/locations\/gymnase\/\" \/>\n<meta property=\"og:site_name\" content=\"Lyc\u00e9e international de Calgary | French Preschool to Grade 12\" \/>\n<meta property=\"article:publisher\" content=\"https:\/\/www.facebook.com\/lyceecalgary\" \/>\n<meta property=\"article:modified_time\" content=\"2025-12-10T04:29:25+00:00\" \/>\n<meta property=\"og:image\" content=\"https:\/\/lycee.ca\/wp-content\/uploads\/2025\/12\/cover_gym_1.webp\" \/>\n\t<meta property=\"og:image:width\" content=\"1920\" \/>\n\t<meta property=\"og:image:height\" content=\"1280\" \/>\n\t<meta property=\"og:image:type\" content=\"image\/webp\" \/>\n<meta name=\"twitter:card\" content=\"summary_large_image\" \/>\n<meta name=\"twitter:label1\" content=\"Dur\u00e9e de lecture estim\u00e9e\" \/>\n\t<meta name=\"twitter:data1\" content=\"1 minute\" \/>\n<script type=\"application\/ld+json\" class=\"yoast-schema-graph\">{\"@context\":\"https:\\\/\\\/schema.org\",\"@graph\":[{\"@type\":\"WebPage\",\"@id\":\"https:\\\/\\\/lycee.ca\\\/facilities\\\/rentals\\\/gymnasium\\\/\",\"url\":\"https:\\\/\\\/lycee.ca\\\/facilities\\\/rentals\\\/gymnasium\\\/\",\"name\":\"Gymnasium | Sports & Active Learning at Lyc\u00e9e International de Calgary\",\"isPartOf\":{\"@id\":\"https:\\\/\\\/lycee.ca\\\/#website\"},\"primaryImageOfPage\":{\"@id\":\"https:\\\/\\\/lycee.ca\\\/facilities\\\/rentals\\\/gymnasium\\\/#primaryimage\"},\"image\":{\"@id\":\"https:\\\/\\\/lycee.ca\\\/facilities\\\/rentals\\\/gymnasium\\\/#primaryimage\"},\"thumbnailUrl\":\"https:\\\/\\\/lycee.ca\\\/wp-content\\\/uploads\\\/2025\\\/12\\\/cover_gym_1.webp\",\"datePublished\":\"2025-12-10T02:50:53+00:00\",\"dateModified\":\"2025-12-10T04:29:25+00:00\",\"description\":\"Discover our gymnasium \u2014 a safe, modern, and inclusive space where Lyc\u00e9e International de Calgary students learn teamwork, balance, and wellbeing through sports.\",\"breadcrumb\":{\"@id\":\"https:\\\/\\\/lycee.ca\\\/facilities\\\/rentals\\\/gymnasium\\\/#breadcrumb\"},\"inLanguage\":\"fr-FR\",\"potentialAction\":[{\"@type\":\"ReadAction\",\"target\":[\"https:\\\/\\\/lycee.ca\\\/facilities\\\/rentals\\\/gymnasium\\\/\"]}]},{\"@type\":\"ImageObject\",\"inLanguage\":\"fr-FR\",\"@id\":\"https:\\\/\\\/lycee.ca\\\/facilities\\\/rentals\\\/gymnasium\\\/#primaryimage\",\"url\":\"https:\\\/\\\/lycee.ca\\\/wp-content\\\/uploads\\\/2025\\\/12\\\/cover_gym_1.webp\",\"contentUrl\":\"https:\\\/\\\/lycee.ca\\\/wp-content\\\/uploads\\\/2025\\\/12\\\/cover_gym_1.webp\",\"width\":1920,\"height\":1280},{\"@type\":\"BreadcrumbList\",\"@id\":\"https:\\\/\\\/lycee.ca\\\/facilities\\\/rentals\\\/gymnasium\\\/#breadcrumb\",\"itemListElement\":[{\"@type\":\"ListItem\",\"position\":1,\"name\":\"Home\",\"item\":\"https:\\\/\\\/lycee.ca\\\/\"},{\"@type\":\"ListItem\",\"position\":2,\"name\":\"Facilities\",\"item\":\"https:\\\/\\\/lycee.ca\\\/facilities\\\/\"},{\"@type\":\"ListItem\",\"position\":3,\"name\":\"Rentals\",\"item\":\"https:\\\/\\\/lycee.ca\\\/facilities\\\/rentals\\\/\"},{\"@type\":\"ListItem\",\"position\":4,\"name\":\"Gymnasium\"}]},{\"@type\":\"WebSite\",\"@id\":\"https:\\\/\\\/lycee.ca\\\/#website\",\"url\":\"https:\\\/\\\/lycee.ca\\\/\",\"name\":\"Lyc\u00e9e international de Calgary | French Preschool to Grade 12\",\"description\":\"Calgary Private French School located in SW Altadore. Lyc\u00e9e offers full-day preschool, no prior french needed, small class sizes, and international study.\",\"publisher\":{\"@id\":\"https:\\\/\\\/lycee.ca\\\/#organization\"},\"potentialAction\":[{\"@type\":\"SearchAction\",\"target\":{\"@type\":\"EntryPoint\",\"urlTemplate\":\"https:\\\/\\\/lycee.ca\\\/?s={search_term_string}\"},\"query-input\":{\"@type\":\"PropertyValueSpecification\",\"valueRequired\":true,\"valueName\":\"search_term_string\"}}],\"inLanguage\":\"fr-FR\"},{\"@type\":\"Organization\",\"@id\":\"https:\\\/\\\/lycee.ca\\\/#organization\",\"name\":\"Lyc\u00e9e international de Calgary | French Preschool to Grade 12\",\"url\":\"https:\\\/\\\/lycee.ca\\\/\",\"logo\":{\"@type\":\"ImageObject\",\"inLanguage\":\"fr-FR\",\"@id\":\"https:\\\/\\\/lycee.ca\\\/#\\\/schema\\\/logo\\\/image\\\/\",\"url\":\"https:\\\/\\\/lycee.ca\\\/wp-content\\\/uploads\\\/2025\\\/09\\\/logo_lycee.svg\",\"contentUrl\":\"https:\\\/\\\/lycee.ca\\\/wp-content\\\/uploads\\\/2025\\\/09\\\/logo_lycee.svg\",\"width\":850,\"height\":385,\"caption\":\"Lyc\u00e9e international de Calgary | French Preschool to Grade 12\"},\"image\":{\"@id\":\"https:\\\/\\\/lycee.ca\\\/#\\\/schema\\\/logo\\\/image\\\/\"},\"sameAs\":[\"https:\\\/\\\/www.facebook.com\\\/lyceecalgary\",\"https:\\\/\\\/www.instagram.com\\\/lyceecalgary\\\/\"]}]}<\/script>\n<!-- \/ Yoast SEO plugin. -->","yoast_head_json":{"title":"Gymnasium | Sports &amp; Active Learning au Lyc\u00e9e International de Calgary","description":"D\u00e9couvrez notre gymnase - un espace s\u00fbr, moderne et inclusif o\u00f9 les \u00e9l\u00e8ves du Lyc\u00e9e International de Calgary apprennent le travail d'\u00e9quipe, l'\u00e9quilibre et le bien-\u00eatre \u00e0 travers le sport.","robots":{"index":"index","follow":"follow","max-snippet":"max-snippet:-1","max-image-preview":"max-image-preview:large","max-video-preview":"max-video-preview:-1"},"canonical":"https:\/\/lycee.ca\/fr\/installations\/locations\/gymnase\/","og_locale":"fr_FR","og_type":"article","og_title":"Gymnasium | Sports & Active Learning at Lyc\u00e9e International de Calgary","og_description":"Discover our gymnasium \u2014 a safe, modern, and inclusive space where Lyc\u00e9e International de Calgary students learn teamwork, balance, and wellbeing through sports.","og_url":"https:\/\/lycee.ca\/fr\/installations\/locations\/gymnase\/","og_site_name":"Lyc\u00e9e international de Calgary | French Preschool to Grade 12","article_publisher":"https:\/\/www.facebook.com\/lyceecalgary","article_modified_time":"2025-12-10T04:29:25+00:00","og_image":[{"width":1920,"height":1280,"url":"https:\/\/lycee.ca\/wp-content\/uploads\/2025\/12\/cover_gym_1.webp","type":"image\/webp"}],"twitter_card":"summary_large_image","twitter_misc":{"Dur\u00e9e de lecture estim\u00e9e":"1 minute"},"schema":{"@context":"https:\/\/schema.org","@graph":[{"@type":"WebPage","@id":"https:\/\/lycee.ca\/facilities\/rentals\/gymnasium\/","url":"https:\/\/lycee.ca\/facilities\/rentals\/gymnasium\/","name":"Gymnasium | Sports &amp; Active Learning au Lyc\u00e9e International de Calgary","isPartOf":{"@id":"https:\/\/lycee.ca\/#website"},"primaryImageOfPage":{"@id":"https:\/\/lycee.ca\/facilities\/rentals\/gymnasium\/#primaryimage"},"image":{"@id":"https:\/\/lycee.ca\/facilities\/rentals\/gymnasium\/#primaryimage"},"thumbnailUrl":"https:\/\/lycee.ca\/wp-content\/uploads\/2025\/12\/cover_gym_1.webp","datePublished":"2025-12-10T02:50:53+00:00","dateModified":"2025-12-10T04:29:25+00:00","description":"D\u00e9couvrez notre gymnase - un espace s\u00fbr, moderne et inclusif o\u00f9 les \u00e9l\u00e8ves du Lyc\u00e9e International de Calgary apprennent le travail d'\u00e9quipe, l'\u00e9quilibre et le bien-\u00eatre \u00e0 travers le sport.","breadcrumb":{"@id":"https:\/\/lycee.ca\/facilities\/rentals\/gymnasium\/#breadcrumb"},"inLanguage":"fr-FR","potentialAction":[{"@type":"ReadAction","target":["https:\/\/lycee.ca\/facilities\/rentals\/gymnasium\/"]}]},{"@type":"ImageObject","inLanguage":"fr-FR","@id":"https:\/\/lycee.ca\/facilities\/rentals\/gymnasium\/#primaryimage","url":"https:\/\/lycee.ca\/wp-content\/uploads\/2025\/12\/cover_gym_1.webp","contentUrl":"https:\/\/lycee.ca\/wp-content\/uploads\/2025\/12\/cover_gym_1.webp","width":1920,"height":1280},{"@type":"BreadcrumbList","@id":"https:\/\/lycee.ca\/facilities\/rentals\/gymnasium\/#breadcrumb","itemListElement":[{"@type":"ListItem","position":1,"name":"Home","item":"https:\/\/lycee.ca\/"},{"@type":"ListItem","position":2,"name":"Facilities","item":"https:\/\/lycee.ca\/facilities\/"},{"@type":"ListItem","position":3,"name":"Rentals","item":"https:\/\/lycee.ca\/facilities\/rentals\/"},{"@type":"ListItem","position":4,"name":"Gymnasium"}]},{"@type":"WebSite","@id":"https:\/\/lycee.ca\/#website","url":"https:\/\/lycee.ca\/","name":"Lyc\u00e9e international de Calgary | Fran\u00e7ais de la maternelle \u00e0 la terminale","description":"\u00c9cole priv\u00e9e de fran\u00e7ais de Calgary situ\u00e9e dans le quartier SW Altadore. Le Lyc\u00e9e propose une \u00e9cole maternelle \u00e0 temps plein, sans besoin de connaissances pr\u00e9alables en fran\u00e7ais, avec des classes de petite taille et des \u00e9tudes internationales.","publisher":{"@id":"https:\/\/lycee.ca\/#organization"},"potentialAction":[{"@type":"SearchAction","target":{"@type":"EntryPoint","urlTemplate":"https:\/\/lycee.ca\/?s={search_term_string}"},"query-input":{"@type":"PropertyValueSpecification","valueRequired":true,"valueName":"search_term_string"}}],"inLanguage":"fr-FR"},{"@type":"Organization","@id":"https:\/\/lycee.ca\/#organization","name":"Lyc\u00e9e international de Calgary | Fran\u00e7ais de la maternelle \u00e0 la terminale","url":"https:\/\/lycee.ca\/","logo":{"@type":"ImageObject","inLanguage":"fr-FR","@id":"https:\/\/lycee.ca\/#\/schema\/logo\/image\/","url":"https:\/\/lycee.ca\/wp-content\/uploads\/2025\/09\/logo_lycee.svg","contentUrl":"https:\/\/lycee.ca\/wp-content\/uploads\/2025\/09\/logo_lycee.svg","width":850,"height":385,"caption":"Lyc\u00e9e international de Calgary | French Preschool to Grade 12"},"image":{"@id":"https:\/\/lycee.ca\/#\/schema\/logo\/image\/"},"sameAs":["https:\/\/www.facebook.com\/lyceecalgary","https:\/\/www.instagram.com\/lyceecalgary\/"]}]}},"_links":{"self":[{"href":"https:\/\/lycee.ca\/fr\/wp-json\/wp\/v2\/pages\/2240","targetHints":{"allow":["GET"]}}],"collection":[{"href":"https:\/\/lycee.ca\/fr\/wp-json\/wp\/v2\/pages"}],"about":[{"href":"https:\/\/lycee.ca\/fr\/wp-json\/wp\/v2\/types\/page"}],"author":[{"embeddable":true,"href":"https:\/\/lycee.ca\/fr\/wp-json\/wp\/v2\/users\/1"}],"replies":[{"embeddable":true,"href":"https:\/\/lycee.ca\/fr\/wp-json\/wp\/v2\/comments?post=2240"}],"version-history":[{"count":0,"href":"https:\/\/lycee.ca\/fr\/wp-json\/wp\/v2\/pages\/2240\/revisions"}],"up":[{"embeddable":true,"href":"https:\/\/lycee.ca\/fr\/wp-json\/wp\/v2\/pages\/2236"}],"wp:featuredmedia":[{"embeddable":true,"href":"https:\/\/lycee.ca\/fr\/wp-json\/wp\/v2\/media\/2301"}],"wp:attachment":[{"href":"https:\/\/lycee.ca\/fr\/wp-json\/wp\/v2\/media?parent=2240"}],"curies":[{"name":"wp","href":"https:\/\/api.w.org\/{rel}","templated":true}]}}