{"id":2238,"date":"2025-12-09T19:49:46","date_gmt":"2025-12-10T02:49:46","guid":{"rendered":"https:\/\/lycee.ca\/?page_id=2238"},"modified":"2025-12-09T21:15:55","modified_gmt":"2025-12-10T04:15:55","slug":"mur-descalade","status":"publish","type":"page","link":"https:\/\/lycee.ca\/fr\/facilities\/rentals\/climbing-wall\/","title":{"rendered":"Mur d'escalade"},"content":{"rendered":"\t\t<div data-elementor-type=\"wp-page\" data-elementor-id=\"2238\" class=\"elementor elementor-2238\" data-elementor-post-type=\"page\">\n\t\t\t\t<div class=\"elementor-element elementor-element-4b6474d e-flex e-con-boxed e-con e-parent\" data-id=\"4b6474d\" data-element_type=\"container\" data-e-type=\"container\" data-settings=\"{&quot;jet_parallax_layout_list&quot;:[]}\">\n\t\t\t\t\t<div class=\"e-con-inner\">\n\t\t\t\t<div class=\"elementor-element elementor-element-6870175 elementor-widget elementor-widget-heading\" data-id=\"6870175\" data-element_type=\"widget\" data-e-type=\"widget\" data-widget_type=\"heading.default\">\n\t\t\t\t\t<p class=\"elementor-heading-title elementor-size-default\">Lyc\u00e9e Calgary invites you, your family, and your friends to experience the excitement and challenge of indoor rock climbing! Our indoor climbing wall is one of the Lyc\u00e9e\u2019s most innovative and engaging spaces, offering students a unique environment to build strength, confidence, and problem-solving skills. Supervised by qualified and certified staff, the wall is fully age-adapted and used both during physical education classes and extracurricular clubs.\n<\/p>\t\t\t\t<\/div>\n\t\t\t\t\t<\/div>\n\t\t\t\t<\/div>\n\t\t<div class=\"elementor-element elementor-element-285028e e-flex e-con-boxed e-con e-parent\" data-id=\"285028e\" data-element_type=\"container\" data-e-type=\"container\" data-settings=\"{&quot;jet_parallax_layout_list&quot;:[],&quot;background_background&quot;:&quot;classic&quot;}\">\n\t\t\t\t\t<div class=\"e-con-inner\">\n\t\t<div class=\"elementor-element elementor-element-b13f0f5 e-con-full e-flex e-con e-child\" data-id=\"b13f0f5\" data-element_type=\"container\" data-e-type=\"container\" data-settings=\"{&quot;jet_parallax_layout_list&quot;:[]}\">\n\t\t\t\t<div class=\"elementor-element elementor-element-d93cf88 elementor-widget elementor-widget-heading\" data-id=\"d93cf88\" data-element_type=\"widget\" data-e-type=\"widget\" data-widget_type=\"heading.default\">\n\t\t\t\t\t<h2 class=\"elementor-heading-title elementor-size-default\">Safety First: Supervised and Certified Environment\n<\/h2>\t\t\t\t<\/div>\n\t\t\t\t<div class=\"elementor-element elementor-element-a7ac3d9 elementor-widget elementor-widget-text-editor\" data-id=\"a7ac3d9\" data-element_type=\"widget\" data-e-type=\"widget\" data-widget_type=\"text-editor.default\">\n\t\t\t\t\t\t\t\t\t<p><span style=\"font-weight: 400;\">The climbing wall follows strict safety standards, including the use of harnesses, mats, and constant instructor supervision. All equipment meets Canadian safety regulations, and teachers are trained in belay techniques and emergency procedures, ensuring that students of all levels can climb confidently and safely.<\/span><\/p>\t\t\t\t\t\t\t\t<\/div>\n\t\t\t\t<div class=\"elementor-element elementor-element-d6d7687 elementor-widget elementor-widget-heading\" data-id=\"d6d7687\" data-element_type=\"widget\" data-e-type=\"widget\" data-widget_type=\"heading.default\">\n\t\t\t\t\t<h2 class=\"elementor-heading-title elementor-size-default\">Wall Design: Built for All Levels and Ages<\/h2>\t\t\t\t<\/div>\n\t\t\t\t<div class=\"elementor-element elementor-element-1dea3a2 elementor-widget elementor-widget-text-editor\" data-id=\"1dea3a2\" data-element_type=\"widget\" data-e-type=\"widget\" data-widget_type=\"text-editor.default\">\n\t\t\t\t\t\t\t\t\t<p><span style=\"font-weight: 400;\">The climbing wall features a thoughtfully designed structure made from high-quality materials, inspired by innovative climbing concepts. It offers routes for both beginners and advanced climbers, with a variety of textures, colors, and holds, and is built with custom panels that meet Canadian manufacturing standards.<\/span><\/p><p><span style=\"font-weight: 400;\">Each rental includes the following :\u00a0<\/span><\/p><ul><li><b><\/b><span style=\"font-weight: 400;\"> 36 ft tall climbing surface<\/span><\/li><li><span style=\"font-weight: 400;\"> 10 top ropes<\/span><\/li><li>Six auto-belay devices for solo climbers and beginners<\/li><li><span style=\"font-weight: 400;\"> Regularly updated routes to challenge climbers<\/span><\/li><li><span style=\"font-weight: 400;\"> Family-friendly and welcoming environment for all ages and abilities<\/span><\/li><li><span style=\"font-weight: 400;\"> Qualified staff supervision (CGI Certified)<\/span><\/li><li><span style=\"font-weight: 400;\"> Private rentals<\/span><\/li><li><span style=\"font-weight: 400;\"> Free parking<\/span><\/li><\/ul>\t\t\t\t\t\t\t\t<\/div>\n\t\t\t\t<\/div>\n\t\t<div class=\"elementor-element elementor-element-bc9bcf8 e-con-full e-flex e-con e-child\" data-id=\"bc9bcf8\" data-element_type=\"container\" data-e-type=\"container\" data-settings=\"{&quot;jet_parallax_layout_list&quot;:[]}\">\n\t\t\t\t<div class=\"elementor-element elementor-element-0661a63 elementor-invisible elementor-widget elementor-widget-image\" data-id=\"0661a63\" data-element_type=\"widget\" data-e-type=\"widget\" data-settings=\"{&quot;motion_fx_motion_fx_scrolling&quot;:&quot;yes&quot;,&quot;motion_fx_translateY_effect&quot;:&quot;yes&quot;,&quot;motion_fx_translateY_speed&quot;:{&quot;unit&quot;:&quot;px&quot;,&quot;size&quot;:2,&quot;sizes&quot;:[]},&quot;_animation&quot;:&quot;fadeInRight&quot;,&quot;motion_fx_translateY_affectedRange&quot;:{&quot;unit&quot;:&quot;%&quot;,&quot;size&quot;:&quot;&quot;,&quot;sizes&quot;:{&quot;start&quot;:0,&quot;end&quot;:100}},&quot;motion_fx_devices&quot;:[&quot;desktop&quot;,&quot;tablet&quot;,&quot;mobile&quot;]}\" data-widget_type=\"image.default\">\n\t\t\t\t\t\t\t\t\t\t\t\t\t\t\t<img fetchpriority=\"high\" decoding=\"async\" width=\"683\" height=\"1024\" src=\"https:\/\/lycee.ca\/wp-content\/uploads\/2025\/12\/cover_climb_3-683x1024.webp\" class=\"attachment-large size-large wp-image-2293\" alt=\"\" srcset=\"https:\/\/lycee.ca\/wp-content\/uploads\/2025\/12\/cover_climb_3-683x1024.webp 683w, https:\/\/lycee.ca\/wp-content\/uploads\/2025\/12\/cover_climb_3-200x300.webp 200w, https:\/\/lycee.ca\/wp-content\/uploads\/2025\/12\/cover_climb_3-768x1152.webp 768w, https:\/\/lycee.ca\/wp-content\/uploads\/2025\/12\/cover_climb_3-1024x1536.webp 1024w, https:\/\/lycee.ca\/wp-content\/uploads\/2025\/12\/cover_climb_3-600x900.webp 600w, https:\/\/lycee.ca\/wp-content\/uploads\/2025\/12\/cover_climb_3.webp 1080w\" sizes=\"(max-width: 683px) 100vw, 683px\" \/>\t\t\t\t\t\t\t\t\t\t\t\t\t\t\t<\/div>\n\t\t\t\t<div class=\"elementor-element elementor-element-4225591 elementor-widget elementor-widget-heading\" data-id=\"4225591\" data-element_type=\"widget\" data-e-type=\"widget\" data-widget_type=\"heading.default\">\n\t\t\t\t\t<h2 class=\"elementor-heading-title elementor-size-default\">Innovation and Sustainability in Design\n<\/h2>\t\t\t\t<\/div>\n\t\t\t\t<div class=\"elementor-element elementor-element-641f9ad elementor-widget elementor-widget-text-editor\" data-id=\"641f9ad\" data-element_type=\"widget\" data-e-type=\"widget\" data-widget_type=\"text-editor.default\">\n\t\t\t\t\t\t\t\t\t<p>The climbing wall showcases eco-conscious and innovative features, including sustainable materials, modular panels, and energy-efficient lighting. It reflects the school\u2019s global education approach by promoting eco-responsibility, innovation, and student well-being.<\/p><p>\u00a0<\/p>\t\t\t\t\t\t\t\t<\/div>\n\t\t\t\t<\/div>\n\t\t\t\t\t<\/div>\n\t\t\t\t<\/div>\n\t\t<div class=\"elementor-element elementor-element-26df8bd e-flex e-con-boxed e-con e-parent\" data-id=\"26df8bd\" data-element_type=\"container\" data-e-type=\"container\" data-settings=\"{&quot;background_background&quot;:&quot;classic&quot;,&quot;jet_parallax_layout_list&quot;:[]}\">\n\t\t\t\t\t<div class=\"e-con-inner\">\n\t\t\t\t<div class=\"elementor-element elementor-element-89465b5 elementor-widget elementor-widget-text-editor\" data-id=\"89465b5\" data-element_type=\"widget\" data-e-type=\"widget\" data-widget_type=\"text-editor.default\">\n\t\t\t\t\t\t\t\t\t<p>Contact <a href=\"mailto:climbing@lycee.ca\">climbing@lycee.ca<\/a> to make your reservation.<\/p>\t\t\t\t\t\t\t\t<\/div>\n\t\t\t\t\t<\/div>\n\t\t\t\t<\/div>\n\t\t\t\t<\/div>\n\t\t","protected":false},"excerpt":{"rendered":"<p>Lyc\u00e9e Calgary invites you, your family, and your friends to experience the excitement and challenge of indoor rock climbing! Our indoor climbing wall is one of the Lyc\u00e9e\u2019s most innovative and engaging spaces, offering students a unique environment to build strength, confidence, and problem-solving skills. Supervised by qualified and certified staff, the wall is fully [&hellip;]<\/p>\n","protected":false},"author":1,"featured_media":2291,"parent":2236,"menu_order":0,"comment_status":"closed","ping_status":"closed","template":"","meta":{"footnotes":""},"class_list":["post-2238","page","type-page","status-publish","has-post-thumbnail","hentry"],"yoast_head":"<!-- This site is optimized with the Yoast SEO plugin v27.4 - https:\/\/yoast.com\/product\/yoast-seo-wordpress\/ -->\n<title>Indoor Climbing Wall | Active Learning at Lyc\u00e9e International de Calgary<\/title>\n<meta name=\"description\" content=\"Discover our indoor climbing wall \u2014 a safe, fun, and educational space where Lyc\u00e9e International de Calgary students build strength, confidence, and teamwork.\" \/>\n<meta name=\"robots\" content=\"index, follow, max-snippet:-1, max-image-preview:large, max-video-preview:-1\" \/>\n<link rel=\"canonical\" href=\"https:\/\/lycee.ca\/fr\/installations\/locations\/mur-descalade\/\" \/>\n<meta property=\"og:locale\" content=\"fr_FR\" \/>\n<meta property=\"og:type\" content=\"article\" \/>\n<meta property=\"og:title\" content=\"Indoor Climbing Wall | Active Learning at Lyc\u00e9e International de Calgary\" \/>\n<meta property=\"og:description\" content=\"Discover our indoor climbing wall \u2014 a safe, fun, and educational space where Lyc\u00e9e International de Calgary students build strength, confidence, and teamwork.\" \/>\n<meta property=\"og:url\" content=\"https:\/\/lycee.ca\/fr\/installations\/locations\/mur-descalade\/\" \/>\n<meta property=\"og:site_name\" content=\"Lyc\u00e9e international de Calgary | French Preschool to Grade 12\" \/>\n<meta property=\"article:publisher\" content=\"https:\/\/www.facebook.com\/lyceecalgary\" \/>\n<meta property=\"article:modified_time\" content=\"2025-12-10T04:15:55+00:00\" \/>\n<meta property=\"og:image\" content=\"https:\/\/lycee.ca\/wp-content\/uploads\/2025\/12\/cover_climb_2.webp\" \/>\n\t<meta property=\"og:image:width\" content=\"1920\" \/>\n\t<meta property=\"og:image:height\" content=\"1280\" \/>\n\t<meta property=\"og:image:type\" content=\"image\/webp\" \/>\n<meta name=\"twitter:card\" content=\"summary_large_image\" \/>\n<meta name=\"twitter:label1\" content=\"Dur\u00e9e de lecture estim\u00e9e\" \/>\n\t<meta name=\"twitter:data1\" content=\"2 minutes\" \/>\n<script type=\"application\/ld+json\" class=\"yoast-schema-graph\">{\"@context\":\"https:\\\/\\\/schema.org\",\"@graph\":[{\"@type\":\"WebPage\",\"@id\":\"https:\\\/\\\/lycee.ca\\\/facilities\\\/rentals\\\/climbing-wall\\\/\",\"url\":\"https:\\\/\\\/lycee.ca\\\/facilities\\\/rentals\\\/climbing-wall\\\/\",\"name\":\"Indoor Climbing Wall | Active Learning at Lyc\u00e9e International de Calgary\",\"isPartOf\":{\"@id\":\"https:\\\/\\\/lycee.ca\\\/#website\"},\"primaryImageOfPage\":{\"@id\":\"https:\\\/\\\/lycee.ca\\\/facilities\\\/rentals\\\/climbing-wall\\\/#primaryimage\"},\"image\":{\"@id\":\"https:\\\/\\\/lycee.ca\\\/facilities\\\/rentals\\\/climbing-wall\\\/#primaryimage\"},\"thumbnailUrl\":\"https:\\\/\\\/lycee.ca\\\/wp-content\\\/uploads\\\/2025\\\/12\\\/cover_climb_2.webp\",\"datePublished\":\"2025-12-10T02:49:46+00:00\",\"dateModified\":\"2025-12-10T04:15:55+00:00\",\"description\":\"Discover our indoor climbing wall \u2014 a safe, fun, and educational space where Lyc\u00e9e International de Calgary students build strength, confidence, and teamwork.\",\"breadcrumb\":{\"@id\":\"https:\\\/\\\/lycee.ca\\\/facilities\\\/rentals\\\/climbing-wall\\\/#breadcrumb\"},\"inLanguage\":\"fr-FR\",\"potentialAction\":[{\"@type\":\"ReadAction\",\"target\":[\"https:\\\/\\\/lycee.ca\\\/facilities\\\/rentals\\\/climbing-wall\\\/\"]}]},{\"@type\":\"ImageObject\",\"inLanguage\":\"fr-FR\",\"@id\":\"https:\\\/\\\/lycee.ca\\\/facilities\\\/rentals\\\/climbing-wall\\\/#primaryimage\",\"url\":\"https:\\\/\\\/lycee.ca\\\/wp-content\\\/uploads\\\/2025\\\/12\\\/cover_climb_2.webp\",\"contentUrl\":\"https:\\\/\\\/lycee.ca\\\/wp-content\\\/uploads\\\/2025\\\/12\\\/cover_climb_2.webp\",\"width\":1920,\"height\":1280},{\"@type\":\"BreadcrumbList\",\"@id\":\"https:\\\/\\\/lycee.ca\\\/facilities\\\/rentals\\\/climbing-wall\\\/#breadcrumb\",\"itemListElement\":[{\"@type\":\"ListItem\",\"position\":1,\"name\":\"Home\",\"item\":\"https:\\\/\\\/lycee.ca\\\/\"},{\"@type\":\"ListItem\",\"position\":2,\"name\":\"Facilities\",\"item\":\"https:\\\/\\\/lycee.ca\\\/facilities\\\/\"},{\"@type\":\"ListItem\",\"position\":3,\"name\":\"Rentals\",\"item\":\"https:\\\/\\\/lycee.ca\\\/facilities\\\/rentals\\\/\"},{\"@type\":\"ListItem\",\"position\":4,\"name\":\"Climbing Wall\"}]},{\"@type\":\"WebSite\",\"@id\":\"https:\\\/\\\/lycee.ca\\\/#website\",\"url\":\"https:\\\/\\\/lycee.ca\\\/\",\"name\":\"Lyc\u00e9e international de Calgary | French Preschool to Grade 12\",\"description\":\"Calgary Private French School located in SW Altadore. Lyc\u00e9e offers full-day preschool, no prior french needed, small class sizes, and international study.\",\"publisher\":{\"@id\":\"https:\\\/\\\/lycee.ca\\\/#organization\"},\"potentialAction\":[{\"@type\":\"SearchAction\",\"target\":{\"@type\":\"EntryPoint\",\"urlTemplate\":\"https:\\\/\\\/lycee.ca\\\/?s={search_term_string}\"},\"query-input\":{\"@type\":\"PropertyValueSpecification\",\"valueRequired\":true,\"valueName\":\"search_term_string\"}}],\"inLanguage\":\"fr-FR\"},{\"@type\":\"Organization\",\"@id\":\"https:\\\/\\\/lycee.ca\\\/#organization\",\"name\":\"Lyc\u00e9e international de Calgary | French Preschool to Grade 12\",\"url\":\"https:\\\/\\\/lycee.ca\\\/\",\"logo\":{\"@type\":\"ImageObject\",\"inLanguage\":\"fr-FR\",\"@id\":\"https:\\\/\\\/lycee.ca\\\/#\\\/schema\\\/logo\\\/image\\\/\",\"url\":\"https:\\\/\\\/lycee.ca\\\/wp-content\\\/uploads\\\/2025\\\/09\\\/logo_lycee.svg\",\"contentUrl\":\"https:\\\/\\\/lycee.ca\\\/wp-content\\\/uploads\\\/2025\\\/09\\\/logo_lycee.svg\",\"width\":850,\"height\":385,\"caption\":\"Lyc\u00e9e international de Calgary | French Preschool to Grade 12\"},\"image\":{\"@id\":\"https:\\\/\\\/lycee.ca\\\/#\\\/schema\\\/logo\\\/image\\\/\"},\"sameAs\":[\"https:\\\/\\\/www.facebook.com\\\/lyceecalgary\",\"https:\\\/\\\/www.instagram.com\\\/lyceecalgary\\\/\"]}]}<\/script>\n<!-- \/ Yoast SEO plugin. -->","yoast_head_json":{"title":"Mur d'escalade int\u00e9rieur - Apprentissage actif au Lyc\u00e9e International de Calgary","description":"D\u00e9couvrez notre mur d'escalade int\u00e9rieur - un espace s\u00fbr, amusant et \u00e9ducatif o\u00f9 les \u00e9l\u00e8ves du Lyc\u00e9e International de Calgary d\u00e9veloppent leur force, leur confiance et leur esprit d'\u00e9quipe.","robots":{"index":"index","follow":"follow","max-snippet":"max-snippet:-1","max-image-preview":"max-image-preview:large","max-video-preview":"max-video-preview:-1"},"canonical":"https:\/\/lycee.ca\/fr\/installations\/locations\/mur-descalade\/","og_locale":"fr_FR","og_type":"article","og_title":"Indoor Climbing Wall | Active Learning at Lyc\u00e9e International de Calgary","og_description":"Discover our indoor climbing wall \u2014 a safe, fun, and educational space where Lyc\u00e9e International de Calgary students build strength, confidence, and teamwork.","og_url":"https:\/\/lycee.ca\/fr\/installations\/locations\/mur-descalade\/","og_site_name":"Lyc\u00e9e international de Calgary | French Preschool to Grade 12","article_publisher":"https:\/\/www.facebook.com\/lyceecalgary","article_modified_time":"2025-12-10T04:15:55+00:00","og_image":[{"width":1920,"height":1280,"url":"https:\/\/lycee.ca\/wp-content\/uploads\/2025\/12\/cover_climb_2.webp","type":"image\/webp"}],"twitter_card":"summary_large_image","twitter_misc":{"Dur\u00e9e de lecture estim\u00e9e":"2 minutes"},"schema":{"@context":"https:\/\/schema.org","@graph":[{"@type":"WebPage","@id":"https:\/\/lycee.ca\/facilities\/rentals\/climbing-wall\/","url":"https:\/\/lycee.ca\/facilities\/rentals\/climbing-wall\/","name":"Mur d'escalade int\u00e9rieur - Apprentissage actif au Lyc\u00e9e International de Calgary","isPartOf":{"@id":"https:\/\/lycee.ca\/#website"},"primaryImageOfPage":{"@id":"https:\/\/lycee.ca\/facilities\/rentals\/climbing-wall\/#primaryimage"},"image":{"@id":"https:\/\/lycee.ca\/facilities\/rentals\/climbing-wall\/#primaryimage"},"thumbnailUrl":"https:\/\/lycee.ca\/wp-content\/uploads\/2025\/12\/cover_climb_2.webp","datePublished":"2025-12-10T02:49:46+00:00","dateModified":"2025-12-10T04:15:55+00:00","description":"D\u00e9couvrez notre mur d'escalade int\u00e9rieur - un espace s\u00fbr, amusant et \u00e9ducatif o\u00f9 les \u00e9l\u00e8ves du Lyc\u00e9e International de Calgary d\u00e9veloppent leur force, leur confiance et leur esprit d'\u00e9quipe.","breadcrumb":{"@id":"https:\/\/lycee.ca\/facilities\/rentals\/climbing-wall\/#breadcrumb"},"inLanguage":"fr-FR","potentialAction":[{"@type":"ReadAction","target":["https:\/\/lycee.ca\/facilities\/rentals\/climbing-wall\/"]}]},{"@type":"ImageObject","inLanguage":"fr-FR","@id":"https:\/\/lycee.ca\/facilities\/rentals\/climbing-wall\/#primaryimage","url":"https:\/\/lycee.ca\/wp-content\/uploads\/2025\/12\/cover_climb_2.webp","contentUrl":"https:\/\/lycee.ca\/wp-content\/uploads\/2025\/12\/cover_climb_2.webp","width":1920,"height":1280},{"@type":"BreadcrumbList","@id":"https:\/\/lycee.ca\/facilities\/rentals\/climbing-wall\/#breadcrumb","itemListElement":[{"@type":"ListItem","position":1,"name":"Home","item":"https:\/\/lycee.ca\/"},{"@type":"ListItem","position":2,"name":"Facilities","item":"https:\/\/lycee.ca\/facilities\/"},{"@type":"ListItem","position":3,"name":"Rentals","item":"https:\/\/lycee.ca\/facilities\/rentals\/"},{"@type":"ListItem","position":4,"name":"Climbing Wall"}]},{"@type":"WebSite","@id":"https:\/\/lycee.ca\/#website","url":"https:\/\/lycee.ca\/","name":"Lyc\u00e9e international de Calgary | Fran\u00e7ais de la maternelle \u00e0 la terminale","description":"\u00c9cole priv\u00e9e de fran\u00e7ais de Calgary situ\u00e9e dans le quartier SW Altadore. Le Lyc\u00e9e propose une \u00e9cole maternelle \u00e0 temps plein, sans besoin de connaissances pr\u00e9alables en fran\u00e7ais, avec des classes de petite taille et des \u00e9tudes internationales.","publisher":{"@id":"https:\/\/lycee.ca\/#organization"},"potentialAction":[{"@type":"SearchAction","target":{"@type":"EntryPoint","urlTemplate":"https:\/\/lycee.ca\/?s={search_term_string}"},"query-input":{"@type":"PropertyValueSpecification","valueRequired":true,"valueName":"search_term_string"}}],"inLanguage":"fr-FR"},{"@type":"Organization","@id":"https:\/\/lycee.ca\/#organization","name":"Lyc\u00e9e international de Calgary | Fran\u00e7ais de la maternelle \u00e0 la terminale","url":"https:\/\/lycee.ca\/","logo":{"@type":"ImageObject","inLanguage":"fr-FR","@id":"https:\/\/lycee.ca\/#\/schema\/logo\/image\/","url":"https:\/\/lycee.ca\/wp-content\/uploads\/2025\/09\/logo_lycee.svg","contentUrl":"https:\/\/lycee.ca\/wp-content\/uploads\/2025\/09\/logo_lycee.svg","width":850,"height":385,"caption":"Lyc\u00e9e international de Calgary | French Preschool to Grade 12"},"image":{"@id":"https:\/\/lycee.ca\/#\/schema\/logo\/image\/"},"sameAs":["https:\/\/www.facebook.com\/lyceecalgary","https:\/\/www.instagram.com\/lyceecalgary\/"]}]}},"_links":{"self":[{"href":"https:\/\/lycee.ca\/fr\/wp-json\/wp\/v2\/pages\/2238","targetHints":{"allow":["GET"]}}],"collection":[{"href":"https:\/\/lycee.ca\/fr\/wp-json\/wp\/v2\/pages"}],"about":[{"href":"https:\/\/lycee.ca\/fr\/wp-json\/wp\/v2\/types\/page"}],"author":[{"embeddable":true,"href":"https:\/\/lycee.ca\/fr\/wp-json\/wp\/v2\/users\/1"}],"replies":[{"embeddable":true,"href":"https:\/\/lycee.ca\/fr\/wp-json\/wp\/v2\/comments?post=2238"}],"version-history":[{"count":0,"href":"https:\/\/lycee.ca\/fr\/wp-json\/wp\/v2\/pages\/2238\/revisions"}],"up":[{"embeddable":true,"href":"https:\/\/lycee.ca\/fr\/wp-json\/wp\/v2\/pages\/2236"}],"wp:featuredmedia":[{"embeddable":true,"href":"https:\/\/lycee.ca\/fr\/wp-json\/wp\/v2\/media\/2291"}],"wp:attachment":[{"href":"https:\/\/lycee.ca\/fr\/wp-json\/wp\/v2\/media?parent=2238"}],"curies":[{"name":"wp","href":"https:\/\/api.w.org\/{rel}","templated":true}]}}