{"id":1631,"date":"2025-12-09T01:03:07","date_gmt":"2025-12-09T01:03:07","guid":{"rendered":"https:\/\/lycee.ca\/?page_id=1631"},"modified":"2026-01-23T07:10:16","modified_gmt":"2026-01-23T14:10:16","slug":"etes-vous-un-ancien-eleve-du-lycee","status":"publish","type":"page","link":"https:\/\/lycee.ca\/fr\/school-life\/get-involved\/are-you-a-lycee-alumni\/","title":{"rendered":"R\u00e9seau des anciens \u00e9l\u00e8ves"},"content":{"rendered":"\t\t<div data-elementor-type=\"wp-page\" data-elementor-id=\"1631\" class=\"elementor elementor-1631\" data-elementor-post-type=\"page\">\n\t\t\t\t<div class=\"elementor-element elementor-element-64e4763 e-flex e-con-boxed e-con e-parent\" data-id=\"64e4763\" data-element_type=\"container\" data-e-type=\"container\" data-settings=\"{&quot;jet_parallax_layout_list&quot;:[],&quot;background_background&quot;:&quot;classic&quot;}\">\n\t\t\t\t\t<div class=\"e-con-inner\">\n\t\t<div class=\"elementor-element elementor-element-0bcbc8d e-con-full e-flex e-con e-child\" data-id=\"0bcbc8d\" data-element_type=\"container\" data-e-type=\"container\" data-settings=\"{&quot;jet_parallax_layout_list&quot;:[]}\">\n\t\t\t\t<div class=\"elementor-element elementor-element-d6776b7 elementor-widget elementor-widget-heading\" data-id=\"d6776b7\" data-element_type=\"widget\" data-e-type=\"widget\" data-widget_type=\"heading.default\">\n\t\t\t\t\t<h2 class=\"elementor-heading-title elementor-size-default\">Staying Connected: <br>Our Lyc\u00e9e Alumni Community\n<\/h2>\t\t\t\t<\/div>\n\t\t\t\t<div class=\"elementor-element elementor-element-998c748 elementor-widget elementor-widget-text-editor\" data-id=\"998c748\" data-element_type=\"widget\" data-e-type=\"widget\" data-widget_type=\"text-editor.default\">\n\t\t\t\t\t\t\t\t\t<p><span style=\"font-weight: 400;\">At Lyc\u00e9e international de Calgary, we value the lasting connections that our students build during their time with us. Our alumni network is a vibrant community where former students can continue to engage with the Lyc\u00e9e, share experiences, and celebrate their achievements.<\/span><\/p><p><span style=\"font-weight: 400;\">We invite our alumni to join <\/span><a href=\"https:\/\/www.linkedin.com\/groups\/14695190\/\"><span style=\"font-weight: 400;\">our LinkedIn group<\/span><\/a><span style=\"font-weight: 400;\">, a dedicated space to connect professionally, exchange ideas, and stay informed about Lyc\u00e9e news. Throughout the year, we organize events that help former students stay connected with the Lyc\u00e9e, and we will soon be hosting special alumni gatherings where past students can reconnect, celebrate our shared values, and carry forward the heritage of excellence, growth, and community that defines the Lyc\u00e9e experience.<\/span><\/p><p><span style=\"font-weight: 400;\">By staying involved, our alumni help inspire current students, strengthen our global community, and carry forward the spirit and impact of the Lyc\u00e9e wherever they go.<\/span><\/p><p><span style=\"font-weight: 400;\">Are you a Lyc\u00e9e Calgary alumni ? If so, please contact <\/span><a href=\"mailto:alumni@lycee.ca\"><span style=\"font-weight: 400;\">alumni@lycee.ca<\/span><\/a><span style=\"font-weight: 400;\"> to stay in touch.<\/span><\/p>\t\t\t\t\t\t\t\t<\/div>\n\t\t\t\t<\/div>\n\t\t<div class=\"elementor-element elementor-element-bdeef85 e-con-full e-flex e-con e-child\" data-id=\"bdeef85\" data-element_type=\"container\" data-e-type=\"container\" data-settings=\"{&quot;jet_parallax_layout_list&quot;:[]}\">\n\t\t\t\t<div class=\"elementor-element elementor-element-430c408 elementor-invisible elementor-widget elementor-widget-image\" data-id=\"430c408\" data-element_type=\"widget\" data-e-type=\"widget\" data-settings=\"{&quot;motion_fx_motion_fx_scrolling&quot;:&quot;yes&quot;,&quot;motion_fx_translateY_effect&quot;:&quot;yes&quot;,&quot;motion_fx_translateY_speed&quot;:{&quot;unit&quot;:&quot;px&quot;,&quot;size&quot;:2,&quot;sizes&quot;:[]},&quot;_animation&quot;:&quot;fadeInRight&quot;,&quot;motion_fx_translateY_affectedRange&quot;:{&quot;unit&quot;:&quot;%&quot;,&quot;size&quot;:&quot;&quot;,&quot;sizes&quot;:{&quot;start&quot;:0,&quot;end&quot;:100}},&quot;motion_fx_devices&quot;:[&quot;desktop&quot;,&quot;tablet&quot;,&quot;mobile&quot;]}\" data-widget_type=\"image.default\">\n\t\t\t\t\t\t\t\t\t\t\t\t\t\t\t<img fetchpriority=\"high\" decoding=\"async\" width=\"1024\" height=\"785\" src=\"https:\/\/lycee.ca\/wp-content\/uploads\/2025\/12\/cover_alumni_crop-1024x785.webp\" class=\"attachment-large size-large wp-image-1904\" alt=\"\" srcset=\"https:\/\/lycee.ca\/wp-content\/uploads\/2025\/12\/cover_alumni_crop-1024x785.webp 1024w, https:\/\/lycee.ca\/wp-content\/uploads\/2025\/12\/cover_alumni_crop-300x230.webp 300w, https:\/\/lycee.ca\/wp-content\/uploads\/2025\/12\/cover_alumni_crop-768x589.webp 768w, https:\/\/lycee.ca\/wp-content\/uploads\/2025\/12\/cover_alumni_crop-1536x1178.webp 1536w, https:\/\/lycee.ca\/wp-content\/uploads\/2025\/12\/cover_alumni_crop-600x460.webp 600w, https:\/\/lycee.ca\/wp-content\/uploads\/2025\/12\/cover_alumni_crop.webp 1920w\" sizes=\"(max-width: 1024px) 100vw, 1024px\" \/>\t\t\t\t\t\t\t\t\t\t\t\t\t\t\t<\/div>\n\t\t\t\t<\/div>\n\t\t\t\t\t<\/div>\n\t\t\t\t<\/div>\n\t\t\t\t<\/div>\n\t\t","protected":false},"excerpt":{"rendered":"<p>Staying Connected: Our Lyc\u00e9e Alumni Community At Lyc\u00e9e international de Calgary, we value the lasting connections that our students build during their time with us. Our alumni network is a vibrant community where former students can continue to engage with the Lyc\u00e9e, share experiences, and celebrate their achievements. We invite our alumni to join our [&hellip;]<\/p>\n","protected":false},"author":1,"featured_media":895,"parent":1617,"menu_order":0,"comment_status":"closed","ping_status":"closed","template":"","meta":{"footnotes":""},"class_list":["post-1631","page","type-page","status-publish","has-post-thumbnail","hentry"],"yoast_head":"<!-- This site is optimized with the Yoast SEO plugin v27.4 - https:\/\/yoast.com\/product\/yoast-seo-wordpress\/ -->\n<title>Are you a Lyc\u00e9e Alumni ? - Lyc\u00e9e international de Calgary | French Preschool to Grade 12<\/title>\n<meta name=\"description\" content=\"Are you a Lyc\u00e9e alumni? Reconnect with Lyc\u00e9e International de Calgary and stay engaged with our international alumni community.\" \/>\n<meta name=\"robots\" content=\"index, follow, max-snippet:-1, max-image-preview:large, max-video-preview:-1\" \/>\n<link rel=\"canonical\" href=\"https:\/\/lycee.ca\/fr\/vie-scolaire\/simpliquer\/etes-vous-un-ancien-eleve-du-lycee\/\" \/>\n<meta property=\"og:locale\" content=\"fr_FR\" \/>\n<meta property=\"og:type\" content=\"article\" \/>\n<meta property=\"og:title\" content=\"Are you a Lyc\u00e9e Alumni ? - Lyc\u00e9e international de Calgary | French Preschool to Grade 12\" \/>\n<meta property=\"og:description\" content=\"Are you a Lyc\u00e9e alumni? Reconnect with Lyc\u00e9e International de Calgary and stay engaged with our international alumni community.\" \/>\n<meta property=\"og:url\" content=\"https:\/\/lycee.ca\/fr\/vie-scolaire\/simpliquer\/etes-vous-un-ancien-eleve-du-lycee\/\" \/>\n<meta property=\"og:site_name\" content=\"Lyc\u00e9e international de Calgary | French Preschool to Grade 12\" \/>\n<meta property=\"article:publisher\" content=\"https:\/\/www.facebook.com\/lyceecalgary\" \/>\n<meta property=\"article:modified_time\" content=\"2026-01-23T14:10:16+00:00\" \/>\n<meta property=\"og:image\" content=\"https:\/\/lycee.ca\/wp-content\/uploads\/2025\/11\/french_bacc_4.webp\" \/>\n\t<meta property=\"og:image:width\" content=\"1920\" \/>\n\t<meta property=\"og:image:height\" content=\"1178\" \/>\n\t<meta property=\"og:image:type\" content=\"image\/webp\" \/>\n<meta name=\"twitter:card\" content=\"summary_large_image\" \/>\n<meta name=\"twitter:label1\" content=\"Dur\u00e9e de lecture estim\u00e9e\" \/>\n\t<meta name=\"twitter:data1\" content=\"2 minutes\" \/>\n<script type=\"application\/ld+json\" class=\"yoast-schema-graph\">{\"@context\":\"https:\\\/\\\/schema.org\",\"@graph\":[{\"@type\":\"WebPage\",\"@id\":\"https:\\\/\\\/lycee.ca\\\/school-life\\\/get-involved\\\/are-you-a-lycee-alumni\\\/\",\"url\":\"https:\\\/\\\/lycee.ca\\\/school-life\\\/get-involved\\\/are-you-a-lycee-alumni\\\/\",\"name\":\"Are you a Lyc\u00e9e Alumni ? - Lyc\u00e9e international de Calgary | French Preschool to Grade 12\",\"isPartOf\":{\"@id\":\"https:\\\/\\\/lycee.ca\\\/#website\"},\"primaryImageOfPage\":{\"@id\":\"https:\\\/\\\/lycee.ca\\\/school-life\\\/get-involved\\\/are-you-a-lycee-alumni\\\/#primaryimage\"},\"image\":{\"@id\":\"https:\\\/\\\/lycee.ca\\\/school-life\\\/get-involved\\\/are-you-a-lycee-alumni\\\/#primaryimage\"},\"thumbnailUrl\":\"https:\\\/\\\/lycee.ca\\\/wp-content\\\/uploads\\\/2025\\\/11\\\/french_bacc_4.webp\",\"datePublished\":\"2025-12-09T01:03:07+00:00\",\"dateModified\":\"2026-01-23T14:10:16+00:00\",\"description\":\"Are you a Lyc\u00e9e alumni? Reconnect with Lyc\u00e9e International de Calgary and stay engaged with our international alumni community.\",\"breadcrumb\":{\"@id\":\"https:\\\/\\\/lycee.ca\\\/school-life\\\/get-involved\\\/are-you-a-lycee-alumni\\\/#breadcrumb\"},\"inLanguage\":\"fr-FR\",\"potentialAction\":[{\"@type\":\"ReadAction\",\"target\":[\"https:\\\/\\\/lycee.ca\\\/school-life\\\/get-involved\\\/are-you-a-lycee-alumni\\\/\"]}]},{\"@type\":\"ImageObject\",\"inLanguage\":\"fr-FR\",\"@id\":\"https:\\\/\\\/lycee.ca\\\/school-life\\\/get-involved\\\/are-you-a-lycee-alumni\\\/#primaryimage\",\"url\":\"https:\\\/\\\/lycee.ca\\\/wp-content\\\/uploads\\\/2025\\\/11\\\/french_bacc_4.webp\",\"contentUrl\":\"https:\\\/\\\/lycee.ca\\\/wp-content\\\/uploads\\\/2025\\\/11\\\/french_bacc_4.webp\",\"width\":1920,\"height\":1178},{\"@type\":\"BreadcrumbList\",\"@id\":\"https:\\\/\\\/lycee.ca\\\/school-life\\\/get-involved\\\/are-you-a-lycee-alumni\\\/#breadcrumb\",\"itemListElement\":[{\"@type\":\"ListItem\",\"position\":1,\"name\":\"Home\",\"item\":\"https:\\\/\\\/lycee.ca\\\/\"},{\"@type\":\"ListItem\",\"position\":2,\"name\":\"School Life\",\"item\":\"https:\\\/\\\/lycee.ca\\\/school-life\\\/\"},{\"@type\":\"ListItem\",\"position\":3,\"name\":\"Get involved\",\"item\":\"https:\\\/\\\/lycee.ca\\\/school-life\\\/get-involved\\\/\"},{\"@type\":\"ListItem\",\"position\":4,\"name\":\"Are you a Lyc\u00e9e Alumni ?\"}]},{\"@type\":\"WebSite\",\"@id\":\"https:\\\/\\\/lycee.ca\\\/#website\",\"url\":\"https:\\\/\\\/lycee.ca\\\/\",\"name\":\"Lyc\u00e9e international de Calgary | French Preschool to Grade 12\",\"description\":\"Calgary Private French School located in SW Altadore. Lyc\u00e9e offers full-day preschool, no prior french needed, small class sizes, and international study.\",\"publisher\":{\"@id\":\"https:\\\/\\\/lycee.ca\\\/#organization\"},\"potentialAction\":[{\"@type\":\"SearchAction\",\"target\":{\"@type\":\"EntryPoint\",\"urlTemplate\":\"https:\\\/\\\/lycee.ca\\\/?s={search_term_string}\"},\"query-input\":{\"@type\":\"PropertyValueSpecification\",\"valueRequired\":true,\"valueName\":\"search_term_string\"}}],\"inLanguage\":\"fr-FR\"},{\"@type\":\"Organization\",\"@id\":\"https:\\\/\\\/lycee.ca\\\/#organization\",\"name\":\"Lyc\u00e9e international de Calgary | French Preschool to Grade 12\",\"url\":\"https:\\\/\\\/lycee.ca\\\/\",\"logo\":{\"@type\":\"ImageObject\",\"inLanguage\":\"fr-FR\",\"@id\":\"https:\\\/\\\/lycee.ca\\\/#\\\/schema\\\/logo\\\/image\\\/\",\"url\":\"https:\\\/\\\/lycee.ca\\\/wp-content\\\/uploads\\\/2025\\\/09\\\/logo_lycee.svg\",\"contentUrl\":\"https:\\\/\\\/lycee.ca\\\/wp-content\\\/uploads\\\/2025\\\/09\\\/logo_lycee.svg\",\"width\":850,\"height\":385,\"caption\":\"Lyc\u00e9e international de Calgary | French Preschool to Grade 12\"},\"image\":{\"@id\":\"https:\\\/\\\/lycee.ca\\\/#\\\/schema\\\/logo\\\/image\\\/\"},\"sameAs\":[\"https:\\\/\\\/www.facebook.com\\\/lyceecalgary\",\"https:\\\/\\\/www.instagram.com\\\/lyceecalgary\\\/\"]}]}<\/script>\n<!-- \/ Yoast SEO plugin. -->","yoast_head_json":{"title":"Etes-vous un ancien \u00e9l\u00e8ve du Lyc\u00e9e ? - Lyc\u00e9e international de Calgary | Fran\u00e7ais de la maternelle \u00e0 la terminale","description":"Vous \u00eates un ancien \u00e9l\u00e8ve du Lyc\u00e9e ? Reprenez contact avec le Lyc\u00e9e International de Calgary et restez en contact avec notre communaut\u00e9 internationale d'anciens \u00e9l\u00e8ves.","robots":{"index":"index","follow":"follow","max-snippet":"max-snippet:-1","max-image-preview":"max-image-preview:large","max-video-preview":"max-video-preview:-1"},"canonical":"https:\/\/lycee.ca\/fr\/vie-scolaire\/simpliquer\/etes-vous-un-ancien-eleve-du-lycee\/","og_locale":"fr_FR","og_type":"article","og_title":"Are you a Lyc\u00e9e Alumni ? - Lyc\u00e9e international de Calgary | French Preschool to Grade 12","og_description":"Are you a Lyc\u00e9e alumni? Reconnect with Lyc\u00e9e International de Calgary and stay engaged with our international alumni community.","og_url":"https:\/\/lycee.ca\/fr\/vie-scolaire\/simpliquer\/etes-vous-un-ancien-eleve-du-lycee\/","og_site_name":"Lyc\u00e9e international de Calgary | French Preschool to Grade 12","article_publisher":"https:\/\/www.facebook.com\/lyceecalgary","article_modified_time":"2026-01-23T14:10:16+00:00","og_image":[{"width":1920,"height":1178,"url":"https:\/\/lycee.ca\/wp-content\/uploads\/2025\/11\/french_bacc_4.webp","type":"image\/webp"}],"twitter_card":"summary_large_image","twitter_misc":{"Dur\u00e9e de lecture estim\u00e9e":"2 minutes"},"schema":{"@context":"https:\/\/schema.org","@graph":[{"@type":"WebPage","@id":"https:\/\/lycee.ca\/school-life\/get-involved\/are-you-a-lycee-alumni\/","url":"https:\/\/lycee.ca\/school-life\/get-involved\/are-you-a-lycee-alumni\/","name":"Etes-vous un ancien \u00e9l\u00e8ve du Lyc\u00e9e ? - Lyc\u00e9e international de Calgary | Fran\u00e7ais de la maternelle \u00e0 la terminale","isPartOf":{"@id":"https:\/\/lycee.ca\/#website"},"primaryImageOfPage":{"@id":"https:\/\/lycee.ca\/school-life\/get-involved\/are-you-a-lycee-alumni\/#primaryimage"},"image":{"@id":"https:\/\/lycee.ca\/school-life\/get-involved\/are-you-a-lycee-alumni\/#primaryimage"},"thumbnailUrl":"https:\/\/lycee.ca\/wp-content\/uploads\/2025\/11\/french_bacc_4.webp","datePublished":"2025-12-09T01:03:07+00:00","dateModified":"2026-01-23T14:10:16+00:00","description":"Vous \u00eates un ancien \u00e9l\u00e8ve du Lyc\u00e9e ? Reprenez contact avec le Lyc\u00e9e International de Calgary et restez en contact avec notre communaut\u00e9 internationale d'anciens \u00e9l\u00e8ves.","breadcrumb":{"@id":"https:\/\/lycee.ca\/school-life\/get-involved\/are-you-a-lycee-alumni\/#breadcrumb"},"inLanguage":"fr-FR","potentialAction":[{"@type":"ReadAction","target":["https:\/\/lycee.ca\/school-life\/get-involved\/are-you-a-lycee-alumni\/"]}]},{"@type":"ImageObject","inLanguage":"fr-FR","@id":"https:\/\/lycee.ca\/school-life\/get-involved\/are-you-a-lycee-alumni\/#primaryimage","url":"https:\/\/lycee.ca\/wp-content\/uploads\/2025\/11\/french_bacc_4.webp","contentUrl":"https:\/\/lycee.ca\/wp-content\/uploads\/2025\/11\/french_bacc_4.webp","width":1920,"height":1178},{"@type":"BreadcrumbList","@id":"https:\/\/lycee.ca\/school-life\/get-involved\/are-you-a-lycee-alumni\/#breadcrumb","itemListElement":[{"@type":"ListItem","position":1,"name":"Home","item":"https:\/\/lycee.ca\/"},{"@type":"ListItem","position":2,"name":"School Life","item":"https:\/\/lycee.ca\/school-life\/"},{"@type":"ListItem","position":3,"name":"Get involved","item":"https:\/\/lycee.ca\/school-life\/get-involved\/"},{"@type":"ListItem","position":4,"name":"Are you a Lyc\u00e9e Alumni ?"}]},{"@type":"WebSite","@id":"https:\/\/lycee.ca\/#website","url":"https:\/\/lycee.ca\/","name":"Lyc\u00e9e international de Calgary | Fran\u00e7ais de la maternelle \u00e0 la terminale","description":"\u00c9cole priv\u00e9e de fran\u00e7ais de Calgary situ\u00e9e dans le quartier SW Altadore. Le Lyc\u00e9e propose une \u00e9cole maternelle \u00e0 temps plein, sans besoin de connaissances pr\u00e9alables en fran\u00e7ais, avec des classes de petite taille et des \u00e9tudes internationales.","publisher":{"@id":"https:\/\/lycee.ca\/#organization"},"potentialAction":[{"@type":"SearchAction","target":{"@type":"EntryPoint","urlTemplate":"https:\/\/lycee.ca\/?s={search_term_string}"},"query-input":{"@type":"PropertyValueSpecification","valueRequired":true,"valueName":"search_term_string"}}],"inLanguage":"fr-FR"},{"@type":"Organization","@id":"https:\/\/lycee.ca\/#organization","name":"Lyc\u00e9e international de Calgary | Fran\u00e7ais de la maternelle \u00e0 la terminale","url":"https:\/\/lycee.ca\/","logo":{"@type":"ImageObject","inLanguage":"fr-FR","@id":"https:\/\/lycee.ca\/#\/schema\/logo\/image\/","url":"https:\/\/lycee.ca\/wp-content\/uploads\/2025\/09\/logo_lycee.svg","contentUrl":"https:\/\/lycee.ca\/wp-content\/uploads\/2025\/09\/logo_lycee.svg","width":850,"height":385,"caption":"Lyc\u00e9e international de Calgary | French Preschool to Grade 12"},"image":{"@id":"https:\/\/lycee.ca\/#\/schema\/logo\/image\/"},"sameAs":["https:\/\/www.facebook.com\/lyceecalgary","https:\/\/www.instagram.com\/lyceecalgary\/"]}]}},"_links":{"self":[{"href":"https:\/\/lycee.ca\/fr\/wp-json\/wp\/v2\/pages\/1631","targetHints":{"allow":["GET"]}}],"collection":[{"href":"https:\/\/lycee.ca\/fr\/wp-json\/wp\/v2\/pages"}],"about":[{"href":"https:\/\/lycee.ca\/fr\/wp-json\/wp\/v2\/types\/page"}],"author":[{"embeddable":true,"href":"https:\/\/lycee.ca\/fr\/wp-json\/wp\/v2\/users\/1"}],"replies":[{"embeddable":true,"href":"https:\/\/lycee.ca\/fr\/wp-json\/wp\/v2\/comments?post=1631"}],"version-history":[{"count":0,"href":"https:\/\/lycee.ca\/fr\/wp-json\/wp\/v2\/pages\/1631\/revisions"}],"up":[{"embeddable":true,"href":"https:\/\/lycee.ca\/fr\/wp-json\/wp\/v2\/pages\/1617"}],"wp:featuredmedia":[{"embeddable":true,"href":"https:\/\/lycee.ca\/fr\/wp-json\/wp\/v2\/media\/895"}],"wp:attachment":[{"href":"https:\/\/lycee.ca\/fr\/wp-json\/wp\/v2\/media?parent=1631"}],"curies":[{"name":"wp","href":"https:\/\/api.w.org\/{rel}","templated":true}]}}