{"id":1602,"date":"2025-12-08T22:04:39","date_gmt":"2025-12-08T22:04:39","guid":{"rendered":"https:\/\/lycee.ca\/?page_id=1602"},"modified":"2026-02-03T21:11:30","modified_gmt":"2026-02-04T04:11:30","slug":"clubs","status":"publish","type":"page","link":"https:\/\/lycee.ca\/fr\/school-life\/clubs\/","title":{"rendered":"Clubs"},"content":{"rendered":"\t\t<div data-elementor-type=\"wp-page\" data-elementor-id=\"1602\" class=\"elementor elementor-1602\" data-elementor-post-type=\"page\">\n\t\t\t\t<div class=\"elementor-element elementor-element-d4693f3 e-flex e-con-boxed e-con e-parent\" data-id=\"d4693f3\" data-element_type=\"container\" data-e-type=\"container\" data-settings=\"{&quot;jet_parallax_layout_list&quot;:[]}\">\n\t\t\t\t\t<div class=\"e-con-inner\">\n\t\t<div class=\"elementor-element elementor-element-e2e6d2d e-con-full e-flex e-con e-child\" data-id=\"e2e6d2d\" data-element_type=\"container\" data-e-type=\"container\" data-settings=\"{&quot;jet_parallax_layout_list&quot;:[]}\">\n\t\t\t\t<div class=\"elementor-element elementor-element-115597f elementor-widget elementor-widget-heading\" data-id=\"115597f\" data-element_type=\"widget\" data-e-type=\"widget\" data-widget_type=\"heading.default\">\n\t\t\t\t\t<p class=\"elementor-heading-title elementor-size-default\">We are committed to offering activities that engage students, inspire a love of learning, and promote personal growth. Our diverse Clubs Program is a cornerstone of student life, providing opportunities for creativity, curiosity, and community to thrive beyond the classroom.<\/p>\t\t\t\t<\/div>\n\t\t\t\t<div class=\"elementor-element elementor-element-989df3c elementor-widget elementor-widget-text-editor\" data-id=\"989df3c\" data-element_type=\"widget\" data-e-type=\"widget\" data-widget_type=\"text-editor.default\">\n\t\t\t\t\t\t\t\t\t<p><span style=\"font-weight: 400;\">Designed for students until 3\u00e8me (Grade 9), our clubs reflect the Lyc\u00e9e\u2019s mission of a transformative bilingual education. They give students the chance to explore passions, build leadership skills, and develop teamwork, all within a supportive, multicultural environment.<\/span><\/p><p><span style=\"font-weight: 400;\">From 3:30 to 4:30 p.m., students dive into fun and engaging clubs \u2014 from sports and STEM to art, music, and leadership. With offerings changing each trimester, there\u2019s always something new to explore!<\/span><\/p>\t\t\t\t\t\t\t\t<\/div>\n\t\t\t\t<\/div>\n\t\t<div class=\"elementor-element elementor-element-bcaf2fa e-con-full e-flex e-con e-child\" data-id=\"bcaf2fa\" data-element_type=\"container\" data-e-type=\"container\" data-settings=\"{&quot;jet_parallax_layout_list&quot;:[]}\">\n\t\t\t\t<div class=\"elementor-element elementor-element-46eadc1 elementor-invisible elementor-widget elementor-widget-image\" data-id=\"46eadc1\" data-element_type=\"widget\" data-e-type=\"widget\" data-settings=\"{&quot;motion_fx_motion_fx_scrolling&quot;:&quot;yes&quot;,&quot;motion_fx_translateY_effect&quot;:&quot;yes&quot;,&quot;motion_fx_translateY_speed&quot;:{&quot;unit&quot;:&quot;px&quot;,&quot;size&quot;:2,&quot;sizes&quot;:[]},&quot;_animation&quot;:&quot;fadeInRight&quot;,&quot;motion_fx_translateY_affectedRange&quot;:{&quot;unit&quot;:&quot;%&quot;,&quot;size&quot;:&quot;&quot;,&quot;sizes&quot;:{&quot;start&quot;:0,&quot;end&quot;:100}},&quot;motion_fx_devices&quot;:[&quot;desktop&quot;,&quot;tablet&quot;,&quot;mobile&quot;]}\" data-widget_type=\"image.default\">\n\t\t\t\t\t\t\t\t\t\t\t\t\t\t\t<img fetchpriority=\"high\" decoding=\"async\" width=\"683\" height=\"1024\" src=\"https:\/\/lycee.ca\/wp-content\/uploads\/2026\/02\/cover_club_15-683x1024.webp\" class=\"attachment-large size-large wp-image-3172\" alt=\"\" srcset=\"https:\/\/lycee.ca\/wp-content\/uploads\/2026\/02\/cover_club_15-683x1024.webp 683w, https:\/\/lycee.ca\/wp-content\/uploads\/2026\/02\/cover_club_15-200x300.webp 200w, https:\/\/lycee.ca\/wp-content\/uploads\/2026\/02\/cover_club_15-768x1152.webp 768w, https:\/\/lycee.ca\/wp-content\/uploads\/2026\/02\/cover_club_15-1024x1536.webp 1024w, https:\/\/lycee.ca\/wp-content\/uploads\/2026\/02\/cover_club_15-8x12.webp 8w, https:\/\/lycee.ca\/wp-content\/uploads\/2026\/02\/cover_club_15-600x900.webp 600w, https:\/\/lycee.ca\/wp-content\/uploads\/2026\/02\/cover_club_15.webp 1280w\" sizes=\"(max-width: 683px) 100vw, 683px\" \/>\t\t\t\t\t\t\t\t\t\t\t\t\t\t\t<\/div>\n\t\t\t\t<\/div>\n\t\t\t\t\t<\/div>\n\t\t\t\t<\/div>\n\t\t<div class=\"elementor-element elementor-element-bd39b60 e-flex e-con-boxed e-con e-parent\" data-id=\"bd39b60\" data-element_type=\"container\" data-e-type=\"container\" data-settings=\"{&quot;jet_parallax_layout_list&quot;:[],&quot;background_background&quot;:&quot;classic&quot;}\">\n\t\t\t\t\t<div class=\"e-con-inner\">\n\t\t<div class=\"elementor-element elementor-element-5964591 e-con-full e-flex e-con e-child\" data-id=\"5964591\" data-element_type=\"container\" data-e-type=\"container\" data-settings=\"{&quot;jet_parallax_layout_list&quot;:[]}\">\n\t\t\t\t<div class=\"elementor-element elementor-element-fc412c3 elementor-invisible elementor-widget elementor-widget-image\" data-id=\"fc412c3\" data-element_type=\"widget\" data-e-type=\"widget\" data-settings=\"{&quot;motion_fx_motion_fx_scrolling&quot;:&quot;yes&quot;,&quot;motion_fx_translateY_effect&quot;:&quot;yes&quot;,&quot;motion_fx_translateY_speed&quot;:{&quot;unit&quot;:&quot;px&quot;,&quot;size&quot;:2,&quot;sizes&quot;:[]},&quot;_animation&quot;:&quot;fadeInLeft&quot;,&quot;motion_fx_translateY_affectedRange&quot;:{&quot;unit&quot;:&quot;%&quot;,&quot;size&quot;:&quot;&quot;,&quot;sizes&quot;:{&quot;start&quot;:0,&quot;end&quot;:100}},&quot;motion_fx_devices&quot;:[&quot;desktop&quot;,&quot;tablet&quot;,&quot;mobile&quot;]}\" data-widget_type=\"image.default\">\n\t\t\t\t\t\t\t\t\t\t\t\t\t\t\t<img decoding=\"async\" width=\"1024\" height=\"683\" src=\"https:\/\/lycee.ca\/wp-content\/uploads\/2026\/02\/cover_club_16-1024x683.webp\" class=\"attachment-large size-large wp-image-3173\" alt=\"\" srcset=\"https:\/\/lycee.ca\/wp-content\/uploads\/2026\/02\/cover_club_16-1024x683.webp 1024w, https:\/\/lycee.ca\/wp-content\/uploads\/2026\/02\/cover_club_16-300x200.webp 300w, https:\/\/lycee.ca\/wp-content\/uploads\/2026\/02\/cover_club_16-768x512.webp 768w, https:\/\/lycee.ca\/wp-content\/uploads\/2026\/02\/cover_club_16-1536x1024.webp 1536w, https:\/\/lycee.ca\/wp-content\/uploads\/2026\/02\/cover_club_16-18x12.webp 18w, https:\/\/lycee.ca\/wp-content\/uploads\/2026\/02\/cover_club_16-600x400.webp 600w, https:\/\/lycee.ca\/wp-content\/uploads\/2026\/02\/cover_club_16.webp 1920w\" sizes=\"(max-width: 1024px) 100vw, 1024px\" \/>\t\t\t\t\t\t\t\t\t\t\t\t\t\t\t<\/div>\n\t\t\t\t<\/div>\n\t\t<div class=\"elementor-element elementor-element-31cd012 e-con-full e-flex e-con e-child\" data-id=\"31cd012\" data-element_type=\"container\" data-e-type=\"container\" data-settings=\"{&quot;jet_parallax_layout_list&quot;:[]}\">\n\t\t\t\t<div class=\"elementor-element elementor-element-9eb788a elementor-widget elementor-widget-heading\" data-id=\"9eb788a\" data-element_type=\"widget\" data-e-type=\"widget\" data-widget_type=\"heading.default\">\n\t\t\t\t\t<h2 class=\"elementor-heading-title elementor-size-default\">Clubs for Every Age and Interests<\/h2>\t\t\t\t<\/div>\n\t\t\t\t<div class=\"elementor-element elementor-element-69e4cf8 elementor-widget elementor-widget-text-editor\" data-id=\"69e4cf8\" data-element_type=\"widget\" data-e-type=\"widget\" data-widget_type=\"text-editor.default\">\n\t\t\t\t\t\t\t\t\t<p><span style=\"font-weight: 400;\">Clubs play a vital role in enriching student life and supporting the Lyc\u00e9e\u2019s holistic education model. They connect academic growth with creative expression, giving students opportunities to explore interests beyond the classroom. Through participation, students develop essential skills, collaboration, communication, creativity, and problem-solving, while also building confidence, a sense of belonging, and personal fulfillment.<\/span><\/p><p><span style=\"font-weight: 400;\">Examples : Robotics, Music, Art, Dance, Engineering, Media Arts, Dance, Baking, Climbing, Karate, Sportsball, Climbing.<\/span><\/p>\t\t\t\t\t\t\t\t<\/div>\n\t\t\t\t<\/div>\n\t\t\t\t\t<\/div>\n\t\t\t\t<\/div>\n\t\t<div class=\"elementor-element elementor-element-65f3f85 e-flex e-con-boxed e-con e-parent\" data-id=\"65f3f85\" data-element_type=\"container\" data-e-type=\"container\" data-settings=\"{&quot;jet_parallax_layout_list&quot;:[]}\">\n\t\t\t\t\t<div class=\"e-con-inner\">\n\t\t<div class=\"elementor-element elementor-element-cf077ef e-con-full e-flex e-con e-child\" data-id=\"cf077ef\" data-element_type=\"container\" data-e-type=\"container\" data-settings=\"{&quot;jet_parallax_layout_list&quot;:[]}\">\n\t\t\t\t<div class=\"elementor-element elementor-element-d00514c elementor-widget elementor-widget-heading\" data-id=\"d00514c\" data-element_type=\"widget\" data-e-type=\"widget\" data-widget_type=\"heading.default\">\n\t\t\t\t\t<h2 class=\"elementor-heading-title elementor-size-default\">Why Join a Club at Lyc\u00e9e Calgary?\n<\/h2>\t\t\t\t<\/div>\n\t\t\t\t<div class=\"elementor-element elementor-element-207585d elementor-widget elementor-widget-text-editor\" data-id=\"207585d\" data-element_type=\"widget\" data-e-type=\"widget\" data-widget_type=\"text-editor.default\">\n\t\t\t\t\t\t\t\t\t<ul><li style=\"font-weight: 400;\" aria-level=\"1\"><span style=\"font-weight: 400;\">Clubs at the Lyc\u00e9e offer enriching experiences that help students build skills, confidence, and lasting connections.<\/span><\/li><li style=\"font-weight: 400;\" aria-level=\"1\"><span style=\"font-weight: 400;\">Our bilingual environment fosters open-mindedness, confidence, and curiosity.<\/span><\/li><li style=\"font-weight: 400;\" aria-level=\"1\"><span style=\"font-weight: 400;\">Clubs provide a fun, safe, and inclusive space for every student.<\/span><\/li><\/ul>\t\t\t\t\t\t\t\t<\/div>\n\t\t\t\t<div class=\"elementor-element elementor-element-89c556b elementor-widget elementor-widget-heading\" data-id=\"89c556b\" data-element_type=\"widget\" data-e-type=\"widget\" data-widget_type=\"heading.default\">\n\t\t\t\t\t<h2 class=\"elementor-heading-title elementor-size-default\">Registration process<\/h2>\t\t\t\t<\/div>\n\t\t\t\t<div class=\"elementor-element elementor-element-053fcb5 elementor-widget elementor-widget-text-editor\" data-id=\"053fcb5\" data-element_type=\"widget\" data-e-type=\"widget\" data-widget_type=\"text-editor.default\">\n\t\t\t\t\t\t\t\t\t<p><span style=\"font-weight: 400;\">Families are required to register for each trimester (3 in total). They will receive the guide before the trimester starts, along with the registration link a few weeks in advance.<\/span><\/p><p><span style=\"font-weight: 400;\">Please note that participation in other programs (Before and After School Care, Study Hall, Camps, Athletics, Hot Lunch) can be easily coordinated on the same platform.<\/span><\/p><p><span style=\"font-weight: 400;\">For Extra-Curricular fees, please contact <a href=\"mailto:clubs@lycee.ca\" target=\"_blank\" rel=\"noopener\">clubs@lycee.ca<\/a><\/span><\/p>\t\t\t\t\t\t\t\t<\/div>\n\t\t\t\t<\/div>\n\t\t<div class=\"elementor-element elementor-element-4126bb1 e-con-full e-flex e-con e-child\" data-id=\"4126bb1\" data-element_type=\"container\" data-e-type=\"container\" data-settings=\"{&quot;jet_parallax_layout_list&quot;:[]}\">\n\t\t\t\t<div class=\"elementor-element elementor-element-ffa5637 elementor-invisible elementor-widget elementor-widget-image\" data-id=\"ffa5637\" data-element_type=\"widget\" data-e-type=\"widget\" data-settings=\"{&quot;motion_fx_motion_fx_scrolling&quot;:&quot;yes&quot;,&quot;motion_fx_translateY_effect&quot;:&quot;yes&quot;,&quot;motion_fx_translateY_speed&quot;:{&quot;unit&quot;:&quot;px&quot;,&quot;size&quot;:2,&quot;sizes&quot;:[]},&quot;_animation&quot;:&quot;fadeInRight&quot;,&quot;motion_fx_translateY_affectedRange&quot;:{&quot;unit&quot;:&quot;%&quot;,&quot;size&quot;:&quot;&quot;,&quot;sizes&quot;:{&quot;start&quot;:0,&quot;end&quot;:100}},&quot;motion_fx_devices&quot;:[&quot;desktop&quot;,&quot;tablet&quot;,&quot;mobile&quot;]}\" data-widget_type=\"image.default\">\n\t\t\t\t\t\t\t\t\t\t\t\t\t\t\t<img decoding=\"async\" width=\"1024\" height=\"683\" src=\"https:\/\/lycee.ca\/wp-content\/uploads\/2026\/02\/cover_club_17-1024x683.webp\" class=\"attachment-large size-large wp-image-3174\" alt=\"\" srcset=\"https:\/\/lycee.ca\/wp-content\/uploads\/2026\/02\/cover_club_17-1024x683.webp 1024w, https:\/\/lycee.ca\/wp-content\/uploads\/2026\/02\/cover_club_17-300x200.webp 300w, https:\/\/lycee.ca\/wp-content\/uploads\/2026\/02\/cover_club_17-768x512.webp 768w, https:\/\/lycee.ca\/wp-content\/uploads\/2026\/02\/cover_club_17-1536x1024.webp 1536w, https:\/\/lycee.ca\/wp-content\/uploads\/2026\/02\/cover_club_17-18x12.webp 18w, https:\/\/lycee.ca\/wp-content\/uploads\/2026\/02\/cover_club_17-600x400.webp 600w, https:\/\/lycee.ca\/wp-content\/uploads\/2026\/02\/cover_club_17.webp 1920w\" sizes=\"(max-width: 1024px) 100vw, 1024px\" \/>\t\t\t\t\t\t\t\t\t\t\t\t\t\t\t<\/div>\n\t\t\t\t<\/div>\n\t\t\t\t\t<\/div>\n\t\t\t\t<\/div>\n\t\t\t\t<\/div>\n\t\t","protected":false},"excerpt":{"rendered":"<p>We are committed to offering activities that engage students, inspire a love of learning, and promote personal growth. Our diverse Clubs Program is a cornerstone of student life, providing opportunities for creativity, curiosity, and community to thrive beyond the classroom. Designed for students until 3\u00e8me (Grade 9), our clubs reflect the Lyc\u00e9e\u2019s mission of a [&hellip;]<\/p>\n","protected":false},"author":1,"featured_media":3168,"parent":756,"menu_order":0,"comment_status":"closed","ping_status":"closed","template":"","meta":{"footnotes":""},"class_list":["post-1602","page","type-page","status-publish","has-post-thumbnail","hentry"],"yoast_head":"<!-- This site is optimized with the Yoast SEO plugin v27.4 - https:\/\/yoast.com\/product\/yoast-seo-wordpress\/ -->\n<title>Clubs | Creative, Academic &amp; Global Activities at Lyc\u00e9e Calgary<\/title>\n<meta name=\"description\" content=\"Explore Lyc\u00e9e Calgary\u2019s bilingual clubs \u2014 creative, academic, athletic, and cultural programs that inspire leadership, teamwork, and global awareness beyond class.\" \/>\n<meta name=\"robots\" content=\"index, follow, max-snippet:-1, max-image-preview:large, max-video-preview:-1\" \/>\n<link rel=\"canonical\" href=\"https:\/\/lycee.ca\/fr\/vie-scolaire\/clubs\/\" \/>\n<meta property=\"og:locale\" content=\"fr_FR\" \/>\n<meta property=\"og:type\" content=\"article\" \/>\n<meta property=\"og:title\" content=\"Clubs | Creative, Academic &amp; Global Activities at Lyc\u00e9e Calgary\" \/>\n<meta property=\"og:description\" content=\"Explore Lyc\u00e9e Calgary\u2019s bilingual clubs \u2014 creative, academic, athletic, and cultural programs that inspire leadership, teamwork, and global awareness beyond class.\" \/>\n<meta property=\"og:url\" content=\"https:\/\/lycee.ca\/fr\/vie-scolaire\/clubs\/\" \/>\n<meta property=\"og:site_name\" content=\"Lyc\u00e9e international de Calgary | French Preschool to Grade 12\" \/>\n<meta property=\"article:publisher\" content=\"https:\/\/www.facebook.com\/lyceecalgary\" \/>\n<meta property=\"article:modified_time\" content=\"2026-02-04T04:11:30+00:00\" \/>\n<meta property=\"og:image\" content=\"https:\/\/lycee.ca\/wp-content\/uploads\/2026\/02\/cover_club_banner_14.webp\" \/>\n\t<meta property=\"og:image:width\" content=\"1920\" \/>\n\t<meta property=\"og:image:height\" content=\"1280\" \/>\n\t<meta property=\"og:image:type\" content=\"image\/webp\" \/>\n<meta name=\"twitter:card\" content=\"summary_large_image\" \/>\n<meta name=\"twitter:label1\" content=\"Dur\u00e9e de lecture estim\u00e9e\" \/>\n\t<meta name=\"twitter:data1\" content=\"2 minutes\" \/>\n<script type=\"application\/ld+json\" class=\"yoast-schema-graph\">{\"@context\":\"https:\\\/\\\/schema.org\",\"@graph\":[{\"@type\":\"WebPage\",\"@id\":\"https:\\\/\\\/lycee.ca\\\/school-life\\\/clubs\\\/\",\"url\":\"https:\\\/\\\/lycee.ca\\\/school-life\\\/clubs\\\/\",\"name\":\"Clubs | Creative, Academic & Global Activities at Lyc\u00e9e Calgary\",\"isPartOf\":{\"@id\":\"https:\\\/\\\/lycee.ca\\\/#website\"},\"primaryImageOfPage\":{\"@id\":\"https:\\\/\\\/lycee.ca\\\/school-life\\\/clubs\\\/#primaryimage\"},\"image\":{\"@id\":\"https:\\\/\\\/lycee.ca\\\/school-life\\\/clubs\\\/#primaryimage\"},\"thumbnailUrl\":\"https:\\\/\\\/lycee.ca\\\/wp-content\\\/uploads\\\/2026\\\/02\\\/cover_club_banner_14.webp\",\"datePublished\":\"2025-12-08T22:04:39+00:00\",\"dateModified\":\"2026-02-04T04:11:30+00:00\",\"description\":\"Explore Lyc\u00e9e Calgary\u2019s bilingual clubs \u2014 creative, academic, athletic, and cultural programs that inspire leadership, teamwork, and global awareness beyond class.\",\"breadcrumb\":{\"@id\":\"https:\\\/\\\/lycee.ca\\\/school-life\\\/clubs\\\/#breadcrumb\"},\"inLanguage\":\"fr-FR\",\"potentialAction\":[{\"@type\":\"ReadAction\",\"target\":[\"https:\\\/\\\/lycee.ca\\\/school-life\\\/clubs\\\/\"]}]},{\"@type\":\"ImageObject\",\"inLanguage\":\"fr-FR\",\"@id\":\"https:\\\/\\\/lycee.ca\\\/school-life\\\/clubs\\\/#primaryimage\",\"url\":\"https:\\\/\\\/lycee.ca\\\/wp-content\\\/uploads\\\/2026\\\/02\\\/cover_club_banner_14.webp\",\"contentUrl\":\"https:\\\/\\\/lycee.ca\\\/wp-content\\\/uploads\\\/2026\\\/02\\\/cover_club_banner_14.webp\",\"width\":1920,\"height\":1280},{\"@type\":\"BreadcrumbList\",\"@id\":\"https:\\\/\\\/lycee.ca\\\/school-life\\\/clubs\\\/#breadcrumb\",\"itemListElement\":[{\"@type\":\"ListItem\",\"position\":1,\"name\":\"Home\",\"item\":\"https:\\\/\\\/lycee.ca\\\/\"},{\"@type\":\"ListItem\",\"position\":2,\"name\":\"School Life\",\"item\":\"https:\\\/\\\/lycee.ca\\\/school-life\\\/\"},{\"@type\":\"ListItem\",\"position\":3,\"name\":\"Clubs\"}]},{\"@type\":\"WebSite\",\"@id\":\"https:\\\/\\\/lycee.ca\\\/#website\",\"url\":\"https:\\\/\\\/lycee.ca\\\/\",\"name\":\"Lyc\u00e9e international de Calgary | French Preschool to Grade 12\",\"description\":\"Calgary Private French School located in SW Altadore. Lyc\u00e9e offers full-day preschool, no prior french needed, small class sizes, and international study.\",\"publisher\":{\"@id\":\"https:\\\/\\\/lycee.ca\\\/#organization\"},\"potentialAction\":[{\"@type\":\"SearchAction\",\"target\":{\"@type\":\"EntryPoint\",\"urlTemplate\":\"https:\\\/\\\/lycee.ca\\\/?s={search_term_string}\"},\"query-input\":{\"@type\":\"PropertyValueSpecification\",\"valueRequired\":true,\"valueName\":\"search_term_string\"}}],\"inLanguage\":\"fr-FR\"},{\"@type\":\"Organization\",\"@id\":\"https:\\\/\\\/lycee.ca\\\/#organization\",\"name\":\"Lyc\u00e9e international de Calgary | French Preschool to Grade 12\",\"url\":\"https:\\\/\\\/lycee.ca\\\/\",\"logo\":{\"@type\":\"ImageObject\",\"inLanguage\":\"fr-FR\",\"@id\":\"https:\\\/\\\/lycee.ca\\\/#\\\/schema\\\/logo\\\/image\\\/\",\"url\":\"https:\\\/\\\/lycee.ca\\\/wp-content\\\/uploads\\\/2025\\\/09\\\/logo_lycee.svg\",\"contentUrl\":\"https:\\\/\\\/lycee.ca\\\/wp-content\\\/uploads\\\/2025\\\/09\\\/logo_lycee.svg\",\"width\":850,\"height\":385,\"caption\":\"Lyc\u00e9e international de Calgary | French Preschool to Grade 12\"},\"image\":{\"@id\":\"https:\\\/\\\/lycee.ca\\\/#\\\/schema\\\/logo\\\/image\\\/\"},\"sameAs\":[\"https:\\\/\\\/www.facebook.com\\\/lyceecalgary\",\"https:\\\/\\\/www.instagram.com\\\/lyceecalgary\\\/\"]}]}<\/script>\n<!-- \/ Yoast SEO plugin. -->","yoast_head_json":{"title":"Clubs - Activit\u00e9s cr\u00e9atives, acad\u00e9miques et globales au Lyc\u00e9e Calgary","description":"D\u00e9couvrez les clubs bilingues du Lyc\u00e9e Calgary - des programmes cr\u00e9atifs, acad\u00e9miques, sportifs et culturels qui encouragent le leadership, le travail d'\u00e9quipe et la sensibilisation au monde au-del\u00e0 de la classe.","robots":{"index":"index","follow":"follow","max-snippet":"max-snippet:-1","max-image-preview":"max-image-preview:large","max-video-preview":"max-video-preview:-1"},"canonical":"https:\/\/lycee.ca\/fr\/vie-scolaire\/clubs\/","og_locale":"fr_FR","og_type":"article","og_title":"Clubs | Creative, Academic & Global Activities at Lyc\u00e9e Calgary","og_description":"Explore Lyc\u00e9e Calgary\u2019s bilingual clubs \u2014 creative, academic, athletic, and cultural programs that inspire leadership, teamwork, and global awareness beyond class.","og_url":"https:\/\/lycee.ca\/fr\/vie-scolaire\/clubs\/","og_site_name":"Lyc\u00e9e international de Calgary | French Preschool to Grade 12","article_publisher":"https:\/\/www.facebook.com\/lyceecalgary","article_modified_time":"2026-02-04T04:11:30+00:00","og_image":[{"width":1920,"height":1280,"url":"https:\/\/lycee.ca\/wp-content\/uploads\/2026\/02\/cover_club_banner_14.webp","type":"image\/webp"}],"twitter_card":"summary_large_image","twitter_misc":{"Dur\u00e9e de lecture estim\u00e9e":"2 minutes"},"schema":{"@context":"https:\/\/schema.org","@graph":[{"@type":"WebPage","@id":"https:\/\/lycee.ca\/school-life\/clubs\/","url":"https:\/\/lycee.ca\/school-life\/clubs\/","name":"Clubs - Activit\u00e9s cr\u00e9atives, acad\u00e9miques et globales au Lyc\u00e9e Calgary","isPartOf":{"@id":"https:\/\/lycee.ca\/#website"},"primaryImageOfPage":{"@id":"https:\/\/lycee.ca\/school-life\/clubs\/#primaryimage"},"image":{"@id":"https:\/\/lycee.ca\/school-life\/clubs\/#primaryimage"},"thumbnailUrl":"https:\/\/lycee.ca\/wp-content\/uploads\/2026\/02\/cover_club_banner_14.webp","datePublished":"2025-12-08T22:04:39+00:00","dateModified":"2026-02-04T04:11:30+00:00","description":"D\u00e9couvrez les clubs bilingues du Lyc\u00e9e Calgary - des programmes cr\u00e9atifs, acad\u00e9miques, sportifs et culturels qui encouragent le leadership, le travail d'\u00e9quipe et la sensibilisation au monde au-del\u00e0 de la classe.","breadcrumb":{"@id":"https:\/\/lycee.ca\/school-life\/clubs\/#breadcrumb"},"inLanguage":"fr-FR","potentialAction":[{"@type":"ReadAction","target":["https:\/\/lycee.ca\/school-life\/clubs\/"]}]},{"@type":"ImageObject","inLanguage":"fr-FR","@id":"https:\/\/lycee.ca\/school-life\/clubs\/#primaryimage","url":"https:\/\/lycee.ca\/wp-content\/uploads\/2026\/02\/cover_club_banner_14.webp","contentUrl":"https:\/\/lycee.ca\/wp-content\/uploads\/2026\/02\/cover_club_banner_14.webp","width":1920,"height":1280},{"@type":"BreadcrumbList","@id":"https:\/\/lycee.ca\/school-life\/clubs\/#breadcrumb","itemListElement":[{"@type":"ListItem","position":1,"name":"Home","item":"https:\/\/lycee.ca\/"},{"@type":"ListItem","position":2,"name":"School Life","item":"https:\/\/lycee.ca\/school-life\/"},{"@type":"ListItem","position":3,"name":"Clubs"}]},{"@type":"WebSite","@id":"https:\/\/lycee.ca\/#website","url":"https:\/\/lycee.ca\/","name":"Lyc\u00e9e international de Calgary | Fran\u00e7ais de la maternelle \u00e0 la terminale","description":"\u00c9cole priv\u00e9e de fran\u00e7ais de Calgary situ\u00e9e dans le quartier SW Altadore. Le Lyc\u00e9e propose une \u00e9cole maternelle \u00e0 temps plein, sans besoin de connaissances pr\u00e9alables en fran\u00e7ais, avec des classes de petite taille et des \u00e9tudes internationales.","publisher":{"@id":"https:\/\/lycee.ca\/#organization"},"potentialAction":[{"@type":"SearchAction","target":{"@type":"EntryPoint","urlTemplate":"https:\/\/lycee.ca\/?s={search_term_string}"},"query-input":{"@type":"PropertyValueSpecification","valueRequired":true,"valueName":"search_term_string"}}],"inLanguage":"fr-FR"},{"@type":"Organization","@id":"https:\/\/lycee.ca\/#organization","name":"Lyc\u00e9e international de Calgary | Fran\u00e7ais de la maternelle \u00e0 la terminale","url":"https:\/\/lycee.ca\/","logo":{"@type":"ImageObject","inLanguage":"fr-FR","@id":"https:\/\/lycee.ca\/#\/schema\/logo\/image\/","url":"https:\/\/lycee.ca\/wp-content\/uploads\/2025\/09\/logo_lycee.svg","contentUrl":"https:\/\/lycee.ca\/wp-content\/uploads\/2025\/09\/logo_lycee.svg","width":850,"height":385,"caption":"Lyc\u00e9e international de Calgary | French Preschool to Grade 12"},"image":{"@id":"https:\/\/lycee.ca\/#\/schema\/logo\/image\/"},"sameAs":["https:\/\/www.facebook.com\/lyceecalgary","https:\/\/www.instagram.com\/lyceecalgary\/"]}]}},"_links":{"self":[{"href":"https:\/\/lycee.ca\/fr\/wp-json\/wp\/v2\/pages\/1602","targetHints":{"allow":["GET"]}}],"collection":[{"href":"https:\/\/lycee.ca\/fr\/wp-json\/wp\/v2\/pages"}],"about":[{"href":"https:\/\/lycee.ca\/fr\/wp-json\/wp\/v2\/types\/page"}],"author":[{"embeddable":true,"href":"https:\/\/lycee.ca\/fr\/wp-json\/wp\/v2\/users\/1"}],"replies":[{"embeddable":true,"href":"https:\/\/lycee.ca\/fr\/wp-json\/wp\/v2\/comments?post=1602"}],"version-history":[{"count":0,"href":"https:\/\/lycee.ca\/fr\/wp-json\/wp\/v2\/pages\/1602\/revisions"}],"up":[{"embeddable":true,"href":"https:\/\/lycee.ca\/fr\/wp-json\/wp\/v2\/pages\/756"}],"wp:featuredmedia":[{"embeddable":true,"href":"https:\/\/lycee.ca\/fr\/wp-json\/wp\/v2\/media\/3168"}],"wp:attachment":[{"href":"https:\/\/lycee.ca\/fr\/wp-json\/wp\/v2\/media?parent=1602"}],"curies":[{"name":"wp","href":"https:\/\/api.w.org\/{rel}","templated":true}]}}