{"id":1597,"date":"2025-12-08T21:55:30","date_gmt":"2025-12-08T21:55:30","guid":{"rendered":"https:\/\/lycee.ca\/?page_id=1597"},"modified":"2026-02-03T20:47:05","modified_gmt":"2026-02-04T03:47:05","slug":"dejeuner-chaud","status":"publish","type":"page","link":"https:\/\/lycee.ca\/fr\/school-life\/hot-lunch\/","title":{"rendered":"Cantine"},"content":{"rendered":"\t\t<div data-elementor-type=\"wp-page\" data-elementor-id=\"1597\" class=\"elementor elementor-1597\" data-elementor-post-type=\"page\">\n\t\t\t\t<div class=\"elementor-element elementor-element-893a7d7 e-flex e-con-boxed e-con e-parent\" data-id=\"893a7d7\" data-element_type=\"container\" data-e-type=\"container\" data-settings=\"{&quot;jet_parallax_layout_list&quot;:[],&quot;background_background&quot;:&quot;classic&quot;}\">\n\t\t\t\t\t<div class=\"e-con-inner\">\n\t\t<div class=\"elementor-element elementor-element-5edea0d e-con-full e-flex e-con e-child\" data-id=\"5edea0d\" data-element_type=\"container\" data-e-type=\"container\" data-settings=\"{&quot;jet_parallax_layout_list&quot;:[]}\">\n\t\t\t\t<div class=\"elementor-element elementor-element-58a7f51 elementor-widget elementor-widget-heading\" data-id=\"58a7f51\" data-element_type=\"widget\" data-e-type=\"widget\" data-widget_type=\"heading.default\">\n\t\t\t\t\t<h2 class=\"elementor-heading-title elementor-size-default\">Caf\u00e9t\u2019 Bountiful: Not Your Average School Lunch !\n\n\n<\/h2>\t\t\t\t<\/div>\n\t\t\t\t<div class=\"elementor-element elementor-element-ae6e3f5 elementor-widget elementor-widget-text-editor\" data-id=\"ae6e3f5\" data-element_type=\"widget\" data-e-type=\"widget\" data-widget_type=\"text-editor.default\">\n\t\t\t\t\t\t\t\t\t<p><span style=\"font-weight: 400;\">We are thrilled to offer optional hot lunches through <\/span><b>Caf\u00e9t\u2019 Bountiful<\/b><span style=\"font-weight: 400;\">, in partnership with <\/span><a href=\"https:\/\/bountifulchef.com\/\"><b>Bountiful Chef<\/b><\/a><span style=\"font-weight: 400;\"> , bringing creativity, nutrition, and flavor to every student\u2019s midday meal. From globally inspired dishes to classic favorites with a twist, lunch becomes an exciting way to explore new tastes and textures.<\/span><\/p>\t\t\t\t\t\t\t\t<\/div>\n\t\t\t\t<div class=\"elementor-element elementor-element-710f2d1 elementor-widget elementor-widget-heading\" data-id=\"710f2d1\" data-element_type=\"widget\" data-e-type=\"widget\" data-widget_type=\"heading.default\">\n\t\t\t\t\t<h2 class=\"elementor-heading-title elementor-size-default\">Who is Bountiful Chef ?\n\n\n<\/h2>\t\t\t\t<\/div>\n\t\t\t\t<div class=\"elementor-element elementor-element-f0535e5 elementor-widget elementor-widget-text-editor\" data-id=\"f0535e5\" data-element_type=\"widget\" data-e-type=\"widget\" data-widget_type=\"text-editor.default\">\n\t\t\t\t\t\t\t\t\t<p><span style=\"font-weight: 400;\">Bountiful\u202fChef is a Calgary\u2011based catering company dedicated to healthy, balanced, great\u2011tasting meals. Their menus will feature meals students enjoy, with lots of variety and whole\u2011food ingredients, served conveniently at school. <\/span><\/p>\t\t\t\t\t\t\t\t<\/div>\n\t\t\t\t<div class=\"elementor-element elementor-element-5577947 elementor-widget elementor-widget-heading\" data-id=\"5577947\" data-element_type=\"widget\" data-e-type=\"widget\" data-widget_type=\"heading.default\">\n\t\t\t\t\t<h2 class=\"elementor-heading-title elementor-size-default\">Learning Through Food\n\n<\/h2>\t\t\t\t<\/div>\n\t\t\t\t<div class=\"elementor-element elementor-element-0eda83c elementor-widget elementor-widget-text-editor\" data-id=\"0eda83c\" data-element_type=\"widget\" data-e-type=\"widget\" data-widget_type=\"text-editor.default\">\n\t\t\t\t\t\t\t\t\t<p><span style=\"font-weight: 400;\">Caf\u00e9t\u2019 Bountiful goes beyond meals and offers students opportunities to learn about food sustainability, traditions, and healthy choices, making every lunch a chance to grow and discover.<\/span><\/p>\t\t\t\t\t\t\t\t<\/div>\n\t\t\t\t<div class=\"elementor-element elementor-element-f77debe elementor-widget elementor-widget-button\" data-id=\"f77debe\" data-element_type=\"widget\" data-e-type=\"widget\" data-widget_type=\"button.default\">\n\t\t\t\t\t\t\t\t\t\t<a class=\"elementor-button elementor-button-link elementor-size-sm elementor-animation-shrink\" href=\"https:\/\/lycee.ca\/fr\/about-us\/our-story\/\">\n\t\t\t\t\t\t<span class=\"elementor-button-content-wrapper\">\n\t\t\t\t\t\t<span class=\"elementor-button-icon\">\n\t\t\t\t<svg xmlns=\"http:\/\/www.w3.org\/2000\/svg\" id=\"layer_21\" width=\"99.582\" height=\"99.582\" viewBox=\"0 0 99.582 99.582\"><path id=\"Trac&#xE9;_1\" data-name=\"Trac&#xE9; 1\" d=\"M101.752,6H9.83a3.83,3.83,0,0,0,0,7.66H92.5L7.122,99.044a3.83,3.83,0,1,0,5.416,5.416L97.922,19.076v82.676a3.83,3.83,0,0,0,7.66,0V9.83A3.831,3.831,0,0,0,101.752,6Z\" transform=\"translate(-6 -6)\" fill=\"#fff\"><\/path><\/svg>\t\t\t<\/span>\n\t\t\t\t\t\t\t\t\t<span class=\"elementor-button-text\">learn about our holistic approach to education<\/span>\n\t\t\t\t\t<\/span>\n\t\t\t\t\t<\/a>\n\t\t\t\t\t\t\t\t<\/div>\n\t\t\t\t<\/div>\n\t\t<div class=\"elementor-element elementor-element-c85a5c7 e-con-full e-flex e-con e-child\" data-id=\"c85a5c7\" data-element_type=\"container\" data-e-type=\"container\" data-settings=\"{&quot;jet_parallax_layout_list&quot;:[]}\">\n\t\t\t\t<div class=\"elementor-element elementor-element-61d29e0 elementor-invisible elementor-widget elementor-widget-image\" data-id=\"61d29e0\" data-element_type=\"widget\" data-e-type=\"widget\" data-settings=\"{&quot;motion_fx_motion_fx_scrolling&quot;:&quot;yes&quot;,&quot;motion_fx_translateY_effect&quot;:&quot;yes&quot;,&quot;motion_fx_translateY_speed&quot;:{&quot;unit&quot;:&quot;px&quot;,&quot;size&quot;:2,&quot;sizes&quot;:[]},&quot;_animation&quot;:&quot;fadeInRight&quot;,&quot;motion_fx_translateY_affectedRange&quot;:{&quot;unit&quot;:&quot;%&quot;,&quot;size&quot;:&quot;&quot;,&quot;sizes&quot;:{&quot;start&quot;:0,&quot;end&quot;:100}},&quot;motion_fx_devices&quot;:[&quot;desktop&quot;,&quot;tablet&quot;,&quot;mobile&quot;]}\" data-widget_type=\"image.default\">\n\t\t\t\t\t\t\t\t\t\t\t\t\t\t\t<img fetchpriority=\"high\" decoding=\"async\" width=\"1024\" height=\"819\" src=\"https:\/\/lycee.ca\/wp-content\/uploads\/2025\/12\/Logo-Cafet-BoutifulVF-1536x1229-1-1024x819.png\" class=\"attachment-large size-large wp-image-1722\" alt=\"\" srcset=\"https:\/\/lycee.ca\/wp-content\/uploads\/2025\/12\/Logo-Cafet-BoutifulVF-1536x1229-1-1024x819.png 1024w, https:\/\/lycee.ca\/wp-content\/uploads\/2025\/12\/Logo-Cafet-BoutifulVF-1536x1229-1-300x240.png 300w, https:\/\/lycee.ca\/wp-content\/uploads\/2025\/12\/Logo-Cafet-BoutifulVF-1536x1229-1-768x615.png 768w, https:\/\/lycee.ca\/wp-content\/uploads\/2025\/12\/Logo-Cafet-BoutifulVF-1536x1229-1-600x480.png 600w, https:\/\/lycee.ca\/wp-content\/uploads\/2025\/12\/Logo-Cafet-BoutifulVF-1536x1229-1.png 1536w\" sizes=\"(max-width: 1024px) 100vw, 1024px\" \/>\t\t\t\t\t\t\t\t\t\t\t\t\t\t\t<\/div>\n\t\t\t\t<\/div>\n\t\t\t\t\t<\/div>\n\t\t\t\t<\/div>\n\t\t<div class=\"elementor-element elementor-element-a234f05 e-flex e-con-boxed e-con e-parent\" data-id=\"a234f05\" data-element_type=\"container\" data-e-type=\"container\" data-settings=\"{&quot;jet_parallax_layout_list&quot;:[],&quot;background_background&quot;:&quot;classic&quot;}\">\n\t\t\t\t\t<div class=\"e-con-inner\">\n\t\t<div class=\"elementor-element elementor-element-144421d e-con-full e-flex e-con e-child\" data-id=\"144421d\" data-element_type=\"container\" data-e-type=\"container\" data-settings=\"{&quot;jet_parallax_layout_list&quot;:[]}\">\n\t\t\t\t<div class=\"elementor-element elementor-element-0b258d7 elementor-absolute elementor-invisible elementor-widget elementor-widget-image\" data-id=\"0b258d7\" data-element_type=\"widget\" data-e-type=\"widget\" data-settings=\"{&quot;motion_fx_motion_fx_scrolling&quot;:&quot;yes&quot;,&quot;motion_fx_translateY_effect&quot;:&quot;yes&quot;,&quot;motion_fx_translateY_speed&quot;:{&quot;unit&quot;:&quot;px&quot;,&quot;size&quot;:3.4,&quot;sizes&quot;:[]},&quot;_animation&quot;:&quot;fadeInLeft&quot;,&quot;_position&quot;:&quot;absolute&quot;,&quot;motion_fx_translateY_affectedRange&quot;:{&quot;unit&quot;:&quot;%&quot;,&quot;size&quot;:&quot;&quot;,&quot;sizes&quot;:{&quot;start&quot;:0,&quot;end&quot;:100}},&quot;motion_fx_devices&quot;:[&quot;desktop&quot;,&quot;tablet&quot;,&quot;mobile&quot;]}\" data-widget_type=\"image.default\">\n\t\t\t\t\t\t\t\t\t\t\t\t\t\t\t<img decoding=\"async\" width=\"1024\" height=\"680\" src=\"https:\/\/lycee.ca\/wp-content\/uploads\/2026\/01\/cover_hot_lunch_8-1024x680.webp\" class=\"attachment-large size-large wp-image-2882\" alt=\"\" srcset=\"https:\/\/lycee.ca\/wp-content\/uploads\/2026\/01\/cover_hot_lunch_8-1024x680.webp 1024w, https:\/\/lycee.ca\/wp-content\/uploads\/2026\/01\/cover_hot_lunch_8-300x199.webp 300w, https:\/\/lycee.ca\/wp-content\/uploads\/2026\/01\/cover_hot_lunch_8-768x510.webp 768w, https:\/\/lycee.ca\/wp-content\/uploads\/2026\/01\/cover_hot_lunch_8-1536x1020.webp 1536w, https:\/\/lycee.ca\/wp-content\/uploads\/2026\/01\/cover_hot_lunch_8-18x12.webp 18w, https:\/\/lycee.ca\/wp-content\/uploads\/2026\/01\/cover_hot_lunch_8-600x398.webp 600w, https:\/\/lycee.ca\/wp-content\/uploads\/2026\/01\/cover_hot_lunch_8.webp 1920w\" sizes=\"(max-width: 1024px) 100vw, 1024px\" \/>\t\t\t\t\t\t\t\t\t\t\t\t\t\t\t<\/div>\n\t\t\t\t<div class=\"elementor-element elementor-element-5649a7f elementor-absolute elementor-invisible elementor-widget elementor-widget-image\" data-id=\"5649a7f\" data-element_type=\"widget\" data-e-type=\"widget\" data-settings=\"{&quot;motion_fx_motion_fx_scrolling&quot;:&quot;yes&quot;,&quot;motion_fx_translateY_effect&quot;:&quot;yes&quot;,&quot;motion_fx_translateY_speed&quot;:{&quot;unit&quot;:&quot;px&quot;,&quot;size&quot;:2,&quot;sizes&quot;:[]},&quot;_animation&quot;:&quot;fadeInLeft&quot;,&quot;_position&quot;:&quot;absolute&quot;,&quot;motion_fx_translateY_affectedRange&quot;:{&quot;unit&quot;:&quot;%&quot;,&quot;size&quot;:&quot;&quot;,&quot;sizes&quot;:{&quot;start&quot;:0,&quot;end&quot;:100}},&quot;motion_fx_devices&quot;:[&quot;desktop&quot;,&quot;tablet&quot;,&quot;mobile&quot;]}\" data-widget_type=\"image.default\">\n\t\t\t\t\t\t\t\t\t\t\t\t\t\t\t<img decoding=\"async\" width=\"1024\" height=\"768\" src=\"https:\/\/lycee.ca\/wp-content\/uploads\/2025\/12\/hot_lunch_2-1024x768.webp\" class=\"attachment-large size-large wp-image-1728\" alt=\"\" srcset=\"https:\/\/lycee.ca\/wp-content\/uploads\/2025\/12\/hot_lunch_2-1024x768.webp 1024w, https:\/\/lycee.ca\/wp-content\/uploads\/2025\/12\/hot_lunch_2-300x225.webp 300w, https:\/\/lycee.ca\/wp-content\/uploads\/2025\/12\/hot_lunch_2-768x576.webp 768w, https:\/\/lycee.ca\/wp-content\/uploads\/2025\/12\/hot_lunch_2-1536x1152.webp 1536w, https:\/\/lycee.ca\/wp-content\/uploads\/2025\/12\/hot_lunch_2-600x450.webp 600w, https:\/\/lycee.ca\/wp-content\/uploads\/2025\/12\/hot_lunch_2.webp 1920w\" sizes=\"(max-width: 1024px) 100vw, 1024px\" \/>\t\t\t\t\t\t\t\t\t\t\t\t\t\t\t<\/div>\n\t\t\t\t<\/div>\n\t\t<div class=\"elementor-element elementor-element-75d750d e-con-full e-flex e-con e-child\" data-id=\"75d750d\" data-element_type=\"container\" data-e-type=\"container\" data-settings=\"{&quot;jet_parallax_layout_list&quot;:[]}\">\n\t\t\t\t<div class=\"elementor-element elementor-element-6e718e2 elementor-widget elementor-widget-heading\" data-id=\"6e718e2\" data-element_type=\"widget\" data-e-type=\"widget\" data-widget_type=\"heading.default\">\n\t\t\t\t\t<h2 class=\"elementor-heading-title elementor-size-default\">More Than Just a Meal<\/h2>\t\t\t\t<\/div>\n\t\t\t\t<div class=\"elementor-element elementor-element-61e632f elementor-widget elementor-widget-text-editor\" data-id=\"61e632f\" data-element_type=\"widget\" data-e-type=\"widget\" data-widget_type=\"text-editor.default\">\n\t\t\t\t\t\t\t\t\t<p><span style=\"font-weight: 400;\">Our lunch program strengthens the community. By sharing meals, students connect, engage, and build a sense of belonging that extends beyond the classroom.<\/span><\/p>\t\t\t\t\t\t\t\t<\/div>\n\t\t\t\t<div class=\"elementor-element elementor-element-5adde23 elementor-widget elementor-widget-heading\" data-id=\"5adde23\" data-element_type=\"widget\" data-e-type=\"widget\" data-widget_type=\"heading.default\">\n\t\t\t\t\t<h2 class=\"elementor-heading-title elementor-size-default\">Ready to join the lunch experience?<\/h2>\t\t\t\t<\/div>\n\t\t\t\t<div class=\"elementor-element elementor-element-1f4b1d7 elementor-widget elementor-widget-text-editor\" data-id=\"1f4b1d7\" data-element_type=\"widget\" data-e-type=\"widget\" data-widget_type=\"text-editor.default\">\n\t\t\t\t\t\t\t\t\t<p><span style=\"font-weight: 400;\">Families are required to register for each trimester (3 in total). They will receive the guide before the trimester starts, along with the registration link a few weeks in advance.<\/span><\/p><p><span style=\"font-weight: 400;\">Please note that participation in other programs (Before and After School Care, Study Hall, Clubs, Camps, Athletics) can be easily coordinated on the same platform.<\/span><\/p><p><span style=\"font-weight: 400;\">For lunch fees, please contact <\/span><a href=\"mailto:lunch@lycee.ca\" target=\"_blank\" rel=\"noopener\"><span style=\"font-weight: 400;\">lunch@lycee.ca<\/span><\/a><\/p>\t\t\t\t\t\t\t\t<\/div>\n\t\t\t\t<\/div>\n\t\t\t\t\t<\/div>\n\t\t\t\t<\/div>\n\t\t\t\t<\/div>\n\t\t","protected":false},"excerpt":{"rendered":"<p>Caf\u00e9t\u2019 Bountiful: Not Your Average School Lunch ! We are thrilled to offer optional hot lunches through Caf\u00e9t\u2019 Bountiful, in partnership with Bountiful Chef , bringing creativity, nutrition, and flavor to every student\u2019s midday meal. From globally inspired dishes to classic favorites with a twist, lunch becomes an exciting way to explore new tastes and [&hellip;]<\/p>\n","protected":false},"author":1,"featured_media":2880,"parent":756,"menu_order":0,"comment_status":"closed","ping_status":"closed","template":"","meta":{"footnotes":""},"class_list":["post-1597","page","type-page","status-publish","has-post-thumbnail","hentry"],"yoast_head":"<!-- This site is optimized with the Yoast SEO plugin v27.4 - https:\/\/yoast.com\/product\/yoast-seo-wordpress\/ -->\n<title>Hot Lunch Program | Cafet\u2019 Bountiful at Lyc\u00e9e International de Calgary<\/title>\n<meta name=\"description\" content=\"Discover Cafet\u2019 Bountiful \u2014 Lyc\u00e9e Calgary\u2019s hot lunch program. Healthy, creative meals by Bountiful Chef that inspire learning, sustainability, and community.\" \/>\n<meta name=\"robots\" content=\"index, follow, max-snippet:-1, max-image-preview:large, max-video-preview:-1\" \/>\n<link rel=\"canonical\" href=\"https:\/\/lycee.ca\/fr\/vie-scolaire\/dejeuner-chaud\/\" \/>\n<meta property=\"og:locale\" content=\"fr_FR\" \/>\n<meta property=\"og:type\" content=\"article\" \/>\n<meta property=\"og:title\" content=\"Hot Lunch Program | Cafet\u2019 Bountiful at Lyc\u00e9e International de Calgary\" \/>\n<meta property=\"og:description\" content=\"Discover Cafet\u2019 Bountiful \u2014 Lyc\u00e9e Calgary\u2019s hot lunch program. Healthy, creative meals by Bountiful Chef that inspire learning, sustainability, and community.\" \/>\n<meta property=\"og:url\" content=\"https:\/\/lycee.ca\/fr\/vie-scolaire\/dejeuner-chaud\/\" \/>\n<meta property=\"og:site_name\" content=\"Lyc\u00e9e international de Calgary | French Preschool to Grade 12\" \/>\n<meta property=\"article:publisher\" content=\"https:\/\/www.facebook.com\/lyceecalgary\" \/>\n<meta property=\"article:modified_time\" content=\"2026-02-04T03:47:05+00:00\" \/>\n<meta property=\"og:image\" content=\"https:\/\/lycee.ca\/wp-content\/uploads\/2026\/01\/cover_hot_lunch_7.webp\" \/>\n\t<meta property=\"og:image:width\" content=\"1920\" \/>\n\t<meta property=\"og:image:height\" content=\"1280\" \/>\n\t<meta property=\"og:image:type\" content=\"image\/webp\" \/>\n<meta name=\"twitter:card\" content=\"summary_large_image\" \/>\n<meta name=\"twitter:label1\" content=\"Dur\u00e9e de lecture estim\u00e9e\" \/>\n\t<meta name=\"twitter:data1\" content=\"1 minute\" \/>\n<script type=\"application\/ld+json\" class=\"yoast-schema-graph\">{\"@context\":\"https:\\\/\\\/schema.org\",\"@graph\":[{\"@type\":\"WebPage\",\"@id\":\"https:\\\/\\\/lycee.ca\\\/school-life\\\/hot-lunch\\\/\",\"url\":\"https:\\\/\\\/lycee.ca\\\/school-life\\\/hot-lunch\\\/\",\"name\":\"Hot Lunch Program | Cafet\u2019 Bountiful at Lyc\u00e9e International de Calgary\",\"isPartOf\":{\"@id\":\"https:\\\/\\\/lycee.ca\\\/#website\"},\"primaryImageOfPage\":{\"@id\":\"https:\\\/\\\/lycee.ca\\\/school-life\\\/hot-lunch\\\/#primaryimage\"},\"image\":{\"@id\":\"https:\\\/\\\/lycee.ca\\\/school-life\\\/hot-lunch\\\/#primaryimage\"},\"thumbnailUrl\":\"https:\\\/\\\/lycee.ca\\\/wp-content\\\/uploads\\\/2026\\\/01\\\/cover_hot_lunch_7.webp\",\"datePublished\":\"2025-12-08T21:55:30+00:00\",\"dateModified\":\"2026-02-04T03:47:05+00:00\",\"description\":\"Discover Cafet\u2019 Bountiful \u2014 Lyc\u00e9e Calgary\u2019s hot lunch program. Healthy, creative meals by Bountiful Chef that inspire learning, sustainability, and community.\",\"breadcrumb\":{\"@id\":\"https:\\\/\\\/lycee.ca\\\/school-life\\\/hot-lunch\\\/#breadcrumb\"},\"inLanguage\":\"fr-FR\",\"potentialAction\":[{\"@type\":\"ReadAction\",\"target\":[\"https:\\\/\\\/lycee.ca\\\/school-life\\\/hot-lunch\\\/\"]}]},{\"@type\":\"ImageObject\",\"inLanguage\":\"fr-FR\",\"@id\":\"https:\\\/\\\/lycee.ca\\\/school-life\\\/hot-lunch\\\/#primaryimage\",\"url\":\"https:\\\/\\\/lycee.ca\\\/wp-content\\\/uploads\\\/2026\\\/01\\\/cover_hot_lunch_7.webp\",\"contentUrl\":\"https:\\\/\\\/lycee.ca\\\/wp-content\\\/uploads\\\/2026\\\/01\\\/cover_hot_lunch_7.webp\",\"width\":1920,\"height\":1280},{\"@type\":\"BreadcrumbList\",\"@id\":\"https:\\\/\\\/lycee.ca\\\/school-life\\\/hot-lunch\\\/#breadcrumb\",\"itemListElement\":[{\"@type\":\"ListItem\",\"position\":1,\"name\":\"Home\",\"item\":\"https:\\\/\\\/lycee.ca\\\/\"},{\"@type\":\"ListItem\",\"position\":2,\"name\":\"School Life\",\"item\":\"https:\\\/\\\/lycee.ca\\\/school-life\\\/\"},{\"@type\":\"ListItem\",\"position\":3,\"name\":\"Hot Lunch\"}]},{\"@type\":\"WebSite\",\"@id\":\"https:\\\/\\\/lycee.ca\\\/#website\",\"url\":\"https:\\\/\\\/lycee.ca\\\/\",\"name\":\"Lyc\u00e9e international de Calgary | French Preschool to Grade 12\",\"description\":\"Calgary Private French School located in SW Altadore. Lyc\u00e9e offers full-day preschool, no prior french needed, small class sizes, and international study.\",\"publisher\":{\"@id\":\"https:\\\/\\\/lycee.ca\\\/#organization\"},\"potentialAction\":[{\"@type\":\"SearchAction\",\"target\":{\"@type\":\"EntryPoint\",\"urlTemplate\":\"https:\\\/\\\/lycee.ca\\\/?s={search_term_string}\"},\"query-input\":{\"@type\":\"PropertyValueSpecification\",\"valueRequired\":true,\"valueName\":\"search_term_string\"}}],\"inLanguage\":\"fr-FR\"},{\"@type\":\"Organization\",\"@id\":\"https:\\\/\\\/lycee.ca\\\/#organization\",\"name\":\"Lyc\u00e9e international de Calgary | French Preschool to Grade 12\",\"url\":\"https:\\\/\\\/lycee.ca\\\/\",\"logo\":{\"@type\":\"ImageObject\",\"inLanguage\":\"fr-FR\",\"@id\":\"https:\\\/\\\/lycee.ca\\\/#\\\/schema\\\/logo\\\/image\\\/\",\"url\":\"https:\\\/\\\/lycee.ca\\\/wp-content\\\/uploads\\\/2025\\\/09\\\/logo_lycee.svg\",\"contentUrl\":\"https:\\\/\\\/lycee.ca\\\/wp-content\\\/uploads\\\/2025\\\/09\\\/logo_lycee.svg\",\"width\":850,\"height\":385,\"caption\":\"Lyc\u00e9e international de Calgary | French Preschool to Grade 12\"},\"image\":{\"@id\":\"https:\\\/\\\/lycee.ca\\\/#\\\/schema\\\/logo\\\/image\\\/\"},\"sameAs\":[\"https:\\\/\\\/www.facebook.com\\\/lyceecalgary\",\"https:\\\/\\\/www.instagram.com\\\/lyceecalgary\\\/\"]}]}<\/script>\n<!-- \/ Yoast SEO plugin. -->","yoast_head_json":{"title":"Programme de repas chauds | Cafet\u2019 Bountiful au Lyc\u00e9e International de Calgary","description":"D\u00e9couvrez Cafet\u2019 Bountiful - le programme de repas chauds du Lyc\u00e9e Calgary. Des repas sains et cr\u00e9atifs, pr\u00e9par\u00e9s par le chef Bountiful, qui inspirent l'apprentissage, la durabilit\u00e9 et la communaut\u00e9.","robots":{"index":"index","follow":"follow","max-snippet":"max-snippet:-1","max-image-preview":"max-image-preview:large","max-video-preview":"max-video-preview:-1"},"canonical":"https:\/\/lycee.ca\/fr\/vie-scolaire\/dejeuner-chaud\/","og_locale":"fr_FR","og_type":"article","og_title":"Hot Lunch Program | Cafet\u2019 Bountiful at Lyc\u00e9e International de Calgary","og_description":"Discover Cafet\u2019 Bountiful \u2014 Lyc\u00e9e Calgary\u2019s hot lunch program. Healthy, creative meals by Bountiful Chef that inspire learning, sustainability, and community.","og_url":"https:\/\/lycee.ca\/fr\/vie-scolaire\/dejeuner-chaud\/","og_site_name":"Lyc\u00e9e international de Calgary | French Preschool to Grade 12","article_publisher":"https:\/\/www.facebook.com\/lyceecalgary","article_modified_time":"2026-02-04T03:47:05+00:00","og_image":[{"width":1920,"height":1280,"url":"https:\/\/lycee.ca\/wp-content\/uploads\/2026\/01\/cover_hot_lunch_7.webp","type":"image\/webp"}],"twitter_card":"summary_large_image","twitter_misc":{"Dur\u00e9e de lecture estim\u00e9e":"1 minute"},"schema":{"@context":"https:\/\/schema.org","@graph":[{"@type":"WebPage","@id":"https:\/\/lycee.ca\/school-life\/hot-lunch\/","url":"https:\/\/lycee.ca\/school-life\/hot-lunch\/","name":"Programme de repas chauds | Cafet\u2019 Bountiful au Lyc\u00e9e International de Calgary","isPartOf":{"@id":"https:\/\/lycee.ca\/#website"},"primaryImageOfPage":{"@id":"https:\/\/lycee.ca\/school-life\/hot-lunch\/#primaryimage"},"image":{"@id":"https:\/\/lycee.ca\/school-life\/hot-lunch\/#primaryimage"},"thumbnailUrl":"https:\/\/lycee.ca\/wp-content\/uploads\/2026\/01\/cover_hot_lunch_7.webp","datePublished":"2025-12-08T21:55:30+00:00","dateModified":"2026-02-04T03:47:05+00:00","description":"D\u00e9couvrez Cafet\u2019 Bountiful - le programme de repas chauds du Lyc\u00e9e Calgary. Des repas sains et cr\u00e9atifs, pr\u00e9par\u00e9s par le chef Bountiful, qui inspirent l'apprentissage, la durabilit\u00e9 et la communaut\u00e9.","breadcrumb":{"@id":"https:\/\/lycee.ca\/school-life\/hot-lunch\/#breadcrumb"},"inLanguage":"fr-FR","potentialAction":[{"@type":"ReadAction","target":["https:\/\/lycee.ca\/school-life\/hot-lunch\/"]}]},{"@type":"ImageObject","inLanguage":"fr-FR","@id":"https:\/\/lycee.ca\/school-life\/hot-lunch\/#primaryimage","url":"https:\/\/lycee.ca\/wp-content\/uploads\/2026\/01\/cover_hot_lunch_7.webp","contentUrl":"https:\/\/lycee.ca\/wp-content\/uploads\/2026\/01\/cover_hot_lunch_7.webp","width":1920,"height":1280},{"@type":"BreadcrumbList","@id":"https:\/\/lycee.ca\/school-life\/hot-lunch\/#breadcrumb","itemListElement":[{"@type":"ListItem","position":1,"name":"Home","item":"https:\/\/lycee.ca\/"},{"@type":"ListItem","position":2,"name":"School Life","item":"https:\/\/lycee.ca\/school-life\/"},{"@type":"ListItem","position":3,"name":"Hot Lunch"}]},{"@type":"WebSite","@id":"https:\/\/lycee.ca\/#website","url":"https:\/\/lycee.ca\/","name":"Lyc\u00e9e international de Calgary | Fran\u00e7ais de la maternelle \u00e0 la terminale","description":"\u00c9cole priv\u00e9e de fran\u00e7ais de Calgary situ\u00e9e dans le quartier SW Altadore. Le Lyc\u00e9e propose une \u00e9cole maternelle \u00e0 temps plein, sans besoin de connaissances pr\u00e9alables en fran\u00e7ais, avec des classes de petite taille et des \u00e9tudes internationales.","publisher":{"@id":"https:\/\/lycee.ca\/#organization"},"potentialAction":[{"@type":"SearchAction","target":{"@type":"EntryPoint","urlTemplate":"https:\/\/lycee.ca\/?s={search_term_string}"},"query-input":{"@type":"PropertyValueSpecification","valueRequired":true,"valueName":"search_term_string"}}],"inLanguage":"fr-FR"},{"@type":"Organization","@id":"https:\/\/lycee.ca\/#organization","name":"Lyc\u00e9e international de Calgary | Fran\u00e7ais de la maternelle \u00e0 la terminale","url":"https:\/\/lycee.ca\/","logo":{"@type":"ImageObject","inLanguage":"fr-FR","@id":"https:\/\/lycee.ca\/#\/schema\/logo\/image\/","url":"https:\/\/lycee.ca\/wp-content\/uploads\/2025\/09\/logo_lycee.svg","contentUrl":"https:\/\/lycee.ca\/wp-content\/uploads\/2025\/09\/logo_lycee.svg","width":850,"height":385,"caption":"Lyc\u00e9e international de Calgary | French Preschool to Grade 12"},"image":{"@id":"https:\/\/lycee.ca\/#\/schema\/logo\/image\/"},"sameAs":["https:\/\/www.facebook.com\/lyceecalgary","https:\/\/www.instagram.com\/lyceecalgary\/"]}]}},"_links":{"self":[{"href":"https:\/\/lycee.ca\/fr\/wp-json\/wp\/v2\/pages\/1597","targetHints":{"allow":["GET"]}}],"collection":[{"href":"https:\/\/lycee.ca\/fr\/wp-json\/wp\/v2\/pages"}],"about":[{"href":"https:\/\/lycee.ca\/fr\/wp-json\/wp\/v2\/types\/page"}],"author":[{"embeddable":true,"href":"https:\/\/lycee.ca\/fr\/wp-json\/wp\/v2\/users\/1"}],"replies":[{"embeddable":true,"href":"https:\/\/lycee.ca\/fr\/wp-json\/wp\/v2\/comments?post=1597"}],"version-history":[{"count":0,"href":"https:\/\/lycee.ca\/fr\/wp-json\/wp\/v2\/pages\/1597\/revisions"}],"up":[{"embeddable":true,"href":"https:\/\/lycee.ca\/fr\/wp-json\/wp\/v2\/pages\/756"}],"wp:featuredmedia":[{"embeddable":true,"href":"https:\/\/lycee.ca\/fr\/wp-json\/wp\/v2\/media\/2880"}],"wp:attachment":[{"href":"https:\/\/lycee.ca\/fr\/wp-json\/wp\/v2\/media?parent=1597"}],"curies":[{"name":"wp","href":"https:\/\/api.w.org\/{rel}","templated":true}]}}