{"id":1567,"date":"2025-12-08T20:26:38","date_gmt":"2025-12-08T20:26:38","guid":{"rendered":"https:\/\/lycee.ca\/?page_id=1567"},"modified":"2026-02-03T22:11:50","modified_gmt":"2026-02-04T05:11:50","slug":"laccueil-avant-et-apres-lecole","status":"publish","type":"page","link":"https:\/\/lycee.ca\/fr\/school-life\/before-and-after-school-care\/","title":{"rendered":"Garderie avant et apr\u00e8s l\u2019\u00e9cole"},"content":{"rendered":"\t\t<div data-elementor-type=\"wp-page\" data-elementor-id=\"1567\" class=\"elementor elementor-1567\" data-elementor-post-type=\"page\">\n\t\t\t\t<div class=\"elementor-element elementor-element-bfc10db e-flex e-con-boxed e-con e-parent\" data-id=\"bfc10db\" data-element_type=\"container\" data-e-type=\"container\" data-settings=\"{&quot;jet_parallax_layout_list&quot;:[]}\">\n\t\t\t\t\t<div class=\"e-con-inner\">\n\t\t\t\t<div class=\"elementor-element elementor-element-6550640 elementor-widget elementor-widget-heading\" data-id=\"6550640\" data-element_type=\"widget\" data-e-type=\"widget\" data-widget_type=\"heading.default\">\n\t\t\t\t\t<p class=\"elementor-heading-title elementor-size-default\">Our Before and After School Care program creates a vibrant, nurturing space where children can play, explore, make friends, and discover new skills. With flexible options designed for busy families, the program reflects the Lyc\u00e9e\u2019s commitment to supporting both children\u2019s growth and parents\u2019 peace of mind, ensuring every day is balanced, enriching, and full of opportunities.\n<\/p>\t\t\t\t<\/div>\n\t\t\t\t\t<\/div>\n\t\t\t\t<\/div>\n\t\t<div class=\"elementor-element elementor-element-a067ac3 e-flex e-con-boxed e-con e-parent\" data-id=\"a067ac3\" data-element_type=\"container\" data-e-type=\"container\" data-settings=\"{&quot;jet_parallax_layout_list&quot;:[]}\">\n\t\t\t\t\t<div class=\"e-con-inner\">\n\t\t<div class=\"elementor-element elementor-element-8e17b3e e-con-full e-flex e-con e-child\" data-id=\"8e17b3e\" data-element_type=\"container\" data-e-type=\"container\" data-settings=\"{&quot;jet_parallax_layout_list&quot;:[]}\">\n\t\t\t\t<div class=\"elementor-element elementor-element-65baf89 elementor-widget elementor-widget-heading\" data-id=\"65baf89\" data-element_type=\"widget\" data-e-type=\"widget\" data-widget_type=\"heading.default\">\n\t\t\t\t\t<h2 class=\"elementor-heading-title elementor-size-default\">A Safe and Enriching Environment\n<\/h2>\t\t\t\t<\/div>\n\t\t\t\t<div class=\"elementor-element elementor-element-616daf1 elementor-widget elementor-widget-text-editor\" data-id=\"616daf1\" data-element_type=\"widget\" data-e-type=\"widget\" data-widget_type=\"text-editor.default\">\n\t\t\t\t\t\t\t\t\t<p><span style=\"font-weight: 400;\">Our before and after school care welcomes students from 3 years old to Grade 6, providing a safe and nurturing environment before school (7:30 to 8:15 am) and after school (until 6:00 pm).<\/span><\/p><p><span style=\"font-weight: 400;\">Our After School Care Program offers a supervised and engaging space from 3:30 to 6:00 pm, balancing free play, structured activities, and time to relax for those whose families require extended care.<\/span><\/p><p><span style=\"font-weight: 400;\">Our programs are designed to be flexible, safe, and in harmony with the school\u2019s values of responsibility and curiosity. They provide parents with peace of mind while offering students structured, engaging, and meaningful time before or after classes.<\/span><\/p>\t\t\t\t\t\t\t\t<\/div>\n\t\t\t\t<div class=\"elementor-element elementor-element-5dd8039 elementor-widget elementor-widget-button\" data-id=\"5dd8039\" data-element_type=\"widget\" data-e-type=\"widget\" data-widget_type=\"button.default\">\n\t\t\t\t\t\t\t\t\t\t<a class=\"elementor-button elementor-button-link elementor-size-sm elementor-animation-shrink\" href=\"https:\/\/lycee.ca\/fr\/school-life\/study-hall\/\">\n\t\t\t\t\t\t<span class=\"elementor-button-content-wrapper\">\n\t\t\t\t\t\t<span class=\"elementor-button-icon\">\n\t\t\t\t<svg xmlns=\"http:\/\/www.w3.org\/2000\/svg\" id=\"layer_21\" width=\"99.582\" height=\"99.582\" viewBox=\"0 0 99.582 99.582\"><path id=\"Trac&#xE9;_1\" data-name=\"Trac&#xE9; 1\" d=\"M101.752,6H9.83a3.83,3.83,0,0,0,0,7.66H92.5L7.122,99.044a3.83,3.83,0,1,0,5.416,5.416L97.922,19.076v82.676a3.83,3.83,0,0,0,7.66,0V9.83A3.831,3.831,0,0,0,101.752,6Z\" transform=\"translate(-6 -6)\" fill=\"#fff\"><\/path><\/svg>\t\t\t<\/span>\n\t\t\t\t\t\t\t\t\t<span class=\"elementor-button-text\">Learn about our Study Hall sessions designed to help students focus and succeed<\/span>\n\t\t\t\t\t<\/span>\n\t\t\t\t\t<\/a>\n\t\t\t\t\t\t\t\t<\/div>\n\t\t\t\t<\/div>\n\t\t<div class=\"elementor-element elementor-element-cff1bd9 e-con-full e-flex e-con e-child\" data-id=\"cff1bd9\" data-element_type=\"container\" data-e-type=\"container\" data-settings=\"{&quot;jet_parallax_layout_list&quot;:[]}\">\n\t\t\t\t<div class=\"elementor-element elementor-element-aa02740 elementor-invisible elementor-widget elementor-widget-image\" data-id=\"aa02740\" data-element_type=\"widget\" data-e-type=\"widget\" data-settings=\"{&quot;motion_fx_motion_fx_scrolling&quot;:&quot;yes&quot;,&quot;motion_fx_translateY_effect&quot;:&quot;yes&quot;,&quot;motion_fx_translateY_speed&quot;:{&quot;unit&quot;:&quot;px&quot;,&quot;size&quot;:2,&quot;sizes&quot;:[]},&quot;_animation&quot;:&quot;fadeInRight&quot;,&quot;motion_fx_translateY_affectedRange&quot;:{&quot;unit&quot;:&quot;%&quot;,&quot;size&quot;:&quot;&quot;,&quot;sizes&quot;:{&quot;start&quot;:0,&quot;end&quot;:100}},&quot;motion_fx_devices&quot;:[&quot;desktop&quot;,&quot;tablet&quot;,&quot;mobile&quot;]}\" data-widget_type=\"image.default\">\n\t\t\t\t\t\t\t\t\t\t\t\t\t\t\t<img fetchpriority=\"high\" decoding=\"async\" width=\"1024\" height=\"683\" src=\"https:\/\/lycee.ca\/wp-content\/uploads\/2026\/02\/cover_beforeafter_14-1024x683.webp\" class=\"attachment-large size-large wp-image-3204\" alt=\"\" srcset=\"https:\/\/lycee.ca\/wp-content\/uploads\/2026\/02\/cover_beforeafter_14-1024x683.webp 1024w, https:\/\/lycee.ca\/wp-content\/uploads\/2026\/02\/cover_beforeafter_14-300x200.webp 300w, https:\/\/lycee.ca\/wp-content\/uploads\/2026\/02\/cover_beforeafter_14-768x512.webp 768w, https:\/\/lycee.ca\/wp-content\/uploads\/2026\/02\/cover_beforeafter_14-1536x1024.webp 1536w, https:\/\/lycee.ca\/wp-content\/uploads\/2026\/02\/cover_beforeafter_14-18x12.webp 18w, https:\/\/lycee.ca\/wp-content\/uploads\/2026\/02\/cover_beforeafter_14-600x400.webp 600w, https:\/\/lycee.ca\/wp-content\/uploads\/2026\/02\/cover_beforeafter_14.webp 1920w\" sizes=\"(max-width: 1024px) 100vw, 1024px\" \/>\t\t\t\t\t\t\t\t\t\t\t\t\t\t\t<\/div>\n\t\t\t\t<\/div>\n\t\t\t\t\t<\/div>\n\t\t\t\t<\/div>\n\t\t<div class=\"elementor-element elementor-element-45353c9 e-flex e-con-boxed e-con e-parent\" data-id=\"45353c9\" data-element_type=\"container\" data-e-type=\"container\" data-settings=\"{&quot;jet_parallax_layout_list&quot;:[],&quot;background_background&quot;:&quot;classic&quot;}\">\n\t\t\t\t\t<div class=\"e-con-inner\">\n\t\t<div class=\"elementor-element elementor-element-0c16bd9 e-con-full e-flex e-con e-child\" data-id=\"0c16bd9\" data-element_type=\"container\" data-e-type=\"container\" data-settings=\"{&quot;jet_parallax_layout_list&quot;:[]}\">\n\t\t\t\t<div class=\"elementor-element elementor-element-8cf7d58 elementor-invisible elementor-widget elementor-widget-image\" data-id=\"8cf7d58\" data-element_type=\"widget\" data-e-type=\"widget\" data-settings=\"{&quot;motion_fx_motion_fx_scrolling&quot;:&quot;yes&quot;,&quot;motion_fx_translateY_effect&quot;:&quot;yes&quot;,&quot;motion_fx_translateY_speed&quot;:{&quot;unit&quot;:&quot;px&quot;,&quot;size&quot;:2,&quot;sizes&quot;:[]},&quot;_animation&quot;:&quot;fadeInLeft&quot;,&quot;motion_fx_translateY_affectedRange&quot;:{&quot;unit&quot;:&quot;%&quot;,&quot;size&quot;:&quot;&quot;,&quot;sizes&quot;:{&quot;start&quot;:0,&quot;end&quot;:100}},&quot;motion_fx_devices&quot;:[&quot;desktop&quot;,&quot;tablet&quot;,&quot;mobile&quot;]}\" data-widget_type=\"image.default\">\n\t\t\t\t\t\t\t\t\t\t\t\t\t\t\t<img decoding=\"async\" width=\"1024\" height=\"683\" src=\"https:\/\/lycee.ca\/wp-content\/uploads\/2026\/02\/cover_beforeafter_15-1024x683.webp\" class=\"attachment-large size-large wp-image-3205\" alt=\"\" srcset=\"https:\/\/lycee.ca\/wp-content\/uploads\/2026\/02\/cover_beforeafter_15-1024x683.webp 1024w, https:\/\/lycee.ca\/wp-content\/uploads\/2026\/02\/cover_beforeafter_15-300x200.webp 300w, https:\/\/lycee.ca\/wp-content\/uploads\/2026\/02\/cover_beforeafter_15-768x512.webp 768w, https:\/\/lycee.ca\/wp-content\/uploads\/2026\/02\/cover_beforeafter_15-1536x1024.webp 1536w, https:\/\/lycee.ca\/wp-content\/uploads\/2026\/02\/cover_beforeafter_15-18x12.webp 18w, https:\/\/lycee.ca\/wp-content\/uploads\/2026\/02\/cover_beforeafter_15-600x400.webp 600w, https:\/\/lycee.ca\/wp-content\/uploads\/2026\/02\/cover_beforeafter_15.webp 1920w\" sizes=\"(max-width: 1024px) 100vw, 1024px\" \/>\t\t\t\t\t\t\t\t\t\t\t\t\t\t\t<\/div>\n\t\t\t\t<\/div>\n\t\t<div class=\"elementor-element elementor-element-3cd74d7 e-con-full e-flex e-con e-child\" data-id=\"3cd74d7\" data-element_type=\"container\" data-e-type=\"container\" data-settings=\"{&quot;jet_parallax_layout_list&quot;:[]}\">\n\t\t\t\t<div class=\"elementor-element elementor-element-178c874 elementor-widget elementor-widget-heading\" data-id=\"178c874\" data-element_type=\"widget\" data-e-type=\"widget\" data-widget_type=\"heading.default\">\n\t\t\t\t\t<h2 class=\"elementor-heading-title elementor-size-default\">Registration and Practical Details\n<\/h2>\t\t\t\t<\/div>\n\t\t\t\t<div class=\"elementor-element elementor-element-3a4e0a2 elementor-widget elementor-widget-text-editor\" data-id=\"3a4e0a2\" data-element_type=\"widget\" data-e-type=\"widget\" data-widget_type=\"text-editor.default\">\n\t\t\t\t\t\t\t\t\t<p><span style=\"font-weight: 400;\">Families are required to register for each trimester (3 in total). They will receive the guide before the trimester starts, along with the registration link a few weeks in advance.<\/span><\/p><p><span style=\"font-weight: 400;\">Please note that participation in other programs (Study Hall, Clubs, Camps, Athletics, Hot Lunch) can be easily coordinated on the same platform.<\/span><\/p><p><span style=\"font-weight: 400;\">For the daycare fees, please contact <a href=\"mailto:childcare@lycee.ca\" target=\"_blank\" rel=\"noopener\">childcare@lycee.ca<\/a><\/span><\/p>\t\t\t\t\t\t\t\t<\/div>\n\t\t\t\t<\/div>\n\t\t\t\t\t<\/div>\n\t\t\t\t<\/div>\n\t\t<div class=\"elementor-element elementor-element-08a005e e-flex e-con-boxed e-con e-parent\" data-id=\"08a005e\" data-element_type=\"container\" data-e-type=\"container\" data-settings=\"{&quot;jet_parallax_layout_list&quot;:[]}\">\n\t\t\t\t\t<div class=\"e-con-inner\">\n\t\t<div class=\"elementor-element elementor-element-4de109f e-con-full e-flex e-con e-child\" data-id=\"4de109f\" data-element_type=\"container\" data-e-type=\"container\" data-settings=\"{&quot;background_background&quot;:&quot;classic&quot;,&quot;jet_parallax_layout_list&quot;:[]}\">\n\t\t\t\t<div class=\"elementor-element elementor-element-362b6e6 elementor-widget elementor-widget-heading\" data-id=\"362b6e6\" data-element_type=\"widget\" data-e-type=\"widget\" data-widget_type=\"heading.default\">\n\t\t\t\t\t<h4 class=\"elementor-heading-title elementor-size-default\">Clubs Programs <small>Overview <\/small><\/h4>\t\t\t\t<\/div>\n\t\t\t\t<div class=\"elementor-element elementor-element-1910db0 elementor-widget elementor-widget-button\" data-id=\"1910db0\" data-element_type=\"widget\" data-e-type=\"widget\" data-widget_type=\"button.default\">\n\t\t\t\t\t\t\t\t\t\t<a class=\"elementor-button elementor-button-link elementor-size-sm elementor-animation-shrink\" href=\"https:\/\/lycee.ca\/fr\/school-life\/clubs\/\">\n\t\t\t\t\t\t<span class=\"elementor-button-content-wrapper\">\n\t\t\t\t\t\t<span class=\"elementor-button-icon\">\n\t\t\t\t<svg xmlns=\"http:\/\/www.w3.org\/2000\/svg\" id=\"layer_21\" width=\"99.582\" height=\"99.582\" viewBox=\"0 0 99.582 99.582\"><path id=\"Trac&#xE9;_1\" data-name=\"Trac&#xE9; 1\" d=\"M101.752,6H9.83a3.83,3.83,0,0,0,0,7.66H92.5L7.122,99.044a3.83,3.83,0,1,0,5.416,5.416L97.922,19.076v82.676a3.83,3.83,0,0,0,7.66,0V9.83A3.831,3.831,0,0,0,101.752,6Z\" transform=\"translate(-6 -6)\" fill=\"#fff\"><\/path><\/svg>\t\t\t<\/span>\n\t\t\t\t\t\t\t\t\t<span class=\"elementor-button-text\">Learn more<\/span>\n\t\t\t\t\t<\/span>\n\t\t\t\t\t<\/a>\n\t\t\t\t\t\t\t\t<\/div>\n\t\t\t\t<\/div>\n\t\t\t\t\t<\/div>\n\t\t\t\t<\/div>\n\t\t\t\t<\/div>\n\t\t","protected":false},"excerpt":{"rendered":"<p>Our Before and After School Care program creates a vibrant, nurturing space where children can play, explore, make friends, and discover new skills. With flexible options designed for busy families, the program reflects the Lyc\u00e9e\u2019s commitment to supporting both children\u2019s growth and parents\u2019 peace of mind, ensuring every day is balanced, enriching, and full of [&hellip;]<\/p>\n","protected":false},"author":1,"featured_media":3200,"parent":756,"menu_order":0,"comment_status":"closed","ping_status":"closed","template":"","meta":{"footnotes":""},"class_list":["post-1567","page","type-page","status-publish","has-post-thumbnail","hentry"],"yoast_head":"<!-- This site is optimized with the Yoast SEO plugin v27.4 - https:\/\/yoast.com\/product\/yoast-seo-wordpress\/ -->\n<title>Extracurricular Activities | Before &amp; After School Programs at Lyc\u00e9e Calgary<\/title>\n<meta name=\"description\" content=\"Discover Lyc\u00e9e Calgary\u2019s extracurricular activities \u2014 before &amp; after school care, clubs, camps, athletics, and study hall \u2014 designed for learning, balance, and fun.\" \/>\n<meta name=\"robots\" content=\"index, follow, max-snippet:-1, max-image-preview:large, max-video-preview:-1\" \/>\n<link rel=\"canonical\" href=\"https:\/\/lycee.ca\/fr\/vie-scolaire\/laccueil-avant-et-apres-lecole\/\" \/>\n<meta property=\"og:locale\" content=\"fr_FR\" \/>\n<meta property=\"og:type\" content=\"article\" \/>\n<meta property=\"og:title\" content=\"Extracurricular Activities | Before &amp; After School Programs at Lyc\u00e9e Calgary\" \/>\n<meta property=\"og:description\" content=\"Discover Lyc\u00e9e Calgary\u2019s extracurricular activities \u2014 before &amp; after school care, clubs, camps, athletics, and study hall \u2014 designed for learning, balance, and fun.\" \/>\n<meta property=\"og:url\" content=\"https:\/\/lycee.ca\/fr\/vie-scolaire\/laccueil-avant-et-apres-lecole\/\" \/>\n<meta property=\"og:site_name\" content=\"Lyc\u00e9e international de Calgary | French Preschool to Grade 12\" \/>\n<meta property=\"article:publisher\" content=\"https:\/\/www.facebook.com\/lyceecalgary\" \/>\n<meta property=\"article:modified_time\" content=\"2026-02-04T05:11:50+00:00\" \/>\n<meta property=\"og:image\" content=\"https:\/\/lycee.ca\/wp-content\/uploads\/2026\/02\/cover_beforeafter_13.webp\" \/>\n\t<meta property=\"og:image:width\" content=\"1920\" \/>\n\t<meta property=\"og:image:height\" content=\"1280\" \/>\n\t<meta property=\"og:image:type\" content=\"image\/webp\" \/>\n<meta name=\"twitter:card\" content=\"summary_large_image\" \/>\n<meta name=\"twitter:label1\" content=\"Dur\u00e9e de lecture estim\u00e9e\" \/>\n\t<meta name=\"twitter:data1\" content=\"2 minutes\" \/>\n<script type=\"application\/ld+json\" class=\"yoast-schema-graph\">{\"@context\":\"https:\\\/\\\/schema.org\",\"@graph\":[{\"@type\":\"WebPage\",\"@id\":\"https:\\\/\\\/lycee.ca\\\/school-life\\\/before-and-after-school-care\\\/\",\"url\":\"https:\\\/\\\/lycee.ca\\\/school-life\\\/before-and-after-school-care\\\/\",\"name\":\"Extracurricular Activities | Before & After School Programs at Lyc\u00e9e Calgary\",\"isPartOf\":{\"@id\":\"https:\\\/\\\/lycee.ca\\\/#website\"},\"primaryImageOfPage\":{\"@id\":\"https:\\\/\\\/lycee.ca\\\/school-life\\\/before-and-after-school-care\\\/#primaryimage\"},\"image\":{\"@id\":\"https:\\\/\\\/lycee.ca\\\/school-life\\\/before-and-after-school-care\\\/#primaryimage\"},\"thumbnailUrl\":\"https:\\\/\\\/lycee.ca\\\/wp-content\\\/uploads\\\/2026\\\/02\\\/cover_beforeafter_13.webp\",\"datePublished\":\"2025-12-08T20:26:38+00:00\",\"dateModified\":\"2026-02-04T05:11:50+00:00\",\"description\":\"Discover Lyc\u00e9e Calgary\u2019s extracurricular activities \u2014 before & after school care, clubs, camps, athletics, and study hall \u2014 designed for learning, balance, and fun.\",\"breadcrumb\":{\"@id\":\"https:\\\/\\\/lycee.ca\\\/school-life\\\/before-and-after-school-care\\\/#breadcrumb\"},\"inLanguage\":\"fr-FR\",\"potentialAction\":[{\"@type\":\"ReadAction\",\"target\":[\"https:\\\/\\\/lycee.ca\\\/school-life\\\/before-and-after-school-care\\\/\"]}]},{\"@type\":\"ImageObject\",\"inLanguage\":\"fr-FR\",\"@id\":\"https:\\\/\\\/lycee.ca\\\/school-life\\\/before-and-after-school-care\\\/#primaryimage\",\"url\":\"https:\\\/\\\/lycee.ca\\\/wp-content\\\/uploads\\\/2026\\\/02\\\/cover_beforeafter_13.webp\",\"contentUrl\":\"https:\\\/\\\/lycee.ca\\\/wp-content\\\/uploads\\\/2026\\\/02\\\/cover_beforeafter_13.webp\",\"width\":1920,\"height\":1280},{\"@type\":\"BreadcrumbList\",\"@id\":\"https:\\\/\\\/lycee.ca\\\/school-life\\\/before-and-after-school-care\\\/#breadcrumb\",\"itemListElement\":[{\"@type\":\"ListItem\",\"position\":1,\"name\":\"Home\",\"item\":\"https:\\\/\\\/lycee.ca\\\/\"},{\"@type\":\"ListItem\",\"position\":2,\"name\":\"School Life\",\"item\":\"https:\\\/\\\/lycee.ca\\\/school-life\\\/\"},{\"@type\":\"ListItem\",\"position\":3,\"name\":\"Before and After School Care\"}]},{\"@type\":\"WebSite\",\"@id\":\"https:\\\/\\\/lycee.ca\\\/#website\",\"url\":\"https:\\\/\\\/lycee.ca\\\/\",\"name\":\"Lyc\u00e9e international de Calgary | French Preschool to Grade 12\",\"description\":\"Calgary Private French School located in SW Altadore. Lyc\u00e9e offers full-day preschool, no prior french needed, small class sizes, and international study.\",\"publisher\":{\"@id\":\"https:\\\/\\\/lycee.ca\\\/#organization\"},\"potentialAction\":[{\"@type\":\"SearchAction\",\"target\":{\"@type\":\"EntryPoint\",\"urlTemplate\":\"https:\\\/\\\/lycee.ca\\\/?s={search_term_string}\"},\"query-input\":{\"@type\":\"PropertyValueSpecification\",\"valueRequired\":true,\"valueName\":\"search_term_string\"}}],\"inLanguage\":\"fr-FR\"},{\"@type\":\"Organization\",\"@id\":\"https:\\\/\\\/lycee.ca\\\/#organization\",\"name\":\"Lyc\u00e9e international de Calgary | French Preschool to Grade 12\",\"url\":\"https:\\\/\\\/lycee.ca\\\/\",\"logo\":{\"@type\":\"ImageObject\",\"inLanguage\":\"fr-FR\",\"@id\":\"https:\\\/\\\/lycee.ca\\\/#\\\/schema\\\/logo\\\/image\\\/\",\"url\":\"https:\\\/\\\/lycee.ca\\\/wp-content\\\/uploads\\\/2025\\\/09\\\/logo_lycee.svg\",\"contentUrl\":\"https:\\\/\\\/lycee.ca\\\/wp-content\\\/uploads\\\/2025\\\/09\\\/logo_lycee.svg\",\"width\":850,\"height\":385,\"caption\":\"Lyc\u00e9e international de Calgary | French Preschool to Grade 12\"},\"image\":{\"@id\":\"https:\\\/\\\/lycee.ca\\\/#\\\/schema\\\/logo\\\/image\\\/\"},\"sameAs\":[\"https:\\\/\\\/www.facebook.com\\\/lyceecalgary\",\"https:\\\/\\\/www.instagram.com\\\/lyceecalgary\\\/\"]}]}<\/script>\n<!-- \/ Yoast SEO plugin. -->","yoast_head_json":{"title":"Activit\u00e9s p\u00e9riscolaires | Programmes avant et apr\u00e8s l'\u00e9cole au Lyc\u00e9e Calgary","description":"D\u00e9couvrez les activit\u00e9s extrascolaires du Lyc\u00e9e Calgary - accueil avant et apr\u00e8s l'\u00e9cole, clubs, camps, athl\u00e9tisme et salle d'\u00e9tude - con\u00e7ues pour apprendre, s'\u00e9quilibrer et s'amuser.","robots":{"index":"index","follow":"follow","max-snippet":"max-snippet:-1","max-image-preview":"max-image-preview:large","max-video-preview":"max-video-preview:-1"},"canonical":"https:\/\/lycee.ca\/fr\/vie-scolaire\/laccueil-avant-et-apres-lecole\/","og_locale":"fr_FR","og_type":"article","og_title":"Extracurricular Activities | Before & After School Programs at Lyc\u00e9e Calgary","og_description":"Discover Lyc\u00e9e Calgary\u2019s extracurricular activities \u2014 before & after school care, clubs, camps, athletics, and study hall \u2014 designed for learning, balance, and fun.","og_url":"https:\/\/lycee.ca\/fr\/vie-scolaire\/laccueil-avant-et-apres-lecole\/","og_site_name":"Lyc\u00e9e international de Calgary | French Preschool to Grade 12","article_publisher":"https:\/\/www.facebook.com\/lyceecalgary","article_modified_time":"2026-02-04T05:11:50+00:00","og_image":[{"width":1920,"height":1280,"url":"https:\/\/lycee.ca\/wp-content\/uploads\/2026\/02\/cover_beforeafter_13.webp","type":"image\/webp"}],"twitter_card":"summary_large_image","twitter_misc":{"Dur\u00e9e de lecture estim\u00e9e":"2 minutes"},"schema":{"@context":"https:\/\/schema.org","@graph":[{"@type":"WebPage","@id":"https:\/\/lycee.ca\/school-life\/before-and-after-school-care\/","url":"https:\/\/lycee.ca\/school-life\/before-and-after-school-care\/","name":"Activit\u00e9s p\u00e9riscolaires | Programmes avant et apr\u00e8s l'\u00e9cole au Lyc\u00e9e Calgary","isPartOf":{"@id":"https:\/\/lycee.ca\/#website"},"primaryImageOfPage":{"@id":"https:\/\/lycee.ca\/school-life\/before-and-after-school-care\/#primaryimage"},"image":{"@id":"https:\/\/lycee.ca\/school-life\/before-and-after-school-care\/#primaryimage"},"thumbnailUrl":"https:\/\/lycee.ca\/wp-content\/uploads\/2026\/02\/cover_beforeafter_13.webp","datePublished":"2025-12-08T20:26:38+00:00","dateModified":"2026-02-04T05:11:50+00:00","description":"D\u00e9couvrez les activit\u00e9s extrascolaires du Lyc\u00e9e Calgary - accueil avant et apr\u00e8s l'\u00e9cole, clubs, camps, athl\u00e9tisme et salle d'\u00e9tude - con\u00e7ues pour apprendre, s'\u00e9quilibrer et s'amuser.","breadcrumb":{"@id":"https:\/\/lycee.ca\/school-life\/before-and-after-school-care\/#breadcrumb"},"inLanguage":"fr-FR","potentialAction":[{"@type":"ReadAction","target":["https:\/\/lycee.ca\/school-life\/before-and-after-school-care\/"]}]},{"@type":"ImageObject","inLanguage":"fr-FR","@id":"https:\/\/lycee.ca\/school-life\/before-and-after-school-care\/#primaryimage","url":"https:\/\/lycee.ca\/wp-content\/uploads\/2026\/02\/cover_beforeafter_13.webp","contentUrl":"https:\/\/lycee.ca\/wp-content\/uploads\/2026\/02\/cover_beforeafter_13.webp","width":1920,"height":1280},{"@type":"BreadcrumbList","@id":"https:\/\/lycee.ca\/school-life\/before-and-after-school-care\/#breadcrumb","itemListElement":[{"@type":"ListItem","position":1,"name":"Home","item":"https:\/\/lycee.ca\/"},{"@type":"ListItem","position":2,"name":"School Life","item":"https:\/\/lycee.ca\/school-life\/"},{"@type":"ListItem","position":3,"name":"Before and After School Care"}]},{"@type":"WebSite","@id":"https:\/\/lycee.ca\/#website","url":"https:\/\/lycee.ca\/","name":"Lyc\u00e9e international de Calgary | Fran\u00e7ais de la maternelle \u00e0 la terminale","description":"\u00c9cole priv\u00e9e de fran\u00e7ais de Calgary situ\u00e9e dans le quartier SW Altadore. Le Lyc\u00e9e propose une \u00e9cole maternelle \u00e0 temps plein, sans besoin de connaissances pr\u00e9alables en fran\u00e7ais, avec des classes de petite taille et des \u00e9tudes internationales.","publisher":{"@id":"https:\/\/lycee.ca\/#organization"},"potentialAction":[{"@type":"SearchAction","target":{"@type":"EntryPoint","urlTemplate":"https:\/\/lycee.ca\/?s={search_term_string}"},"query-input":{"@type":"PropertyValueSpecification","valueRequired":true,"valueName":"search_term_string"}}],"inLanguage":"fr-FR"},{"@type":"Organization","@id":"https:\/\/lycee.ca\/#organization","name":"Lyc\u00e9e international de Calgary | Fran\u00e7ais de la maternelle \u00e0 la terminale","url":"https:\/\/lycee.ca\/","logo":{"@type":"ImageObject","inLanguage":"fr-FR","@id":"https:\/\/lycee.ca\/#\/schema\/logo\/image\/","url":"https:\/\/lycee.ca\/wp-content\/uploads\/2025\/09\/logo_lycee.svg","contentUrl":"https:\/\/lycee.ca\/wp-content\/uploads\/2025\/09\/logo_lycee.svg","width":850,"height":385,"caption":"Lyc\u00e9e international de Calgary | French Preschool to Grade 12"},"image":{"@id":"https:\/\/lycee.ca\/#\/schema\/logo\/image\/"},"sameAs":["https:\/\/www.facebook.com\/lyceecalgary","https:\/\/www.instagram.com\/lyceecalgary\/"]}]}},"_links":{"self":[{"href":"https:\/\/lycee.ca\/fr\/wp-json\/wp\/v2\/pages\/1567","targetHints":{"allow":["GET"]}}],"collection":[{"href":"https:\/\/lycee.ca\/fr\/wp-json\/wp\/v2\/pages"}],"about":[{"href":"https:\/\/lycee.ca\/fr\/wp-json\/wp\/v2\/types\/page"}],"author":[{"embeddable":true,"href":"https:\/\/lycee.ca\/fr\/wp-json\/wp\/v2\/users\/1"}],"replies":[{"embeddable":true,"href":"https:\/\/lycee.ca\/fr\/wp-json\/wp\/v2\/comments?post=1567"}],"version-history":[{"count":0,"href":"https:\/\/lycee.ca\/fr\/wp-json\/wp\/v2\/pages\/1567\/revisions"}],"up":[{"embeddable":true,"href":"https:\/\/lycee.ca\/fr\/wp-json\/wp\/v2\/pages\/756"}],"wp:featuredmedia":[{"embeddable":true,"href":"https:\/\/lycee.ca\/fr\/wp-json\/wp\/v2\/media\/3200"}],"wp:attachment":[{"href":"https:\/\/lycee.ca\/fr\/wp-json\/wp\/v2\/media?parent=1567"}],"curies":[{"name":"wp","href":"https:\/\/api.w.org\/{rel}","templated":true}]}}