{"id":1550,"date":"2025-12-08T20:12:17","date_gmt":"2025-12-08T20:12:17","guid":{"rendered":"https:\/\/lycee.ca\/?page_id=1550"},"modified":"2026-02-03T19:46:36","modified_gmt":"2026-02-04T02:46:36","slug":"les-anciens-eleves-du-lycee-connectes-a-travers-les-generations-et-les-continents","status":"publish","type":"page","link":"https:\/\/lycee.ca\/fr\/academic-program\/lycee-alumni-connected-across-generations-and-continents\/","title":{"rendered":"Les anciens \u00e9l\u00e8ves du Lyc\u00e9e : Connect\u00e9s \u00e0 travers les g\u00e9n\u00e9rations et les continents"},"content":{"rendered":"\t\t<div data-elementor-type=\"wp-page\" data-elementor-id=\"1550\" class=\"elementor elementor-1550\" data-elementor-post-type=\"page\">\n\t\t\t\t<div class=\"elementor-element elementor-element-653eedf e-flex e-con-boxed e-con e-parent\" data-id=\"653eedf\" data-element_type=\"container\" data-e-type=\"container\" data-settings=\"{&quot;jet_parallax_layout_list&quot;:[]}\">\n\t\t\t\t\t<div class=\"e-con-inner\">\n\t\t\t\t<div class=\"elementor-element elementor-element-24540fb elementor-widget elementor-widget-heading\" data-id=\"24540fb\" data-element_type=\"widget\" data-e-type=\"widget\" data-widget_type=\"heading.default\">\n\t\t\t\t\t<p class=\"elementor-heading-title elementor-size-default\">The Lyc\u00e9e Calgary alumni community spans generations, reflecting our school's growth and enduring commitment to global education. Our graduates don't just leave our school, they join a powerful, worldwide network.\n<\/p>\t\t\t\t<\/div>\n\t\t\t\t\t<\/div>\n\t\t\t\t<\/div>\n\t\t<div class=\"elementor-element elementor-element-1ac3be6 e-flex e-con-boxed e-con e-parent\" data-id=\"1ac3be6\" data-element_type=\"container\" data-e-type=\"container\" data-settings=\"{&quot;jet_parallax_layout_list&quot;:[],&quot;background_background&quot;:&quot;classic&quot;}\">\n\t\t\t\t\t<div class=\"e-con-inner\">\n\t\t<div class=\"elementor-element elementor-element-4dea70b e-con-full e-flex e-con e-child\" data-id=\"4dea70b\" data-element_type=\"container\" data-e-type=\"container\" data-settings=\"{&quot;jet_parallax_layout_list&quot;:[]}\">\n\t\t\t\t<div class=\"elementor-element elementor-element-4ac51e3 elementor-widget elementor-widget-heading\" data-id=\"4ac51e3\" data-element_type=\"widget\" data-e-type=\"widget\" data-widget_type=\"heading.default\">\n\t\t\t\t\t<h2 class=\"elementor-heading-title elementor-size-default\">Our Alumni Community\n<\/h2>\t\t\t\t<\/div>\n\t\t\t\t<div class=\"elementor-element elementor-element-519406a elementor-widget elementor-widget-text-editor\" data-id=\"519406a\" data-element_type=\"widget\" data-e-type=\"widget\" data-widget_type=\"text-editor.default\">\n\t\t\t\t\t\t\t\t\t<p><span style=\"font-weight: 400;\">While Lyc\u00e9e Calgary celebrated its first High School (<\/span><i><span style=\"font-weight: 400;\">Terminale<\/span><\/i><span style=\"font-weight: 400;\">) graduating class in 2014, our alumni base goes much deeper into the school&#8217;s history. We proudly consider all students who completed their Junior High studies (3\u00e8me \/ Grade 9) with us to be alumni. This tradition recognizes the many students who achieved a significant milestone here before the expansion of our High School program.<\/span><\/p><p><span style=\"font-weight: 400;\">Graduating from Lyc\u00e9e Calgary means becoming a lifetime member of a vast and exclusive community:<\/span> <a href=\"https:\/\/aefe.gouv.fr\/fr\/reseau-scolaire-mondial\/les-anciens-eleves-meilleurs-ambassadeurs-du-reseau\"><b>AEFE Global Alumni Network<\/b><\/a><span style=\"font-weight: 400;\">. <\/span><\/p><p><span style=\"font-weight: 400;\">Our former students automatically gain access to the AEFE Global Alumni Network, a powerful professional and personal community connecting graduates from over 600 French schools in 138 countries.<\/span><\/p><p><span style=\"font-weight: 400;\">Lyc\u00e9e Calgary alumni carry with them the unique stamp of a dual-curriculum education, a passport to the world, supported by a community that reaches every corner of the globe.<\/span><\/p>\t\t\t\t\t\t\t\t<\/div>\n\t\t\t\t<\/div>\n\t\t<div class=\"elementor-element elementor-element-1682051 e-con-full e-flex e-con e-child\" data-id=\"1682051\" data-element_type=\"container\" data-e-type=\"container\" data-settings=\"{&quot;jet_parallax_layout_list&quot;:[]}\">\n\t\t\t\t<div class=\"elementor-element elementor-element-9a547c8 elementor-invisible elementor-widget elementor-widget-image\" data-id=\"9a547c8\" data-element_type=\"widget\" data-e-type=\"widget\" data-settings=\"{&quot;motion_fx_motion_fx_scrolling&quot;:&quot;yes&quot;,&quot;motion_fx_translateY_effect&quot;:&quot;yes&quot;,&quot;motion_fx_translateY_speed&quot;:{&quot;unit&quot;:&quot;px&quot;,&quot;size&quot;:2,&quot;sizes&quot;:[]},&quot;_animation&quot;:&quot;fadeInRight&quot;,&quot;motion_fx_translateY_affectedRange&quot;:{&quot;unit&quot;:&quot;%&quot;,&quot;size&quot;:&quot;&quot;,&quot;sizes&quot;:{&quot;start&quot;:0,&quot;end&quot;:100}},&quot;motion_fx_devices&quot;:[&quot;desktop&quot;,&quot;tablet&quot;,&quot;mobile&quot;]}\" data-widget_type=\"image.default\">\n\t\t\t\t\t\t\t\t\t\t\t\t\t\t\t<img fetchpriority=\"high\" decoding=\"async\" width=\"525\" height=\"1024\" src=\"https:\/\/lycee.ca\/wp-content\/uploads\/2025\/11\/french_bacc_2-525x1024.webp\" class=\"attachment-large size-large wp-image-882\" alt=\"\" srcset=\"https:\/\/lycee.ca\/wp-content\/uploads\/2025\/11\/french_bacc_2-525x1024.webp 525w, https:\/\/lycee.ca\/wp-content\/uploads\/2025\/11\/french_bacc_2-154x300.webp 154w, https:\/\/lycee.ca\/wp-content\/uploads\/2025\/11\/french_bacc_2-768x1499.webp 768w, https:\/\/lycee.ca\/wp-content\/uploads\/2025\/11\/french_bacc_2-787x1536.webp 787w, https:\/\/lycee.ca\/wp-content\/uploads\/2025\/11\/french_bacc_2-1049x2048.webp 1049w, https:\/\/lycee.ca\/wp-content\/uploads\/2025\/11\/french_bacc_2-512x999.webp 512w, https:\/\/lycee.ca\/wp-content\/uploads\/2025\/11\/french_bacc_2.webp 1080w\" sizes=\"(max-width: 525px) 100vw, 525px\" \/>\t\t\t\t\t\t\t\t\t\t\t\t\t\t\t<\/div>\n\t\t\t\t<\/div>\n\t\t\t\t\t<\/div>\n\t\t\t\t<\/div>\n\t\t<div class=\"elementor-element elementor-element-a9af9ac e-flex e-con-boxed e-con e-parent\" data-id=\"a9af9ac\" data-element_type=\"container\" data-e-type=\"container\" data-settings=\"{&quot;background_background&quot;:&quot;classic&quot;,&quot;jet_parallax_layout_list&quot;:[]}\">\n\t\t\t\t\t<div class=\"e-con-inner\">\n\t\t\t\t<div class=\"elementor-element elementor-element-b13a428 white_content elementor-widget elementor-widget-text-editor\" data-id=\"b13a428\" data-element_type=\"widget\" data-e-type=\"widget\" data-widget_type=\"text-editor.default\">\n\t\t\t\t\t\t\t\t\tAre you a Lyc\u00e9e Calgary alumni? If so, please contact <a href=\"mailto:alumni@lycee.ca\">alumni@lycee.ca<\/a> to stay in touch.\t\t\t\t\t\t\t\t<\/div>\n\t\t\t\t\t<\/div>\n\t\t\t\t<\/div>\n\t\t\t\t<\/div>\n\t\t","protected":false},"excerpt":{"rendered":"<p>The Lyc\u00e9e Calgary alumni community spans generations, reflecting our school&#8217;s growth and enduring commitment to global education. Our graduates don&#8217;t just leave our school, they join a powerful, worldwide network. Our Alumni Community While Lyc\u00e9e Calgary celebrated its first High School (Terminale) graduating class in 2014, our alumni base goes much deeper into the school&#8217;s [&hellip;]<\/p>\n","protected":false},"author":1,"featured_media":895,"parent":837,"menu_order":0,"comment_status":"closed","ping_status":"closed","template":"","meta":{"footnotes":""},"class_list":["post-1550","page","type-page","status-publish","has-post-thumbnail","hentry"],"yoast_head":"<!-- This site is optimized with the Yoast SEO plugin v27.4 - https:\/\/yoast.com\/product\/yoast-seo-wordpress\/ -->\n<title>Alumni Network | Lyc\u00e9e International de Calgary Graduates Worldwide<\/title>\n<meta name=\"description\" content=\"Join the global Lyc\u00e9e International de Calgary alumni network \u2014 connect with graduates, share your story, and inspire future generations of bilingual leaders.\" \/>\n<meta name=\"robots\" content=\"index, follow, max-snippet:-1, max-image-preview:large, max-video-preview:-1\" \/>\n<link rel=\"canonical\" href=\"https:\/\/lycee.ca\/fr\/programme-academique\/les-anciens-eleves-du-lycee-connectes-a-travers-les-generations-et-les-continents\/\" \/>\n<meta property=\"og:locale\" content=\"fr_FR\" \/>\n<meta property=\"og:type\" content=\"article\" \/>\n<meta property=\"og:title\" content=\"Alumni Network | Lyc\u00e9e International de Calgary Graduates Worldwide\" \/>\n<meta property=\"og:description\" content=\"Join the global Lyc\u00e9e International de Calgary alumni network \u2014 connect with graduates, share your story, and inspire future generations of bilingual leaders.\" \/>\n<meta property=\"og:url\" content=\"https:\/\/lycee.ca\/fr\/programme-academique\/les-anciens-eleves-du-lycee-connectes-a-travers-les-generations-et-les-continents\/\" \/>\n<meta property=\"og:site_name\" content=\"Lyc\u00e9e international de Calgary | French Preschool to Grade 12\" \/>\n<meta property=\"article:publisher\" content=\"https:\/\/www.facebook.com\/lyceecalgary\" \/>\n<meta property=\"article:modified_time\" content=\"2026-02-04T02:46:36+00:00\" \/>\n<meta property=\"og:image\" content=\"https:\/\/lycee.ca\/wp-content\/uploads\/2025\/11\/french_bacc_4.webp\" \/>\n\t<meta property=\"og:image:width\" content=\"1920\" \/>\n\t<meta property=\"og:image:height\" content=\"1178\" \/>\n\t<meta property=\"og:image:type\" content=\"image\/webp\" \/>\n<meta name=\"twitter:card\" content=\"summary_large_image\" \/>\n<meta name=\"twitter:label1\" content=\"Dur\u00e9e de lecture estim\u00e9e\" \/>\n\t<meta name=\"twitter:data1\" content=\"1 minute\" \/>\n<script type=\"application\/ld+json\" class=\"yoast-schema-graph\">{\"@context\":\"https:\\\/\\\/schema.org\",\"@graph\":[{\"@type\":\"WebPage\",\"@id\":\"https:\\\/\\\/lycee.ca\\\/academic-program\\\/lycee-alumni-connected-across-generations-and-continents\\\/\",\"url\":\"https:\\\/\\\/lycee.ca\\\/academic-program\\\/lycee-alumni-connected-across-generations-and-continents\\\/\",\"name\":\"Alumni Network | Lyc\u00e9e International de Calgary Graduates Worldwide\",\"isPartOf\":{\"@id\":\"https:\\\/\\\/lycee.ca\\\/#website\"},\"primaryImageOfPage\":{\"@id\":\"https:\\\/\\\/lycee.ca\\\/academic-program\\\/lycee-alumni-connected-across-generations-and-continents\\\/#primaryimage\"},\"image\":{\"@id\":\"https:\\\/\\\/lycee.ca\\\/academic-program\\\/lycee-alumni-connected-across-generations-and-continents\\\/#primaryimage\"},\"thumbnailUrl\":\"https:\\\/\\\/lycee.ca\\\/wp-content\\\/uploads\\\/2025\\\/11\\\/french_bacc_4.webp\",\"datePublished\":\"2025-12-08T20:12:17+00:00\",\"dateModified\":\"2026-02-04T02:46:36+00:00\",\"description\":\"Join the global Lyc\u00e9e International de Calgary alumni network \u2014 connect with graduates, share your story, and inspire future generations of bilingual leaders.\",\"breadcrumb\":{\"@id\":\"https:\\\/\\\/lycee.ca\\\/academic-program\\\/lycee-alumni-connected-across-generations-and-continents\\\/#breadcrumb\"},\"inLanguage\":\"fr-FR\",\"potentialAction\":[{\"@type\":\"ReadAction\",\"target\":[\"https:\\\/\\\/lycee.ca\\\/academic-program\\\/lycee-alumni-connected-across-generations-and-continents\\\/\"]}]},{\"@type\":\"ImageObject\",\"inLanguage\":\"fr-FR\",\"@id\":\"https:\\\/\\\/lycee.ca\\\/academic-program\\\/lycee-alumni-connected-across-generations-and-continents\\\/#primaryimage\",\"url\":\"https:\\\/\\\/lycee.ca\\\/wp-content\\\/uploads\\\/2025\\\/11\\\/french_bacc_4.webp\",\"contentUrl\":\"https:\\\/\\\/lycee.ca\\\/wp-content\\\/uploads\\\/2025\\\/11\\\/french_bacc_4.webp\",\"width\":1920,\"height\":1178},{\"@type\":\"BreadcrumbList\",\"@id\":\"https:\\\/\\\/lycee.ca\\\/academic-program\\\/lycee-alumni-connected-across-generations-and-continents\\\/#breadcrumb\",\"itemListElement\":[{\"@type\":\"ListItem\",\"position\":1,\"name\":\"Home\",\"item\":\"https:\\\/\\\/lycee.ca\\\/\"},{\"@type\":\"ListItem\",\"position\":2,\"name\":\"Academic Program\",\"item\":\"https:\\\/\\\/lycee.ca\\\/academic-program\\\/\"},{\"@type\":\"ListItem\",\"position\":3,\"name\":\"Lyc\u00e9e Alumni: Connected Across Generations and Continents\"}]},{\"@type\":\"WebSite\",\"@id\":\"https:\\\/\\\/lycee.ca\\\/#website\",\"url\":\"https:\\\/\\\/lycee.ca\\\/\",\"name\":\"Lyc\u00e9e international de Calgary | French Preschool to Grade 12\",\"description\":\"Calgary Private French School located in SW Altadore. Lyc\u00e9e offers full-day preschool, no prior french needed, small class sizes, and international study.\",\"publisher\":{\"@id\":\"https:\\\/\\\/lycee.ca\\\/#organization\"},\"potentialAction\":[{\"@type\":\"SearchAction\",\"target\":{\"@type\":\"EntryPoint\",\"urlTemplate\":\"https:\\\/\\\/lycee.ca\\\/?s={search_term_string}\"},\"query-input\":{\"@type\":\"PropertyValueSpecification\",\"valueRequired\":true,\"valueName\":\"search_term_string\"}}],\"inLanguage\":\"fr-FR\"},{\"@type\":\"Organization\",\"@id\":\"https:\\\/\\\/lycee.ca\\\/#organization\",\"name\":\"Lyc\u00e9e international de Calgary | French Preschool to Grade 12\",\"url\":\"https:\\\/\\\/lycee.ca\\\/\",\"logo\":{\"@type\":\"ImageObject\",\"inLanguage\":\"fr-FR\",\"@id\":\"https:\\\/\\\/lycee.ca\\\/#\\\/schema\\\/logo\\\/image\\\/\",\"url\":\"https:\\\/\\\/lycee.ca\\\/wp-content\\\/uploads\\\/2025\\\/09\\\/logo_lycee.svg\",\"contentUrl\":\"https:\\\/\\\/lycee.ca\\\/wp-content\\\/uploads\\\/2025\\\/09\\\/logo_lycee.svg\",\"width\":850,\"height\":385,\"caption\":\"Lyc\u00e9e international de Calgary | French Preschool to Grade 12\"},\"image\":{\"@id\":\"https:\\\/\\\/lycee.ca\\\/#\\\/schema\\\/logo\\\/image\\\/\"},\"sameAs\":[\"https:\\\/\\\/www.facebook.com\\\/lyceecalgary\",\"https:\\\/\\\/www.instagram.com\\\/lyceecalgary\\\/\"]}]}<\/script>\n<!-- \/ Yoast SEO plugin. -->","yoast_head_json":{"title":"R\u00e9seau d'anciens \u00e9l\u00e8ves du Lyc\u00e9e International de Calgary dans le monde entier","description":"Rejoignez le r\u00e9seau mondial des anciens \u00e9l\u00e8ves du Lyc\u00e9e International de Calgary - entrez en contact avec des dipl\u00f4m\u00e9s, partagez votre histoire et inspirez les futures g\u00e9n\u00e9rations de leaders bilingues.","robots":{"index":"index","follow":"follow","max-snippet":"max-snippet:-1","max-image-preview":"max-image-preview:large","max-video-preview":"max-video-preview:-1"},"canonical":"https:\/\/lycee.ca\/fr\/programme-academique\/les-anciens-eleves-du-lycee-connectes-a-travers-les-generations-et-les-continents\/","og_locale":"fr_FR","og_type":"article","og_title":"Alumni Network | Lyc\u00e9e International de Calgary Graduates Worldwide","og_description":"Join the global Lyc\u00e9e International de Calgary alumni network \u2014 connect with graduates, share your story, and inspire future generations of bilingual leaders.","og_url":"https:\/\/lycee.ca\/fr\/programme-academique\/les-anciens-eleves-du-lycee-connectes-a-travers-les-generations-et-les-continents\/","og_site_name":"Lyc\u00e9e international de Calgary | French Preschool to Grade 12","article_publisher":"https:\/\/www.facebook.com\/lyceecalgary","article_modified_time":"2026-02-04T02:46:36+00:00","og_image":[{"width":1920,"height":1178,"url":"https:\/\/lycee.ca\/wp-content\/uploads\/2025\/11\/french_bacc_4.webp","type":"image\/webp"}],"twitter_card":"summary_large_image","twitter_misc":{"Dur\u00e9e de lecture estim\u00e9e":"1 minute"},"schema":{"@context":"https:\/\/schema.org","@graph":[{"@type":"WebPage","@id":"https:\/\/lycee.ca\/academic-program\/lycee-alumni-connected-across-generations-and-continents\/","url":"https:\/\/lycee.ca\/academic-program\/lycee-alumni-connected-across-generations-and-continents\/","name":"R\u00e9seau d'anciens \u00e9l\u00e8ves du Lyc\u00e9e International de Calgary dans le monde entier","isPartOf":{"@id":"https:\/\/lycee.ca\/#website"},"primaryImageOfPage":{"@id":"https:\/\/lycee.ca\/academic-program\/lycee-alumni-connected-across-generations-and-continents\/#primaryimage"},"image":{"@id":"https:\/\/lycee.ca\/academic-program\/lycee-alumni-connected-across-generations-and-continents\/#primaryimage"},"thumbnailUrl":"https:\/\/lycee.ca\/wp-content\/uploads\/2025\/11\/french_bacc_4.webp","datePublished":"2025-12-08T20:12:17+00:00","dateModified":"2026-02-04T02:46:36+00:00","description":"Rejoignez le r\u00e9seau mondial des anciens \u00e9l\u00e8ves du Lyc\u00e9e International de Calgary - entrez en contact avec des dipl\u00f4m\u00e9s, partagez votre histoire et inspirez les futures g\u00e9n\u00e9rations de leaders bilingues.","breadcrumb":{"@id":"https:\/\/lycee.ca\/academic-program\/lycee-alumni-connected-across-generations-and-continents\/#breadcrumb"},"inLanguage":"fr-FR","potentialAction":[{"@type":"ReadAction","target":["https:\/\/lycee.ca\/academic-program\/lycee-alumni-connected-across-generations-and-continents\/"]}]},{"@type":"ImageObject","inLanguage":"fr-FR","@id":"https:\/\/lycee.ca\/academic-program\/lycee-alumni-connected-across-generations-and-continents\/#primaryimage","url":"https:\/\/lycee.ca\/wp-content\/uploads\/2025\/11\/french_bacc_4.webp","contentUrl":"https:\/\/lycee.ca\/wp-content\/uploads\/2025\/11\/french_bacc_4.webp","width":1920,"height":1178},{"@type":"BreadcrumbList","@id":"https:\/\/lycee.ca\/academic-program\/lycee-alumni-connected-across-generations-and-continents\/#breadcrumb","itemListElement":[{"@type":"ListItem","position":1,"name":"Home","item":"https:\/\/lycee.ca\/"},{"@type":"ListItem","position":2,"name":"Academic Program","item":"https:\/\/lycee.ca\/academic-program\/"},{"@type":"ListItem","position":3,"name":"Lyc\u00e9e Alumni: Connected Across Generations and Continents"}]},{"@type":"WebSite","@id":"https:\/\/lycee.ca\/#website","url":"https:\/\/lycee.ca\/","name":"Lyc\u00e9e international de Calgary | Fran\u00e7ais de la maternelle \u00e0 la terminale","description":"\u00c9cole priv\u00e9e de fran\u00e7ais de Calgary situ\u00e9e dans le quartier SW Altadore. Le Lyc\u00e9e propose une \u00e9cole maternelle \u00e0 temps plein, sans besoin de connaissances pr\u00e9alables en fran\u00e7ais, avec des classes de petite taille et des \u00e9tudes internationales.","publisher":{"@id":"https:\/\/lycee.ca\/#organization"},"potentialAction":[{"@type":"SearchAction","target":{"@type":"EntryPoint","urlTemplate":"https:\/\/lycee.ca\/?s={search_term_string}"},"query-input":{"@type":"PropertyValueSpecification","valueRequired":true,"valueName":"search_term_string"}}],"inLanguage":"fr-FR"},{"@type":"Organization","@id":"https:\/\/lycee.ca\/#organization","name":"Lyc\u00e9e international de Calgary | Fran\u00e7ais de la maternelle \u00e0 la terminale","url":"https:\/\/lycee.ca\/","logo":{"@type":"ImageObject","inLanguage":"fr-FR","@id":"https:\/\/lycee.ca\/#\/schema\/logo\/image\/","url":"https:\/\/lycee.ca\/wp-content\/uploads\/2025\/09\/logo_lycee.svg","contentUrl":"https:\/\/lycee.ca\/wp-content\/uploads\/2025\/09\/logo_lycee.svg","width":850,"height":385,"caption":"Lyc\u00e9e international de Calgary | French Preschool to Grade 12"},"image":{"@id":"https:\/\/lycee.ca\/#\/schema\/logo\/image\/"},"sameAs":["https:\/\/www.facebook.com\/lyceecalgary","https:\/\/www.instagram.com\/lyceecalgary\/"]}]}},"_links":{"self":[{"href":"https:\/\/lycee.ca\/fr\/wp-json\/wp\/v2\/pages\/1550","targetHints":{"allow":["GET"]}}],"collection":[{"href":"https:\/\/lycee.ca\/fr\/wp-json\/wp\/v2\/pages"}],"about":[{"href":"https:\/\/lycee.ca\/fr\/wp-json\/wp\/v2\/types\/page"}],"author":[{"embeddable":true,"href":"https:\/\/lycee.ca\/fr\/wp-json\/wp\/v2\/users\/1"}],"replies":[{"embeddable":true,"href":"https:\/\/lycee.ca\/fr\/wp-json\/wp\/v2\/comments?post=1550"}],"version-history":[{"count":0,"href":"https:\/\/lycee.ca\/fr\/wp-json\/wp\/v2\/pages\/1550\/revisions"}],"up":[{"embeddable":true,"href":"https:\/\/lycee.ca\/fr\/wp-json\/wp\/v2\/pages\/837"}],"wp:featuredmedia":[{"embeddable":true,"href":"https:\/\/lycee.ca\/fr\/wp-json\/wp\/v2\/media\/895"}],"wp:attachment":[{"href":"https:\/\/lycee.ca\/fr\/wp-json\/wp\/v2\/media?parent=1550"}],"curies":[{"name":"wp","href":"https:\/\/api.w.org\/{rel}","templated":true}]}}