{"id":1539,"date":"2025-12-08T19:02:22","date_gmt":"2025-12-08T19:02:22","guid":{"rendered":"https:\/\/lycee.ca\/?page_id=1539"},"modified":"2025-12-08T19:32:45","modified_gmt":"2025-12-09T02:32:45","slug":"se-preparer-a-luniversite","status":"publish","type":"page","link":"https:\/\/lycee.ca\/fr\/academic-program\/preparing-for-university\/","title":{"rendered":"Se pr\u00e9parer \u00e0 l'universit\u00e9"},"content":{"rendered":"\t\t<div data-elementor-type=\"wp-page\" data-elementor-id=\"1539\" class=\"elementor elementor-1539\" data-elementor-post-type=\"page\">\n\t\t\t\t<div class=\"elementor-element elementor-element-a0eb3e3 e-flex e-con-boxed e-con e-parent\" data-id=\"a0eb3e3\" data-element_type=\"container\" data-e-type=\"container\" data-settings=\"{&quot;jet_parallax_layout_list&quot;:[]}\">\n\t\t\t\t\t<div class=\"e-con-inner\">\n\t\t\t\t<div class=\"elementor-element elementor-element-5330509 elementor-widget elementor-widget-heading\" data-id=\"5330509\" data-element_type=\"widget\" data-e-type=\"widget\" data-widget_type=\"heading.default\">\n\t\t\t\t\t<p class=\"elementor-heading-title elementor-size-default\">At Lyc\u00e9e Calgary, a world of opportunity opens for our graduates. Our distinctive, rigorous education is a proven pathway to success, marked by acceptance into top-tier universities across Canada and the globe.\n<\/p>\t\t\t\t<\/div>\n\t\t\t\t\t<\/div>\n\t\t\t\t<\/div>\n\t\t<div class=\"elementor-element elementor-element-c33b73b e-flex e-con-boxed e-con e-parent\" data-id=\"c33b73b\" data-element_type=\"container\" data-e-type=\"container\" data-settings=\"{&quot;jet_parallax_layout_list&quot;:[]}\">\n\t\t\t\t\t<div class=\"e-con-inner\">\n\t\t<div class=\"elementor-element elementor-element-b20be47 e-con-full e-flex e-con e-child\" data-id=\"b20be47\" data-element_type=\"container\" data-e-type=\"container\" data-settings=\"{&quot;jet_parallax_layout_list&quot;:[]}\">\n\t\t\t\t<div class=\"elementor-element elementor-element-3fc3729 elementor-widget elementor-widget-heading\" data-id=\"3fc3729\" data-element_type=\"widget\" data-e-type=\"widget\" data-widget_type=\"heading.default\">\n\t\t\t\t\t<h2 class=\"elementor-heading-title elementor-size-default\">The Dual-Credential Edge \n<\/h2>\t\t\t\t<\/div>\n\t\t\t\t<div class=\"elementor-element elementor-element-5c29bda elementor-widget elementor-widget-text-editor\" data-id=\"5c29bda\" data-element_type=\"widget\" data-e-type=\"widget\" data-widget_type=\"text-editor.default\">\n\t\t\t\t\t\t\t\t\t<p><span style=\"font-weight: 400;\">Lyc\u00e9e graduates stand out to admissions teams worldwide by earning two powerful diplomas: the internationally-recognized French <\/span><i><span style=\"font-weight: 400;\">Baccalaur\u00e9at<\/span><\/i><span style=\"font-weight: 400;\"> and the Alberta High School Diploma.<\/span><\/p><p><span style=\"font-weight: 400;\">This rare dual credential signals:<\/span><\/p><ul><li style=\"font-weight: 400;\" aria-level=\"1\"><b>Global Rigour:<\/b><span style=\"font-weight: 400;\"> The <\/span><i><span style=\"font-weight: 400;\">Baccalaur\u00e9at <\/span><\/i><span style=\"font-weight: 400;\">is renowned for its high academic standards, indicating the exceptional discipline, critical thinking, and depth of knowledge required for university-level success.<\/span><\/li><li style=\"font-weight: 400;\" aria-level=\"1\"><b>Alberta High School Diploma<\/b><span style=\"font-weight: 400;\">: Not only does this diploma demonstrate academic achievement in Canada, it also acts as proof of English proficiency for English-language universities.\u00a0<\/span><\/li><li style=\"font-weight: 400;\" aria-level=\"1\"><b>Proven Success:<\/b><span style=\"font-weight: 400;\"> Lyc\u00e9e alumni have excelled at prestigious institutions worldwide, pursuing demanding fields like medicine, engineering, science, and business.<\/span><\/li><\/ul>\t\t\t\t\t\t\t\t<\/div>\n\t\t\t\t<\/div>\n\t\t<div class=\"elementor-element elementor-element-ac0a1f1 e-con-full e-flex e-con e-child\" data-id=\"ac0a1f1\" data-element_type=\"container\" data-e-type=\"container\" data-settings=\"{&quot;jet_parallax_layout_list&quot;:[]}\">\n\t\t\t\t<div class=\"elementor-element elementor-element-56c0510 elementor-invisible elementor-widget elementor-widget-image\" data-id=\"56c0510\" data-element_type=\"widget\" data-e-type=\"widget\" data-settings=\"{&quot;motion_fx_motion_fx_scrolling&quot;:&quot;yes&quot;,&quot;motion_fx_translateY_effect&quot;:&quot;yes&quot;,&quot;motion_fx_translateY_speed&quot;:{&quot;unit&quot;:&quot;px&quot;,&quot;size&quot;:2,&quot;sizes&quot;:[]},&quot;_animation&quot;:&quot;fadeInRight&quot;,&quot;motion_fx_translateY_affectedRange&quot;:{&quot;unit&quot;:&quot;%&quot;,&quot;size&quot;:&quot;&quot;,&quot;sizes&quot;:{&quot;start&quot;:0,&quot;end&quot;:100}},&quot;motion_fx_devices&quot;:[&quot;desktop&quot;,&quot;tablet&quot;,&quot;mobile&quot;]}\" data-widget_type=\"image.default\">\n\t\t\t\t\t\t\t\t\t\t\t\t\t\t\t<img fetchpriority=\"high\" decoding=\"async\" width=\"1024\" height=\"683\" src=\"https:\/\/lycee.ca\/wp-content\/uploads\/2025\/12\/cover_graduation_2-1024x683.webp\" class=\"attachment-large size-large wp-image-1702\" alt=\"\" srcset=\"https:\/\/lycee.ca\/wp-content\/uploads\/2025\/12\/cover_graduation_2-1024x683.webp 1024w, https:\/\/lycee.ca\/wp-content\/uploads\/2025\/12\/cover_graduation_2-300x200.webp 300w, https:\/\/lycee.ca\/wp-content\/uploads\/2025\/12\/cover_graduation_2-768x512.webp 768w, https:\/\/lycee.ca\/wp-content\/uploads\/2025\/12\/cover_graduation_2-1536x1024.webp 1536w, https:\/\/lycee.ca\/wp-content\/uploads\/2025\/12\/cover_graduation_2-600x400.webp 600w, https:\/\/lycee.ca\/wp-content\/uploads\/2025\/12\/cover_graduation_2.webp 1920w\" sizes=\"(max-width: 1024px) 100vw, 1024px\" \/>\t\t\t\t\t\t\t\t\t\t\t\t\t\t\t<\/div>\n\t\t\t\t<\/div>\n\t\t\t\t\t<\/div>\n\t\t\t\t<\/div>\n\t\t<div class=\"elementor-element elementor-element-61e6e30 e-flex e-con-boxed e-con e-parent\" data-id=\"61e6e30\" data-element_type=\"container\" data-e-type=\"container\" data-settings=\"{&quot;jet_parallax_layout_list&quot;:[],&quot;background_background&quot;:&quot;classic&quot;}\">\n\t\t\t\t\t<div class=\"e-con-inner\">\n\t\t<div class=\"elementor-element elementor-element-96e22c8 e-con-full e-flex e-con e-child\" data-id=\"96e22c8\" data-element_type=\"container\" data-e-type=\"container\" data-settings=\"{&quot;jet_parallax_layout_list&quot;:[]}\">\n\t\t\t\t<div class=\"elementor-element elementor-element-c886de7 elementor-invisible elementor-widget elementor-widget-image\" data-id=\"c886de7\" data-element_type=\"widget\" data-e-type=\"widget\" data-settings=\"{&quot;motion_fx_motion_fx_scrolling&quot;:&quot;yes&quot;,&quot;motion_fx_translateY_effect&quot;:&quot;yes&quot;,&quot;motion_fx_translateY_speed&quot;:{&quot;unit&quot;:&quot;px&quot;,&quot;size&quot;:2,&quot;sizes&quot;:[]},&quot;_animation&quot;:&quot;fadeInLeft&quot;,&quot;motion_fx_translateY_affectedRange&quot;:{&quot;unit&quot;:&quot;%&quot;,&quot;size&quot;:&quot;&quot;,&quot;sizes&quot;:{&quot;start&quot;:0,&quot;end&quot;:100}},&quot;motion_fx_devices&quot;:[&quot;desktop&quot;,&quot;tablet&quot;,&quot;mobile&quot;]}\" data-widget_type=\"image.default\">\n\t\t\t\t\t\t\t\t\t\t\t\t\t\t\t<img decoding=\"async\" width=\"1024\" height=\"683\" src=\"https:\/\/lycee.ca\/wp-content\/uploads\/2025\/12\/cover_graduation_3-1024x683.webp\" class=\"attachment-large size-large wp-image-1704\" alt=\"\" srcset=\"https:\/\/lycee.ca\/wp-content\/uploads\/2025\/12\/cover_graduation_3-1024x683.webp 1024w, https:\/\/lycee.ca\/wp-content\/uploads\/2025\/12\/cover_graduation_3-300x200.webp 300w, https:\/\/lycee.ca\/wp-content\/uploads\/2025\/12\/cover_graduation_3-768x512.webp 768w, https:\/\/lycee.ca\/wp-content\/uploads\/2025\/12\/cover_graduation_3-1536x1024.webp 1536w, https:\/\/lycee.ca\/wp-content\/uploads\/2025\/12\/cover_graduation_3-600x400.webp 600w, https:\/\/lycee.ca\/wp-content\/uploads\/2025\/12\/cover_graduation_3.webp 1920w\" sizes=\"(max-width: 1024px) 100vw, 1024px\" \/>\t\t\t\t\t\t\t\t\t\t\t\t\t\t\t<\/div>\n\t\t\t\t<\/div>\n\t\t<div class=\"elementor-element elementor-element-ba4803c e-con-full e-flex e-con e-child\" data-id=\"ba4803c\" data-element_type=\"container\" data-e-type=\"container\" data-settings=\"{&quot;jet_parallax_layout_list&quot;:[]}\">\n\t\t\t\t<div class=\"elementor-element elementor-element-d567af4 elementor-widget elementor-widget-heading\" data-id=\"d567af4\" data-element_type=\"widget\" data-e-type=\"widget\" data-widget_type=\"heading.default\">\n\t\t\t\t\t<h2 class=\"elementor-heading-title elementor-size-default\">The Baccalaur\u00e9at Advantage in Canada \n<\/h2>\t\t\t\t<\/div>\n\t\t\t\t<div class=\"elementor-element elementor-element-7d89722 elementor-widget elementor-widget-text-editor\" data-id=\"7d89722\" data-element_type=\"widget\" data-e-type=\"widget\" data-widget_type=\"text-editor.default\">\n\t\t\t\t\t\t\t\t\t<p><span style=\"font-weight: 400;\">The French <\/span><i><span style=\"font-weight: 400;\">Baccalaur\u00e9at<\/span><\/i><span style=\"font-weight: 400;\"> does more than just ensure admission in Canada\u2014it creates powerful, measurable advantages for our students in Canada, Europe or anywhere:<\/span><\/p><ul><li style=\"font-weight: 400;\" aria-level=\"1\"><b>Universal Acceptance:<\/b><span style=\"font-weight: 400;\"> All major Canadian universities recognize and admit students with the French <\/span><i><span style=\"font-weight: 400;\">Baccalaur\u00e9at<\/span><\/i><span style=\"font-weight: 400;\">.<\/span><\/li><li style=\"font-weight: 400;\" aria-level=\"1\"><b>Advanced Standing &amp; Credits:<\/b><span style=\"font-weight: 400;\"> Many Canadian and international universities grant <\/span><b>transfer credits (<\/b><span style=\"font-weight: 400;\">first-year university credits) based on strong <\/span><i><span style=\"font-weight: 400;\">Baccalaur\u00e9at<\/span><\/i><span style=\"font-weight: 400;\"> results. This allows students to skip introductory courses, choose advanced electives sooner, and often complete their degree faster\u2014saving both time and tuition fees.<\/span><\/li><li style=\"font-weight: 400;\" aria-level=\"1\"><b>Enhanced Program Access:<\/b><span style=\"font-weight: 400;\"> Graduates can apply to all the same programs as their peers, often with the possibility of direct entry into specialized or advanced streams.<\/span><\/li><\/ul><p><span style=\"font-weight: 400;\">Our structured curriculum ensures that Lyc\u00e9e Calgary graduates are not just ready for university; they are ready to excel on the global stage.<\/span><\/p>\t\t\t\t\t\t\t\t<\/div>\n\t\t\t\t<\/div>\n\t\t\t\t\t<\/div>\n\t\t\t\t<\/div>\n\t\t\t\t<\/div>\n\t\t","protected":false},"excerpt":{"rendered":"<p>At Lyc\u00e9e Calgary, a world of opportunity opens for our graduates. Our distinctive, rigorous education is a proven pathway to success, marked by acceptance into top-tier universities across Canada and the globe. The Dual-Credential Edge Lyc\u00e9e graduates stand out to admissions teams worldwide by earning two powerful diplomas: the internationally-recognized French Baccalaur\u00e9at and the Alberta [&hellip;]<\/p>\n","protected":false},"author":1,"featured_media":1701,"parent":837,"menu_order":0,"comment_status":"closed","ping_status":"closed","template":"","meta":{"footnotes":""},"class_list":["post-1539","page","type-page","status-publish","has-post-thumbnail","hentry"],"yoast_head":"<!-- This site is optimized with the Yoast SEO plugin v27.4 - https:\/\/yoast.com\/product\/yoast-seo-wordpress\/ -->\n<title>Pathways After High School | Global Futures for Lyc\u00e9e Calgary Students<\/title>\n<meta name=\"description\" content=\"Discover the diverse pathways after high school at Lyc\u00e9e International de Calgary \u2014 from university and apprenticeships to global studies and future-ready careers.\" \/>\n<meta name=\"robots\" content=\"index, follow, max-snippet:-1, max-image-preview:large, max-video-preview:-1\" \/>\n<link rel=\"canonical\" href=\"https:\/\/lycee.ca\/fr\/programme-academique\/se-preparer-a-luniversite\/\" \/>\n<meta property=\"og:locale\" content=\"fr_FR\" \/>\n<meta property=\"og:type\" content=\"article\" \/>\n<meta property=\"og:title\" content=\"Pathways After High School | Global Futures for Lyc\u00e9e Calgary Students\" \/>\n<meta property=\"og:description\" content=\"Discover the diverse pathways after high school at Lyc\u00e9e International de Calgary \u2014 from university and apprenticeships to global studies and future-ready careers.\" \/>\n<meta property=\"og:url\" content=\"https:\/\/lycee.ca\/fr\/programme-academique\/se-preparer-a-luniversite\/\" \/>\n<meta property=\"og:site_name\" content=\"Lyc\u00e9e international de Calgary | French Preschool to Grade 12\" \/>\n<meta property=\"article:publisher\" content=\"https:\/\/www.facebook.com\/lyceecalgary\" \/>\n<meta property=\"article:modified_time\" content=\"2025-12-09T02:32:45+00:00\" \/>\n<meta property=\"og:image\" content=\"https:\/\/lycee.ca\/wp-content\/uploads\/2025\/12\/cover_graduation_1.webp\" \/>\n\t<meta property=\"og:image:width\" content=\"1920\" \/>\n\t<meta property=\"og:image:height\" content=\"1280\" \/>\n\t<meta property=\"og:image:type\" content=\"image\/webp\" \/>\n<meta name=\"twitter:card\" content=\"summary_large_image\" \/>\n<meta name=\"twitter:label1\" content=\"Dur\u00e9e de lecture estim\u00e9e\" \/>\n\t<meta name=\"twitter:data1\" content=\"2 minutes\" \/>\n<script type=\"application\/ld+json\" class=\"yoast-schema-graph\">{\"@context\":\"https:\\\/\\\/schema.org\",\"@graph\":[{\"@type\":\"WebPage\",\"@id\":\"https:\\\/\\\/lycee.ca\\\/academic-program\\\/preparing-for-university\\\/\",\"url\":\"https:\\\/\\\/lycee.ca\\\/academic-program\\\/preparing-for-university\\\/\",\"name\":\"Pathways After High School | Global Futures for Lyc\u00e9e Calgary Students\",\"isPartOf\":{\"@id\":\"https:\\\/\\\/lycee.ca\\\/#website\"},\"primaryImageOfPage\":{\"@id\":\"https:\\\/\\\/lycee.ca\\\/academic-program\\\/preparing-for-university\\\/#primaryimage\"},\"image\":{\"@id\":\"https:\\\/\\\/lycee.ca\\\/academic-program\\\/preparing-for-university\\\/#primaryimage\"},\"thumbnailUrl\":\"https:\\\/\\\/lycee.ca\\\/wp-content\\\/uploads\\\/2025\\\/12\\\/cover_graduation_1.webp\",\"datePublished\":\"2025-12-08T19:02:22+00:00\",\"dateModified\":\"2025-12-09T02:32:45+00:00\",\"description\":\"Discover the diverse pathways after high school at Lyc\u00e9e International de Calgary \u2014 from university and apprenticeships to global studies and future-ready careers.\",\"breadcrumb\":{\"@id\":\"https:\\\/\\\/lycee.ca\\\/academic-program\\\/preparing-for-university\\\/#breadcrumb\"},\"inLanguage\":\"fr-FR\",\"potentialAction\":[{\"@type\":\"ReadAction\",\"target\":[\"https:\\\/\\\/lycee.ca\\\/academic-program\\\/preparing-for-university\\\/\"]}]},{\"@type\":\"ImageObject\",\"inLanguage\":\"fr-FR\",\"@id\":\"https:\\\/\\\/lycee.ca\\\/academic-program\\\/preparing-for-university\\\/#primaryimage\",\"url\":\"https:\\\/\\\/lycee.ca\\\/wp-content\\\/uploads\\\/2025\\\/12\\\/cover_graduation_1.webp\",\"contentUrl\":\"https:\\\/\\\/lycee.ca\\\/wp-content\\\/uploads\\\/2025\\\/12\\\/cover_graduation_1.webp\",\"width\":1920,\"height\":1280},{\"@type\":\"BreadcrumbList\",\"@id\":\"https:\\\/\\\/lycee.ca\\\/academic-program\\\/preparing-for-university\\\/#breadcrumb\",\"itemListElement\":[{\"@type\":\"ListItem\",\"position\":1,\"name\":\"Home\",\"item\":\"https:\\\/\\\/lycee.ca\\\/\"},{\"@type\":\"ListItem\",\"position\":2,\"name\":\"Academic Program\",\"item\":\"https:\\\/\\\/lycee.ca\\\/academic-program\\\/\"},{\"@type\":\"ListItem\",\"position\":3,\"name\":\"Preparing For University\"}]},{\"@type\":\"WebSite\",\"@id\":\"https:\\\/\\\/lycee.ca\\\/#website\",\"url\":\"https:\\\/\\\/lycee.ca\\\/\",\"name\":\"Lyc\u00e9e international de Calgary | French Preschool to Grade 12\",\"description\":\"Calgary Private French School located in SW Altadore. Lyc\u00e9e offers full-day preschool, no prior french needed, small class sizes, and international study.\",\"publisher\":{\"@id\":\"https:\\\/\\\/lycee.ca\\\/#organization\"},\"potentialAction\":[{\"@type\":\"SearchAction\",\"target\":{\"@type\":\"EntryPoint\",\"urlTemplate\":\"https:\\\/\\\/lycee.ca\\\/?s={search_term_string}\"},\"query-input\":{\"@type\":\"PropertyValueSpecification\",\"valueRequired\":true,\"valueName\":\"search_term_string\"}}],\"inLanguage\":\"fr-FR\"},{\"@type\":\"Organization\",\"@id\":\"https:\\\/\\\/lycee.ca\\\/#organization\",\"name\":\"Lyc\u00e9e international de Calgary | French Preschool to Grade 12\",\"url\":\"https:\\\/\\\/lycee.ca\\\/\",\"logo\":{\"@type\":\"ImageObject\",\"inLanguage\":\"fr-FR\",\"@id\":\"https:\\\/\\\/lycee.ca\\\/#\\\/schema\\\/logo\\\/image\\\/\",\"url\":\"https:\\\/\\\/lycee.ca\\\/wp-content\\\/uploads\\\/2025\\\/09\\\/logo_lycee.svg\",\"contentUrl\":\"https:\\\/\\\/lycee.ca\\\/wp-content\\\/uploads\\\/2025\\\/09\\\/logo_lycee.svg\",\"width\":850,\"height\":385,\"caption\":\"Lyc\u00e9e international de Calgary | French Preschool to Grade 12\"},\"image\":{\"@id\":\"https:\\\/\\\/lycee.ca\\\/#\\\/schema\\\/logo\\\/image\\\/\"},\"sameAs\":[\"https:\\\/\\\/www.facebook.com\\\/lyceecalgary\",\"https:\\\/\\\/www.instagram.com\\\/lyceecalgary\\\/\"]}]}<\/script>\n<!-- \/ Yoast SEO plugin. -->","yoast_head_json":{"title":"Parcours apr\u00e8s le lyc\u00e9e - Avenirs globaux pour les \u00e9l\u00e8ves du Lyc\u00e9e de Calgary","description":"D\u00e9couvrez les diff\u00e9rents parcours apr\u00e8s le lyc\u00e9e au Lyc\u00e9e International de Calgary - de l'universit\u00e9 \u00e0 l'apprentissage en passant par les \u00e9tudes internationales et les carri\u00e8res pr\u00e9par\u00e9es pour l'avenir.","robots":{"index":"index","follow":"follow","max-snippet":"max-snippet:-1","max-image-preview":"max-image-preview:large","max-video-preview":"max-video-preview:-1"},"canonical":"https:\/\/lycee.ca\/fr\/programme-academique\/se-preparer-a-luniversite\/","og_locale":"fr_FR","og_type":"article","og_title":"Pathways After High School | Global Futures for Lyc\u00e9e Calgary Students","og_description":"Discover the diverse pathways after high school at Lyc\u00e9e International de Calgary \u2014 from university and apprenticeships to global studies and future-ready careers.","og_url":"https:\/\/lycee.ca\/fr\/programme-academique\/se-preparer-a-luniversite\/","og_site_name":"Lyc\u00e9e international de Calgary | French Preschool to Grade 12","article_publisher":"https:\/\/www.facebook.com\/lyceecalgary","article_modified_time":"2025-12-09T02:32:45+00:00","og_image":[{"width":1920,"height":1280,"url":"https:\/\/lycee.ca\/wp-content\/uploads\/2025\/12\/cover_graduation_1.webp","type":"image\/webp"}],"twitter_card":"summary_large_image","twitter_misc":{"Dur\u00e9e de lecture estim\u00e9e":"2 minutes"},"schema":{"@context":"https:\/\/schema.org","@graph":[{"@type":"WebPage","@id":"https:\/\/lycee.ca\/academic-program\/preparing-for-university\/","url":"https:\/\/lycee.ca\/academic-program\/preparing-for-university\/","name":"Parcours apr\u00e8s le lyc\u00e9e - Avenirs globaux pour les \u00e9l\u00e8ves du Lyc\u00e9e de Calgary","isPartOf":{"@id":"https:\/\/lycee.ca\/#website"},"primaryImageOfPage":{"@id":"https:\/\/lycee.ca\/academic-program\/preparing-for-university\/#primaryimage"},"image":{"@id":"https:\/\/lycee.ca\/academic-program\/preparing-for-university\/#primaryimage"},"thumbnailUrl":"https:\/\/lycee.ca\/wp-content\/uploads\/2025\/12\/cover_graduation_1.webp","datePublished":"2025-12-08T19:02:22+00:00","dateModified":"2025-12-09T02:32:45+00:00","description":"D\u00e9couvrez les diff\u00e9rents parcours apr\u00e8s le lyc\u00e9e au Lyc\u00e9e International de Calgary - de l'universit\u00e9 \u00e0 l'apprentissage en passant par les \u00e9tudes internationales et les carri\u00e8res pr\u00e9par\u00e9es pour l'avenir.","breadcrumb":{"@id":"https:\/\/lycee.ca\/academic-program\/preparing-for-university\/#breadcrumb"},"inLanguage":"fr-FR","potentialAction":[{"@type":"ReadAction","target":["https:\/\/lycee.ca\/academic-program\/preparing-for-university\/"]}]},{"@type":"ImageObject","inLanguage":"fr-FR","@id":"https:\/\/lycee.ca\/academic-program\/preparing-for-university\/#primaryimage","url":"https:\/\/lycee.ca\/wp-content\/uploads\/2025\/12\/cover_graduation_1.webp","contentUrl":"https:\/\/lycee.ca\/wp-content\/uploads\/2025\/12\/cover_graduation_1.webp","width":1920,"height":1280},{"@type":"BreadcrumbList","@id":"https:\/\/lycee.ca\/academic-program\/preparing-for-university\/#breadcrumb","itemListElement":[{"@type":"ListItem","position":1,"name":"Home","item":"https:\/\/lycee.ca\/"},{"@type":"ListItem","position":2,"name":"Academic Program","item":"https:\/\/lycee.ca\/academic-program\/"},{"@type":"ListItem","position":3,"name":"Preparing For University"}]},{"@type":"WebSite","@id":"https:\/\/lycee.ca\/#website","url":"https:\/\/lycee.ca\/","name":"Lyc\u00e9e international de Calgary | Fran\u00e7ais de la maternelle \u00e0 la terminale","description":"\u00c9cole priv\u00e9e de fran\u00e7ais de Calgary situ\u00e9e dans le quartier SW Altadore. Le Lyc\u00e9e propose une \u00e9cole maternelle \u00e0 temps plein, sans besoin de connaissances pr\u00e9alables en fran\u00e7ais, avec des classes de petite taille et des \u00e9tudes internationales.","publisher":{"@id":"https:\/\/lycee.ca\/#organization"},"potentialAction":[{"@type":"SearchAction","target":{"@type":"EntryPoint","urlTemplate":"https:\/\/lycee.ca\/?s={search_term_string}"},"query-input":{"@type":"PropertyValueSpecification","valueRequired":true,"valueName":"search_term_string"}}],"inLanguage":"fr-FR"},{"@type":"Organization","@id":"https:\/\/lycee.ca\/#organization","name":"Lyc\u00e9e international de Calgary | Fran\u00e7ais de la maternelle \u00e0 la terminale","url":"https:\/\/lycee.ca\/","logo":{"@type":"ImageObject","inLanguage":"fr-FR","@id":"https:\/\/lycee.ca\/#\/schema\/logo\/image\/","url":"https:\/\/lycee.ca\/wp-content\/uploads\/2025\/09\/logo_lycee.svg","contentUrl":"https:\/\/lycee.ca\/wp-content\/uploads\/2025\/09\/logo_lycee.svg","width":850,"height":385,"caption":"Lyc\u00e9e international de Calgary | French Preschool to Grade 12"},"image":{"@id":"https:\/\/lycee.ca\/#\/schema\/logo\/image\/"},"sameAs":["https:\/\/www.facebook.com\/lyceecalgary","https:\/\/www.instagram.com\/lyceecalgary\/"]}]}},"_links":{"self":[{"href":"https:\/\/lycee.ca\/fr\/wp-json\/wp\/v2\/pages\/1539","targetHints":{"allow":["GET"]}}],"collection":[{"href":"https:\/\/lycee.ca\/fr\/wp-json\/wp\/v2\/pages"}],"about":[{"href":"https:\/\/lycee.ca\/fr\/wp-json\/wp\/v2\/types\/page"}],"author":[{"embeddable":true,"href":"https:\/\/lycee.ca\/fr\/wp-json\/wp\/v2\/users\/1"}],"replies":[{"embeddable":true,"href":"https:\/\/lycee.ca\/fr\/wp-json\/wp\/v2\/comments?post=1539"}],"version-history":[{"count":0,"href":"https:\/\/lycee.ca\/fr\/wp-json\/wp\/v2\/pages\/1539\/revisions"}],"up":[{"embeddable":true,"href":"https:\/\/lycee.ca\/fr\/wp-json\/wp\/v2\/pages\/837"}],"wp:featuredmedia":[{"embeddable":true,"href":"https:\/\/lycee.ca\/fr\/wp-json\/wp\/v2\/media\/1701"}],"wp:attachment":[{"href":"https:\/\/lycee.ca\/fr\/wp-json\/wp\/v2\/media?parent=1539"}],"curies":[{"name":"wp","href":"https:\/\/api.w.org\/{rel}","templated":true}]}}