{"id":1342,"date":"2025-12-08T03:06:09","date_gmt":"2025-12-08T03:06:09","guid":{"rendered":"https:\/\/lycee.ca\/?page_id=1342"},"modified":"2026-01-23T07:06:52","modified_gmt":"2026-01-23T14:06:52","slug":"notre-plan-strategique","status":"publish","type":"page","link":"https:\/\/lycee.ca\/fr\/about-us\/our-strategic-plan\/","title":{"rendered":"Notre plan strat\u00e9gique"},"content":{"rendered":"\t\t<div data-elementor-type=\"wp-page\" data-elementor-id=\"1342\" class=\"elementor elementor-1342\" data-elementor-post-type=\"page\">\n\t\t\t\t<div class=\"elementor-element elementor-element-3e6f05f e-con-full e-flex e-con e-parent\" data-id=\"3e6f05f\" data-element_type=\"container\" data-e-type=\"container\" data-settings=\"{&quot;jet_parallax_layout_list&quot;:[]}\">\n\t\t<div class=\"elementor-element elementor-element-7d78314 e-con-full e-flex e-con e-child\" data-id=\"7d78314\" data-element_type=\"container\" data-e-type=\"container\" data-settings=\"{&quot;background_background&quot;:&quot;classic&quot;,&quot;jet_parallax_layout_list&quot;:[]}\">\n\t\t<div class=\"elementor-element elementor-element-26e144c e-con-full e-flex e-con e-child\" data-id=\"26e144c\" data-element_type=\"container\" data-e-type=\"container\" data-settings=\"{&quot;jet_parallax_layout_list&quot;:[]}\">\n\t\t\t\t<div class=\"elementor-element elementor-element-0f6503c elementor-widget elementor-widget-heading\" data-id=\"0f6503c\" data-element_type=\"widget\" data-e-type=\"widget\" data-widget_type=\"heading.default\">\n\t\t\t\t\t<h1 class=\"elementor-heading-title elementor-size-default\">IMPACT 2030: Cultivating Excellence<\/h1>\t\t\t\t<\/div>\n\t\t\t\t<\/div>\n\t\t\t\t<\/div>\n\t\t\t\t<\/div>\n\t\t<div class=\"elementor-element elementor-element-fac31e6 e-flex e-con-boxed e-con e-parent\" data-id=\"fac31e6\" data-element_type=\"container\" data-e-type=\"container\" data-settings=\"{&quot;jet_parallax_layout_list&quot;:[]}\">\n\t\t\t\t\t<div class=\"e-con-inner\">\n\t\t\t\t<div class=\"elementor-element elementor-element-7169384 elementor-widget elementor-widget-heading\" data-id=\"7169384\" data-element_type=\"widget\" data-e-type=\"widget\" data-widget_type=\"heading.default\">\n\t\t\t\t\t<p class=\"elementor-heading-title elementor-size-default\">Cultivating Excellence is the Lyc\u00e9e Calgary\u2019s five-year strategic plan; it is not just a roadmap - the plan is a unified and inspiring call to action for our entire community.<\/p>\t\t\t\t<\/div>\n\t\t\t\t\t<\/div>\n\t\t\t\t<\/div>\n\t\t<div class=\"elementor-element elementor-element-ddf54c1 e-flex e-con-boxed e-con e-parent\" data-id=\"ddf54c1\" data-element_type=\"container\" data-e-type=\"container\" data-settings=\"{&quot;jet_parallax_layout_list&quot;:[]}\">\n\t\t\t\t\t<div class=\"e-con-inner\">\n\t\t<div class=\"elementor-element elementor-element-002b7be e-con-full e-flex e-con e-child\" data-id=\"002b7be\" data-element_type=\"container\" data-e-type=\"container\" data-settings=\"{&quot;jet_parallax_layout_list&quot;:[]}\">\n\t\t\t\t<div class=\"elementor-element elementor-element-508cad1 elementor-widget elementor-widget-text-editor\" data-id=\"508cad1\" data-element_type=\"widget\" data-e-type=\"widget\" data-widget_type=\"text-editor.default\">\n\t\t\t\t\t\t\t\t\t<p><span style=\"font-weight: 400;\">Guided by our foundational IMPACT values, Inquiry, Multiculturalism, Perseverance, Authenticity, Community, and Transformation, this plan sets a bold course. We are committing ourselves to becoming the definitive standard of excellence in Francophone and French immersion education in Calgary.<\/span><\/p><p><span style=\"font-weight: 400;\">IMPACT 2030 is the blueprint for how we will secure our future and elevate our purpose. It is focused on three vital pillars:<\/span><\/p><ul><li style=\"font-weight: 400;\" aria-level=\"1\"><span style=\"font-weight: 400;\">Elevating the academic experience to ensure every Lyc\u00e9e student is a future-ready, bilingual global citizen.<\/span><\/li><li style=\"font-weight: 400;\" aria-level=\"1\"><span style=\"font-weight: 400;\">Deepening our community to strengthen the cultural vibrancy and collaborative spirit that makes the Lyc\u00e9e unique.<\/span><\/li><li style=\"font-weight: 400;\" aria-level=\"1\"><span style=\"font-weight: 400;\">Securing our sustainability to ensure the school&#8217;s resilience and capacity for transformation for generations to come.<\/span><\/li><\/ul>\t\t\t\t\t\t\t\t<\/div>\n\t\t\t\t<div class=\"elementor-element elementor-element-96def71 elementor-widget elementor-widget-button\" data-id=\"96def71\" data-element_type=\"widget\" data-e-type=\"widget\" data-widget_type=\"button.default\">\n\t\t\t\t\t\t\t\t\t\t<a class=\"elementor-button elementor-button-link elementor-size-sm elementor-animation-shrink\" href=\"\/wp-content\/uploads\/2026\/01\/Lycee_Calgary_STRATEGIC_PLAN_2025-2030.pdf\" target=\"_blank\">\n\t\t\t\t\t\t<span class=\"elementor-button-content-wrapper\">\n\t\t\t\t\t\t<span class=\"elementor-button-icon\">\n\t\t\t\t<svg xmlns=\"http:\/\/www.w3.org\/2000\/svg\" id=\"layer_21\" width=\"99.582\" height=\"99.582\" viewBox=\"0 0 99.582 99.582\"><path id=\"Trac&#xE9;_1\" data-name=\"Trac&#xE9; 1\" d=\"M101.752,6H9.83a3.83,3.83,0,0,0,0,7.66H92.5L7.122,99.044a3.83,3.83,0,1,0,5.416,5.416L97.922,19.076v82.676a3.83,3.83,0,0,0,7.66,0V9.83A3.831,3.831,0,0,0,101.752,6Z\" transform=\"translate(-6 -6)\" fill=\"#fff\"><\/path><\/svg>\t\t\t<\/span>\n\t\t\t\t\t\t\t\t\t<span class=\"elementor-button-text\">READ THE FULL STRATEGIC PLAN<\/span>\n\t\t\t\t\t<\/span>\n\t\t\t\t\t<\/a>\n\t\t\t\t\t\t\t\t<\/div>\n\t\t\t\t<\/div>\n\t\t<div class=\"elementor-element elementor-element-377664c e-con-full e-flex e-con e-child\" data-id=\"377664c\" data-element_type=\"container\" data-e-type=\"container\" data-settings=\"{&quot;jet_parallax_layout_list&quot;:[]}\">\n\t\t\t\t<div class=\"elementor-element elementor-element-b06211a elementor-invisible elementor-widget elementor-widget-image\" data-id=\"b06211a\" data-element_type=\"widget\" data-e-type=\"widget\" data-settings=\"{&quot;motion_fx_motion_fx_scrolling&quot;:&quot;yes&quot;,&quot;motion_fx_translateY_effect&quot;:&quot;yes&quot;,&quot;motion_fx_translateY_speed&quot;:{&quot;unit&quot;:&quot;px&quot;,&quot;size&quot;:2,&quot;sizes&quot;:[]},&quot;_animation&quot;:&quot;fadeInRight&quot;,&quot;motion_fx_translateY_affectedRange&quot;:{&quot;unit&quot;:&quot;%&quot;,&quot;size&quot;:&quot;&quot;,&quot;sizes&quot;:{&quot;start&quot;:0,&quot;end&quot;:100}},&quot;motion_fx_devices&quot;:[&quot;desktop&quot;,&quot;tablet&quot;,&quot;mobile&quot;]}\" data-widget_type=\"image.default\">\n\t\t\t\t\t\t\t\t\t\t\t\t\t\t\t<img fetchpriority=\"high\" decoding=\"async\" width=\"683\" height=\"1024\" src=\"https:\/\/lycee.ca\/wp-content\/uploads\/2025\/12\/cover_strat_plan_1-683x1024.webp\" class=\"attachment-large size-large wp-image-2136\" alt=\"\" srcset=\"https:\/\/lycee.ca\/wp-content\/uploads\/2025\/12\/cover_strat_plan_1-683x1024.webp 683w, https:\/\/lycee.ca\/wp-content\/uploads\/2025\/12\/cover_strat_plan_1-200x300.webp 200w, https:\/\/lycee.ca\/wp-content\/uploads\/2025\/12\/cover_strat_plan_1-768x1152.webp 768w, https:\/\/lycee.ca\/wp-content\/uploads\/2025\/12\/cover_strat_plan_1-1024x1536.webp 1024w, https:\/\/lycee.ca\/wp-content\/uploads\/2025\/12\/cover_strat_plan_1-600x900.webp 600w, https:\/\/lycee.ca\/wp-content\/uploads\/2025\/12\/cover_strat_plan_1.webp 1080w\" sizes=\"(max-width: 683px) 100vw, 683px\" \/>\t\t\t\t\t\t\t\t\t\t\t\t\t\t\t<\/div>\n\t\t\t\t<\/div>\n\t\t\t\t\t<\/div>\n\t\t\t\t<\/div>\n\t\t\t\t<\/div>\n\t\t","protected":false},"excerpt":{"rendered":"<p>IMPACT 2030: Cultivating Excellence Cultivating Excellence is the Lyc\u00e9e Calgary\u2019s five-year strategic plan; it is not just a roadmap &#8211; the plan is a unified and inspiring call to action for our entire community. Guided by our foundational IMPACT values, Inquiry, Multiculturalism, Perseverance, Authenticity, Community, and Transformation, this plan sets a bold course. We are [&hellip;]<\/p>\n","protected":false},"author":1,"featured_media":0,"parent":924,"menu_order":0,"comment_status":"closed","ping_status":"closed","template":"elementor_header_footer","meta":{"footnotes":""},"class_list":["post-1342","page","type-page","status-publish","hentry"],"yoast_head":"<!-- This site is optimized with the Yoast SEO plugin v27.4 - https:\/\/yoast.com\/product\/yoast-seo-wordpress\/ -->\n<title>Our Strategic Plan - Lyc\u00e9e international de Calgary | French Preschool to Grade 12<\/title>\n<meta name=\"description\" content=\"Explore the strategic plan of Lyc\u00e9e International de Calgary and its vision for excellence, innovation, and growth.\" \/>\n<meta name=\"robots\" content=\"index, follow, max-snippet:-1, max-image-preview:large, max-video-preview:-1\" \/>\n<link rel=\"canonical\" href=\"https:\/\/lycee.ca\/fr\/a-propos-de-nous\/notre-plan-strategique\/\" \/>\n<meta property=\"og:locale\" content=\"fr_FR\" \/>\n<meta property=\"og:type\" content=\"article\" \/>\n<meta property=\"og:title\" content=\"Our Strategic Plan - Lyc\u00e9e international de Calgary | French Preschool to Grade 12\" \/>\n<meta property=\"og:description\" content=\"Explore the strategic plan of Lyc\u00e9e International de Calgary and its vision for excellence, innovation, and growth.\" \/>\n<meta property=\"og:url\" content=\"https:\/\/lycee.ca\/fr\/a-propos-de-nous\/notre-plan-strategique\/\" \/>\n<meta property=\"og:site_name\" content=\"Lyc\u00e9e international de Calgary | French Preschool to Grade 12\" \/>\n<meta property=\"article:publisher\" content=\"https:\/\/www.facebook.com\/lyceecalgary\" \/>\n<meta property=\"article:modified_time\" content=\"2026-01-23T14:06:52+00:00\" \/>\n<meta property=\"og:image\" content=\"https:\/\/lycee.ca\/wp-content\/uploads\/2025\/12\/cover_strat_plan_1.webp\" \/>\n\t<meta property=\"og:image:width\" content=\"1080\" \/>\n\t<meta property=\"og:image:height\" content=\"1620\" \/>\n\t<meta property=\"og:image:type\" content=\"image\/webp\" \/>\n<meta name=\"twitter:card\" content=\"summary_large_image\" \/>\n<meta name=\"twitter:label1\" content=\"Dur\u00e9e de lecture estim\u00e9e\" \/>\n\t<meta name=\"twitter:data1\" content=\"1 minute\" \/>\n<script type=\"application\/ld+json\" class=\"yoast-schema-graph\">{\"@context\":\"https:\\\/\\\/schema.org\",\"@graph\":[{\"@type\":\"WebPage\",\"@id\":\"https:\\\/\\\/lycee.ca\\\/about-us\\\/our-strategic-plan\\\/\",\"url\":\"https:\\\/\\\/lycee.ca\\\/about-us\\\/our-strategic-plan\\\/\",\"name\":\"Our Strategic Plan - Lyc\u00e9e international de Calgary | French Preschool to Grade 12\",\"isPartOf\":{\"@id\":\"https:\\\/\\\/lycee.ca\\\/#website\"},\"primaryImageOfPage\":{\"@id\":\"https:\\\/\\\/lycee.ca\\\/about-us\\\/our-strategic-plan\\\/#primaryimage\"},\"image\":{\"@id\":\"https:\\\/\\\/lycee.ca\\\/about-us\\\/our-strategic-plan\\\/#primaryimage\"},\"thumbnailUrl\":\"https:\\\/\\\/lycee.ca\\\/wp-content\\\/uploads\\\/2025\\\/12\\\/cover_strat_plan_1-683x1024.webp\",\"datePublished\":\"2025-12-08T03:06:09+00:00\",\"dateModified\":\"2026-01-23T14:06:52+00:00\",\"description\":\"Explore the strategic plan of Lyc\u00e9e International de Calgary and its vision for excellence, innovation, and growth.\",\"breadcrumb\":{\"@id\":\"https:\\\/\\\/lycee.ca\\\/about-us\\\/our-strategic-plan\\\/#breadcrumb\"},\"inLanguage\":\"fr-FR\",\"potentialAction\":[{\"@type\":\"ReadAction\",\"target\":[\"https:\\\/\\\/lycee.ca\\\/about-us\\\/our-strategic-plan\\\/\"]}]},{\"@type\":\"ImageObject\",\"inLanguage\":\"fr-FR\",\"@id\":\"https:\\\/\\\/lycee.ca\\\/about-us\\\/our-strategic-plan\\\/#primaryimage\",\"url\":\"https:\\\/\\\/lycee.ca\\\/wp-content\\\/uploads\\\/2025\\\/12\\\/cover_strat_plan_1-683x1024.webp\",\"contentUrl\":\"https:\\\/\\\/lycee.ca\\\/wp-content\\\/uploads\\\/2025\\\/12\\\/cover_strat_plan_1-683x1024.webp\"},{\"@type\":\"BreadcrumbList\",\"@id\":\"https:\\\/\\\/lycee.ca\\\/about-us\\\/our-strategic-plan\\\/#breadcrumb\",\"itemListElement\":[{\"@type\":\"ListItem\",\"position\":1,\"name\":\"Home\",\"item\":\"https:\\\/\\\/lycee.ca\\\/\"},{\"@type\":\"ListItem\",\"position\":2,\"name\":\"About Us\",\"item\":\"https:\\\/\\\/lycee.ca\\\/about-us\\\/\"},{\"@type\":\"ListItem\",\"position\":3,\"name\":\"Our Strategic Plan\"}]},{\"@type\":\"WebSite\",\"@id\":\"https:\\\/\\\/lycee.ca\\\/#website\",\"url\":\"https:\\\/\\\/lycee.ca\\\/\",\"name\":\"Lyc\u00e9e international de Calgary | French Preschool to Grade 12\",\"description\":\"Calgary Private French School located in SW Altadore. Lyc\u00e9e offers full-day preschool, no prior french needed, small class sizes, and international study.\",\"publisher\":{\"@id\":\"https:\\\/\\\/lycee.ca\\\/#organization\"},\"potentialAction\":[{\"@type\":\"SearchAction\",\"target\":{\"@type\":\"EntryPoint\",\"urlTemplate\":\"https:\\\/\\\/lycee.ca\\\/?s={search_term_string}\"},\"query-input\":{\"@type\":\"PropertyValueSpecification\",\"valueRequired\":true,\"valueName\":\"search_term_string\"}}],\"inLanguage\":\"fr-FR\"},{\"@type\":\"Organization\",\"@id\":\"https:\\\/\\\/lycee.ca\\\/#organization\",\"name\":\"Lyc\u00e9e international de Calgary | French Preschool to Grade 12\",\"url\":\"https:\\\/\\\/lycee.ca\\\/\",\"logo\":{\"@type\":\"ImageObject\",\"inLanguage\":\"fr-FR\",\"@id\":\"https:\\\/\\\/lycee.ca\\\/#\\\/schema\\\/logo\\\/image\\\/\",\"url\":\"https:\\\/\\\/lycee.ca\\\/wp-content\\\/uploads\\\/2025\\\/09\\\/logo_lycee.svg\",\"contentUrl\":\"https:\\\/\\\/lycee.ca\\\/wp-content\\\/uploads\\\/2025\\\/09\\\/logo_lycee.svg\",\"width\":850,\"height\":385,\"caption\":\"Lyc\u00e9e international de Calgary | French Preschool to Grade 12\"},\"image\":{\"@id\":\"https:\\\/\\\/lycee.ca\\\/#\\\/schema\\\/logo\\\/image\\\/\"},\"sameAs\":[\"https:\\\/\\\/www.facebook.com\\\/lyceecalgary\",\"https:\\\/\\\/www.instagram.com\\\/lyceecalgary\\\/\"]}]}<\/script>\n<!-- \/ Yoast SEO plugin. -->","yoast_head_json":{"title":"Notre plan strat\u00e9gique - Lyc\u00e9e international de Calgary | Fran\u00e7ais de la maternelle \u00e0 la terminale","description":"D\u00e9couvrez le plan strat\u00e9gique du Lyc\u00e9e international de Calgary et sa vision pour l\u2019excellence \u00e9ducative.","robots":{"index":"index","follow":"follow","max-snippet":"max-snippet:-1","max-image-preview":"max-image-preview:large","max-video-preview":"max-video-preview:-1"},"canonical":"https:\/\/lycee.ca\/fr\/a-propos-de-nous\/notre-plan-strategique\/","og_locale":"fr_FR","og_type":"article","og_title":"Our Strategic Plan - Lyc\u00e9e international de Calgary | French Preschool to Grade 12","og_description":"Explore the strategic plan of Lyc\u00e9e International de Calgary and its vision for excellence, innovation, and growth.","og_url":"https:\/\/lycee.ca\/fr\/a-propos-de-nous\/notre-plan-strategique\/","og_site_name":"Lyc\u00e9e international de Calgary | French Preschool to Grade 12","article_publisher":"https:\/\/www.facebook.com\/lyceecalgary","article_modified_time":"2026-01-23T14:06:52+00:00","og_image":[{"width":1080,"height":1620,"url":"https:\/\/lycee.ca\/wp-content\/uploads\/2025\/12\/cover_strat_plan_1.webp","type":"image\/webp"}],"twitter_card":"summary_large_image","twitter_misc":{"Dur\u00e9e de lecture estim\u00e9e":"1 minute"},"schema":{"@context":"https:\/\/schema.org","@graph":[{"@type":"WebPage","@id":"https:\/\/lycee.ca\/about-us\/our-strategic-plan\/","url":"https:\/\/lycee.ca\/about-us\/our-strategic-plan\/","name":"Notre plan strat\u00e9gique - Lyc\u00e9e international de Calgary | Fran\u00e7ais de la maternelle \u00e0 la terminale","isPartOf":{"@id":"https:\/\/lycee.ca\/#website"},"primaryImageOfPage":{"@id":"https:\/\/lycee.ca\/about-us\/our-strategic-plan\/#primaryimage"},"image":{"@id":"https:\/\/lycee.ca\/about-us\/our-strategic-plan\/#primaryimage"},"thumbnailUrl":"https:\/\/lycee.ca\/wp-content\/uploads\/2025\/12\/cover_strat_plan_1-683x1024.webp","datePublished":"2025-12-08T03:06:09+00:00","dateModified":"2026-01-23T14:06:52+00:00","description":"D\u00e9couvrez le plan strat\u00e9gique du Lyc\u00e9e international de Calgary et sa vision pour l\u2019excellence \u00e9ducative.","breadcrumb":{"@id":"https:\/\/lycee.ca\/about-us\/our-strategic-plan\/#breadcrumb"},"inLanguage":"fr-FR","potentialAction":[{"@type":"ReadAction","target":["https:\/\/lycee.ca\/about-us\/our-strategic-plan\/"]}]},{"@type":"ImageObject","inLanguage":"fr-FR","@id":"https:\/\/lycee.ca\/about-us\/our-strategic-plan\/#primaryimage","url":"https:\/\/lycee.ca\/wp-content\/uploads\/2025\/12\/cover_strat_plan_1-683x1024.webp","contentUrl":"https:\/\/lycee.ca\/wp-content\/uploads\/2025\/12\/cover_strat_plan_1-683x1024.webp"},{"@type":"BreadcrumbList","@id":"https:\/\/lycee.ca\/about-us\/our-strategic-plan\/#breadcrumb","itemListElement":[{"@type":"ListItem","position":1,"name":"Home","item":"https:\/\/lycee.ca\/"},{"@type":"ListItem","position":2,"name":"About Us","item":"https:\/\/lycee.ca\/about-us\/"},{"@type":"ListItem","position":3,"name":"Our Strategic Plan"}]},{"@type":"WebSite","@id":"https:\/\/lycee.ca\/#website","url":"https:\/\/lycee.ca\/","name":"Lyc\u00e9e international de Calgary | Fran\u00e7ais de la maternelle \u00e0 la terminale","description":"\u00c9cole priv\u00e9e de fran\u00e7ais de Calgary situ\u00e9e dans le quartier SW Altadore. Le Lyc\u00e9e propose une \u00e9cole maternelle \u00e0 temps plein, sans besoin de connaissances pr\u00e9alables en fran\u00e7ais, avec des classes de petite taille et des \u00e9tudes internationales.","publisher":{"@id":"https:\/\/lycee.ca\/#organization"},"potentialAction":[{"@type":"SearchAction","target":{"@type":"EntryPoint","urlTemplate":"https:\/\/lycee.ca\/?s={search_term_string}"},"query-input":{"@type":"PropertyValueSpecification","valueRequired":true,"valueName":"search_term_string"}}],"inLanguage":"fr-FR"},{"@type":"Organization","@id":"https:\/\/lycee.ca\/#organization","name":"Lyc\u00e9e international de Calgary | Fran\u00e7ais de la maternelle \u00e0 la terminale","url":"https:\/\/lycee.ca\/","logo":{"@type":"ImageObject","inLanguage":"fr-FR","@id":"https:\/\/lycee.ca\/#\/schema\/logo\/image\/","url":"https:\/\/lycee.ca\/wp-content\/uploads\/2025\/09\/logo_lycee.svg","contentUrl":"https:\/\/lycee.ca\/wp-content\/uploads\/2025\/09\/logo_lycee.svg","width":850,"height":385,"caption":"Lyc\u00e9e international de Calgary | French Preschool to Grade 12"},"image":{"@id":"https:\/\/lycee.ca\/#\/schema\/logo\/image\/"},"sameAs":["https:\/\/www.facebook.com\/lyceecalgary","https:\/\/www.instagram.com\/lyceecalgary\/"]}]}},"_links":{"self":[{"href":"https:\/\/lycee.ca\/fr\/wp-json\/wp\/v2\/pages\/1342","targetHints":{"allow":["GET"]}}],"collection":[{"href":"https:\/\/lycee.ca\/fr\/wp-json\/wp\/v2\/pages"}],"about":[{"href":"https:\/\/lycee.ca\/fr\/wp-json\/wp\/v2\/types\/page"}],"author":[{"embeddable":true,"href":"https:\/\/lycee.ca\/fr\/wp-json\/wp\/v2\/users\/1"}],"replies":[{"embeddable":true,"href":"https:\/\/lycee.ca\/fr\/wp-json\/wp\/v2\/comments?post=1342"}],"version-history":[{"count":0,"href":"https:\/\/lycee.ca\/fr\/wp-json\/wp\/v2\/pages\/1342\/revisions"}],"up":[{"embeddable":true,"href":"https:\/\/lycee.ca\/fr\/wp-json\/wp\/v2\/pages\/924"}],"wp:attachment":[{"href":"https:\/\/lycee.ca\/fr\/wp-json\/wp\/v2\/media?parent=1342"}],"curies":[{"name":"wp","href":"https:\/\/api.w.org\/{rel}","templated":true}]}}