{"id":1301,"date":"2025-12-08T02:17:02","date_gmt":"2025-12-08T02:17:02","guid":{"rendered":"https:\/\/lycee.ca\/?page_id=1301"},"modified":"2026-01-23T07:43:00","modified_gmt":"2026-01-23T14:43:00","slug":"apercu-du-programme-detudes","status":"publish","type":"page","link":"https:\/\/lycee.ca\/fr\/academic-program\/curriculum-overview\/","title":{"rendered":"Aper\u00e7u du programme : La force de notre double mod\u00e8le"},"content":{"rendered":"\t\t<div data-elementor-type=\"wp-page\" data-elementor-id=\"1301\" class=\"elementor elementor-1301\" data-elementor-post-type=\"page\">\n\t\t\t\t<div class=\"elementor-element elementor-element-d2ad046 e-flex e-con-boxed e-con e-parent\" data-id=\"d2ad046\" data-element_type=\"container\" data-e-type=\"container\" data-settings=\"{&quot;jet_parallax_layout_list&quot;:[]}\">\n\t\t\t\t\t<div class=\"e-con-inner\">\n\t\t<div class=\"elementor-element elementor-element-eaaddbb e-con-full e-flex e-con e-child\" data-id=\"eaaddbb\" data-element_type=\"container\" data-e-type=\"container\" data-settings=\"{&quot;jet_parallax_layout_list&quot;:[]}\">\n\t\t\t\t<div class=\"elementor-element elementor-element-9564cd5 elementor-widget elementor-widget-heading\" data-id=\"9564cd5\" data-element_type=\"widget\" data-e-type=\"widget\" data-widget_type=\"heading.default\">\n\t\t\t\t\t<h2 class=\"elementor-heading-title elementor-size-default\">A Seamless Integration of Two Curricula\n<\/h2>\t\t\t\t<\/div>\n\t\t\t\t<div class=\"elementor-element elementor-element-d8cc7d4 elementor-widget elementor-widget-text-editor\" data-id=\"d8cc7d4\" data-element_type=\"widget\" data-e-type=\"widget\" data-widget_type=\"text-editor.default\">\n\t\t\t\t\t\t\t\t\t<p><span style=\"font-weight: 400;\">We seamlessly integrate two renowned programs: the rigorous academic standards of the <a href=\"https:\/\/www.education.gouv.fr\/\" target=\"_blank\" rel=\"noopener\">French Ministry of Education<\/a> with<a href=\"https:\/\/www.alberta.ca\/k-12-education\" target=\"_blank\" rel=\"noopener\"> Alberta Education\u2019s curriculum<\/a>. Instruction is delivered mostly in French, while English and Social Studies are taught in English, ensuring a coherent and challenging experience.<\/span><\/p><p><span style=\"font-weight: 400;\">The innovative structure delivers the dual benefit of a traditional French immersion and a Francophone school education, guaranteeing both local cultural relevance and adherence to global performance benchmarks.<\/span><\/p><p><i><span style=\"font-weight: 400;\">(Note: Our Preschool\/Maternelle program exclusively follows the French curriculum, with an added 30 minutes of English instruction per day.)<\/span><\/i><\/p>\t\t\t\t\t\t\t\t<\/div>\n\t\t\t\t<\/div>\n\t\t<div class=\"elementor-element elementor-element-de554eb e-con-full e-flex e-con e-child\" data-id=\"de554eb\" data-element_type=\"container\" data-e-type=\"container\" data-settings=\"{&quot;jet_parallax_layout_list&quot;:[]}\">\n\t\t\t\t<div class=\"elementor-element elementor-element-b311766 elementor-invisible elementor-widget elementor-widget-image\" data-id=\"b311766\" data-element_type=\"widget\" data-e-type=\"widget\" data-settings=\"{&quot;motion_fx_motion_fx_scrolling&quot;:&quot;yes&quot;,&quot;motion_fx_translateY_effect&quot;:&quot;yes&quot;,&quot;motion_fx_translateY_speed&quot;:{&quot;unit&quot;:&quot;px&quot;,&quot;size&quot;:2,&quot;sizes&quot;:[]},&quot;_animation&quot;:&quot;fadeInRight&quot;,&quot;motion_fx_translateY_affectedRange&quot;:{&quot;unit&quot;:&quot;%&quot;,&quot;size&quot;:&quot;&quot;,&quot;sizes&quot;:{&quot;start&quot;:0,&quot;end&quot;:100}},&quot;motion_fx_devices&quot;:[&quot;desktop&quot;,&quot;tablet&quot;,&quot;mobile&quot;]}\" data-widget_type=\"image.default\">\n\t\t\t\t\t\t\t\t\t\t\t\t\t\t\t<img fetchpriority=\"high\" decoding=\"async\" width=\"1024\" height=\"683\" src=\"https:\/\/lycee.ca\/wp-content\/uploads\/2025\/12\/cover_curriculum_3-1024x683.webp\" class=\"attachment-large size-large wp-image-2157\" alt=\"\" srcset=\"https:\/\/lycee.ca\/wp-content\/uploads\/2025\/12\/cover_curriculum_3-1024x683.webp 1024w, https:\/\/lycee.ca\/wp-content\/uploads\/2025\/12\/cover_curriculum_3-300x200.webp 300w, https:\/\/lycee.ca\/wp-content\/uploads\/2025\/12\/cover_curriculum_3-768x512.webp 768w, https:\/\/lycee.ca\/wp-content\/uploads\/2025\/12\/cover_curriculum_3-1536x1024.webp 1536w, https:\/\/lycee.ca\/wp-content\/uploads\/2025\/12\/cover_curriculum_3-600x400.webp 600w, https:\/\/lycee.ca\/wp-content\/uploads\/2025\/12\/cover_curriculum_3.webp 1920w\" sizes=\"(max-width: 1024px) 100vw, 1024px\" \/>\t\t\t\t\t\t\t\t\t\t\t\t\t\t\t<\/div>\n\t\t\t\t<\/div>\n\t\t\t\t\t<\/div>\n\t\t\t\t<\/div>\n\t\t<div class=\"elementor-element elementor-element-d26237c e-flex e-con-boxed e-con e-parent\" data-id=\"d26237c\" data-element_type=\"container\" data-e-type=\"container\" data-settings=\"{&quot;jet_parallax_layout_list&quot;:[],&quot;background_background&quot;:&quot;classic&quot;}\">\n\t\t\t\t\t<div class=\"e-con-inner\">\n\t\t<div class=\"elementor-element elementor-element-884ac48 e-con-full e-flex e-con e-child\" data-id=\"884ac48\" data-element_type=\"container\" data-e-type=\"container\" data-settings=\"{&quot;jet_parallax_layout_list&quot;:[]}\">\n\t\t\t\t<div class=\"elementor-element elementor-element-642bc67 elementor-invisible elementor-widget elementor-widget-image\" data-id=\"642bc67\" data-element_type=\"widget\" data-e-type=\"widget\" data-settings=\"{&quot;motion_fx_motion_fx_scrolling&quot;:&quot;yes&quot;,&quot;motion_fx_translateY_effect&quot;:&quot;yes&quot;,&quot;motion_fx_translateY_speed&quot;:{&quot;unit&quot;:&quot;px&quot;,&quot;size&quot;:2,&quot;sizes&quot;:[]},&quot;_animation&quot;:&quot;fadeInLeft&quot;,&quot;motion_fx_translateY_affectedRange&quot;:{&quot;unit&quot;:&quot;%&quot;,&quot;size&quot;:&quot;&quot;,&quot;sizes&quot;:{&quot;start&quot;:0,&quot;end&quot;:100}},&quot;motion_fx_devices&quot;:[&quot;desktop&quot;,&quot;tablet&quot;,&quot;mobile&quot;]}\" data-widget_type=\"image.default\">\n\t\t\t\t\t\t\t\t\t\t\t\t\t\t\t<img decoding=\"async\" width=\"1024\" height=\"683\" src=\"https:\/\/lycee.ca\/wp-content\/uploads\/2026\/01\/cover_curriculum_9-1024x683.webp\" class=\"attachment-large size-large wp-image-2809\" alt=\"\" srcset=\"https:\/\/lycee.ca\/wp-content\/uploads\/2026\/01\/cover_curriculum_9-1024x683.webp 1024w, https:\/\/lycee.ca\/wp-content\/uploads\/2026\/01\/cover_curriculum_9-300x200.webp 300w, https:\/\/lycee.ca\/wp-content\/uploads\/2026\/01\/cover_curriculum_9-768x512.webp 768w, https:\/\/lycee.ca\/wp-content\/uploads\/2026\/01\/cover_curriculum_9-1536x1024.webp 1536w, https:\/\/lycee.ca\/wp-content\/uploads\/2026\/01\/cover_curriculum_9-18x12.webp 18w, https:\/\/lycee.ca\/wp-content\/uploads\/2026\/01\/cover_curriculum_9-600x400.webp 600w, https:\/\/lycee.ca\/wp-content\/uploads\/2026\/01\/cover_curriculum_9.webp 1920w\" sizes=\"(max-width: 1024px) 100vw, 1024px\" \/>\t\t\t\t\t\t\t\t\t\t\t\t\t\t\t<\/div>\n\t\t\t\t<\/div>\n\t\t<div class=\"elementor-element elementor-element-bfc28aa e-con-full e-flex e-con e-child\" data-id=\"bfc28aa\" data-element_type=\"container\" data-e-type=\"container\" data-settings=\"{&quot;jet_parallax_layout_list&quot;:[]}\">\n\t\t\t\t<div class=\"elementor-element elementor-element-cd25162 elementor-widget elementor-widget-heading\" data-id=\"cd25162\" data-element_type=\"widget\" data-e-type=\"widget\" data-widget_type=\"heading.default\">\n\t\t\t\t\t<h2 class=\"elementor-heading-title elementor-size-default\">Unparalleled Outcomes: The Dual-Credential Advantage\n<\/h2>\t\t\t\t<\/div>\n\t\t\t\t<div class=\"elementor-element elementor-element-11dd3cc elementor-widget elementor-widget-text-editor\" data-id=\"11dd3cc\" data-element_type=\"widget\" data-e-type=\"widget\" data-widget_type=\"text-editor.default\">\n\t\t\t\t\t\t\t\t\t<p><span style=\"font-weight: 400;\">Our comprehensive curriculum delivers a powerful educational advantage. Upon graduation, students earn both the internationally-recognized <a href=\"\/why-choose-us\/the-french-baccalaureat-your-childs-global-degree\/\">French Baccalaur\u00e9at<\/a> and the Alberta High School Diploma. This dual credential is a rare and powerful asset, opening doors to top universities in Canada, Europe, the US, and worldwide.<\/span><\/p><p><span style=\"font-weight: 400;\">Lyc\u00e9e Calgary ensures students achieve exceptional proficiency, moving beyond basic communication to academic and professional bilingualism in both French and English, as well as Spanish starting in grade six. We offer a challenging, well-rounded education by successfully blending strong STEM subjects with robust offerings in the humanities, arts, and physical education.<\/span><\/p><p><span style=\"font-weight: 400;\">This academically and linguistically rich environment cultivates the intercultural competence, critical thinking and adaptable mindset that only a truly international school can embody.<\/span><\/p>\t\t\t\t\t\t\t\t<\/div>\n\t\t\t\t<\/div>\n\t\t\t\t\t<\/div>\n\t\t\t\t<\/div>\n\t\t\t\t<\/div>\n\t\t","protected":false},"excerpt":{"rendered":"<p>A Seamless Integration of Two Curricula We seamlessly integrate two renowned programs: the rigorous academic standards of the French Ministry of Education with Alberta Education\u2019s curriculum. Instruction is delivered mostly in French, while English and Social Studies are taught in English, ensuring a coherent and challenging experience. The innovative structure delivers the dual benefit of [&hellip;]<\/p>\n","protected":false},"author":1,"featured_media":2805,"parent":837,"menu_order":0,"comment_status":"closed","ping_status":"closed","template":"","meta":{"footnotes":""},"class_list":["post-1301","page","type-page","status-publish","has-post-thumbnail","hentry"],"yoast_head":"<!-- This site is optimized with the Yoast SEO plugin v27.2 - https:\/\/yoast.com\/product\/yoast-seo-wordpress\/ -->\n<title>Curriculum Overview: The Power of our Dual Model - Lyc\u00e9e international de Calgary | French Preschool to Grade 12<\/title>\n<meta name=\"description\" content=\"Learn how our dual French and Alberta curriculum prepares students for global success through academic excellence, bilingual education, and international diplomas.\" \/>\n<meta name=\"robots\" content=\"index, follow, max-snippet:-1, max-image-preview:large, max-video-preview:-1\" \/>\n<link rel=\"canonical\" href=\"https:\/\/lycee.ca\/fr\/programme-academique\/apercu-du-programme-detudes\/\" \/>\n<meta property=\"og:locale\" content=\"fr_FR\" \/>\n<meta property=\"og:type\" content=\"article\" \/>\n<meta property=\"og:title\" content=\"Curriculum Overview: The Power of our Dual Model - Lyc\u00e9e international de Calgary | French Preschool to Grade 12\" \/>\n<meta property=\"og:description\" content=\"Learn how our dual French and Alberta curriculum prepares students for global success through academic excellence, bilingual education, and international diplomas.\" \/>\n<meta property=\"og:url\" content=\"https:\/\/lycee.ca\/fr\/programme-academique\/apercu-du-programme-detudes\/\" \/>\n<meta property=\"og:site_name\" content=\"Lyc\u00e9e international de Calgary | French Preschool to Grade 12\" \/>\n<meta property=\"article:publisher\" content=\"https:\/\/www.facebook.com\/lyceecalgary\" \/>\n<meta property=\"article:modified_time\" content=\"2026-01-23T14:43:00+00:00\" \/>\n<meta property=\"og:image\" content=\"https:\/\/lycee.ca\/wp-content\/uploads\/2026\/01\/cover_curriculum_8.webp\" \/>\n\t<meta property=\"og:image:width\" content=\"1920\" \/>\n\t<meta property=\"og:image:height\" content=\"1282\" \/>\n\t<meta property=\"og:image:type\" content=\"image\/webp\" \/>\n<meta name=\"twitter:card\" content=\"summary_large_image\" \/>\n<meta name=\"twitter:label1\" content=\"Dur\u00e9e de lecture estim\u00e9e\" \/>\n\t<meta name=\"twitter:data1\" content=\"2 minutes\" \/>\n<script type=\"application\/ld+json\" class=\"yoast-schema-graph\">{\"@context\":\"https:\/\/schema.org\",\"@graph\":[{\"@type\":\"WebPage\",\"@id\":\"https:\/\/lycee.ca\/academic-program\/curriculum-overview\/\",\"url\":\"https:\/\/lycee.ca\/academic-program\/curriculum-overview\/\",\"name\":\"Curriculum Overview: The Power of our Dual Model - Lyc\u00e9e international de Calgary | French Preschool to Grade 12\",\"isPartOf\":{\"@id\":\"https:\/\/lycee.ca\/#website\"},\"primaryImageOfPage\":{\"@id\":\"https:\/\/lycee.ca\/academic-program\/curriculum-overview\/#primaryimage\"},\"image\":{\"@id\":\"https:\/\/lycee.ca\/academic-program\/curriculum-overview\/#primaryimage\"},\"thumbnailUrl\":\"https:\/\/lycee.ca\/wp-content\/uploads\/2026\/01\/cover_curriculum_8.webp\",\"datePublished\":\"2025-12-08T02:17:02+00:00\",\"dateModified\":\"2026-01-23T14:43:00+00:00\",\"description\":\"Learn how our dual French and Alberta curriculum prepares students for global success through academic excellence, bilingual education, and international diplomas.\",\"breadcrumb\":{\"@id\":\"https:\/\/lycee.ca\/academic-program\/curriculum-overview\/#breadcrumb\"},\"inLanguage\":\"fr-FR\",\"potentialAction\":[{\"@type\":\"ReadAction\",\"target\":[\"https:\/\/lycee.ca\/academic-program\/curriculum-overview\/\"]}]},{\"@type\":\"ImageObject\",\"inLanguage\":\"fr-FR\",\"@id\":\"https:\/\/lycee.ca\/academic-program\/curriculum-overview\/#primaryimage\",\"url\":\"https:\/\/lycee.ca\/wp-content\/uploads\/2026\/01\/cover_curriculum_8.webp\",\"contentUrl\":\"https:\/\/lycee.ca\/wp-content\/uploads\/2026\/01\/cover_curriculum_8.webp\",\"width\":1920,\"height\":1282},{\"@type\":\"BreadcrumbList\",\"@id\":\"https:\/\/lycee.ca\/academic-program\/curriculum-overview\/#breadcrumb\",\"itemListElement\":[{\"@type\":\"ListItem\",\"position\":1,\"name\":\"Home\",\"item\":\"https:\/\/lycee.ca\/\"},{\"@type\":\"ListItem\",\"position\":2,\"name\":\"Academic Program\",\"item\":\"https:\/\/lycee.ca\/academic-program\/\"},{\"@type\":\"ListItem\",\"position\":3,\"name\":\"Curriculum Overview: The Power of our Dual Model\"}]},{\"@type\":\"WebSite\",\"@id\":\"https:\/\/lycee.ca\/#website\",\"url\":\"https:\/\/lycee.ca\/\",\"name\":\"Lyc\u00e9e international de Calgary | French Preschool to Grade 12\",\"description\":\"Calgary Private French School located in SW Altadore. Lyc\u00e9e offers full-day preschool, no prior french needed, small class sizes, and international study.\",\"publisher\":{\"@id\":\"https:\/\/lycee.ca\/#organization\"},\"potentialAction\":[{\"@type\":\"SearchAction\",\"target\":{\"@type\":\"EntryPoint\",\"urlTemplate\":\"https:\/\/lycee.ca\/?s={search_term_string}\"},\"query-input\":{\"@type\":\"PropertyValueSpecification\",\"valueRequired\":true,\"valueName\":\"search_term_string\"}}],\"inLanguage\":\"fr-FR\"},{\"@type\":\"Organization\",\"@id\":\"https:\/\/lycee.ca\/#organization\",\"name\":\"Lyc\u00e9e international de Calgary | French Preschool to Grade 12\",\"url\":\"https:\/\/lycee.ca\/\",\"logo\":{\"@type\":\"ImageObject\",\"inLanguage\":\"fr-FR\",\"@id\":\"https:\/\/lycee.ca\/#\/schema\/logo\/image\/\",\"url\":\"https:\/\/lycee.ca\/wp-content\/uploads\/2025\/09\/logo_lycee.svg\",\"contentUrl\":\"https:\/\/lycee.ca\/wp-content\/uploads\/2025\/09\/logo_lycee.svg\",\"width\":850,\"height\":385,\"caption\":\"Lyc\u00e9e international de Calgary | French Preschool to Grade 12\"},\"image\":{\"@id\":\"https:\/\/lycee.ca\/#\/schema\/logo\/image\/\"},\"sameAs\":[\"https:\/\/www.facebook.com\/lyceecalgary\",\"https:\/\/www.instagram.com\/lyceecalgary\/\"]}]}<\/script>\n<!-- \/ Yoast SEO plugin. -->","yoast_head_json":{"title":"Vue d'ensemble du curriculum : La puissance de notre mod\u00e8le dual - Lyc\u00e9e international de Calgary | Fran\u00e7ais de la maternelle \u00e0 la terminale","description":"D\u00e9couvrez comment notre double cursus fran\u00e7ais et albertain pr\u00e9pare les \u00e9tudiants \u00e0 la r\u00e9ussite mondiale gr\u00e2ce \u00e0 l'excellence acad\u00e9mique, \u00e0 l'\u00e9ducation bilingue et aux dipl\u00f4mes internationaux.","robots":{"index":"index","follow":"follow","max-snippet":"max-snippet:-1","max-image-preview":"max-image-preview:large","max-video-preview":"max-video-preview:-1"},"canonical":"https:\/\/lycee.ca\/fr\/programme-academique\/apercu-du-programme-detudes\/","og_locale":"fr_FR","og_type":"article","og_title":"Curriculum Overview: The Power of our Dual Model - Lyc\u00e9e international de Calgary | French Preschool to Grade 12","og_description":"Learn how our dual French and Alberta curriculum prepares students for global success through academic excellence, bilingual education, and international diplomas.","og_url":"https:\/\/lycee.ca\/fr\/programme-academique\/apercu-du-programme-detudes\/","og_site_name":"Lyc\u00e9e international de Calgary | French Preschool to Grade 12","article_publisher":"https:\/\/www.facebook.com\/lyceecalgary","article_modified_time":"2026-01-23T14:43:00+00:00","og_image":[{"width":1920,"height":1282,"url":"https:\/\/lycee.ca\/wp-content\/uploads\/2026\/01\/cover_curriculum_8.webp","type":"image\/webp"}],"twitter_card":"summary_large_image","twitter_misc":{"Dur\u00e9e de lecture estim\u00e9e":"2 minutes"},"schema":{"@context":"https:\/\/schema.org","@graph":[{"@type":"WebPage","@id":"https:\/\/lycee.ca\/academic-program\/curriculum-overview\/","url":"https:\/\/lycee.ca\/academic-program\/curriculum-overview\/","name":"Vue d'ensemble du curriculum : La puissance de notre mod\u00e8le dual - Lyc\u00e9e international de Calgary | Fran\u00e7ais de la maternelle \u00e0 la terminale","isPartOf":{"@id":"https:\/\/lycee.ca\/#website"},"primaryImageOfPage":{"@id":"https:\/\/lycee.ca\/academic-program\/curriculum-overview\/#primaryimage"},"image":{"@id":"https:\/\/lycee.ca\/academic-program\/curriculum-overview\/#primaryimage"},"thumbnailUrl":"https:\/\/lycee.ca\/wp-content\/uploads\/2026\/01\/cover_curriculum_8.webp","datePublished":"2025-12-08T02:17:02+00:00","dateModified":"2026-01-23T14:43:00+00:00","description":"D\u00e9couvrez comment notre double cursus fran\u00e7ais et albertain pr\u00e9pare les \u00e9tudiants \u00e0 la r\u00e9ussite mondiale gr\u00e2ce \u00e0 l'excellence acad\u00e9mique, \u00e0 l'\u00e9ducation bilingue et aux dipl\u00f4mes internationaux.","breadcrumb":{"@id":"https:\/\/lycee.ca\/academic-program\/curriculum-overview\/#breadcrumb"},"inLanguage":"fr-FR","potentialAction":[{"@type":"ReadAction","target":["https:\/\/lycee.ca\/academic-program\/curriculum-overview\/"]}]},{"@type":"ImageObject","inLanguage":"fr-FR","@id":"https:\/\/lycee.ca\/academic-program\/curriculum-overview\/#primaryimage","url":"https:\/\/lycee.ca\/wp-content\/uploads\/2026\/01\/cover_curriculum_8.webp","contentUrl":"https:\/\/lycee.ca\/wp-content\/uploads\/2026\/01\/cover_curriculum_8.webp","width":1920,"height":1282},{"@type":"BreadcrumbList","@id":"https:\/\/lycee.ca\/academic-program\/curriculum-overview\/#breadcrumb","itemListElement":[{"@type":"ListItem","position":1,"name":"Home","item":"https:\/\/lycee.ca\/"},{"@type":"ListItem","position":2,"name":"Academic Program","item":"https:\/\/lycee.ca\/academic-program\/"},{"@type":"ListItem","position":3,"name":"Curriculum Overview: The Power of our Dual Model"}]},{"@type":"WebSite","@id":"https:\/\/lycee.ca\/#website","url":"https:\/\/lycee.ca\/","name":"Lyc\u00e9e international de Calgary | Fran\u00e7ais de la maternelle \u00e0 la terminale","description":"\u00c9cole priv\u00e9e de fran\u00e7ais de Calgary situ\u00e9e dans le quartier SW Altadore. Le Lyc\u00e9e propose une \u00e9cole maternelle \u00e0 temps plein, sans besoin de connaissances pr\u00e9alables en fran\u00e7ais, avec des classes de petite taille et des \u00e9tudes internationales.","publisher":{"@id":"https:\/\/lycee.ca\/#organization"},"potentialAction":[{"@type":"SearchAction","target":{"@type":"EntryPoint","urlTemplate":"https:\/\/lycee.ca\/?s={search_term_string}"},"query-input":{"@type":"PropertyValueSpecification","valueRequired":true,"valueName":"search_term_string"}}],"inLanguage":"fr-FR"},{"@type":"Organization","@id":"https:\/\/lycee.ca\/#organization","name":"Lyc\u00e9e international de Calgary | Fran\u00e7ais de la maternelle \u00e0 la terminale","url":"https:\/\/lycee.ca\/","logo":{"@type":"ImageObject","inLanguage":"fr-FR","@id":"https:\/\/lycee.ca\/#\/schema\/logo\/image\/","url":"https:\/\/lycee.ca\/wp-content\/uploads\/2025\/09\/logo_lycee.svg","contentUrl":"https:\/\/lycee.ca\/wp-content\/uploads\/2025\/09\/logo_lycee.svg","width":850,"height":385,"caption":"Lyc\u00e9e international de Calgary | French Preschool to Grade 12"},"image":{"@id":"https:\/\/lycee.ca\/#\/schema\/logo\/image\/"},"sameAs":["https:\/\/www.facebook.com\/lyceecalgary","https:\/\/www.instagram.com\/lyceecalgary\/"]}]}},"_links":{"self":[{"href":"https:\/\/lycee.ca\/fr\/wp-json\/wp\/v2\/pages\/1301","targetHints":{"allow":["GET"]}}],"collection":[{"href":"https:\/\/lycee.ca\/fr\/wp-json\/wp\/v2\/pages"}],"about":[{"href":"https:\/\/lycee.ca\/fr\/wp-json\/wp\/v2\/types\/page"}],"author":[{"embeddable":true,"href":"https:\/\/lycee.ca\/fr\/wp-json\/wp\/v2\/users\/1"}],"replies":[{"embeddable":true,"href":"https:\/\/lycee.ca\/fr\/wp-json\/wp\/v2\/comments?post=1301"}],"version-history":[{"count":0,"href":"https:\/\/lycee.ca\/fr\/wp-json\/wp\/v2\/pages\/1301\/revisions"}],"up":[{"embeddable":true,"href":"https:\/\/lycee.ca\/fr\/wp-json\/wp\/v2\/pages\/837"}],"wp:featuredmedia":[{"embeddable":true,"href":"https:\/\/lycee.ca\/fr\/wp-json\/wp\/v2\/media\/2805"}],"wp:attachment":[{"href":"https:\/\/lycee.ca\/fr\/wp-json\/wp\/v2\/media?parent=1301"}],"curies":[{"name":"wp","href":"https:\/\/api.w.org\/{rel}","templated":true}]}}